{"id":2122,"date":"2023-07-31T16:00:36","date_gmt":"2023-07-31T19:00:36","guid":{"rendered":"https:\/\/wp.ufpel.edu.br\/cursodeturismo\/?page_id=2122"},"modified":"2023-09-05T22:07:38","modified_gmt":"2023-09-06T01:07:38","slug":"memorias","status":"publish","type":"page","link":"https:\/\/wp.ufpel.edu.br\/cursodeturismo\/memorias\/","title":{"rendered":"Mem\u00f3rias"},"content":{"rendered":"<p><a href=\"https:\/\/wp.ufpel.edu.br\/cursodeturismo\/files\/2023\/09\/FORMATURA-2022.2.png\"><span style=\"color: #0000ff; font-size: 14pt;\"><strong>Formatura do Curso de Bacharelado em Turismo 2022\/2<\/strong><\/span><br \/>\n<img loading=\"lazy\" decoding=\"async\" class=\"size-medium wp-image-2279 aligncenter\" src=\"https:\/\/wp.ufpel.edu.br\/cursodeturismo\/files\/2023\/09\/FORMATURA-2022.2-400x155.png\" alt=\"\" width=\"400\" height=\"155\" srcset=\"https:\/\/wp.ufpel.edu.br\/cursodeturismo\/files\/2023\/09\/FORMATURA-2022.2-400x155.png 400w, https:\/\/wp.ufpel.edu.br\/cursodeturismo\/files\/2023\/09\/FORMATURA-2022.2-768x297.png 768w, https:\/\/wp.ufpel.edu.br\/cursodeturismo\/files\/2023\/09\/FORMATURA-2022.2-750x290.png 750w, https:\/\/wp.ufpel.edu.br\/cursodeturismo\/files\/2023\/09\/FORMATURA-2022.2.png 779w\" sizes=\"auto, (max-width: 400px) 100vw, 400px\" \/><\/a><br \/>\nOcorreu no dia 29 de junho de 2023, quinta-feira a noite, \u00e0s 20 horas, as Formaturas Institucionais referentes ao per\u00edodo 2022\/2, no audit\u00f3rio FAEM, no Campus Cap\u00e3o do Le\u00e3o.<br \/>\nDo Curso de Bacharelado em Turismo, estiveram presentes:<\/p>\n<p>A Diretora do CCSO, <strong>prof.\u00aa ISABEL RASIA<\/strong>;<br \/>\nA <strong>Paraninfa<\/strong> e Coordenadora do Curso <strong>Prof.\u00aa NATALIA DE SOUSA ALDRIGUE<\/strong>;<br \/>\nA <strong>Patrona<\/strong> <strong>Prof.\u00aa<\/strong> <strong>CAROLINE CASALI<\/strong>;<br \/>\nA <strong>Homenageada<\/strong> a T\u00e9cnica Administrativa <strong>PRISCILLA TEIXEIRA DA SILVA<\/strong> e<br \/>\ncomo Oradora a aluna <strong>LUNA BIANCO GON\u00c7ALVES<\/strong>.<\/p>\n<p>As formandas:<\/p>\n<p><strong>DANIELE GUERREIRO DA ROSA<br \/>\nJ\u00daLIA FERREIRA SANTOS<\/strong><br \/>\n<strong>LARA MESSIAS OLIVEIRA<\/strong><br \/>\n<strong>LUNA BIANCO GON\u00c7ALVES<\/strong><br \/>\n<strong>ST\u00c9FANI DOMINGUES BATISTA<\/strong><\/p>\n<p><b>Parab\u00e9ns as Turism\u00f3logas!<\/b><\/p>\n<p>A aluna LARA MESSIAS OLIVEIRA teve a honra de fazer o juramento em nome de todos os formandos.<\/p>\n<p><a href=\"https:\/\/wp.ufpel.edu.br\/cursodeturismo\/files\/2023\/09\/Daniele-1.jpg\"><img loading=\"lazy\" decoding=\"async\" class=\"wp-image-2251 alignnone\" src=\"https:\/\/wp.ufpel.edu.br\/cursodeturismo\/files\/2023\/09\/Daniele-1-400x267.jpg\" alt=\"\" width=\"167\" height=\"111\" srcset=\"https:\/\/wp.ufpel.edu.br\/cursodeturismo\/files\/2023\/09\/Daniele-1-400x267.jpg 400w, https:\/\/wp.ufpel.edu.br\/cursodeturismo\/files\/2023\/09\/Daniele-1-1024x684.jpg 1024w, https:\/\/wp.ufpel.edu.br\/cursodeturismo\/files\/2023\/09\/Daniele-1-768x513.jpg 768w, https:\/\/wp.ufpel.edu.br\/cursodeturismo\/files\/2023\/09\/Daniele-1-1536x1025.jpg 1536w, https:\/\/wp.ufpel.edu.br\/cursodeturismo\/files\/2023\/09\/Daniele-1-750x501.jpg 750w, https:\/\/wp.ufpel.edu.br\/cursodeturismo\/files\/2023\/09\/Daniele-1-272x182.jpg 272w, https:\/\/wp.ufpel.edu.br\/cursodeturismo\/files\/2023\/09\/Daniele-1.jpg 2048w\" sizes=\"auto, (max-width: 167px) 100vw, 167px\" \/> <\/a>\u00a0<a href=\"https:\/\/wp.ufpel.edu.br\/cursodeturismo\/files\/2023\/09\/Daniele-3.jpg\"><img loading=\"lazy\" decoding=\"async\" class=\"wp-image-2253 alignnone\" src=\"https:\/\/wp.ufpel.edu.br\/cursodeturismo\/files\/2023\/09\/Daniele-3-400x267.jpg\" alt=\"\" width=\"167\" height=\"111\" srcset=\"https:\/\/wp.ufpel.edu.br\/cursodeturismo\/files\/2023\/09\/Daniele-3-400x267.jpg 400w, https:\/\/wp.ufpel.edu.br\/cursodeturismo\/files\/2023\/09\/Daniele-3-1024x684.jpg 1024w, https:\/\/wp.ufpel.edu.br\/cursodeturismo\/files\/2023\/09\/Daniele-3-768x513.jpg 768w, https:\/\/wp.ufpel.edu.br\/cursodeturismo\/files\/2023\/09\/Daniele-3-1536x1025.jpg 1536w, https:\/\/wp.ufpel.edu.br\/cursodeturismo\/files\/2023\/09\/Daniele-3-750x501.jpg 750w, https:\/\/wp.ufpel.edu.br\/cursodeturismo\/files\/2023\/09\/Daniele-3-272x182.jpg 272w, https:\/\/wp.ufpel.edu.br\/cursodeturismo\/files\/2023\/09\/Daniele-3.jpg 2048w\" sizes=\"auto, (max-width: 167px) 100vw, 167px\" \/> <\/a><a href=\"https:\/\/wp.ufpel.edu.br\/cursodeturismo\/files\/2023\/09\/Daniele-4.jpg\"><img loading=\"lazy\" decoding=\"async\" class=\"wp-image-2254 alignnone\" src=\"https:\/\/wp.ufpel.edu.br\/cursodeturismo\/files\/2023\/09\/Daniele-4-400x267.jpg\" alt=\"\" width=\"166\" height=\"111\" srcset=\"https:\/\/wp.ufpel.edu.br\/cursodeturismo\/files\/2023\/09\/Daniele-4-400x267.jpg 400w, https:\/\/wp.ufpel.edu.br\/cursodeturismo\/files\/2023\/09\/Daniele-4-1024x683.jpg 1024w, https:\/\/wp.ufpel.edu.br\/cursodeturismo\/files\/2023\/09\/Daniele-4-768x512.jpg 768w, https:\/\/wp.ufpel.edu.br\/cursodeturismo\/files\/2023\/09\/Daniele-4-1536x1024.jpg 1536w, https:\/\/wp.ufpel.edu.br\/cursodeturismo\/files\/2023\/09\/Daniele-4-750x500.jpg 750w, https:\/\/wp.ufpel.edu.br\/cursodeturismo\/files\/2023\/09\/Daniele-4-272x182.jpg 272w, https:\/\/wp.ufpel.edu.br\/cursodeturismo\/files\/2023\/09\/Daniele-4.jpg 2048w\" sizes=\"auto, (max-width: 166px) 100vw, 166px\" \/><\/a><br \/>\nDANIELE GUERREIRO DA ROSA<\/p>\n<p><a href=\"https:\/\/wp.ufpel.edu.br\/cursodeturismo\/files\/2023\/09\/Julia-1.jpg\"><img loading=\"lazy\" decoding=\"async\" class=\"alignnone wp-image-2257\" src=\"https:\/\/wp.ufpel.edu.br\/cursodeturismo\/files\/2023\/09\/Julia-1-400x267.jpg\" alt=\"\" width=\"167\" height=\"111\" srcset=\"https:\/\/wp.ufpel.edu.br\/cursodeturismo\/files\/2023\/09\/Julia-1-400x267.jpg 400w, https:\/\/wp.ufpel.edu.br\/cursodeturismo\/files\/2023\/09\/Julia-1-1024x684.jpg 1024w, https:\/\/wp.ufpel.edu.br\/cursodeturismo\/files\/2023\/09\/Julia-1-768x513.jpg 768w, https:\/\/wp.ufpel.edu.br\/cursodeturismo\/files\/2023\/09\/Julia-1-1536x1025.jpg 1536w, https:\/\/wp.ufpel.edu.br\/cursodeturismo\/files\/2023\/09\/Julia-1-750x501.jpg 750w, https:\/\/wp.ufpel.edu.br\/cursodeturismo\/files\/2023\/09\/Julia-1-272x182.jpg 272w, https:\/\/wp.ufpel.edu.br\/cursodeturismo\/files\/2023\/09\/Julia-1.jpg 2048w\" sizes=\"auto, (max-width: 167px) 100vw, 167px\" \/><\/a> <a href=\"https:\/\/wp.ufpel.edu.br\/cursodeturismo\/files\/2023\/09\/Julia-2.jpg\"><img loading=\"lazy\" decoding=\"async\" class=\"alignnone wp-image-2258\" src=\"https:\/\/wp.ufpel.edu.br\/cursodeturismo\/files\/2023\/09\/Julia-2-400x267.jpg\" alt=\"\" width=\"167\" height=\"111\" srcset=\"https:\/\/wp.ufpel.edu.br\/cursodeturismo\/files\/2023\/09\/Julia-2-400x267.jpg 400w, https:\/\/wp.ufpel.edu.br\/cursodeturismo\/files\/2023\/09\/Julia-2-1024x684.jpg 1024w, https:\/\/wp.ufpel.edu.br\/cursodeturismo\/files\/2023\/09\/Julia-2-768x513.jpg 768w, https:\/\/wp.ufpel.edu.br\/cursodeturismo\/files\/2023\/09\/Julia-2-1536x1025.jpg 1536w, https:\/\/wp.ufpel.edu.br\/cursodeturismo\/files\/2023\/09\/Julia-2-750x501.jpg 750w, https:\/\/wp.ufpel.edu.br\/cursodeturismo\/files\/2023\/09\/Julia-2-272x182.jpg 272w, https:\/\/wp.ufpel.edu.br\/cursodeturismo\/files\/2023\/09\/Julia-2.jpg 2048w\" sizes=\"auto, (max-width: 167px) 100vw, 167px\" \/><\/a> <a href=\"https:\/\/wp.ufpel.edu.br\/cursodeturismo\/files\/2023\/09\/Julia-4.jpg\"><img loading=\"lazy\" decoding=\"async\" class=\"alignnone wp-image-2260\" src=\"https:\/\/wp.ufpel.edu.br\/cursodeturismo\/files\/2023\/09\/Julia-4-400x267.jpg\" alt=\"\" width=\"167\" height=\"111\" srcset=\"https:\/\/wp.ufpel.edu.br\/cursodeturismo\/files\/2023\/09\/Julia-4-400x267.jpg 400w, https:\/\/wp.ufpel.edu.br\/cursodeturismo\/files\/2023\/09\/Julia-4-1024x683.jpg 1024w, https:\/\/wp.ufpel.edu.br\/cursodeturismo\/files\/2023\/09\/Julia-4-768x512.jpg 768w, https:\/\/wp.ufpel.edu.br\/cursodeturismo\/files\/2023\/09\/Julia-4-1536x1024.jpg 1536w, https:\/\/wp.ufpel.edu.br\/cursodeturismo\/files\/2023\/09\/Julia-4-750x500.jpg 750w, https:\/\/wp.ufpel.edu.br\/cursodeturismo\/files\/2023\/09\/Julia-4-272x182.jpg 272w, https:\/\/wp.ufpel.edu.br\/cursodeturismo\/files\/2023\/09\/Julia-4.jpg 2048w\" sizes=\"auto, (max-width: 167px) 100vw, 167px\" \/><\/a><br \/>\nJ\u00daLIA FERREIRA SANTOS<\/p>\n<p><a href=\"https:\/\/wp.ufpel.edu.br\/cursodeturismo\/files\/2023\/09\/Lara-1.jpg\"><img loading=\"lazy\" decoding=\"async\" class=\"alignnone wp-image-2262\" src=\"https:\/\/wp.ufpel.edu.br\/cursodeturismo\/files\/2023\/09\/Lara-1-400x267.jpg\" alt=\"\" width=\"164\" height=\"109\" srcset=\"https:\/\/wp.ufpel.edu.br\/cursodeturismo\/files\/2023\/09\/Lara-1-400x267.jpg 400w, https:\/\/wp.ufpel.edu.br\/cursodeturismo\/files\/2023\/09\/Lara-1-1024x684.jpg 1024w, https:\/\/wp.ufpel.edu.br\/cursodeturismo\/files\/2023\/09\/Lara-1-768x513.jpg 768w, https:\/\/wp.ufpel.edu.br\/cursodeturismo\/files\/2023\/09\/Lara-1-1536x1025.jpg 1536w, https:\/\/wp.ufpel.edu.br\/cursodeturismo\/files\/2023\/09\/Lara-1-750x501.jpg 750w, https:\/\/wp.ufpel.edu.br\/cursodeturismo\/files\/2023\/09\/Lara-1-272x182.jpg 272w, https:\/\/wp.ufpel.edu.br\/cursodeturismo\/files\/2023\/09\/Lara-1.jpg 2048w\" sizes=\"auto, (max-width: 164px) 100vw, 164px\" \/><\/a> <a href=\"https:\/\/wp.ufpel.edu.br\/cursodeturismo\/files\/2023\/09\/Lara-4.jpg\"><img loading=\"lazy\" decoding=\"async\" class=\"alignnone wp-image-2265\" src=\"https:\/\/wp.ufpel.edu.br\/cursodeturismo\/files\/2023\/09\/Lara-4-400x267.jpg\" alt=\"\" width=\"167\" height=\"111\" srcset=\"https:\/\/wp.ufpel.edu.br\/cursodeturismo\/files\/2023\/09\/Lara-4-400x267.jpg 400w, https:\/\/wp.ufpel.edu.br\/cursodeturismo\/files\/2023\/09\/Lara-4-1024x683.jpg 1024w, https:\/\/wp.ufpel.edu.br\/cursodeturismo\/files\/2023\/09\/Lara-4-768x512.jpg 768w, https:\/\/wp.ufpel.edu.br\/cursodeturismo\/files\/2023\/09\/Lara-4-1536x1024.jpg 1536w, https:\/\/wp.ufpel.edu.br\/cursodeturismo\/files\/2023\/09\/Lara-4-750x500.jpg 750w, https:\/\/wp.ufpel.edu.br\/cursodeturismo\/files\/2023\/09\/Lara-4-272x182.jpg 272w, https:\/\/wp.ufpel.edu.br\/cursodeturismo\/files\/2023\/09\/Lara-4.jpg 2048w\" sizes=\"auto, (max-width: 167px) 100vw, 167px\" \/> <\/a><a href=\"https:\/\/wp.ufpel.edu.br\/cursodeturismo\/files\/2023\/09\/Lara-2.jpg\"><img loading=\"lazy\" decoding=\"async\" class=\"alignnone wp-image-2263\" src=\"https:\/\/wp.ufpel.edu.br\/cursodeturismo\/files\/2023\/09\/Lara-2-400x267.jpg\" alt=\"\" width=\"166\" height=\"111\" srcset=\"https:\/\/wp.ufpel.edu.br\/cursodeturismo\/files\/2023\/09\/Lara-2-400x267.jpg 400w, https:\/\/wp.ufpel.edu.br\/cursodeturismo\/files\/2023\/09\/Lara-2-1024x684.jpg 1024w, https:\/\/wp.ufpel.edu.br\/cursodeturismo\/files\/2023\/09\/Lara-2-768x513.jpg 768w, https:\/\/wp.ufpel.edu.br\/cursodeturismo\/files\/2023\/09\/Lara-2-1536x1025.jpg 1536w, https:\/\/wp.ufpel.edu.br\/cursodeturismo\/files\/2023\/09\/Lara-2-750x501.jpg 750w, https:\/\/wp.ufpel.edu.br\/cursodeturismo\/files\/2023\/09\/Lara-2-272x182.jpg 272w, https:\/\/wp.ufpel.edu.br\/cursodeturismo\/files\/2023\/09\/Lara-2.jpg 2048w\" sizes=\"auto, (max-width: 166px) 100vw, 166px\" \/><\/a><br \/>\nLARA MESSIAS OLIVEIRA<\/p>\n<p><a href=\"https:\/\/wp.ufpel.edu.br\/cursodeturismo\/files\/2023\/09\/Luna-1.jpg\"><img loading=\"lazy\" decoding=\"async\" class=\"alignnone wp-image-2267\" src=\"https:\/\/wp.ufpel.edu.br\/cursodeturismo\/files\/2023\/09\/Luna-1-400x267.jpg\" alt=\"\" width=\"166\" height=\"111\" srcset=\"https:\/\/wp.ufpel.edu.br\/cursodeturismo\/files\/2023\/09\/Luna-1-400x267.jpg 400w, https:\/\/wp.ufpel.edu.br\/cursodeturismo\/files\/2023\/09\/Luna-1-1024x684.jpg 1024w, https:\/\/wp.ufpel.edu.br\/cursodeturismo\/files\/2023\/09\/Luna-1-768x513.jpg 768w, https:\/\/wp.ufpel.edu.br\/cursodeturismo\/files\/2023\/09\/Luna-1-1536x1025.jpg 1536w, https:\/\/wp.ufpel.edu.br\/cursodeturismo\/files\/2023\/09\/Luna-1-750x501.jpg 750w, https:\/\/wp.ufpel.edu.br\/cursodeturismo\/files\/2023\/09\/Luna-1-272x182.jpg 272w, https:\/\/wp.ufpel.edu.br\/cursodeturismo\/files\/2023\/09\/Luna-1.jpg 2048w\" sizes=\"auto, (max-width: 166px) 100vw, 166px\" \/><\/a> <a href=\"https:\/\/wp.ufpel.edu.br\/cursodeturismo\/files\/2023\/09\/Luna-2.jpg\"><img loading=\"lazy\" decoding=\"async\" class=\"alignnone wp-image-2268\" src=\"https:\/\/wp.ufpel.edu.br\/cursodeturismo\/files\/2023\/09\/Luna-2-400x267.jpg\" alt=\"\" width=\"166\" height=\"111\" srcset=\"https:\/\/wp.ufpel.edu.br\/cursodeturismo\/files\/2023\/09\/Luna-2-400x267.jpg 400w, https:\/\/wp.ufpel.edu.br\/cursodeturismo\/files\/2023\/09\/Luna-2-1024x684.jpg 1024w, https:\/\/wp.ufpel.edu.br\/cursodeturismo\/files\/2023\/09\/Luna-2-768x513.jpg 768w, https:\/\/wp.ufpel.edu.br\/cursodeturismo\/files\/2023\/09\/Luna-2-1536x1025.jpg 1536w, https:\/\/wp.ufpel.edu.br\/cursodeturismo\/files\/2023\/09\/Luna-2-750x501.jpg 750w, https:\/\/wp.ufpel.edu.br\/cursodeturismo\/files\/2023\/09\/Luna-2-272x182.jpg 272w, https:\/\/wp.ufpel.edu.br\/cursodeturismo\/files\/2023\/09\/Luna-2.jpg 2048w\" sizes=\"auto, (max-width: 166px) 100vw, 166px\" \/><\/a> <a href=\"https:\/\/wp.ufpel.edu.br\/cursodeturismo\/files\/2023\/09\/Luna-4.jpg\"><img loading=\"lazy\" decoding=\"async\" class=\"alignnone wp-image-2270\" src=\"https:\/\/wp.ufpel.edu.br\/cursodeturismo\/files\/2023\/09\/Luna-4-400x267.jpg\" alt=\"\" width=\"166\" height=\"111\" srcset=\"https:\/\/wp.ufpel.edu.br\/cursodeturismo\/files\/2023\/09\/Luna-4-400x267.jpg 400w, https:\/\/wp.ufpel.edu.br\/cursodeturismo\/files\/2023\/09\/Luna-4-1024x683.jpg 1024w, https:\/\/wp.ufpel.edu.br\/cursodeturismo\/files\/2023\/09\/Luna-4-768x512.jpg 768w, https:\/\/wp.ufpel.edu.br\/cursodeturismo\/files\/2023\/09\/Luna-4-1536x1024.jpg 1536w, https:\/\/wp.ufpel.edu.br\/cursodeturismo\/files\/2023\/09\/Luna-4-750x500.jpg 750w, https:\/\/wp.ufpel.edu.br\/cursodeturismo\/files\/2023\/09\/Luna-4-272x182.jpg 272w, https:\/\/wp.ufpel.edu.br\/cursodeturismo\/files\/2023\/09\/Luna-4.jpg 2048w\" sizes=\"auto, (max-width: 166px) 100vw, 166px\" \/><\/a><br \/>\nLUNA BIANCO GON\u00c7ALVES<\/p>\n<p><a href=\"https:\/\/wp.ufpel.edu.br\/cursodeturismo\/files\/2023\/09\/Stefani-1.jpg\"><img loading=\"lazy\" decoding=\"async\" class=\"alignnone wp-image-2274\" src=\"https:\/\/wp.ufpel.edu.br\/cursodeturismo\/files\/2023\/09\/Stefani-1-400x267.jpg\" alt=\"\" width=\"166\" height=\"111\" srcset=\"https:\/\/wp.ufpel.edu.br\/cursodeturismo\/files\/2023\/09\/Stefani-1-400x267.jpg 400w, https:\/\/wp.ufpel.edu.br\/cursodeturismo\/files\/2023\/09\/Stefani-1-1024x684.jpg 1024w, https:\/\/wp.ufpel.edu.br\/cursodeturismo\/files\/2023\/09\/Stefani-1-768x513.jpg 768w, https:\/\/wp.ufpel.edu.br\/cursodeturismo\/files\/2023\/09\/Stefani-1-1536x1025.jpg 1536w, https:\/\/wp.ufpel.edu.br\/cursodeturismo\/files\/2023\/09\/Stefani-1-750x501.jpg 750w, https:\/\/wp.ufpel.edu.br\/cursodeturismo\/files\/2023\/09\/Stefani-1-272x182.jpg 272w, https:\/\/wp.ufpel.edu.br\/cursodeturismo\/files\/2023\/09\/Stefani-1.jpg 2048w\" sizes=\"auto, (max-width: 166px) 100vw, 166px\" \/><\/a> <a href=\"https:\/\/wp.ufpel.edu.br\/cursodeturismo\/files\/2023\/09\/Stefani-2.jpg\"><img loading=\"lazy\" decoding=\"async\" class=\"alignnone wp-image-2275\" src=\"https:\/\/wp.ufpel.edu.br\/cursodeturismo\/files\/2023\/09\/Stefani-2-400x267.jpg\" alt=\"\" width=\"166\" height=\"111\" srcset=\"https:\/\/wp.ufpel.edu.br\/cursodeturismo\/files\/2023\/09\/Stefani-2-400x267.jpg 400w, https:\/\/wp.ufpel.edu.br\/cursodeturismo\/files\/2023\/09\/Stefani-2-1024x684.jpg 1024w, https:\/\/wp.ufpel.edu.br\/cursodeturismo\/files\/2023\/09\/Stefani-2-768x513.jpg 768w, https:\/\/wp.ufpel.edu.br\/cursodeturismo\/files\/2023\/09\/Stefani-2-1536x1025.jpg 1536w, https:\/\/wp.ufpel.edu.br\/cursodeturismo\/files\/2023\/09\/Stefani-2-750x501.jpg 750w, https:\/\/wp.ufpel.edu.br\/cursodeturismo\/files\/2023\/09\/Stefani-2-272x182.jpg 272w, https:\/\/wp.ufpel.edu.br\/cursodeturismo\/files\/2023\/09\/Stefani-2.jpg 2048w\" sizes=\"auto, (max-width: 166px) 100vw, 166px\" \/><\/a> <a href=\"https:\/\/wp.ufpel.edu.br\/cursodeturismo\/files\/2023\/09\/Stefani-4.jpg\"><img loading=\"lazy\" decoding=\"async\" class=\"alignnone wp-image-2277\" src=\"https:\/\/wp.ufpel.edu.br\/cursodeturismo\/files\/2023\/09\/Stefani-4-400x267.jpg\" alt=\"\" width=\"166\" height=\"111\" srcset=\"https:\/\/wp.ufpel.edu.br\/cursodeturismo\/files\/2023\/09\/Stefani-4-400x267.jpg 400w, https:\/\/wp.ufpel.edu.br\/cursodeturismo\/files\/2023\/09\/Stefani-4-1024x683.jpg 1024w, https:\/\/wp.ufpel.edu.br\/cursodeturismo\/files\/2023\/09\/Stefani-4-768x512.jpg 768w, https:\/\/wp.ufpel.edu.br\/cursodeturismo\/files\/2023\/09\/Stefani-4-1536x1024.jpg 1536w, https:\/\/wp.ufpel.edu.br\/cursodeturismo\/files\/2023\/09\/Stefani-4-750x500.jpg 750w, https:\/\/wp.ufpel.edu.br\/cursodeturismo\/files\/2023\/09\/Stefani-4-272x182.jpg 272w, https:\/\/wp.ufpel.edu.br\/cursodeturismo\/files\/2023\/09\/Stefani-4.jpg 2048w\" sizes=\"auto, (max-width: 166px) 100vw, 166px\" \/><\/a><br \/>\nST\u00c9FANI DOMINGUES BATISTA<\/p>\n<p>______________________________________________________________________________________________________________________<\/p>\n<p>&nbsp;<\/p>\n<hr \/>\n<div id=\"attachment_2126\" style=\"width: 400px\" class=\"wp-caption aligncenter\"><a href=\"https:\/\/wp.ufpel.edu.br\/cursodeturismo\/files\/2023\/07\/CAT-29a-FENADOCE.jpg\"><img loading=\"lazy\" decoding=\"async\" aria-describedby=\"caption-attachment-2126\" class=\"wp-image-2126 size-medium\" src=\"https:\/\/wp.ufpel.edu.br\/cursodeturismo\/files\/2023\/07\/CAT-29a-FENADOCE-400x400.jpg\" alt=\"\" width=\"400\" height=\"400\" srcset=\"https:\/\/wp.ufpel.edu.br\/cursodeturismo\/files\/2023\/07\/CAT-29a-FENADOCE-400x400.jpg 400w, https:\/\/wp.ufpel.edu.br\/cursodeturismo\/files\/2023\/07\/CAT-29a-FENADOCE-200x200.jpg 200w, https:\/\/wp.ufpel.edu.br\/cursodeturismo\/files\/2023\/07\/CAT-29a-FENADOCE.jpg 484w\" sizes=\"auto, (max-width: 400px) 100vw, 400px\" \/><\/a><p id=\"caption-attachment-2126\" class=\"wp-caption-text\">CAT 29\u00aa FENADOCE Foto: Karen Lima<\/p><\/div>\n<p><span style=\"color: #0000ff; font-size: 14pt;\"><strong>Curso de Bacharelado em Turismo da UFPEL presente na 29\u00aa FENADOCE.<\/strong><\/span><\/p>\n<p>A 29\u00aa FENADOCE, Doce saber da Inf\u00e2ncia, ocorreu no Centro de Eventos de Pelotas de 02 a 18 de junho de 2023 e o curso de Bacharelado em Turismo da UFPEL estava presente, novamente, no CAT (Centro de Atendimento ao Turista) refor\u00e7ando essa parceria que dura mais de 10 anos.<\/p>\n<p>Localizado a esquerda de quem entrava pelo port\u00e3o B, o CAT recepcionando os visitantes locais, das diversas cidades da regi\u00e3o e tamb\u00e9m, pa\u00edses vizinhos, informando sobre as diversas atra\u00e7\u00f5es da feira, localiza\u00e7\u00e3o de estandes, recebendo, guardando e entregando itens perdidos nas depend\u00eancias do evento. Os estudantes tamb\u00e9m tinham o prazer de falar sobre a cidade de Pelotas e suas belezas urbanas e coloniais e, tamb\u00e9m valorizando as cidades vizinhas e seus atrativos tur\u00edsticos.<\/p>\n<p>Foram quase 30 alunos volunt\u00e1rios que se revezaram durante todo o per\u00edodo do evento, sempre com imenso carinho, aten\u00e7\u00e3o e bom humor, sob orienta\u00e7\u00e3o e apoio da professora Nat\u00e1lia Aldrigue e demais professores.<\/p>\n<p>Em 2024, estaremos juntos, novamente<\/p>\n<div id=\"attachment_2127\" style=\"width: 400px\" class=\"wp-caption alignnone\"><a href=\"https:\/\/wp.ufpel.edu.br\/cursodeturismo\/files\/2023\/07\/FENADOCE-2024.png\"><img loading=\"lazy\" decoding=\"async\" aria-describedby=\"caption-attachment-2127\" class=\"wp-image-2127 size-medium\" src=\"https:\/\/wp.ufpel.edu.br\/cursodeturismo\/files\/2023\/07\/FENADOCE-2024-400x327.png\" alt=\"\" width=\"400\" height=\"327\" srcset=\"https:\/\/wp.ufpel.edu.br\/cursodeturismo\/files\/2023\/07\/FENADOCE-2024-400x327.png 400w, https:\/\/wp.ufpel.edu.br\/cursodeturismo\/files\/2023\/07\/FENADOCE-2024.png 480w\" sizes=\"auto, (max-width: 400px) 100vw, 400px\" \/><\/a><p id=\"caption-attachment-2127\" class=\"wp-caption-text\">Fonte: https:\/\/fenadoce.com.br\/<\/p><\/div>\n<p>&nbsp;<\/p>\n","protected":false},"excerpt":{"rendered":"<p>Formatura do Curso de Bacharelado em Turismo 2022\/2 Ocorreu no dia 29 de junho de 2023, quinta-feira a noite, \u00e0s 20 horas, as Formaturas Institucionais referentes ao per\u00edodo 2022\/2, no audit\u00f3rio FAEM, no Campus Cap\u00e3o do Le\u00e3o. Do Curso de Bacharelado em Turismo, estiveram presentes: A Diretora do CCSO, prof.\u00aa ISABEL RASIA; A Paraninfa e &hellip; <\/p>\n<p><a class=\"more-link btn\" href=\"https:\/\/wp.ufpel.edu.br\/cursodeturismo\/memorias\/\">Continue lendo<\/a><\/p>\n","protected":false},"author":115,"featured_media":0,"parent":0,"menu_order":0,"comment_status":"closed","ping_status":"closed","template":"","meta":{"footnotes":""},"class_list":["post-2122","page","type-page","status-publish","hentry","nodate","item-wrap"],"jetpack_sharing_enabled":true,"_links":{"self":[{"href":"https:\/\/wp.ufpel.edu.br\/cursodeturismo\/wp-json\/wp\/v2\/pages\/2122","targetHints":{"allow":["GET"]}}],"collection":[{"href":"https:\/\/wp.ufpel.edu.br\/cursodeturismo\/wp-json\/wp\/v2\/pages"}],"about":[{"href":"https:\/\/wp.ufpel.edu.br\/cursodeturismo\/wp-json\/wp\/v2\/types\/page"}],"author":[{"embeddable":true,"href":"https:\/\/wp.ufpel.edu.br\/cursodeturismo\/wp-json\/wp\/v2\/users\/115"}],"replies":[{"embeddable":true,"href":"https:\/\/wp.ufpel.edu.br\/cursodeturismo\/wp-json\/wp\/v2\/comments?post=2122"}],"version-history":[{"count":5,"href":"https:\/\/wp.ufpel.edu.br\/cursodeturismo\/wp-json\/wp\/v2\/pages\/2122\/revisions"}],"predecessor-version":[{"id":2128,"href":"https:\/\/wp.ufpel.edu.br\/cursodeturismo\/wp-json\/wp\/v2\/pages\/2122\/revisions\/2128"}],"wp:attachment":[{"href":"https:\/\/wp.ufpel.edu.br\/cursodeturismo\/wp-json\/wp\/v2\/media?parent=2122"}],"curies":[{"name":"wp","href":"https:\/\/api.w.org\/{rel}","templated":true}]}}