{"id":2110,"date":"2023-07-31T12:18:12","date_gmt":"2023-07-31T15:18:12","guid":{"rendered":"https:\/\/wp.ufpel.edu.br\/cursodeturismo\/?page_id=2110"},"modified":"2023-08-02T19:36:15","modified_gmt":"2023-08-02T22:36:15","slug":"biblioteca-de-tccs","status":"publish","type":"page","link":"https:\/\/wp.ufpel.edu.br\/cursodeturismo\/biblioteca-de-tccs\/","title":{"rendered":"TCCs"},"content":{"rendered":"<h1 class=\"post-title entry-title\" style=\"text-align: justify;\"><span style=\"color: #004c98; font-size: 18pt; font-family: arial, helvetica, sans-serif;\">TCC para a Biblioteca<\/span><\/h1>\n<div class=\"entry-content clearfix\">\n<p style=\"text-align: justify;\"><span style=\"font-family: arial, helvetica, sans-serif;\">Ap\u00f3s a banca de defesa da monografia, os trabalhos, em vers\u00e3o final, dever\u00e3o ser obrigatoriamente encaminhados ao Colegiado do Curso em formato eletr\u00f4nico (PDF) para dep\u00f3sito legal no Sistema de Bibliotecas UFPel e consequente disponibiliza\u00e7\u00e3o na base de dados.<br \/>\n<\/span><span style=\"font-family: arial, helvetica, sans-serif;\">A vers\u00e3o final do trabalho \u00e9 que aquela que incorpora as eventuais recomenda\u00e7\u00f5es da banca de defesa e inclui a ficha catalogr\u00e1fica, confecciodada pela Biblioteca da UFPel. A solicita\u00e7\u00e3o de ficha catalogr\u00e1fica pode ser realizada pelo link a seguir:<\/span><\/p>\n<ul style=\"text-align: justify;\">\n<li><span style=\"font-family: arial, helvetica, sans-serif;\"><a href=\"https:\/\/wp.ufpel.edu.br\/bibcp\/solicitacao-de-ficha-catalografica\/\" target=\"_blank\" rel=\"noopener\">Solicitar ficha catalogr\u00e1fica \u00e0 Biblioteca.<\/a><\/span><\/li>\n<\/ul>\n<p style=\"text-align: justify;\"><span style=\"font-family: arial, helvetica, sans-serif;\">Juntamente ao arquivo final do TCC deve ser encaminhado o Termo de Autoriza\u00e7\u00e3o para inserir trabalhos acad\u00eamicos na base de dados da UFPel. Nesse termo, o aluno deve escolher\u00a0<span style=\"color: #004c98;\"><strong>APENAS UMA<\/strong><\/span>\u00a0entre as tr\u00eas op\u00e7\u00f5es de autoriza\u00e7\u00e3o. O documento pode ser acessado no link a seguir:<\/span><\/p>\n<ul style=\"text-align: justify;\">\n<li><span style=\"font-family: arial, helvetica, sans-serif;\"><a href=\"https:\/\/wp.ufpel.edu.br\/sisbi\/files\/2021\/04\/Termo_de_autorizacao_para_inserir_TCC_e_TCCP_nas_bases_de_dados_da_UFPel_atualizado-1.pdf\" target=\"_blank\" rel=\"noopener\">Termo de Autoriza\u00e7\u00e3o<\/a>:<\/span><\/li>\n<\/ul>\n<p style=\"text-align: justify;\"><span style=\"font-family: arial, helvetica, sans-serif;\">A portaria que regulamenta o envio dos trabalhos acad\u00eamicos dos cursos de gradua\u00e7\u00e3o e p\u00f3s-gradua\u00e7\u00e3o para as bibliotecas pode ser acessada no link a seguir:<\/span><\/p>\n<ul>\n<li style=\"text-align: justify;\"><span style=\"font-family: arial, helvetica, sans-serif;\"><a href=\"https:\/\/wp.ufpel.edu.br\/bibcp\/files\/2020\/02\/Portaria-2228-2019.pdf\" target=\"_blank\" rel=\"noopener\">Portaria 2228, de agosto de 2019<\/a>.<\/span><\/li>\n<\/ul>\n<\/div>\n","protected":false},"excerpt":{"rendered":"<p>TCC para a Biblioteca Ap\u00f3s a banca de defesa da monografia, os trabalhos, em vers\u00e3o final, dever\u00e3o ser obrigatoriamente encaminhados ao Colegiado do Curso em formato eletr\u00f4nico (PDF) para dep\u00f3sito legal no Sistema de Bibliotecas UFPel e consequente disponibiliza\u00e7\u00e3o na base de dados. A vers\u00e3o final do trabalho \u00e9 que aquela que incorpora as eventuais &hellip; <\/p>\n<p><a class=\"more-link btn\" href=\"https:\/\/wp.ufpel.edu.br\/cursodeturismo\/biblioteca-de-tccs\/\">Continue lendo<\/a><\/p>\n","protected":false},"author":115,"featured_media":0,"parent":0,"menu_order":0,"comment_status":"closed","ping_status":"closed","template":"","meta":{"footnotes":""},"class_list":["post-2110","page","type-page","status-publish","hentry","nodate","item-wrap"],"jetpack_sharing_enabled":true,"_links":{"self":[{"href":"https:\/\/wp.ufpel.edu.br\/cursodeturismo\/wp-json\/wp\/v2\/pages\/2110","targetHints":{"allow":["GET"]}}],"collection":[{"href":"https:\/\/wp.ufpel.edu.br\/cursodeturismo\/wp-json\/wp\/v2\/pages"}],"about":[{"href":"https:\/\/wp.ufpel.edu.br\/cursodeturismo\/wp-json\/wp\/v2\/types\/page"}],"author":[{"embeddable":true,"href":"https:\/\/wp.ufpel.edu.br\/cursodeturismo\/wp-json\/wp\/v2\/users\/115"}],"replies":[{"embeddable":true,"href":"https:\/\/wp.ufpel.edu.br\/cursodeturismo\/wp-json\/wp\/v2\/comments?post=2110"}],"version-history":[{"count":9,"href":"https:\/\/wp.ufpel.edu.br\/cursodeturismo\/wp-json\/wp\/v2\/pages\/2110\/revisions"}],"predecessor-version":[{"id":2174,"href":"https:\/\/wp.ufpel.edu.br\/cursodeturismo\/wp-json\/wp\/v2\/pages\/2110\/revisions\/2174"}],"wp:attachment":[{"href":"https:\/\/wp.ufpel.edu.br\/cursodeturismo\/wp-json\/wp\/v2\/media?parent=2110"}],"curies":[{"name":"wp","href":"https:\/\/api.w.org\/{rel}","templated":true}]}}