{"id":1710,"date":"2022-10-03T17:28:06","date_gmt":"2022-10-03T20:28:06","guid":{"rendered":"https:\/\/wp.ufpel.edu.br\/cursodeturismo\/?page_id=1710"},"modified":"2024-09-12T23:30:57","modified_gmt":"2024-09-13T02:30:57","slug":"auxilio-estudantil","status":"publish","type":"page","link":"https:\/\/wp.ufpel.edu.br\/cursodeturismo\/auxilio-estudantil\/","title":{"rendered":"Aux\u00edlio Estudantil"},"content":{"rendered":"<p>A Pr\u00f3-Reitoria de Assuntos Estudantis oferece, atualmente, via\u00a0<strong>Programa Nacional de Assist\u00eancia Estudantil (PNAES)<\/strong>, programas de aux\u00edlio estudantil voltados para a alimenta\u00e7\u00e3o, o transporte, a moradia e o apoio ao estudo (deslocamento e pr\u00e9-escolar).<\/p>\n<p>Para ingressar nos programas de aux\u00edlio estudantil, o candidato deve, obrigatoriamente,\u00a0<strong>concorrer em edital p\u00fablico<\/strong>\u00a0e\u00a0<strong>ser deferido ap\u00f3s an\u00e1lise socioecon\u00f4mica<\/strong>. O(s) edital(ais) de sele\u00e7\u00e3o pode(m) ser lan\u00e7ado(s) \u00e0 crit\u00e9rio da PRAE, geralmente divulgado(s) em seu site na se\u00e7\u00e3o\u00a0<a href=\"https:\/\/wp.ufpel.edu.br\/prae\/coordenacao_de_integracao_estudantil\/editais\/\">Editais<\/a>.<\/p>\n<p>Os programas de aux\u00edlio estudantil s\u00e3o regidos por\u00a0<strong>Resolu\u00e7\u00f5es Normativas<\/strong>, aprovadas pelo\u00a0<strong>Conselho de Ensino, Pesquisa e Extens\u00e3o \u2013 COCEPE<\/strong>.<\/p>\n<p><b>1. REQUISITOS<\/b><\/p>\n<p>1.1. Estar regularmente matriculado em curso de gradua\u00e7\u00e3o na UFPel;<\/p>\n<p>1.2. N\u00e3o ter conclu\u00eddo nenhum outro curso de gradua\u00e7\u00e3o em qualquer outra institui\u00e7\u00e3o;<\/p>\n<p>1.3. N\u00e3o ter esgotado prazo de perman\u00eancia nos programas de assist\u00eancia estudantil da UFPel (conforme\u00a0<a class=\"mtli_attachment mtli_pdf\" href=\"https:\/\/wp.ufpel.edu.br\/prae\/files\/2022\/02\/SEI_UFPel-1568217-Resolucao.pdf\">Resolu\u00e7\u00e3o COCEPE 25\/21<\/a>);<\/p>\n<p>1.4. Possuir renda per capita familiar de at\u00e9 1,5 sal\u00e1rios m\u00ednimos.<\/p>\n<p><b>2. QUE BENEF\u00cdCIOS S\u00c3O DISPONIBILIZADOS PELA UFPEL?<\/b><\/p>\n<p>2.1. PROGRAMA AUX\u00cdLIO ALIMENTA\u00c7\u00c3O: uma ou duas refei\u00e7\u00f5es di\u00e1rias em qualquer unidade do Restaurante Universit\u00e1rio (RU). Para os moradores da Casa do Estudante e bolsistas contemplados, de acordo com o perfil socioecon\u00f4mico, s\u00e3o disponibilizadas at\u00e9 quatro refei\u00e7\u00f5es: caf\u00e9 da manh\u00e3, almo\u00e7o, jantar e ceia.<\/p>\n<p>2.2. PROGRAMA AUX\u00cdLIO TRANSPORTE: deslocamento de \u00f4nibus na \u00e1rea urbana de Pelotas e Cap\u00e3o do Le\u00e3o.<\/p>\n<p>2.3. PROGRAMA AUX\u00cdLIO MORADIA (PAM): valor depositado mensalmente na conta corrente do aluno, para auxiliar o pagamento de uma moradia (aluguel ou pensionato) em Pelotas, no per\u00edodo de seu curso, preferencialmente para estudantes oriundos de outros munic\u00edpio e\/ou estados. O PAM n\u00e3o pode ser solicitado concomitante com o Aux\u00edlio Deslocamento nem com o Programa de Moradia Estudantil.<\/p>\n<p>2.4. PROGRAMA MORADIA ESTUDANTIL (PME): uma vaga disponibilizada na casa do estudante, situada \u00e0 Rua 3 de maio, n\u00ba 1212. Essas vagas s\u00e3o oferecidas somente em casos de desocupa\u00e7\u00e3o por alunos benefici\u00e1rios, podendo haver semestres em que n\u00e3o haver\u00e1 inscri\u00e7\u00e3o para esse programa. Obs.: N\u00e3o pode ser solicitado concomitante o Programa de Aux\u00edlio Deslocamento nem Programa de Aux\u00edlio Moradia.<\/p>\n<p>2.5. PROGRAMA AUX\u00cdLIO DESLOCAMENTO: valor depositado em conta corrente do aluno referente ao deslocamento interurbano para aqueles que residem fora da \u00e1rea urbana de Pelotas e fora do Cap\u00e3o do Le\u00e3o, incluindo Col\u00f4nia Z3, Col\u00f4nia de Pelotas e munic\u00edpios que t\u00eam dist\u00e2ncia de at\u00e9 150 km de Pelotas.\u00a0Obs.: N\u00e3o pode ser solicitado concomitante com Aux\u00edlio Moradia ou Moradia Estudantil, nem por alunos que residem no Cap\u00e3o do Le\u00e3o.<\/p>\n<p>2.6. PROGRAMA AUX\u00cdLIO PR\u00c9-ESCOLAR: valor depositado na conta corrente do aluno para aqueles que residem com filhos de at\u00e9 5 anos e 364 dias.<\/p>\n<p><b>3. ONDE?<\/b><\/p>\n<p>Via site da PRAE, se\u00e7\u00e3o\u00a0<a href=\"https:\/\/wp.ufpel.edu.br\/prae\/coordenacao_de_ingresso_e_beneficios\/editais\/\">Editais<\/a>.<\/p>\n<p>Todos os procedimentos, prazos e resultados s\u00e3o divulgados no edital em que o candidato inscreveu-se.<\/p>\n<p><b>4. SETOR RESPONS\u00c1VEL<\/b><\/p>\n<p>A an\u00e1lise do processo de sele\u00e7\u00e3o para ingresso nos programas de aux\u00edlio estudantil \u00e9 feita pelo N\u00facleo de Gest\u00e3o de Programas: <a href=\"mailto:ngp.prae.ufpel@gmail.com\">ngp.prae.ufpel@gmail.com<\/a> vinculado \u00e0 PRAE\/UFPel.<\/p>\n<p>Pr\u00f3-Reitoria de Assuntos Estudantis<\/p>\n<p>Rua Almirante Barroso, 1202<\/p>\n<p>Secretaria: +55 53 32844300 | +55 53 32844040 &#8211; praec@ufpel.edu.br<\/p>\n<p><b>5. RESULTADO:<\/b><\/p>\n<p>5.1. ALUNO DEFERIDO (aprovado para receber os benef\u00edcios): procedimentos de cadastro constam no resultado. D\u00favidas sobre cadastro podem ser enviadas para o N\u00facleo de Gest\u00e3o de Programas (<a href=\"mailto:ngp.prae.ufpel@gmail.com\">ngp.prae.ufpel@gmail.com<\/a>).<\/p>\n<p>5.2. ALUNO INDEFERIDO (reprovado para receber os benef\u00edcios e\/ou ingressar pela cota): a partir da data do resultado, o candidato deve atentar ao prazo de recurso e ao n\u00famero de recursos cab\u00edveis, definidos por edital. A \u00faltima inst\u00e2ncia recursiva \u00e9 a Comiss\u00e3o de Assuntos e Rela\u00e7\u00f5es Estudantis.<\/p>\n","protected":false},"excerpt":{"rendered":"<p>A Pr\u00f3-Reitoria de Assuntos Estudantis oferece, atualmente, via\u00a0Programa Nacional de Assist\u00eancia Estudantil (PNAES), programas de aux\u00edlio estudantil voltados para a alimenta\u00e7\u00e3o, o transporte, a moradia e o apoio ao estudo (deslocamento e pr\u00e9-escolar). Para ingressar nos programas de aux\u00edlio estudantil, o candidato deve, obrigatoriamente,\u00a0concorrer em edital p\u00fablico\u00a0e\u00a0ser deferido ap\u00f3s an\u00e1lise socioecon\u00f4mica. O(s) edital(ais) de sele\u00e7\u00e3o &hellip; <\/p>\n<p><a class=\"more-link btn\" href=\"https:\/\/wp.ufpel.edu.br\/cursodeturismo\/auxilio-estudantil\/\">Continue lendo<\/a><\/p>\n","protected":false},"author":115,"featured_media":0,"parent":0,"menu_order":0,"comment_status":"closed","ping_status":"closed","template":"","meta":{"footnotes":""},"class_list":["post-1710","page","type-page","status-publish","hentry","nodate","item-wrap"],"jetpack_sharing_enabled":true,"_links":{"self":[{"href":"https:\/\/wp.ufpel.edu.br\/cursodeturismo\/wp-json\/wp\/v2\/pages\/1710","targetHints":{"allow":["GET"]}}],"collection":[{"href":"https:\/\/wp.ufpel.edu.br\/cursodeturismo\/wp-json\/wp\/v2\/pages"}],"about":[{"href":"https:\/\/wp.ufpel.edu.br\/cursodeturismo\/wp-json\/wp\/v2\/types\/page"}],"author":[{"embeddable":true,"href":"https:\/\/wp.ufpel.edu.br\/cursodeturismo\/wp-json\/wp\/v2\/users\/115"}],"replies":[{"embeddable":true,"href":"https:\/\/wp.ufpel.edu.br\/cursodeturismo\/wp-json\/wp\/v2\/comments?post=1710"}],"version-history":[{"count":4,"href":"https:\/\/wp.ufpel.edu.br\/cursodeturismo\/wp-json\/wp\/v2\/pages\/1710\/revisions"}],"predecessor-version":[{"id":2440,"href":"https:\/\/wp.ufpel.edu.br\/cursodeturismo\/wp-json\/wp\/v2\/pages\/1710\/revisions\/2440"}],"wp:attachment":[{"href":"https:\/\/wp.ufpel.edu.br\/cursodeturismo\/wp-json\/wp\/v2\/media?parent=1710"}],"curies":[{"name":"wp","href":"https:\/\/api.w.org\/{rel}","templated":true}]}}