{"id":1697,"date":"2022-10-03T17:18:47","date_gmt":"2022-10-03T20:18:47","guid":{"rendered":"https:\/\/wp.ufpel.edu.br\/cursodeturismo\/?page_id=1697"},"modified":"2024-09-12T23:43:09","modified_gmt":"2024-09-13T02:43:09","slug":"instrucoes-sobre-formatura","status":"publish","type":"page","link":"https:\/\/wp.ufpel.edu.br\/cursodeturismo\/instrucoes-sobre-formatura\/","title":{"rendered":"Instru\u00e7\u00f5es sobre Formatura"},"content":{"rendered":"<p><strong>Defini\u00e7\u00e3o<\/strong><br \/>\nA cola\u00e7\u00e3o de grau \u00e9 uma cerim\u00f4nia de car\u00e1ter obrigat\u00f3rio para a outorga do grau de Bacharel em Turismo,<\/p>\n<p><strong>Como solicitar<\/strong><br \/>\nDiscentes com ingresso a partir de 2018\/1 dever\u00e3o observar o disposto na Resolu\u00e7\u00e3o n\u00ba 05\/2018\/CONSUN, que normatiza as cola\u00e7\u00f5es de grau institucionais. O mesmo vale para discentes com ingresso anterior a 2018\/1 que optarem por participar de cola\u00e7\u00e3o de grau institucional.\u00a0Al\u00e9m disso, o discente dever\u00e1 solicitar a formatura pelo sistema acad\u00eamico COBALTO, no prazo previsto no calend\u00e1rio acad\u00eamico, no menu \u201cAluno\/Cadastro\/Solicita\u00e7\u00e3o de formatura\u201d e atentar para os procedimentos que dever\u00e1 realizar nesse momento (olhar o texto \u201cProv\u00e1veis Formandos\u201d).<\/p>\n<p><strong>Fluxograma<\/strong><\/p>\n<table id=\"tablepress-6\" class=\"tablepress tablepress-id-6\">\n<thead>\n<tr class=\"row-1 odd\">\n<th class=\"column-1\">Etapa<\/th>\n<th class=\"column-2\">Respons\u00e1vel<\/th>\n<th class=\"column-3\">Procedimento<\/th>\n<\/tr>\n<\/thead>\n<tbody class=\"row-hover\">\n<tr class=\"row-2 even\">\n<td class=\"column-1\">1<\/td>\n<td class=\"column-2\">Discente<\/td>\n<td class=\"column-3\">\u2013 Solicitar formatura pelo COBALTO.<br \/>\n\u2013 Contatar o colegiado<\/td>\n<\/tr>\n<tr class=\"row-3 odd\">\n<td class=\"column-1\">2<\/td>\n<td class=\"column-2\">Colegiado<\/td>\n<td class=\"column-3\">\u2013 Verificar se o aluno tem expectativa de colar grau no final do per\u00edodo letivo;<br \/>\n\u2013 Cadastrar formatura e prov\u00e1veis formandos no sistema acad\u00eamico;<br \/>\n\u2013 Liberar alunos para cola\u00e7\u00e3o de grau.<\/td>\n<\/tr>\n<tr class=\"row-4 even\">\n<td class=\"column-1\">3<\/td>\n<td class=\"column-2\">CRA<\/td>\n<td class=\"column-3\">\u2013 Homologar libera\u00e7\u00e3o para cola\u00e7\u00e3o de grau.<br \/>\n\u2013 Disponibilizar os certificados de conclus\u00e3o de curso, pelo sistema acad\u00eamico, ap\u00f3s o recebimento da ata da cola\u00e7\u00e3o de grau.<\/td>\n<\/tr>\n<\/tbody>\n<\/table>\n<p><strong>Prov\u00e1vel Formando<\/strong><\/p>\n<div id=\"target-id633b440b249e6\" class=\"collapseomatic_content \">\n<p><strong>Defini\u00e7\u00e3o<br \/>\n<\/strong>\u00c9 considerado prov\u00e1vel formando o discente que tiver expectativa de colar grau ao t\u00e9rmino do per\u00edodo letivo vigente, integralizando o curr\u00edculo do curso ao qual esteja vinculado, de acordo com as condi\u00e7\u00f5es definidas no projeto pedag\u00f3gico do curso e em situa\u00e7\u00e3o regular no ENADE, componente curricular obrigat\u00f3rio.<\/p>\n<p><strong>Como solicitar<\/strong><br \/>\nAl\u00e9m de contatar o colegiado de curso para tratar da formatura (atrav\u00e9s do e-mail\u00a0<a href=\"mailto:colegiadosccso@gmail.com\">colegiadosccso@gmail.com<\/a>), o discente dever\u00e1 solicitar a formatura pelo sistema acad\u00eamico COBALTO, no prazo previsto no calend\u00e1rio acad\u00eamico, no menu \u201cAluno\/Cadastro\/Solicita\u00e7\u00e3o de formatura\u201d.<br \/>\nDever\u00e1, tamb\u00e9m, revisar os dados cadastrais e\/ou indicar se os dados est\u00e3o corretos; selecionar o tipo de formatura (Externa, Interna ou Institucional); marcar declara\u00e7\u00e3o de ci\u00eancia e salvar.<br \/>\nCaso necess\u00e1ria a corre\u00e7\u00e3o de algum dado cadastral, dever\u00e1 ser apresentada a documenta\u00e7\u00e3o comprobat\u00f3ria. A documenta\u00e7\u00e3o dever\u00e1 ser envidada atrav\u00e9s do sistema de atendimento, o qual poder\u00e1 ser acessado em\u00a0<a href=\"https:\/\/atendimento.ufpel.edu.br\/\">https:\/\/atendimento.ufpel.edu.br\/<\/a><\/p>\n<\/div>\n<p>&nbsp;<\/p>\n<p><strong>Antecipa\u00e7\u00e3o da Cola\u00e7\u00e3o de Grau<\/strong><\/p>\n<div id=\"target-id633b440b24a09\" class=\"collapseomatic_content \">\n<p><strong>Defini\u00e7\u00e3o<\/strong><br \/>\nOs discentes que n\u00e3o optarem por formatura institucional podem requerer, excepcionalmente, a antecipa\u00e7\u00e3o da cola\u00e7\u00e3o de grau.<br \/>\nQuem pode requerer a antecipa\u00e7\u00e3o? Discente que n\u00e3o esteja matriculado em componentes curriculares que exijam o cumprimento m\u00ednimo de dias letivos (100 dias semestralmente, conforme previs\u00e3o legal), salvo matr\u00edcula em componentes ofertados em regime concentrado e justificando o motivo da solicita\u00e7\u00e3o nos seguintes casos:<br \/>\nI \u2013 aprova\u00e7\u00e3o em concurso p\u00fablico ou processos seletivos, dentro do n\u00famero de vagas do edital;<br \/>\nII \u2013 por decis\u00e3o judicial;<br \/>\nIII \u2013 se o discente for servidor p\u00fablico, quando houver transfer\u00eancia ex-of\u00edcio;<br \/>\nIV \u2013 por transfer\u00eancia do c\u00f4njuge, desde que este seja servidor p\u00fablico e a transfer\u00eancia seja ex-of\u00edcio;<br \/>\nV \u2013 aprova\u00e7\u00e3o em sele\u00e7\u00e3o para programas de p\u00f3s-gradua\u00e7\u00e3o, o qual exija o diploma de gradua\u00e7\u00e3o para efetiva\u00e7\u00e3o da matr\u00edcula.<\/p>\n<p><b>Como solicitar<\/b><br \/>\nO pedido dever\u00e1 ser encaminhado pelo estudante ao Colegiado do Curso (atrav\u00e9s do e-mail\u00a0<a href=\"mailto:colegiadosccso@gmail.com\">colegiadosccso@gmail.com<\/a>), que analisar\u00e1 a solicita\u00e7\u00e3o somente nos casos supracitados.<\/p>\n<\/div>\n","protected":false},"excerpt":{"rendered":"<p>Defini\u00e7\u00e3o A cola\u00e7\u00e3o de grau \u00e9 uma cerim\u00f4nia de car\u00e1ter obrigat\u00f3rio para a outorga do grau de Bacharel em Turismo, Como solicitar Discentes com ingresso a partir de 2018\/1 dever\u00e3o observar o disposto na Resolu\u00e7\u00e3o n\u00ba 05\/2018\/CONSUN, que normatiza as cola\u00e7\u00f5es de grau institucionais. O mesmo vale para discentes com ingresso anterior a 2018\/1 que &hellip; <\/p>\n<p><a class=\"more-link btn\" href=\"https:\/\/wp.ufpel.edu.br\/cursodeturismo\/instrucoes-sobre-formatura\/\">Continue lendo<\/a><\/p>\n","protected":false},"author":115,"featured_media":0,"parent":0,"menu_order":0,"comment_status":"closed","ping_status":"closed","template":"","meta":{"footnotes":""},"class_list":["post-1697","page","type-page","status-publish","hentry","nodate","item-wrap"],"jetpack_sharing_enabled":true,"_links":{"self":[{"href":"https:\/\/wp.ufpel.edu.br\/cursodeturismo\/wp-json\/wp\/v2\/pages\/1697","targetHints":{"allow":["GET"]}}],"collection":[{"href":"https:\/\/wp.ufpel.edu.br\/cursodeturismo\/wp-json\/wp\/v2\/pages"}],"about":[{"href":"https:\/\/wp.ufpel.edu.br\/cursodeturismo\/wp-json\/wp\/v2\/types\/page"}],"author":[{"embeddable":true,"href":"https:\/\/wp.ufpel.edu.br\/cursodeturismo\/wp-json\/wp\/v2\/users\/115"}],"replies":[{"embeddable":true,"href":"https:\/\/wp.ufpel.edu.br\/cursodeturismo\/wp-json\/wp\/v2\/comments?post=1697"}],"version-history":[{"count":5,"href":"https:\/\/wp.ufpel.edu.br\/cursodeturismo\/wp-json\/wp\/v2\/pages\/1697\/revisions"}],"predecessor-version":[{"id":2442,"href":"https:\/\/wp.ufpel.edu.br\/cursodeturismo\/wp-json\/wp\/v2\/pages\/1697\/revisions\/2442"}],"wp:attachment":[{"href":"https:\/\/wp.ufpel.edu.br\/cursodeturismo\/wp-json\/wp\/v2\/media?parent=1697"}],"curies":[{"name":"wp","href":"https:\/\/api.w.org\/{rel}","templated":true}]}}