{"id":1692,"date":"2022-10-03T17:16:09","date_gmt":"2022-10-03T20:16:09","guid":{"rendered":"https:\/\/wp.ufpel.edu.br\/cursodeturismo\/?page_id=1692"},"modified":"2024-09-12T23:55:24","modified_gmt":"2024-09-13T02:55:24","slug":"abono-de-faltas","status":"publish","type":"page","link":"https:\/\/wp.ufpel.edu.br\/cursodeturismo\/abono-de-faltas\/","title":{"rendered":"Abono de faltas"},"content":{"rendered":"<p><strong>Defini\u00e7\u00e3o<\/strong><br \/>\nO abono de faltas ser\u00e1 concedido, mediante comprova\u00e7\u00e3o, conforme legisla\u00e7\u00e3o vigente, nos seguintes casos:<br \/>\nI \u2013 ao discente matriculado em \u00d3rg\u00e3o de Forma\u00e7\u00e3o de Reserva (Servi\u00e7o Militar) que seja obrigado a faltar em suas atividades civis por for\u00e7a de exerc\u00edcios ou manobras, ou reservista convocado para apresenta\u00e7\u00f5es ou cerim\u00f4nias c\u00edvicas;<br \/>\nII \u2013 ao discente contemplado com a possibilidade de Exerc\u00edcios Domiciliares;<br \/>\nIII \u2013 ao discente designado membro da CONAES \u2013 Comiss\u00e3o Nacional de Avalia\u00e7\u00e3o da Educa\u00e7\u00e3o Superior, que tenha participado de reuni\u00f5es em hor\u00e1rios coincidentes com os das atividades acad\u00eamicas;<br \/>\nIV \u2013 ao discente que integrar representa\u00e7\u00e3o desportiva nacional;<br \/>\nV \u2013 ao discente representante em inst\u00e2ncias superiores institucionais da UFPel, mediante portaria.<\/p>\n<p><strong>OBS:<\/strong> a apresenta\u00e7\u00e3o de atestado m\u00e9dico de sa\u00fade n\u00e3o \u00e9 motivo para abono de falta, apenas para a eventual realiza\u00e7\u00e3o de segunda chamada de prova.<br \/>\n<strong>\u00a0<\/strong><br \/>\n<strong>Como solicitar<\/strong><br \/>\nO discente dever\u00e1 entregar documento que comprove as situa\u00e7\u00f5es previstas para o abono de faltas ao Colegiado do Curso, atrav\u00e9s do e-mail da Secretaria do Curso (<a href=\"mailto:colegiadosccso@gmail.com\">colegiadosccso@gmail.com<\/a>).<\/p>\n<p><strong>Fluxograma<\/strong><\/p>\n<table id=\"tablepress-11\" class=\"tablepress tablepress-id-11\">\n<thead>\n<tr class=\"row-1 odd\">\n<th class=\"column-1\">Etapa<\/th>\n<th class=\"column-2\">Respons\u00e1vel<\/th>\n<th class=\"column-3\">Procedimento<\/th>\n<\/tr>\n<\/thead>\n<tbody class=\"row-hover\">\n<tr class=\"row-2 even\">\n<td class=\"column-1\">1<\/td>\n<td class=\"column-2\">Discente<\/td>\n<td class=\"column-3\">&#8211; Encaminhar a documenta\u00e7\u00e3o para o e-mail da Secretaria do Curso (<a href=\"mailto:colegiadosccso@gmail.com\">colegiadosccso@gmail.com<\/a>).<\/td>\n<\/tr>\n<tr class=\"row-3 odd\">\n<td class=\"column-1\">2<\/td>\n<td class=\"column-2\">Colegiado<\/td>\n<td class=\"column-3\">\u2013 Avaliar a solicita\u00e7\u00e3o de acordo com as normas vigentes;<br \/>\n\u2013 Encaminhar ao docente para ci\u00eancia.<\/td>\n<\/tr>\n<tr class=\"row-4 even\">\n<td class=\"column-1\">3<\/td>\n<td class=\"column-2\">Docente<\/td>\n<td class=\"column-3\">\u2013 Nos casos em que n\u00e3o for poss\u00edvel ao docente informar o aproveitamento acad\u00eamico no fechamento da turma, este dever\u00e1 informado por meio do FPIN eletr\u00f4nico no Sistema COBALTO.<\/td>\n<\/tr>\n<\/tbody>\n<\/table>\n<p>&nbsp;<\/p>\n","protected":false},"excerpt":{"rendered":"<p>Defini\u00e7\u00e3o O abono de faltas ser\u00e1 concedido, mediante comprova\u00e7\u00e3o, conforme legisla\u00e7\u00e3o vigente, nos seguintes casos: I \u2013 ao discente matriculado em \u00d3rg\u00e3o de Forma\u00e7\u00e3o de Reserva (Servi\u00e7o Militar) que seja obrigado a faltar em suas atividades civis por for\u00e7a de exerc\u00edcios ou manobras, ou reservista convocado para apresenta\u00e7\u00f5es ou cerim\u00f4nias c\u00edvicas; II \u2013 ao discente &hellip; <\/p>\n<p><a class=\"more-link btn\" href=\"https:\/\/wp.ufpel.edu.br\/cursodeturismo\/abono-de-faltas\/\">Continue lendo<\/a><\/p>\n","protected":false},"author":115,"featured_media":0,"parent":0,"menu_order":0,"comment_status":"closed","ping_status":"closed","template":"","meta":{"footnotes":""},"class_list":["post-1692","page","type-page","status-publish","hentry","nodate","item-wrap"],"jetpack_sharing_enabled":true,"_links":{"self":[{"href":"https:\/\/wp.ufpel.edu.br\/cursodeturismo\/wp-json\/wp\/v2\/pages\/1692","targetHints":{"allow":["GET"]}}],"collection":[{"href":"https:\/\/wp.ufpel.edu.br\/cursodeturismo\/wp-json\/wp\/v2\/pages"}],"about":[{"href":"https:\/\/wp.ufpel.edu.br\/cursodeturismo\/wp-json\/wp\/v2\/types\/page"}],"author":[{"embeddable":true,"href":"https:\/\/wp.ufpel.edu.br\/cursodeturismo\/wp-json\/wp\/v2\/users\/115"}],"replies":[{"embeddable":true,"href":"https:\/\/wp.ufpel.edu.br\/cursodeturismo\/wp-json\/wp\/v2\/comments?post=1692"}],"version-history":[{"count":7,"href":"https:\/\/wp.ufpel.edu.br\/cursodeturismo\/wp-json\/wp\/v2\/pages\/1692\/revisions"}],"predecessor-version":[{"id":2451,"href":"https:\/\/wp.ufpel.edu.br\/cursodeturismo\/wp-json\/wp\/v2\/pages\/1692\/revisions\/2451"}],"wp:attachment":[{"href":"https:\/\/wp.ufpel.edu.br\/cursodeturismo\/wp-json\/wp\/v2\/media?parent=1692"}],"curies":[{"name":"wp","href":"https:\/\/api.w.org\/{rel}","templated":true}]}}