{"id":1684,"date":"2022-10-03T16:14:13","date_gmt":"2022-10-03T19:14:13","guid":{"rendered":"https:\/\/wp.ufpel.edu.br\/cursodeturismo\/?page_id=1684"},"modified":"2022-10-03T17:13:56","modified_gmt":"2022-10-03T20:13:56","slug":"aproveitamento-de-disciplinas","status":"publish","type":"page","link":"https:\/\/wp.ufpel.edu.br\/cursodeturismo\/aproveitamento-de-disciplinas\/","title":{"rendered":"Aproveitamento de Disciplinas"},"content":{"rendered":"<p style=\"text-align: justify;\"><strong>Defini\u00e7\u00e3o<\/strong><br \/>\nDiscente que cursou com aprova\u00e7\u00e3o componente curricular de outro curso de gradua\u00e7\u00e3o poder\u00e1 solicitar aproveitamento de estudos, dentro dos prazos previstos no calend\u00e1rio acad\u00eamico.\u00a0Para obter o aproveitamento, a atividade curricular cursada dever\u00e1 contemplar, no m\u00ednimo, 75% da carga hor\u00e1ria e do conte\u00fado da atividade curricular pretendida, sendo facultada ao professor respons\u00e1vel pelo componente curricular a realiza\u00e7\u00e3o de avalia\u00e7\u00e3o especial para eventual complementa\u00e7\u00e3o.<\/p>\n<p style=\"text-align: justify;\"><strong>Como Solicitar<\/strong><br \/>\nPara solicitar o aproveitamento de estudos, o discente dever\u00e1 enviar para o e-mail da Secretaria do Colegiado (<a href=\"mailto:colegiadosccso@gmail.com\">colegiadosccso@gmail.com<\/a>) o \u201crequerimento de aproveitamento de estudos\u201d e entregar os seguintes documentos:<br \/>\na) para componentes cursados na UFPel dever\u00e1 ser anexado o hist\u00f3rico contendo nota e carga hor\u00e1ria, al\u00e9m dos conte\u00fados program\u00e1ticos, quando o colegiado julgar necess\u00e1rio.<br \/>\nb) para disciplinas cursadas em outra institui\u00e7\u00e3o dever\u00e1 ser anexado o hist\u00f3rico escolar contendo nota e carga hor\u00e1ria, al\u00e9m de conte\u00fados program\u00e1ticos, obrigatoriamente.<\/p>\n<p><strong>Modelo de Requerimento\u00a0<\/strong><br \/>\n<a href=\"https:\/\/wp.ufpel.edu.br\/cra\/files\/2020\/07\/Requerimento-de-aproveitamento.pdf\">Requerimento de aproveitamento de estudos<\/a><\/p>\n<p><strong>Fluxograma<\/strong><\/p>\n<p>&nbsp;<\/p>\n<table id=\"tablepress-5\" class=\"tablepress tablepress-id-5\">\n<thead>\n<tr class=\"row-1 odd\">\n<th class=\"column-1\">Etapa<\/th>\n<th class=\"column-2\">Respons\u00e1vel<\/th>\n<th class=\"column-3\">Procedimento<\/th>\n<\/tr>\n<\/thead>\n<tbody class=\"row-hover\">\n<tr class=\"row-2 even\">\n<td class=\"column-1\">1<\/td>\n<td class=\"column-2\">Discente<\/td>\n<td class=\"column-3\">\n<p>\u2013 Preencher e assinar o requerimento para aproveitamento de estudos;<\/p>\n<p>\u2013 Anexar hist\u00f3rico;<\/p>\n<p>\u2013 Anexar conte\u00fado program\u00e1tico, conforme o caso;<\/p>\n<p>\u2013 Enviar os documentos para o e-mail da Secretaria do Curso (<a href=\"mailto:colegiadosccso@gmail.com\">colegiadosccso@gmail.com<\/a>)<\/td>\n<\/tr>\n<tr class=\"row-3 odd\">\n<td class=\"column-1\">2<\/td>\n<td class=\"column-2\">Colegiado<\/td>\n<td class=\"column-3\">\n<p>\u2013 Abrir processo no SEI;<\/p>\n<p>\u2013 Digitalizar e anexar a documenta\u00e7\u00e3o do discente;<\/p>\n<p>\u2013 Encaminhar ao docente respons\u00e1vel.<\/td>\n<\/tr>\n<tr class=\"row-4 even\">\n<td class=\"column-1\">3<\/td>\n<td class=\"column-2\">Docente<\/td>\n<td class=\"column-3\">\n<p>\u2013 Analisar a solicita\u00e7\u00e3o;<\/p>\n<p>\u2013 Emitir parecer;<\/p>\n<p>\u2013 Encaminhar \u00e0 coordena\u00e7\u00e3o do curso.<\/td>\n<\/tr>\n<tr class=\"row-5 odd\">\n<td class=\"column-1\">4<\/td>\n<td class=\"column-2\">Coordenador do Curso<\/td>\n<td class=\"column-3\">\n<p>\u2013 Preencher e assinar o parecer final de aproveitamento;<\/p>\n<p>\u2013 Encaminhar para CRA.<\/td>\n<\/tr>\n<tr class=\"row-6 even\">\n<td class=\"column-1\">5<\/td>\n<td class=\"column-2\">CRA<\/td>\n<td class=\"column-3\">\u2013 Registrar aproveitamento no COBALTO.<\/td>\n<\/tr>\n<\/tbody>\n<\/table>\n<p>&nbsp;<\/p>\n","protected":false},"excerpt":{"rendered":"<p>Defini\u00e7\u00e3o Discente que cursou com aprova\u00e7\u00e3o componente curricular de outro curso de gradua\u00e7\u00e3o poder\u00e1 solicitar aproveitamento de estudos, dentro dos prazos previstos no calend\u00e1rio acad\u00eamico.\u00a0Para obter o aproveitamento, a atividade curricular cursada dever\u00e1 contemplar, no m\u00ednimo, 75% da carga hor\u00e1ria e do conte\u00fado da atividade curricular pretendida, sendo facultada ao professor respons\u00e1vel pelo componente curricular &hellip; <\/p>\n<p><a class=\"more-link btn\" href=\"https:\/\/wp.ufpel.edu.br\/cursodeturismo\/aproveitamento-de-disciplinas\/\">Continue lendo<\/a><\/p>\n","protected":false},"author":115,"featured_media":0,"parent":0,"menu_order":0,"comment_status":"closed","ping_status":"closed","template":"","meta":{"footnotes":""},"class_list":["post-1684","page","type-page","status-publish","hentry","nodate","item-wrap"],"jetpack_sharing_enabled":true,"_links":{"self":[{"href":"https:\/\/wp.ufpel.edu.br\/cursodeturismo\/wp-json\/wp\/v2\/pages\/1684","targetHints":{"allow":["GET"]}}],"collection":[{"href":"https:\/\/wp.ufpel.edu.br\/cursodeturismo\/wp-json\/wp\/v2\/pages"}],"about":[{"href":"https:\/\/wp.ufpel.edu.br\/cursodeturismo\/wp-json\/wp\/v2\/types\/page"}],"author":[{"embeddable":true,"href":"https:\/\/wp.ufpel.edu.br\/cursodeturismo\/wp-json\/wp\/v2\/users\/115"}],"replies":[{"embeddable":true,"href":"https:\/\/wp.ufpel.edu.br\/cursodeturismo\/wp-json\/wp\/v2\/comments?post=1684"}],"version-history":[{"count":5,"href":"https:\/\/wp.ufpel.edu.br\/cursodeturismo\/wp-json\/wp\/v2\/pages\/1684\/revisions"}],"predecessor-version":[{"id":1691,"href":"https:\/\/wp.ufpel.edu.br\/cursodeturismo\/wp-json\/wp\/v2\/pages\/1684\/revisions\/1691"}],"wp:attachment":[{"href":"https:\/\/wp.ufpel.edu.br\/cursodeturismo\/wp-json\/wp\/v2\/media?parent=1684"}],"curies":[{"name":"wp","href":"https:\/\/api.w.org\/{rel}","templated":true}]}}