{"id":1632,"date":"2022-10-03T14:49:40","date_gmt":"2022-10-03T17:49:40","guid":{"rendered":"https:\/\/wp.ufpel.edu.br\/cursodeturismo\/?page_id=1632"},"modified":"2024-09-12T23:17:01","modified_gmt":"2024-09-13T02:17:01","slug":"dados-do-curso","status":"publish","type":"page","link":"https:\/\/wp.ufpel.edu.br\/cursodeturismo\/dados-do-curso\/","title":{"rendered":"Informa\u00e7\u00f5es Gerais"},"content":{"rendered":"<p>Unidade: Centro de Ci\u00eancias S\u00f3cio-Organizacionais \u2013 CCSO<\/p>\n<p>Endere\u00e7o: Rua Gomes Carneiro, 01 \u2013 Centro \u2013 4\u00ba andar Pelotas \u2013 RS, CEP: 96010-610<\/p>\n<p>E-mail: colegiadosccso@gmail.com<\/p>\n<p>Coordenador\/a do Colegiado: Nat\u00e1lia de Sousa Aldrigue<\/p>\n<p>N\u00famero de Vagas do Curso: 48 vagas<\/p>\n<p>Turno de Funcionamento: noturno<\/p>\n<p><strong>Formas de ingresso:<\/strong><\/p>\n<ol>\n<li>Processos seletivos de ver\u00e3o: SISU\/MEC (Sistema de Sele\u00e7\u00e3o Unificada) \u2013 39 vagas; PAVE\/UFPel (Programa de Avalia\u00e7\u00e3o da Vida Escolar) &#8211; 9 vagas.<\/li>\n<li>Edital de ingresso por reop\u00e7\u00e3o, transfer\u00eancia, reingresso e portador de diploma (vagas ociosas).<\/li>\n<\/ol>\n","protected":false},"excerpt":{"rendered":"<p>Unidade: Centro de Ci\u00eancias S\u00f3cio-Organizacionais \u2013 CCSO Endere\u00e7o: Rua Gomes Carneiro, 01 \u2013 Centro \u2013 4\u00ba andar Pelotas \u2013 RS, CEP: 96010-610 E-mail: colegiadosccso@gmail.com Coordenador\/a do Colegiado: Nat\u00e1lia de Sousa Aldrigue N\u00famero de Vagas do Curso: 48 vagas Turno de Funcionamento: noturno Formas de ingresso: Processos seletivos de ver\u00e3o: SISU\/MEC (Sistema de Sele\u00e7\u00e3o Unificada) \u2013 &hellip; <\/p>\n<p><a class=\"more-link btn\" href=\"https:\/\/wp.ufpel.edu.br\/cursodeturismo\/dados-do-curso\/\">Continue lendo<\/a><\/p>\n","protected":false},"author":115,"featured_media":0,"parent":0,"menu_order":0,"comment_status":"closed","ping_status":"closed","template":"","meta":{"footnotes":""},"class_list":["post-1632","page","type-page","status-publish","hentry","nodate","item-wrap"],"jetpack_sharing_enabled":true,"_links":{"self":[{"href":"https:\/\/wp.ufpel.edu.br\/cursodeturismo\/wp-json\/wp\/v2\/pages\/1632","targetHints":{"allow":["GET"]}}],"collection":[{"href":"https:\/\/wp.ufpel.edu.br\/cursodeturismo\/wp-json\/wp\/v2\/pages"}],"about":[{"href":"https:\/\/wp.ufpel.edu.br\/cursodeturismo\/wp-json\/wp\/v2\/types\/page"}],"author":[{"embeddable":true,"href":"https:\/\/wp.ufpel.edu.br\/cursodeturismo\/wp-json\/wp\/v2\/users\/115"}],"replies":[{"embeddable":true,"href":"https:\/\/wp.ufpel.edu.br\/cursodeturismo\/wp-json\/wp\/v2\/comments?post=1632"}],"version-history":[{"count":4,"href":"https:\/\/wp.ufpel.edu.br\/cursodeturismo\/wp-json\/wp\/v2\/pages\/1632\/revisions"}],"predecessor-version":[{"id":2436,"href":"https:\/\/wp.ufpel.edu.br\/cursodeturismo\/wp-json\/wp\/v2\/pages\/1632\/revisions\/2436"}],"wp:attachment":[{"href":"https:\/\/wp.ufpel.edu.br\/cursodeturismo\/wp-json\/wp\/v2\/media?parent=1632"}],"curies":[{"name":"wp","href":"https:\/\/api.w.org\/{rel}","templated":true}]}}