{"id":1604,"date":"2022-10-03T14:32:45","date_gmt":"2022-10-03T17:32:45","guid":{"rendered":"https:\/\/wp.ufpel.edu.br\/cursodeturismo\/?page_id=1604"},"modified":"2023-10-24T13:05:06","modified_gmt":"2023-10-24T16:05:06","slug":"comunicados-da-coordenacao","status":"publish","type":"page","link":"https:\/\/wp.ufpel.edu.br\/cursodeturismo\/comunicados-da-coordenacao\/","title":{"rendered":"Comunicados da Coordena\u00e7\u00e3o"},"content":{"rendered":"<p><span style=\"font-size: 14pt;\"><strong>Hor\u00e1rios Atendimento Coordena\u00e7\u00e3o<\/strong><\/span><\/p>\n<table style=\"height: 441px;\" width=\"798\">\n<tbody>\n<tr>\n<td style=\"width: 82.5781px;\"><span style=\"font-size: 12pt;\"><strong>\u00a0<\/strong><\/span><\/td>\n<td style=\"width: 138.453px; text-align: center;\"><span style=\"font-size: 12pt;\"><strong>Segunda-Feira<\/strong><\/span><\/td>\n<td style=\"width: 144.766px; text-align: center;\"><span style=\"font-size: 12pt;\"><strong>Ter\u00e7a-Feira<\/strong><\/span><\/td>\n<td style=\"width: 126.797px; text-align: center;\"><span style=\"font-size: 12pt;\"><strong>Quarta-Feira<\/strong><\/span><\/td>\n<td style=\"width: 126.656px; text-align: center;\"><span style=\"font-size: 12pt;\"><strong>Quinta-Feira<\/strong><\/span><\/td>\n<td style=\"width: 129.75px; text-align: center;\"><span style=\"font-size: 12pt;\"><strong>Sexta-Feira<\/strong><\/span><\/td>\n<\/tr>\n<tr>\n<td style=\"width: 82.5781px; text-align: justify;\"><span style=\"font-size: 12pt;\"><strong>\u00a0<\/strong><\/span><\/p>\n<p style=\"text-align: center;\"><span style=\"font-size: 12pt;\"><strong>14h30 16h00<\/strong><\/span><\/p>\n<\/td>\n<td style=\"width: 138.453px; text-align: center;\"><span style=\"font-size: 12pt;\">Atendimento Coordena\u00e7\u00e3o<\/span><\/td>\n<td style=\"width: 144.766px; text-align: center;\"><span style=\"font-size: 12pt;\">Reuni\u00e3o de NDE\/Colegiado<\/span><\/td>\n<td style=\"width: 126.797px;\">\n<p style=\"text-align: center;\"><span style=\"font-size: 12pt;\"><strong>&#8211;<\/strong><\/span><\/p>\n<\/td>\n<td style=\"width: 126.656px; text-align: center;\"><span style=\"font-size: 12pt;\">Atendimento Coordena\u00e7\u00e3o<\/span><\/td>\n<td style=\"width: 129.75px; text-align: center;\"><span style=\"font-size: 12pt;\">Atendimento Coordena\u00e7\u00e3o<\/span><\/td>\n<\/tr>\n<tr>\n<td style=\"width: 82.5781px; text-align: center;\"><span style=\"font-size: 12pt;\"><strong>16h00\u00a0 18h30<\/strong><\/span><\/td>\n<td style=\"width: 138.453px; text-align: center;\"><span style=\"font-size: 12pt;\">Atendimento Coordena\u00e7\u00e3o<\/span><\/td>\n<td style=\"width: 144.766px; text-align: center;\">REUNI\u00c3O DE<br \/>\nNDE\/COLEGIADO<br \/>\n(alternadas)<\/td>\n<td style=\"width: 126.797px; text-align: center;\"><span style=\"font-size: 12pt;\">ORIENTA\u00c7\u00d5ES DE TCC <\/span><\/td>\n<td style=\"width: 126.656px; text-align: center;\">REUNI\u00c3O CC<br \/>\n(em dias espec\u00edficos)<\/td>\n<td style=\"width: 129.75px; text-align: center;\"><span style=\"font-size: 12pt;\">&#8211;<\/span><\/td>\n<\/tr>\n<tr>\n<td style=\"width: 82.5781px; text-align: center;\"><span style=\"font-size: 12pt;\"><strong>19h00 21h00<\/strong><\/span><\/td>\n<td style=\"width: 138.453px; text-align: center;\"><span style=\"font-size: 12pt;\">&#8211;<\/span><\/td>\n<td style=\"width: 144.766px; text-align: center;\">SALA DE AULA<\/td>\n<td style=\"width: 126.797px;\">\n<p style=\"text-align: center;\">ATENDIMENTO<br \/>\nCOORDENA\u00c7\u00c3O<br \/>\n(ONLINE)<\/p>\n<\/td>\n<td style=\"width: 126.656px; text-align: center;\">SALA DE AULA<\/td>\n<td style=\"width: 129.75px;\">\n<p style=\"text-align: center;\"><span style=\"font-size: 12pt;\"><strong>&#8211;<\/strong><\/span><\/p>\n<\/td>\n<\/tr>\n<\/tbody>\n<\/table>\n<p>&nbsp;<\/p>\n","protected":false},"excerpt":{"rendered":"<p>Hor\u00e1rios Atendimento Coordena\u00e7\u00e3o \u00a0 Segunda-Feira Ter\u00e7a-Feira Quarta-Feira Quinta-Feira Sexta-Feira \u00a0 14h30 16h00 Atendimento Coordena\u00e7\u00e3o Reuni\u00e3o de NDE\/Colegiado &#8211; Atendimento Coordena\u00e7\u00e3o Atendimento Coordena\u00e7\u00e3o 16h00\u00a0 18h30 Atendimento Coordena\u00e7\u00e3o REUNI\u00c3O DE NDE\/COLEGIADO (alternadas) ORIENTA\u00c7\u00d5ES DE TCC REUNI\u00c3O CC (em dias espec\u00edficos) &#8211; 19h00 21h00 &#8211; SALA DE AULA ATENDIMENTO COORDENA\u00c7\u00c3O (ONLINE) SALA DE AULA &#8211; &nbsp;<\/p>\n","protected":false},"author":115,"featured_media":0,"parent":0,"menu_order":0,"comment_status":"closed","ping_status":"closed","template":"","meta":{"footnotes":""},"class_list":["post-1604","page","type-page","status-publish","hentry","nodate","item-wrap"],"jetpack_sharing_enabled":true,"_links":{"self":[{"href":"https:\/\/wp.ufpel.edu.br\/cursodeturismo\/wp-json\/wp\/v2\/pages\/1604","targetHints":{"allow":["GET"]}}],"collection":[{"href":"https:\/\/wp.ufpel.edu.br\/cursodeturismo\/wp-json\/wp\/v2\/pages"}],"about":[{"href":"https:\/\/wp.ufpel.edu.br\/cursodeturismo\/wp-json\/wp\/v2\/types\/page"}],"author":[{"embeddable":true,"href":"https:\/\/wp.ufpel.edu.br\/cursodeturismo\/wp-json\/wp\/v2\/users\/115"}],"replies":[{"embeddable":true,"href":"https:\/\/wp.ufpel.edu.br\/cursodeturismo\/wp-json\/wp\/v2\/comments?post=1604"}],"version-history":[{"count":10,"href":"https:\/\/wp.ufpel.edu.br\/cursodeturismo\/wp-json\/wp\/v2\/pages\/1604\/revisions"}],"predecessor-version":[{"id":2308,"href":"https:\/\/wp.ufpel.edu.br\/cursodeturismo\/wp-json\/wp\/v2\/pages\/1604\/revisions\/2308"}],"wp:attachment":[{"href":"https:\/\/wp.ufpel.edu.br\/cursodeturismo\/wp-json\/wp\/v2\/media?parent=1604"}],"curies":[{"name":"wp","href":"https:\/\/api.w.org\/{rel}","templated":true}]}}