{"id":1469,"date":"2022-09-16T13:49:05","date_gmt":"2022-09-16T16:49:05","guid":{"rendered":"https:\/\/wp.ufpel.edu.br\/cursodeturismo\/?page_id=1469"},"modified":"2024-10-08T22:21:07","modified_gmt":"2024-10-09T01:21:07","slug":"procedimento-para-estagio","status":"publish","type":"page","link":"https:\/\/wp.ufpel.edu.br\/cursodeturismo\/procedimento-para-estagio\/","title":{"rendered":"Procedimento para Est\u00e1gio"},"content":{"rendered":"<p>Esta se\u00e7\u00e3o \u00e9 destinada para os procedimentos de: (a) Solicita\u00e7\u00e3o de Est\u00e1gio, (b) Renova\u00e7\u00e3o de Est\u00e1gio e (c) Conclus\u00e3o de Est\u00e1gio.<\/p>\n<p><strong>Documentos:<br \/>\n<\/strong><br \/>\na) Solicita\u00e7\u00e3o de Est\u00e1gio:<\/p>\n<ol>\n<li>Pedido assinado pelo estudante, justificando a realiza\u00e7\u00e3o do est\u00e1gio<\/li>\n<li>Termo de Responsabilidade assinado pelo aluno:\u00a0<a href=\"https:\/\/wp.ufpel.edu.br\/pre\/files\/2020\/07\/Termo-de-Responsabilidade-Estago-Nao-Obrigatorio-Memo-25.docx\">https:\/\/wp.ufpel.edu.br\/pre\/files\/2020\/07\/Termo-de-Responsabilidade-Estago-Nao-Obrigatorio-Memo-25.docx<\/a><\/li>\n<li>Termo de Est\u00e1gio (incluindo Plano de Atividades) assinado pelo respons\u00e1vel da empresa e tamb\u00e9m pelo estudante<\/li>\n<\/ol>\n<p>b) Renova\u00e7\u00e3o de Est\u00e1gio:<\/p>\n<ol>\n<li>Pedido assinado pelo estudante, justificando a realiza\u00e7\u00e3o do est\u00e1gio<\/li>\n<li>Termo de Responsabilidade assinado pelo aluno:\u00a0<a href=\"https:\/\/wp.ufpel.edu.br\/pre\/files\/2020\/07\/Termo-de-Responsabilidade-Estago-Nao-Obrigatorio-Memo-25.docx\">https:\/\/wp.ufpel.edu.br\/pre\/files\/2020\/07\/Termo-de-Responsabilidade-Estago-Nao-Obrigatorio-Memo-25.docx<\/a><\/li>\n<li>Termo de Est\u00e1gio (incluindo Plano de Atividades) assinado pelo respons\u00e1vel da empresa e tamb\u00e9m pelo estudante<\/li>\n<li>Relat\u00f3rio Parcial de Atividades do Est\u00e1gio, assinado pelo respons\u00e1vel da empresa e tamb\u00e9m pelo estudante.<\/li>\n<\/ol>\n<p>c) Conclus\u00e3o de Est\u00e1gio:<\/p>\n<ol>\n<li>Relat\u00f3rio Final de Atividades do Est\u00e1gio, assinado pelo respons\u00e1vel da empresa e tamb\u00e9m pelo estudante.<\/li>\n<\/ol>\n<p>&nbsp;<\/p>\n<p><strong>Procedimentos:<\/strong><\/p>\n<ul>\n<li>Em primeiro lugar, \u00e9 importante estar com o comprovante vacinal contra COVID devidamente atualizado e homologado no Cobalto, sob pena de indeferimento pr\u00e9vio do pedido.<\/li>\n<li>O estudante deve juntar todos os documentos em um \u00fanico arquivo PDF, enviando-o atrav\u00e9s do formul\u00e1rio localizado nesta se\u00e7\u00e3o. O aluno dever\u00e1 preencher o nome completo, n\u00famero de matr\u00edcula, e-mail e assinalar o tipo de solicita\u00e7\u00e3o:\u00a0 (a) Solicita\u00e7\u00e3o de Est\u00e1gio, (b) Renova\u00e7\u00e3o de Est\u00e1gio OU Conclus\u00e3o de Est\u00e1gio.<\/li>\n<li>Ap\u00f3s recebimento da documenta\u00e7\u00e3o completa, \u00a0a Coordena\u00e7\u00e3o do Curso ir\u00e1 avaliar a pertin\u00eancia do est\u00e1gio (adequa\u00e7\u00e3o do plano de atividades com a forma\u00e7\u00e3o acad\u00eamica de gest\u00e3o p\u00fablica, contrata\u00e7\u00e3o de seguro contra acidentes pessoais, jornada m\u00e1xima de 6 horas di\u00e1rias e 30 horas semanais, inexist\u00eancia de conflito de hor\u00e1rio entre o est\u00e1gio e o per\u00edodo de aula, dentre outros). N\u00e3o havendo \u00f3bices, a Coordenar\u00e1 assinar\u00e1 eletronicamente via SEI ou por outro meio digital caso a empresa ofere\u00e7a.<\/li>\n<\/ul>\n","protected":false},"excerpt":{"rendered":"<p>Esta se\u00e7\u00e3o \u00e9 destinada para os procedimentos de: (a) Solicita\u00e7\u00e3o de Est\u00e1gio, (b) Renova\u00e7\u00e3o de Est\u00e1gio e (c) Conclus\u00e3o de Est\u00e1gio. Documentos: a) Solicita\u00e7\u00e3o de Est\u00e1gio: Pedido assinado pelo estudante, justificando a realiza\u00e7\u00e3o do est\u00e1gio Termo de Responsabilidade assinado pelo aluno:\u00a0https:\/\/wp.ufpel.edu.br\/pre\/files\/2020\/07\/Termo-de-Responsabilidade-Estago-Nao-Obrigatorio-Memo-25.docx Termo de Est\u00e1gio (incluindo Plano de Atividades) assinado pelo respons\u00e1vel da empresa e tamb\u00e9m &hellip; <\/p>\n<p><a class=\"more-link btn\" href=\"https:\/\/wp.ufpel.edu.br\/cursodeturismo\/procedimento-para-estagio\/\">Continue lendo<\/a><\/p>\n","protected":false},"author":115,"featured_media":0,"parent":0,"menu_order":0,"comment_status":"closed","ping_status":"closed","template":"","meta":{"footnotes":""},"class_list":["post-1469","page","type-page","status-publish","hentry","nodate","item-wrap"],"jetpack_sharing_enabled":true,"_links":{"self":[{"href":"https:\/\/wp.ufpel.edu.br\/cursodeturismo\/wp-json\/wp\/v2\/pages\/1469","targetHints":{"allow":["GET"]}}],"collection":[{"href":"https:\/\/wp.ufpel.edu.br\/cursodeturismo\/wp-json\/wp\/v2\/pages"}],"about":[{"href":"https:\/\/wp.ufpel.edu.br\/cursodeturismo\/wp-json\/wp\/v2\/types\/page"}],"author":[{"embeddable":true,"href":"https:\/\/wp.ufpel.edu.br\/cursodeturismo\/wp-json\/wp\/v2\/users\/115"}],"replies":[{"embeddable":true,"href":"https:\/\/wp.ufpel.edu.br\/cursodeturismo\/wp-json\/wp\/v2\/comments?post=1469"}],"version-history":[{"count":3,"href":"https:\/\/wp.ufpel.edu.br\/cursodeturismo\/wp-json\/wp\/v2\/pages\/1469\/revisions"}],"predecessor-version":[{"id":2478,"href":"https:\/\/wp.ufpel.edu.br\/cursodeturismo\/wp-json\/wp\/v2\/pages\/1469\/revisions\/2478"}],"wp:attachment":[{"href":"https:\/\/wp.ufpel.edu.br\/cursodeturismo\/wp-json\/wp\/v2\/media?parent=1469"}],"curies":[{"name":"wp","href":"https:\/\/api.w.org\/{rel}","templated":true}]}}