{"id":1467,"date":"2022-09-16T13:49:05","date_gmt":"2022-09-16T16:49:05","guid":{"rendered":"https:\/\/wp.ufpel.edu.br\/cursodeturismo\/?page_id=1467"},"modified":"2024-10-09T00:34:44","modified_gmt":"2024-10-09T03:34:44","slug":"orientacao-de-matricula","status":"publish","type":"page","link":"https:\/\/wp.ufpel.edu.br\/cursodeturismo\/orientacao-de-matricula\/","title":{"rendered":"Orienta\u00e7\u00e3o de Matr\u00edcula"},"content":{"rendered":"<div class=\"layoutArea\">\n<div class=\"column\"><\/div>\n<div class=\"column\">\n<h3 style=\"text-align: justify;\"><span style=\"font-size: 14pt;\">Primeira Matr\u00edcula<\/span><\/h3>\n<p style=\"text-align: justify;\">Os alunos ingressantes s\u00e3o matriculados <strong>automaticamente pela CRA<\/strong> (Coordena\u00e7\u00e3o de Registros Acad\u00eamicos), sem necessidade de solicita\u00e7\u00e3o por parte do estudante.<\/p>\n<p style=\"text-align: justify;\"><span style=\"font-size: 14pt;\"><strong>Matr\u00edculas por Semestre<\/strong><\/span><\/p>\n<p style=\"text-align: justify;\">Nos pro\u0301ximos dias, \u00a0ocorrer\u00e1 o peri\u0301odo de solicitac\u0327a\u0303o, correc\u0327a\u0303o e efetivac\u0327a\u0303o de matri\u0301culas para o semestre letivo 2024\/1. Seguem algumas informac\u0327o\u0303es importantes para a realizac\u0327a\u0303o das matri\u0301culas:<\/p>\n<ul style=\"text-align: justify;\">\n<li>A modalidade de matri\u0301cula sera\u0301 online, via sistema <a href=\"https:\/\/cobalto.ufpel.edu.br\/dashboard\/\">Cobalto<\/a>;<\/li>\n<li>Os hora\u0301rios das disciplinas podem ser acessados\u00a0<a href=\"https:\/\/wp.ufpel.edu.br\/cursodeturismo\/horario-das-aulas\/\">aqui<\/a>;<\/li>\n<li>O Cobalto possibilitara\u0301 a solicitac\u0327a\u0303o de matri\u0301cula aos estudantes que tenham, pelo menos, uma homologac\u0327a\u0303o de comprovante vacinal. Caso ainda na\u0303o tenha a vacinac\u0327a\u0303o homologada, o comprovante de vacinac\u0327a\u0303o deve ser enviado, exclusivamente via Cobalto, para posterior homologac\u0327a\u0303o pelo Colegiado;<\/li>\n<li>Alunos ingressantes nesse semestre letivo (2024\/1) tera\u0303o sua matri\u0301cula feita pelo Colegiado;<\/li>\n<li>Os prazos para Matr\u00edcula, Corre\u00e7\u00e3o e Matr\u00edcula Especial devem ser consultados no\u00a0<a href=\"https:\/\/wp.ufpel.edu.br\/cra\/calendarios-academicos\/calendario-academico-2024\/\">Calend\u00e1rio Acad\u00eamico<\/a>.<\/li>\n<li>Orienta\u00e7\u00f5es sobre retorno presencial podem ser acessadas\u00a0<a href=\"https:\/\/wp.ufpel.edu.br\/enghidrica\/files\/2022\/07\/Orientacoes-de-seguranca-sanitaria.pdf\">aqui<\/a>.<\/li>\n<\/ul>\n<\/div>\n<\/div>\n<div class=\"layoutArea\">\n<div class=\"column\">\n<p style=\"text-align: justify;\">\n<p style=\"text-align: justify;\">O Colegiado do Curso esta\u0301 a\u0300 disposic\u0327a\u0303o para du\u0301vidas e esclarecimentos, podendo ser contatado pelo email da Secretaria:\u00a0<a href=\"mailto:colegiadosccso@gmail.com\">colegiadosccso@gmail.com<\/a>.<\/p>\n<\/div>\n<\/div>\n","protected":false},"excerpt":{"rendered":"<p>Primeira Matr\u00edcula Os alunos ingressantes s\u00e3o matriculados automaticamente pela CRA (Coordena\u00e7\u00e3o de Registros Acad\u00eamicos), sem necessidade de solicita\u00e7\u00e3o por parte do estudante. Matr\u00edculas por Semestre Nos pro\u0301ximos dias, \u00a0ocorrer\u00e1 o peri\u0301odo de solicitac\u0327a\u0303o, correc\u0327a\u0303o e efetivac\u0327a\u0303o de matri\u0301culas para o semestre letivo 2024\/1. Seguem algumas informac\u0327o\u0303es importantes para a realizac\u0327a\u0303o das matri\u0301culas: A modalidade de &hellip; <\/p>\n<p><a class=\"more-link btn\" href=\"https:\/\/wp.ufpel.edu.br\/cursodeturismo\/orientacao-de-matricula\/\">Continue lendo<\/a><\/p>\n","protected":false},"author":115,"featured_media":0,"parent":0,"menu_order":0,"comment_status":"closed","ping_status":"closed","template":"","meta":{"footnotes":""},"class_list":["post-1467","page","type-page","status-publish","hentry","nodate","item-wrap"],"jetpack_sharing_enabled":true,"_links":{"self":[{"href":"https:\/\/wp.ufpel.edu.br\/cursodeturismo\/wp-json\/wp\/v2\/pages\/1467","targetHints":{"allow":["GET"]}}],"collection":[{"href":"https:\/\/wp.ufpel.edu.br\/cursodeturismo\/wp-json\/wp\/v2\/pages"}],"about":[{"href":"https:\/\/wp.ufpel.edu.br\/cursodeturismo\/wp-json\/wp\/v2\/types\/page"}],"author":[{"embeddable":true,"href":"https:\/\/wp.ufpel.edu.br\/cursodeturismo\/wp-json\/wp\/v2\/users\/115"}],"replies":[{"embeddable":true,"href":"https:\/\/wp.ufpel.edu.br\/cursodeturismo\/wp-json\/wp\/v2\/comments?post=1467"}],"version-history":[{"count":6,"href":"https:\/\/wp.ufpel.edu.br\/cursodeturismo\/wp-json\/wp\/v2\/pages\/1467\/revisions"}],"predecessor-version":[{"id":2496,"href":"https:\/\/wp.ufpel.edu.br\/cursodeturismo\/wp-json\/wp\/v2\/pages\/1467\/revisions\/2496"}],"wp:attachment":[{"href":"https:\/\/wp.ufpel.edu.br\/cursodeturismo\/wp-json\/wp\/v2\/media?parent=1467"}],"curies":[{"name":"wp","href":"https:\/\/api.w.org\/{rel}","templated":true}]}}