{"id":1466,"date":"2022-09-16T13:49:05","date_gmt":"2022-09-16T16:49:05","guid":{"rendered":"https:\/\/wp.ufpel.edu.br\/cursodeturismo\/?page_id=1466"},"modified":"2024-05-08T13:55:39","modified_gmt":"2024-05-08T16:55:39","slug":"calendario-academico","status":"publish","type":"page","link":"https:\/\/wp.ufpel.edu.br\/cursodeturismo\/calendario-academico\/","title":{"rendered":"Calend\u00e1rio Acad\u00eamico"},"content":{"rendered":"<p><a href=\"https:\/\/wp.ufpel.edu.br\/cursodeturismo\/files\/2023\/07\/CAPA-CALENDARIO-ACADEMICO.png\"><img loading=\"lazy\" decoding=\"async\" class=\"wp-image-2104 alignleft\" src=\"https:\/\/wp.ufpel.edu.br\/cursodeturismo\/files\/2023\/07\/CAPA-CALENDARIO-ACADEMICO-400x85.png\" alt=\"\" width=\"395\" height=\"84\" srcset=\"https:\/\/wp.ufpel.edu.br\/cursodeturismo\/files\/2023\/07\/CAPA-CALENDARIO-ACADEMICO-400x85.png 400w, https:\/\/wp.ufpel.edu.br\/cursodeturismo\/files\/2023\/07\/CAPA-CALENDARIO-ACADEMICO-1024x219.png 1024w, https:\/\/wp.ufpel.edu.br\/cursodeturismo\/files\/2023\/07\/CAPA-CALENDARIO-ACADEMICO-768x164.png 768w, https:\/\/wp.ufpel.edu.br\/cursodeturismo\/files\/2023\/07\/CAPA-CALENDARIO-ACADEMICO-750x160.png 750w, https:\/\/wp.ufpel.edu.br\/cursodeturismo\/files\/2023\/07\/CAPA-CALENDARIO-ACADEMICO.png 1170w\" sizes=\"auto, (max-width: 395px) 100vw, 395px\" \/><\/a><\/p>\n<p>&nbsp;<\/p>\n<p>&nbsp;<\/p>\n<p>&nbsp;<\/p>\n<div class=\"embed-container\">\n<blockquote class=\"wp-embedded-content\" data-secret=\"dfsTA7IV2q\"><p><a href=\"https:\/\/wp.ufpel.edu.br\/cra\/calendarios-academicos\/calendario-academico-2024\/\">Calend\u00e1rio Acad\u00eamico 2024<\/a><\/p><\/blockquote>\n<p><iframe loading=\"lazy\" class=\"wp-embedded-content\" sandbox=\"allow-scripts\" security=\"restricted\" style=\"position: absolute; clip: rect(1px, 1px, 1px, 1px);\" title=\"&#8220;Calend\u00e1rio Acad\u00eamico 2024&#8221; &#8212; Coordena\u00e7\u00e3o de Registros Acad\u00eamicos\" src=\"https:\/\/wp.ufpel.edu.br\/cra\/calendarios-academicos\/calendario-academico-2024\/embed\/#?secret=TkaTKAsNmJ#?secret=dfsTA7IV2q\" data-secret=\"dfsTA7IV2q\" width=\"600\" height=\"338\" frameborder=\"0\" marginwidth=\"0\" marginheight=\"0\" scrolling=\"no\"><\/iframe><\/div>\n<p>&nbsp;<\/p>\n","protected":false},"excerpt":{"rendered":"<p>&nbsp; &nbsp; &nbsp; Calend\u00e1rio Acad\u00eamico 2024 &nbsp;<\/p>\n","protected":false},"author":115,"featured_media":0,"parent":0,"menu_order":0,"comment_status":"closed","ping_status":"closed","template":"","meta":{"footnotes":""},"class_list":["post-1466","page","type-page","status-publish","hentry","nodate","item-wrap"],"jetpack_sharing_enabled":true,"_links":{"self":[{"href":"https:\/\/wp.ufpel.edu.br\/cursodeturismo\/wp-json\/wp\/v2\/pages\/1466","targetHints":{"allow":["GET"]}}],"collection":[{"href":"https:\/\/wp.ufpel.edu.br\/cursodeturismo\/wp-json\/wp\/v2\/pages"}],"about":[{"href":"https:\/\/wp.ufpel.edu.br\/cursodeturismo\/wp-json\/wp\/v2\/types\/page"}],"author":[{"embeddable":true,"href":"https:\/\/wp.ufpel.edu.br\/cursodeturismo\/wp-json\/wp\/v2\/users\/115"}],"replies":[{"embeddable":true,"href":"https:\/\/wp.ufpel.edu.br\/cursodeturismo\/wp-json\/wp\/v2\/comments?post=1466"}],"version-history":[{"count":6,"href":"https:\/\/wp.ufpel.edu.br\/cursodeturismo\/wp-json\/wp\/v2\/pages\/1466\/revisions"}],"predecessor-version":[{"id":2375,"href":"https:\/\/wp.ufpel.edu.br\/cursodeturismo\/wp-json\/wp\/v2\/pages\/1466\/revisions\/2375"}],"wp:attachment":[{"href":"https:\/\/wp.ufpel.edu.br\/cursodeturismo\/wp-json\/wp\/v2\/media?parent=1466"}],"curies":[{"name":"wp","href":"https:\/\/api.w.org\/{rel}","templated":true}]}}