{"id":1464,"date":"2022-09-16T13:49:05","date_gmt":"2022-09-16T16:49:05","guid":{"rendered":"https:\/\/wp.ufpel.edu.br\/cursodeturismo\/?page_id=1464"},"modified":"2026-02-04T15:05:26","modified_gmt":"2026-02-04T18:05:26","slug":"professores","status":"publish","type":"page","link":"https:\/\/wp.ufpel.edu.br\/cursodeturismo\/professores\/","title":{"rendered":"PROFESSORES"},"content":{"rendered":"<h1 class=\"post-title entry-title\">Equipe<\/h1>\n<div class=\"entry-content clearfix\">\n<table style=\"height: 3509px; width: 750px;\" width=\"750\">\n<tbody>\n<tr style=\"height: 422px;\">\n<td style=\"height: 422px; width: 299px; text-align: justify;\"><a href=\"https:\/\/wp.ufpel.edu.br\/cursodeturismo\/files\/2024\/06\/2210057_API_INSTITUCIONAL_.png\"><img loading=\"lazy\" decoding=\"async\" class=\"wp-image-2380 alignnone\" src=\"https:\/\/wp.ufpel.edu.br\/cursodeturismo\/files\/2024\/06\/2210057_API_INSTITUCIONAL_-400x400.png\" alt=\"\" width=\"286\" height=\"286\" srcset=\"https:\/\/wp.ufpel.edu.br\/cursodeturismo\/files\/2024\/06\/2210057_API_INSTITUCIONAL_-400x400.png 400w, https:\/\/wp.ufpel.edu.br\/cursodeturismo\/files\/2024\/06\/2210057_API_INSTITUCIONAL_-1024x1024.png 1024w, https:\/\/wp.ufpel.edu.br\/cursodeturismo\/files\/2024\/06\/2210057_API_INSTITUCIONAL_-200x200.png 200w, https:\/\/wp.ufpel.edu.br\/cursodeturismo\/files\/2024\/06\/2210057_API_INSTITUCIONAL_-768x768.png 768w, https:\/\/wp.ufpel.edu.br\/cursodeturismo\/files\/2024\/06\/2210057_API_INSTITUCIONAL_-1536x1536.png 1536w, https:\/\/wp.ufpel.edu.br\/cursodeturismo\/files\/2024\/06\/2210057_API_INSTITUCIONAL_-750x750.png 750w, https:\/\/wp.ufpel.edu.br\/cursodeturismo\/files\/2024\/06\/2210057_API_INSTITUCIONAL_.png 1561w\" sizes=\"auto, (max-width: 286px) 100vw, 286px\" \/><\/a><\/td>\n<td style=\"height: 422px; width: 503px;\">\n<p class=\"name\" style=\"text-align: justify;\" tabindex=\"0\"><span style=\"font-family: arial, helvetica, sans-serif;\"><a href=\"http:\/\/lattes.cnpq.br\/0007194887778602\"><strong>Guilherme Garcia Velasquez <\/strong><\/a><strong>(Coordenador de Curso)<\/strong><\/span><\/p>\n<p style=\"text-align: justify;\">Doutor em Turismo e Hotelaria pela Universidade do Vale do Itaja\u00ed-UNIVALI (2016), possui mestrado em Educa\u00e7\u00e3o pela Universidade Estadual Paulista-UNESP (2009).Possui Gradua\u00e7\u00e3o em Arquitetura e Urbanismo pela Uniderp-Anhanguera (2021), gradua\u00e7\u00e3o em Administra\u00e7\u00e3o pela Universidade Paranaense (2006), Especializa\u00e7\u00e3o em Administra\u00e7\u00e3o de Recursos Humanos pela Universidade Paranaense (2004) e gradua\u00e7\u00e3o em Turismo e Hotelaria pela Universidade Norte do Paran\u00e1-UNOPAR (2002).<\/p>\n<p style=\"text-align: justify;\">Atualmente \u00e9 professor associado do curso de Turismo do Centro de Ci\u00eancias S\u00f3cio Organizacionais da Universidade Federal de Pelotas, UFPEL, com experi\u00eancia na \u00e1rea de gest\u00e3o de ag\u00eancias de turismo e transporte, hospitalidade, Teoria Geral dos Sistemas e planejamento e organiza\u00e7\u00e3o de empreendimentos e espa\u00e7os tur\u00edsticos. Avaliador do Sinaes-BASis, INEP<\/p>\n<p style=\"text-align: justify;\"><span style=\"font-family: arial, helvetica, sans-serif;\">E-mail: <a href=\"mailto:guigave@hotmail.com\">guigave@hotmail.com<\/a><\/span><\/p>\n<\/td>\n<\/tr>\n<tr style=\"height: 393px;\">\n<td style=\"height: 393px; width: 299px;\"><a href=\"https:\/\/wp.ufpel.edu.br\/cursodeturismo\/files\/2024\/06\/2e340513-1767-4d41-b2ff-b29473cd966f.jpeg\"><img loading=\"lazy\" decoding=\"async\" class=\"alignnone size-medium wp-image-2384\" src=\"https:\/\/wp.ufpel.edu.br\/cursodeturismo\/files\/2024\/06\/2e340513-1767-4d41-b2ff-b29473cd966f-300x400.jpeg\" alt=\"\" width=\"300\" height=\"400\" srcset=\"https:\/\/wp.ufpel.edu.br\/cursodeturismo\/files\/2024\/06\/2e340513-1767-4d41-b2ff-b29473cd966f-300x400.jpeg 300w, https:\/\/wp.ufpel.edu.br\/cursodeturismo\/files\/2024\/06\/2e340513-1767-4d41-b2ff-b29473cd966f-768x1024.jpeg 768w, https:\/\/wp.ufpel.edu.br\/cursodeturismo\/files\/2024\/06\/2e340513-1767-4d41-b2ff-b29473cd966f-750x1000.jpeg 750w, https:\/\/wp.ufpel.edu.br\/cursodeturismo\/files\/2024\/06\/2e340513-1767-4d41-b2ff-b29473cd966f.jpeg 1014w\" sizes=\"auto, (max-width: 300px) 100vw, 300px\" \/><\/a><\/td>\n<td style=\"height: 393px; width: 503px;\">\n<p style=\"text-align: justify;\"><span style=\"font-family: arial, helvetica, sans-serif;\"><strong><a href=\"http:\/\/lattes.cnpq.br\/1786556571533985\">Maur\u00edcio Ragagnin Pimentel<\/a> (Coordenador Adjunto)<\/strong><\/span><\/p>\n<p style=\"text-align: justify;\">P\u00f3s-Doutor em Turismo na Universidade Federal do Paran\u00e1 (UFPR). Doutor (2017) e Mestre (2010) em Geografia pela Universidade Federal do Rio Grande do Sul &#8211; UFRGS. Em 2016 realizou um per\u00edodo de estudos junto \u00e0 Equipe Interdisciplinaire de Recherches sur le Tourisme, na Universidade Paris I &#8211; Pantheon Sorbonne, Fran\u00e7a. Atuou como servidor na Secretaria Municipal de Turismo de Porto Alegre (2009-2014).<\/p>\n<p style=\"text-align: justify;\">Faz parte dos grupos de pesquisa: Lazer e Turismo (UFPel); Obstur (UFPR), PAGUS, Laborat\u00f3rio da Paisagem (UFRGS). Entre seus interesses de pesquisa est\u00e3o temas como: uso de dados abertos em Turismo; Pol\u00edticas P\u00fablicas em Turismo; epistemologia do Turismo; a rela\u00e7\u00e3o entre Turismo e Geografia<\/p>\n<p style=\"text-align: justify;\"><span style=\"font-family: arial, helvetica, sans-serif;\">Projeto: <a href=\"https:\/\/wp.ufpel.edu.br\/paineldoturismo\/\">https:\/\/wp.ufpel.edu.br\/paineldoturismo\/<\/a><\/span><\/p>\n<p style=\"text-align: justify;\"><span style=\"font-family: arial, helvetica, sans-serif;\">E-mail: <a href=\"mailto:mauricioragagnin@gmail.com\">mauricioragagnin@gmail.com<\/a><\/span><\/p>\n<\/td>\n<\/tr>\n<tr style=\"height: 10px;\">\n<td style=\"height: 10px; width: 299px;\"><img decoding=\"async\" src=\"http:\/\/servicosweb.cnpq.br\/wspessoa\/servletrecuperafoto?tipo=1&amp;id=K4700095P6\" \/><\/td>\n<td style=\"height: 10px; width: 503px;\">\n<p style=\"text-align: justify;\"><span style=\"font-family: arial, helvetica, sans-serif;\"><a href=\"http:\/\/lattes.cnpq.br\/3450137421308599\"><strong>Dalila M\u00fcller<\/strong><\/a><\/span><\/p>\n<p style=\"text-align: justify;\">Possui doutorado em Hist\u00f3ria pela UNISINOS (2010), mestrado em Turismo pela UCS (2004), especializa\u00e7\u00e3o em Gest\u00e3o Empresarial pela FGV e gradua\u00e7\u00e3o em Ci\u00eancias Sociais pela Universidade Federal de Pelotas (2000).<\/p>\n<p style=\"text-align: justify;\">Professora associada da Universidade Federal de Pelotas, trabalhando no Programa de P\u00f3s-Gradua\u00e7\u00e3o em Hist\u00f3ria e no Curso de Bacharelado em Turismo. Tem experi\u00eancia na \u00e1rea de Turismo, com \u00eanfase em Hist\u00f3ria, atuando principalmente nos seguintes temas: hist\u00f3ria do turismo e da hotelaria e lazer e sociabilidade.<\/p>\n<p style=\"text-align: justify;\"><span style=\"font-family: arial, helvetica, sans-serif;\">E-mail: <a href=\"mailto:dalilam2011@gmail.com\">dalilam2011@gmail.com<\/a><\/span><\/p>\n<\/td>\n<\/tr>\n<tr style=\"height: 333px;\">\n<td style=\"height: 333px; width: 299px;\"><a href=\"https:\/\/wp.ufpel.edu.br\/cursodeturismo\/files\/2024\/06\/200670_API_INSTITUCIONAL_.jpg\"><img loading=\"lazy\" decoding=\"async\" class=\"alignnone size-medium wp-image-2385\" src=\"https:\/\/wp.ufpel.edu.br\/cursodeturismo\/files\/2024\/06\/200670_API_INSTITUCIONAL_-400x285.jpg\" alt=\"\" width=\"400\" height=\"285\" srcset=\"https:\/\/wp.ufpel.edu.br\/cursodeturismo\/files\/2024\/06\/200670_API_INSTITUCIONAL_-400x285.jpg 400w, https:\/\/wp.ufpel.edu.br\/cursodeturismo\/files\/2024\/06\/200670_API_INSTITUCIONAL_.jpg 520w\" sizes=\"auto, (max-width: 400px) 100vw, 400px\" \/><\/a><\/td>\n<td style=\"height: 333px; width: 503px;\">\n<p style=\"text-align: justify;\"><span style=\"font-family: arial, helvetica, sans-serif;\"><strong><a href=\"http:\/\/lattes.cnpq.br\/4606760006124679\">Dalila Rosa Hallal<\/a><\/strong><\/span><\/p>\n<p style=\"text-align: justify;\">Possui gradua\u00e7\u00e3o em Ci\u00eancias Dom\u00e9sticas pela Universidade Federal de Pelotas (1992), mestrado em Turismo pela Universidade de Caxias do Sul (2004), mestrado em Economia Domestica pela Universidade Federal de Pelotas (1996) e doutorado em Hist\u00f3ria pela Pontif\u00edcia Universidade Cat\u00f3lica do Rio Grande do Sul (2010).<\/p>\n<p style=\"text-align: justify;\">Atualmente \u00e9 professora titular da Universidade Federal de Pelotas. Tem experi\u00eancia na \u00e1rea de Turismo, com \u00eanfase em Hist\u00f3ria do Turismo, atuando principalmente nos seguintes temas: hist\u00f3ria e mem\u00f3ria do turismo no Brasil. turismo e inclus\u00e3o social; patrim\u00f4nio; e hospitalidade.<\/p>\n<p style=\"text-align: justify;\"><span style=\"font-family: arial, helvetica, sans-serif;\">E-mail: <a href=\"mailto:dalilahallal@gmail.com\">dalilahallal@gmail.com<\/a><\/span><\/p>\n<\/td>\n<\/tr>\n<tr style=\"height: 261px;\">\n<td style=\"height: 261px; width: 299px;\">\u00a0<a href=\"https:\/\/wp.ufpel.edu.br\/cursodeturismo\/files\/2024\/06\/image0.jpeg\"><img loading=\"lazy\" decoding=\"async\" class=\"alignnone size-medium wp-image-2379\" src=\"https:\/\/wp.ufpel.edu.br\/cursodeturismo\/files\/2024\/06\/image0-319x400.jpeg\" alt=\"\" width=\"319\" height=\"400\" srcset=\"https:\/\/wp.ufpel.edu.br\/cursodeturismo\/files\/2024\/06\/image0-319x400.jpeg 319w, https:\/\/wp.ufpel.edu.br\/cursodeturismo\/files\/2024\/06\/image0-816x1024.jpeg 816w, https:\/\/wp.ufpel.edu.br\/cursodeturismo\/files\/2024\/06\/image0-768x964.jpeg 768w, https:\/\/wp.ufpel.edu.br\/cursodeturismo\/files\/2024\/06\/image0-750x941.jpeg 750w, https:\/\/wp.ufpel.edu.br\/cursodeturismo\/files\/2024\/06\/image0.jpeg 872w\" sizes=\"auto, (max-width: 319px) 100vw, 319px\" \/><\/a><\/td>\n<td style=\"height: 261px; width: 503px;\">\n<p style=\"text-align: justify;\"><span style=\"font-family: arial, helvetica, sans-serif;\"><strong><a href=\"http:\/\/lattes.cnpq.br\/2417134708175156\">Gisele Silva Pereira\u00a0<\/a><\/strong><\/span><\/p>\n<p style=\"text-align: justify;\">Bacharel em Turismo pela Universidade de Caxias do Sul\/RS, Especialista em Gest\u00e3o de Marketing pela Universidade Cat\u00f3lica de Pelotas\/RS, Mestre em Turismo pela Universidade de Caxias do Sul\/RS e Doutora em Ci\u00eancias da Engenharia Ambiental pela Oxford Brookes University\/Inglaterra (t\u00edtulo assim reconhecido pela USP). Foi bolsista Capes no mestrado e no doutorado, sendo que neste contou com tutoria da Universidade de Caxias do Sul.<\/p>\n<p style=\"text-align: justify;\">\u00c9 professora no curso de Bacharelado em Turismo da Universidade Federal de Pelotas\/RS, onde desempenha atividades de ensino, pesquisa e extens\u00e3o, bem como fun\u00e7\u00f5es administrativas. Coordena e colabora em projetos de ensino, pesquisa e extens\u00e3o no \u00e2mbito do Centro de Ci\u00eancias Socio-Organizacionais. Tamb\u00e9m colabora em projetos de pesquisa do Programa de P\u00f3s-Gradua\u00e7\u00e3o em Turismo e Hospitalidade da Universidade de Caxias do Sul\/RS. Atualmente \u00e9 colaboradora do Projeto Amazon Indigenous Wisdom: Shaping Climate Solutions in Brazil, financiado pela The British Academy (200.000 libras esterlinas).<\/p>\n<p style=\"text-align: justify;\"><span style=\"font-family: arial, helvetica, sans-serif;\">E-mail: <a href=\"mailto:gisele_pereira@hotmail.com\">gisele_pereira@hotmail.com<\/a><\/span><\/p>\n<\/td>\n<\/tr>\n<tr style=\"height: 403px;\">\n<td style=\"height: 403px; width: 299px;\">\u00a0<img decoding=\"async\" src=\"http:\/\/servicosweb.cnpq.br\/wspessoa\/servletrecuperafoto?tipo=1&amp;id=K4121264Y8\" \/><\/td>\n<td style=\"height: 403px; width: 503px;\">\n<p style=\"text-align: justify;\"><span style=\"font-family: arial, helvetica, sans-serif;\"><strong><a href=\"http:\/\/lattes.cnpq.br\/3839468278134356\">Laura Rudzewicz<\/a><\/strong><\/span><\/p>\n<div class=\"x_gmail_default\" style=\"text-align: justify;\">P\u00f3s-doutora em Direito pela Universidade de Caxias do Sul (UCS), Doutora em Geografia pela Universidade Federal do Rio Grande do Sul (UFRGS), Mestre em Turismo e Especialista em Manejo de Recursos H\u00eddricos pela Universidade de Caxias do Sul (UCS), Bacharel em Turismo pela Pontif\u00edcia Universidade Cat\u00f3lica do Rio Grande do Sul (PUCRS). Realizou doutorado sandu\u00edche no Laborat\u00f3rio EDYTEM, Universit\u00e9 Savoie Mont Blanc, Fran\u00e7a (Bolsa CAPES\/PDSE) e mestrado sandu\u00edche no Mag\u00edster en Gesti\u00f3n y Planificaci\u00f3n Ambiental, da Universidad de Chile (Bolsa Programa Alfa 2, Rede Jean Mermoz).<\/div>\n<div class=\"x_gmail_default\" style=\"text-align: justify;\">Atua como Professora Associada no Centro de Ciencias Socio-Organizacionais (CCSO) e professora permanente do Programa de P\u00f3s-Gradua\u00e7\u00e3o em Geografia, da Universidade Federal de Pelotas (UFPel). \u00c9 coordenadora-adjunta do Projeto Geoparque Paisagem das \u00c1guas (UFPel) e membro do Conselho Cient\u00edfico do Ca\u00e7apava Geoparque Mundial da Unesco.\u00a0 Est\u00e1 vinculada como colaboradora nos grupos de pesquisa CNPQ: Geomorfologia e Meio Ambiente (ICH\/UFPEL), PAGUS &#8211; Laborat\u00f3rio da Paisagem (UFRGS) e REDIPA &#8211; Rede Ibero-Americana de Patrim\u00f4nio Geomorfol\u00f3gico e Geoconserva\u00e7\u00e3o.<\/div>\n<p style=\"text-align: justify;\"><span style=\"font-family: arial, helvetica, sans-serif;\">E-mail: <a href=\"mailto:laurarud@ufpel.edu.br\">laurarud@ufpel.edu.br<\/a><\/span><\/p>\n<\/td>\n<\/tr>\n<tr style=\"height: 265px;\">\n<td style=\"height: 265px; width: 299px;\">\n<div><a href=\"https:\/\/wp.ufpel.edu.br\/cursodeturismo\/files\/2026\/02\/WhatsApp-Image-2026-02-04-at-14.56.55-e1770227876419.jpeg\"><img loading=\"lazy\" decoding=\"async\" class=\"wp-image-2532 aligncenter\" src=\"https:\/\/wp.ufpel.edu.br\/cursodeturismo\/files\/2026\/02\/WhatsApp-Image-2026-02-04-at-14.56.55-e1770227876419.jpeg\" alt=\"\" width=\"212\" height=\"227\" \/><\/a><\/div>\n<\/td>\n<td style=\"height: 265px; width: 503px;\"><a href=\"http:\/\/lattes.cnpq.br\/2545244942377567\">Sarah Marroni Minasi<\/a><\/p>\n<p style=\"text-align: justify;\">Doutora em Turismo e Hotelaria (Universidade do Vale do Itaja\u00ed \u2013 UNIVALI), Mestre em Desenvolvimento Regional (UNISC) e Bacharel em Turismo pela Universidade Federal de Pelotas \u2013 UFPel. Professora do Curso de Bacharelado em Turismo na Universidade Federal de Pelotas (UFPEL) e Professora Colaboradora no Programa de P\u00f3s-Gradua\u00e7\u00e3o em Turismo da Universidade Federal do Paran\u00e1 (UFPR).<\/p>\n<p style=\"text-align: justify;\">Atua em pesquisa e ensino nas \u00e1reas de desenvolvimento regional, planejamento territorial do turismo, sistemas agroalimentares, estudos de g\u00eanero, geotecnologias aplicadas ao turismo e hospitalidade. \u00c9 integrante de grupos de pesquisa nacionais e membro da Academia Internacional para o Desenvolvimento da Pesquisa em Turismo no Brasil (ABRATUR).<\/p>\n<p>&#x1f4e7; E-mail: sarahminasi@gmail.com<\/td>\n<\/tr>\n<tr style=\"height: 362px;\">\n<td style=\"height: 10px; width: 299px;\"><a href=\"https:\/\/wp.ufpel.edu.br\/cursodeturismo\/files\/2024\/10\/ec3f7760-658a-4e67-98f4-ab8815756665.png\"><img loading=\"lazy\" decoding=\"async\" class=\"alignnone size-medium wp-image-2467\" src=\"https:\/\/wp.ufpel.edu.br\/cursodeturismo\/files\/2024\/10\/ec3f7760-658a-4e67-98f4-ab8815756665-373x400.png\" alt=\"\" width=\"373\" height=\"400\" srcset=\"https:\/\/wp.ufpel.edu.br\/cursodeturismo\/files\/2024\/10\/ec3f7760-658a-4e67-98f4-ab8815756665-373x400.png 373w, https:\/\/wp.ufpel.edu.br\/cursodeturismo\/files\/2024\/10\/ec3f7760-658a-4e67-98f4-ab8815756665-956x1024.png 956w, https:\/\/wp.ufpel.edu.br\/cursodeturismo\/files\/2024\/10\/ec3f7760-658a-4e67-98f4-ab8815756665-768x823.png 768w, https:\/\/wp.ufpel.edu.br\/cursodeturismo\/files\/2024\/10\/ec3f7760-658a-4e67-98f4-ab8815756665-750x803.png 750w, https:\/\/wp.ufpel.edu.br\/cursodeturismo\/files\/2024\/10\/ec3f7760-658a-4e67-98f4-ab8815756665.png 1222w\" sizes=\"auto, (max-width: 373px) 100vw, 373px\" \/><\/a><\/td>\n<td style=\"height: 10px; width: 503px;\">\n<p style=\"text-align: justify;\"><a href=\"http:\/\/lattes.cnpq.br\/0654906383338912\"><span style=\"font-family: arial, helvetica, sans-serif;\"><strong>Lucimari Acosta Pereira<\/strong><\/span><\/a><\/p>\n<p style=\"text-align: justify;\">Bacharel em Turismo pela Universidade Federal do Rio Grande (FURG) e Licenciada em Pedagogia pela Universidade Pit\u00e1goras UNOPAR. Tamb\u00e9m sou Especialista em Doc\u00eancia no Ensino Superior pela Universidade Pit\u00e1goras UNOPAR, Mestra e Doutora em Turismo e Hotelaria pelo Programa de P\u00f3s-Gradua\u00e7\u00e3o em Turismo e Hotelaria da Universidade do Vale do Itaja\u00ed (UNIVALI), onde fui bolsista CAPES.<\/p>\n<p style=\"text-align: justify;\">Atualmente, sou Professora Adjunta no curso de Bacharelado em Turismo da Universidade Federal de Pelotas (UFPel). Tenho me dedicado \u00e0 realiza\u00e7\u00e3o de pesquisas acad\u00eamicas e de mercado, com \u00eanfase na aplica\u00e7\u00e3o de t\u00e9cnicas avan\u00e7adas de tratamento e an\u00e1lise de dados quantitativos.<span class=\"texto\">\u00a0<\/span><\/p>\n<p style=\"text-align: justify;\"><span style=\"font-family: arial, helvetica, sans-serif;\">.<\/span><\/p>\n<p><span style=\"font-family: arial, helvetica, sans-serif;\">E-mail: <a href=\"mailto:lucimari.pereira@ufpel.edu.br\">lucimari.pereira@ufpel.edu.br<\/a><\/span><\/td>\n<\/tr>\n<tr style=\"height: 422px;\">\n<td style=\"height: 17px; width: 299px;\"><\/td>\n<td style=\"height: 17px; width: 503px;\"><\/td>\n<\/tr>\n<tr style=\"height: 348px;\">\n<td style=\"height: 10px; width: 299px;\"><\/td>\n<td style=\"height: 10px; width: 503px;\"><\/td>\n<\/tr>\n<\/tbody>\n<\/table>\n<p>&nbsp;<\/p>\n<\/div>\n","protected":false},"excerpt":{"rendered":"<p>Equipe Guilherme Garcia Velasquez (Coordenador de Curso) Doutor em Turismo e Hotelaria pela Universidade do Vale do Itaja\u00ed-UNIVALI (2016), possui mestrado em Educa\u00e7\u00e3o pela Universidade Estadual Paulista-UNESP (2009).Possui Gradua\u00e7\u00e3o em Arquitetura e Urbanismo pela Uniderp-Anhanguera (2021), gradua\u00e7\u00e3o em Administra\u00e7\u00e3o pela Universidade Paranaense (2006), Especializa\u00e7\u00e3o em Administra\u00e7\u00e3o de Recursos Humanos pela Universidade Paranaense (2004) e gradua\u00e7\u00e3o &hellip; <\/p>\n<p><a class=\"more-link btn\" href=\"https:\/\/wp.ufpel.edu.br\/cursodeturismo\/professores\/\">Continue lendo<\/a><\/p>\n","protected":false},"author":115,"featured_media":0,"parent":0,"menu_order":0,"comment_status":"closed","ping_status":"closed","template":"","meta":{"footnotes":""},"class_list":["post-1464","page","type-page","status-publish","hentry","nodate","item-wrap"],"jetpack_sharing_enabled":true,"_links":{"self":[{"href":"https:\/\/wp.ufpel.edu.br\/cursodeturismo\/wp-json\/wp\/v2\/pages\/1464","targetHints":{"allow":["GET"]}}],"collection":[{"href":"https:\/\/wp.ufpel.edu.br\/cursodeturismo\/wp-json\/wp\/v2\/pages"}],"about":[{"href":"https:\/\/wp.ufpel.edu.br\/cursodeturismo\/wp-json\/wp\/v2\/types\/page"}],"author":[{"embeddable":true,"href":"https:\/\/wp.ufpel.edu.br\/cursodeturismo\/wp-json\/wp\/v2\/users\/115"}],"replies":[{"embeddable":true,"href":"https:\/\/wp.ufpel.edu.br\/cursodeturismo\/wp-json\/wp\/v2\/comments?post=1464"}],"version-history":[{"count":4,"href":"https:\/\/wp.ufpel.edu.br\/cursodeturismo\/wp-json\/wp\/v2\/pages\/1464\/revisions"}],"predecessor-version":[{"id":2534,"href":"https:\/\/wp.ufpel.edu.br\/cursodeturismo\/wp-json\/wp\/v2\/pages\/1464\/revisions\/2534"}],"wp:attachment":[{"href":"https:\/\/wp.ufpel.edu.br\/cursodeturismo\/wp-json\/wp\/v2\/media?parent=1464"}],"curies":[{"name":"wp","href":"https:\/\/api.w.org\/{rel}","templated":true}]}}