{"id":99,"date":"2011-06-08T19:31:43","date_gmt":"2011-06-08T22:31:43","guid":{"rendered":"https:\/\/wp.ufpel.edu.br\/cursodeadministracao\/"},"modified":"2023-08-30T11:36:06","modified_gmt":"2023-08-30T14:36:06","slug":"links","status":"publish","type":"page","link":"https:\/\/wp.ufpel.edu.br\/cursodeadministracao\/links\/","title":{"rendered":"Links"},"content":{"rendered":"<p><a href=\"https:\/\/e-aula.ufpel.edu.br\/\" target=\"_blank\" rel=\"noopener noreferrer\">E-aula UFPel<\/a><\/p>\n<p><a href=\"http:\/\/cobalto.ufpel.edu.br\" target=\"_blank\" rel=\"noopener noreferrer\">Sistema Acad\u00eamico &#8211; Cobalto<\/a><\/p>\n<p><a href=\"http:\/\/www.crars.org.br\/index#\" target=\"_blank\" rel=\"noopener noreferrer\">Conselho Regional de Administra\u00e7\u00e3o (CRA\/RS)<\/a><\/p>\n<p><a href=\"https:\/\/www.facebook.com\/administradorespelotas\/?locale=pt_BR\" target=\"_blank\" rel=\"noopener\">Associa\u00e7\u00e3o dos Profissionais de Administra\u00e7\u00e3o de Pelotas &#8211; (APAP)<\/a><\/p>\n<p><a href=\"http:\/\/www.ola.org.br\/\" target=\"_blank\" rel=\"noopener noreferrer\">Organiza\u00e7\u00e3o Latinoamericana de Administra\u00e7\u00e3o &#8211; (OLA)<\/a><\/p>\n<p><a href=\"http:\/\/www.capes.gov.br\/\" target=\"_blank\" rel=\"noopener noreferrer\">CAPES<\/a><\/p>\n<p><a href=\"http:\/\/www.fapergs.rs.gov.br\/\" target=\"_blank\" rel=\"noopener noreferrer\">FAPERGS<\/a><\/p>\n<p><a href=\"http:\/\/www.mec.gov.br\/\" target=\"_blank\" rel=\"noopener noreferrer\">MEC &#8211; Minist\u00e9rio da Educa\u00e7\u00e3o<\/a><\/p>\n","protected":false},"excerpt":{"rendered":"<p>E-aula UFPel Sistema Acad\u00eamico &#8211; Cobalto Conselho Regional de Administra\u00e7\u00e3o (CRA\/RS) Associa\u00e7\u00e3o dos Profissionais de Administra\u00e7\u00e3o de Pelotas &#8211; (APAP) Organiza\u00e7\u00e3o Latinoamericana de Administra\u00e7\u00e3o &#8211; (OLA) CAPES FAPERGS MEC &#8211; Minist\u00e9rio da Educa\u00e7\u00e3o<\/p>\n","protected":false},"author":114,"featured_media":0,"parent":0,"menu_order":9,"comment_status":"closed","ping_status":"closed","template":"","meta":{"jetpack_post_was_ever_published":false,"footnotes":""},"class_list":["post-99","page","type-page","status-publish","hentry","nodate","item-wrap"],"jetpack_sharing_enabled":false,"jetpack_shortlink":"https:\/\/wp.me\/P79AOn-1B","_links":{"self":[{"href":"https:\/\/wp.ufpel.edu.br\/cursodeadministracao\/wp-json\/wp\/v2\/pages\/99","targetHints":{"allow":["GET"]}}],"collection":[{"href":"https:\/\/wp.ufpel.edu.br\/cursodeadministracao\/wp-json\/wp\/v2\/pages"}],"about":[{"href":"https:\/\/wp.ufpel.edu.br\/cursodeadministracao\/wp-json\/wp\/v2\/types\/page"}],"author":[{"embeddable":true,"href":"https:\/\/wp.ufpel.edu.br\/cursodeadministracao\/wp-json\/wp\/v2\/users\/114"}],"replies":[{"embeddable":true,"href":"https:\/\/wp.ufpel.edu.br\/cursodeadministracao\/wp-json\/wp\/v2\/comments?post=99"}],"version-history":[{"count":20,"href":"https:\/\/wp.ufpel.edu.br\/cursodeadministracao\/wp-json\/wp\/v2\/pages\/99\/revisions"}],"predecessor-version":[{"id":3154,"href":"https:\/\/wp.ufpel.edu.br\/cursodeadministracao\/wp-json\/wp\/v2\/pages\/99\/revisions\/3154"}],"wp:attachment":[{"href":"https:\/\/wp.ufpel.edu.br\/cursodeadministracao\/wp-json\/wp\/v2\/media?parent=99"}],"curies":[{"name":"wp","href":"https:\/\/api.w.org\/{rel}","templated":true}]}}