{"id":974,"date":"2015-03-18T17:45:43","date_gmt":"2015-03-18T20:45:43","guid":{"rendered":"https:\/\/wp.ufpel.edu.br\/cursodeadministracao\/?page_id=974"},"modified":"2015-06-09T21:24:55","modified_gmt":"2015-06-10T00:24:55","slug":"pesquisa","status":"publish","type":"page","link":"https:\/\/wp.ufpel.edu.br\/cursodeadministracao\/projetos\/pesquisa\/","title":{"rendered":"Pesquisa"},"content":{"rendered":"<p><strong>Clique nos links abaixo para obter mais detalhes sobre os projetos de pesquisa:<\/strong><\/p>\n<p>&#8211;\u00a0<a href=\"https:\/\/wp.ufpel.edu.br\/cursodeadministracao\/files\/2015\/03\/A_Construcao_da_Estrategia_para_Inovacao_4009.pdf\" target=\"_blank\">A Constru\u00e7\u00e3o da Estrat\u00e9gia para Inova\u00e7\u00e3o em empresas prestadoras de servi\u00e7os para o polo naval do Estado do Rio Grande do Sul<\/a><\/p>\n<p>&#8211;\u00a0<a href=\"https:\/\/wp.ufpel.edu.br\/cursodeadministracao\/files\/2015\/03\/A_dimensao_ambiental_no_planejamento_de__5464.pdf\" target=\"_blank\">A dimens\u00e3o ambiental no planejamento de megaeventos esportivos no Brasil: estudo de caso do Est\u00e1dio de Futebol Beira Rio em Porto Alegre\/RS<\/a><\/p>\n<p>&#8211;\u00a0<a href=\"https:\/\/wp.ufpel.edu.br\/cursodeadministracao\/files\/2015\/03\/A_EXPANSAO_E_MERCANTILIZACAO_DO_ENSINO_S_5475.pdf\" target=\"_blank\">A expans\u00e3o e mercantiliza\u00e7\u00e3o do ensino superior: Estudo descritivo tendo como base a expans\u00e3o dos cursos de gradua\u00e7\u00e3o da \u00e1rea de administra\u00e7\u00e3o da cidade de Pelotas na \u00faltima d\u00e9cada<\/a><\/p>\n<p>&#8211;\u00a0<a href=\"https:\/\/wp.ufpel.edu.br\/cursodeadministracao\/files\/2015\/03\/A_RELEVANCIA_JURIDICA_DA_CERTIFICACAO_VO_5054.pdf\" target=\"_blank\">A relev\u00e2ncia jur\u00eddica da certifica\u00e7\u00e3o volunt\u00e1ria ambiental nas empresas exportadoras do Rio Grande do Sul<\/a><\/p>\n<p>&#8211;\u00a0<a href=\"https:\/\/wp.ufpel.edu.br\/cursodeadministracao\/files\/2015\/03\/Ampliacao_do_acesso_ao_ensino_superior_p_4490.pdf\" target=\"_blank\">Amplia\u00e7\u00e3o do acesso ao ensino superior p\u00fablico no Brasil: implica\u00e7\u00f5es organizacionais<\/a><\/p>\n<p>&#8211;\u00a0<a href=\"https:\/\/wp.ufpel.edu.br\/cursodeadministracao\/files\/2015\/03\/Beneficio_Financeiro_do_Programa_Bolsa_F_5276.pdf\" target=\"_blank\">Benef\u00edcio Financeiro do Programa Bolsa Fam\u00edlia &#8211; Pelotas\/RS<\/a><\/p>\n<p>&#8211;\u00a0<a href=\"https:\/\/wp.ufpel.edu.br\/cursodeadministracao\/files\/2015\/03\/CAPACIDADES_DINAMICAS_E_DESEMPENHO_NO_PR_4260.pdf\" target=\"_blank\">Capacidades din\u00e2micas e desempenho no processo de formula\u00e7\u00e3o de estrat\u00e9gias das empresas farmac\u00eauticas que trabalham em rede<\/a><\/p>\n<p>&#8211;\u00a0<a href=\"https:\/\/wp.ufpel.edu.br\/cursodeadministracao\/files\/2015\/03\/Cursos_de_Turismo_no_Rio_Grande_do_Sul_4290.pdf\" target=\"_blank\">Cursos de Turismo no Rio Grande do Sul<\/a><\/p>\n<p>&#8211;\u00a0<a href=\"https:\/\/wp.ufpel.edu.br\/cursodeadministracao\/files\/2015\/03\/Empresa_Junior_do_Curso_de_Bacharelado_e_5141.pdf\" target=\"_blank\">Empresa J\u00fanior do Curso de Bacharelado em Administra\u00e7\u00e3o da Universidade Federal de Pelotas: origem e evolu\u00e7\u00e3o<\/a><\/p>\n<p>&#8211;\u00a0<a href=\"https:\/\/wp.ufpel.edu.br\/cursodeadministracao\/files\/2015\/03\/Fluxos_de_conhecimento__geracao_de_inova_4794.pdf\" target=\"_blank\">Fluxos de conhecimento, gera\u00e7\u00e3o de inova\u00e7\u00f5es e rela\u00e7\u00f5es interorganizacionais em cadeias de suprimento: uma an\u00e1lise a partir do P\u00f3lo Naval de Rio Grande<\/a><\/p>\n<p>&#8211;\u00a0<a href=\"https:\/\/wp.ufpel.edu.br\/cursodeadministracao\/files\/2015\/03\/Governanca_em_Cooperativas_de_Credito__U_5631.pdf\" target=\"_blank\">Governan\u00e7a em Cooperativas de Cr\u00e9dito: Uma an\u00e1lise dos efeitos das novas regulamenta\u00e7\u00f5es do Banco Central do Brasil<\/a><\/p>\n<p>&#8211;\u00a0<a href=\"https:\/\/wp.ufpel.edu.br\/cursodeadministracao\/files\/2015\/03\/Imagem_de_Destinos_Turisticos__analise_e_4382.pdf\" target=\"_blank\">Imagem de Destinos Tur\u00edsticos: an\u00e1lise e valida\u00e7\u00e3o emp\u00edrica de um instrumento de avalia\u00e7\u00e3o<\/a><\/p>\n<p>&#8211;\u00a0<a href=\"https:\/\/wp.ufpel.edu.br\/cursodeadministracao\/files\/2015\/03\/O_Papel_do_Conhecimento_Tecnico_na_Forma_5482.pdf\" target=\"_blank\">O Papel do Conhecimento T\u00e9cnico na Forma\u00e7\u00e3o de Agendas de Pol\u00edticas P\u00fablicas: O Caso da \u00c1rea de Bioenergia no Brasil<\/a><\/p>\n<p>&#8211;\u00a0<a href=\"https:\/\/wp.ufpel.edu.br\/cursodeadministracao\/files\/2015\/03\/ORIENTACAO_EMPREENDEDORA__CAPACIDADES_DI_5935.pdf\" target=\"_blank\">Orienta\u00e7\u00e3o empreendedora, capacidades din\u00e2micas, ambiente e desempenho: um estudo com restaurantes de Pelotas\/RS<\/a><\/p>\n<p>&#8211;\u00a0<a href=\"https:\/\/wp.ufpel.edu.br\/cursodeadministracao\/files\/2015\/03\/ORIENTACAO_EMPREENDEDORA__MUNIFICENCIA_E_4281.pdf\" target=\"_blank\">Orienta\u00e7\u00e3o empreendedora, munific\u00eancia e desempenho: um estudo com taxistas de Pelotas<\/a><\/p>\n<p>&#8211;\u00a0<a href=\"https:\/\/wp.ufpel.edu.br\/cursodeadministracao\/files\/2015\/03\/Os_Cursos_de_Turismo_da_Zona_Sul_do_RS___4320.pdf\" target=\"_blank\">Os Cursos de Turismo da Zona Sul do RS: os desafios do perfil acad\u00eamico e da evas\u00e3o, per\u00edodo de 2008 a 2013<\/a><\/p>\n<p>&#8211;\u00a0<a href=\"https:\/\/wp.ufpel.edu.br\/cursodeadministracao\/files\/2015\/03\/Pesquisa_Demanda_da_FENADOCE_em_Pelotas__5650.pdf\" target=\"_blank\">Pesquisa Demanda da FENADOCE em Pelotas<\/a><\/p>\n<p>&#8211;\u00a0<a href=\"https:\/\/wp.ufpel.edu.br\/cursodeadministracao\/files\/2015\/03\/PROGRAMA_REUNI___reflexos_nos_cursos_de__4374.pdf\" target=\"_blank\">PROGRAMA REUNI : reflexos nos cursos de Bacharelado em Turismo de Universidades Federais<\/a><\/p>\n<p>&#8211;\u00a0<a href=\"https:\/\/wp.ufpel.edu.br\/cursodeadministracao\/files\/2015\/03\/Resiliencia_Organizacional___Estudo_comp_5281.pdf\" target=\"_blank\">Resili\u00eancia Organizacional &#8211; Estudo comparativo entre empresas do Brasil e de Portugal<\/a><\/p>\n<p>&#8211;\u00a0<a href=\"https:\/\/wp.ufpel.edu.br\/cursodeadministracao\/files\/2015\/03\/Temas_para_o_debate_na_Administracao_Pub_5549.pdf\" target=\"_blank\">Temas para o debate na administra\u00e7\u00e3o p\u00fablica<\/a><\/p>\n<p>&#8211;\u00a0<a href=\"https:\/\/wp.ufpel.edu.br\/cursodeadministracao\/files\/2015\/03\/VINCULO_UNIVERSIDADE_EMPRESA__ANALISE_DA_5837.pdf\" target=\"_blank\">V\u00ednculo universidade empresa: an\u00e1lise das possibilidades de transfer\u00eancias tecnol\u00f3gica para a gest\u00e3o do agroneg\u00f3cio<\/a><\/p>\n<p>&nbsp;<\/p>\n<p><em>*Fonte: Cobalto &#8211; 25\/05<\/em><\/p>\n","protected":false},"excerpt":{"rendered":"<p>Clique nos links abaixo para obter mais detalhes sobre os projetos de pesquisa: &#8211;\u00a0A Constru\u00e7\u00e3o da Estrat\u00e9gia para Inova\u00e7\u00e3o em empresas prestadoras de servi\u00e7os para o polo naval do Estado do Rio Grande do Sul &#8211;\u00a0A dimens\u00e3o ambiental no planejamento de megaeventos esportivos no Brasil: estudo de caso do Est\u00e1dio de Futebol Beira Rio em &hellip; <\/p>\n<p><a class=\"more-link btn\" href=\"https:\/\/wp.ufpel.edu.br\/cursodeadministracao\/projetos\/pesquisa\/\">Continue lendo<\/a><\/p>\n","protected":false},"author":114,"featured_media":0,"parent":968,"menu_order":3,"comment_status":"closed","ping_status":"closed","template":"","meta":{"jetpack_post_was_ever_published":false,"footnotes":""},"class_list":["post-974","page","type-page","status-publish","hentry","nodate","item-wrap"],"jetpack_sharing_enabled":true,"jetpack_shortlink":"https:\/\/wp.me\/P79AOn-fI","_links":{"self":[{"href":"https:\/\/wp.ufpel.edu.br\/cursodeadministracao\/wp-json\/wp\/v2\/pages\/974","targetHints":{"allow":["GET"]}}],"collection":[{"href":"https:\/\/wp.ufpel.edu.br\/cursodeadministracao\/wp-json\/wp\/v2\/pages"}],"about":[{"href":"https:\/\/wp.ufpel.edu.br\/cursodeadministracao\/wp-json\/wp\/v2\/types\/page"}],"author":[{"embeddable":true,"href":"https:\/\/wp.ufpel.edu.br\/cursodeadministracao\/wp-json\/wp\/v2\/users\/114"}],"replies":[{"embeddable":true,"href":"https:\/\/wp.ufpel.edu.br\/cursodeadministracao\/wp-json\/wp\/v2\/comments?post=974"}],"version-history":[{"count":9,"href":"https:\/\/wp.ufpel.edu.br\/cursodeadministracao\/wp-json\/wp\/v2\/pages\/974\/revisions"}],"predecessor-version":[{"id":1243,"href":"https:\/\/wp.ufpel.edu.br\/cursodeadministracao\/wp-json\/wp\/v2\/pages\/974\/revisions\/1243"}],"up":[{"embeddable":true,"href":"https:\/\/wp.ufpel.edu.br\/cursodeadministracao\/wp-json\/wp\/v2\/pages\/968"}],"wp:attachment":[{"href":"https:\/\/wp.ufpel.edu.br\/cursodeadministracao\/wp-json\/wp\/v2\/media?parent=974"}],"curies":[{"name":"wp","href":"https:\/\/api.w.org\/{rel}","templated":true}]}}