{"id":958,"date":"2015-03-18T17:14:40","date_gmt":"2015-03-18T20:14:40","guid":{"rendered":"https:\/\/wp.ufpel.edu.br\/cursodeadministracao\/?page_id=958"},"modified":"2022-06-20T23:34:51","modified_gmt":"2022-06-21T02:34:51","slug":"revistas-academicas","status":"publish","type":"page","link":"https:\/\/wp.ufpel.edu.br\/cursodeadministracao\/revistas-academicas\/","title":{"rendered":"Revistas Acad\u00eamicas"},"content":{"rendered":"<p style=\"text-align: justify;\"><span style=\"color: #003366;\"><strong><a href=\"http:\/\/periodicos.ufpel.edu.br\/ojs2\/index.php\/AT\" target=\"_blank\" rel=\"noopener\"><img loading=\"lazy\" decoding=\"async\" class=\" wp-image-961 alignleft\" src=\"https:\/\/wp.ufpel.edu.br\/cursodeadministracao\/files\/2015\/03\/2.jpg\" alt=\"2\" width=\"126\" height=\"71\" srcset=\"https:\/\/wp.ufpel.edu.br\/cursodeadministracao\/files\/2015\/03\/2.jpg 261w, https:\/\/wp.ufpel.edu.br\/cursodeadministracao\/files\/2015\/03\/2-220x126.jpg 220w\" sizes=\"auto, (max-width: 126px) 100vw, 126px\" \/><\/a>ReAT:\u00a0<\/strong><span style=\"color: #000000;\">A Revista Eletr\u00f4nica de Administra\u00e7\u00e3o e de Turismo\u00a0tem como miss\u00e3o\u00a0promover a produ\u00e7\u00e3o e divulga\u00e7\u00e3o do conhecimento cient\u00edfico e tecnol\u00f3gico nas \u00e1reas de Administra\u00e7\u00e3o e Turismo. Submiss\u00f5es podem ser feitas por pesquisadores e docentes continuamente.<\/span>\u00a0<a href=\"http:\/\/periodicos.ufpel.edu.br\/ojs2\/index.php\/AT\" target=\"_blank\" rel=\"noopener\">Clique para Acesso<\/a><\/span><\/p>\n<p style=\"text-align: justify;\"><span style=\"color: #003366;\"><strong><a style=\"font-size: 13px; color: #3a3a3a;\" href=\"http:\/\/periodicos.ufpel.edu.br\/ojs2\/index.php\/Academicus\/index\" target=\"_blank\" rel=\"noopener\"><img loading=\"lazy\" decoding=\"async\" class=\" wp-image-902 alignleft\" src=\"https:\/\/wp.ufpel.edu.br\/cursodeadministracao\/files\/2014\/12\/rea-e1426710346270.png\" alt=\"rea\" width=\"128\" height=\"60\" srcset=\"https:\/\/wp.ufpel.edu.br\/cursodeadministracao\/files\/2014\/12\/rea-e1426710346270.png 477w, https:\/\/wp.ufpel.edu.br\/cursodeadministracao\/files\/2014\/12\/rea-e1426710346270-300x141.png 300w\" sizes=\"auto, (max-width: 128px) 100vw, 128px\" \/><\/a>REA:<\/strong><\/span> <span style=\"color: #000000;\">A Revista Eletr\u00f4nica Academicus tinha como objetivo fomentar a produ\u00e7\u00e3o cient\u00edfica dos alunos de gradua\u00e7\u00e3o nas \u00e1reas da Administra\u00e7\u00e3o. Possui tr\u00eas volumes (2013, 2014 e 2015). Atualmente, n\u00e3o est\u00e1 aceitando novas submiss\u00f5es. Os artigos publicados podem ser acessados no seguinte link<\/span>: <a href=\"http:\/\/periodicos.ufpel.edu.br\/ojs2\/index.php\/Academicus\/index\" target=\"_blank\" rel=\"noopener\">Clique para Acesso<\/a><\/p>\n<p>&nbsp;<\/p>\n<p>&nbsp;<\/p>\n<p><strong style=\"font-family: 'Helvetica Neue', Helvetica, Arial, sans-serif; font-size: 13px; font-style: normal; color: #003366;\">\u00a0<\/strong><\/p>\n","protected":false},"excerpt":{"rendered":"<p>ReAT:\u00a0A Revista Eletr\u00f4nica de Administra\u00e7\u00e3o e de Turismo\u00a0tem como miss\u00e3o\u00a0promover a produ\u00e7\u00e3o e divulga\u00e7\u00e3o do conhecimento cient\u00edfico e tecnol\u00f3gico nas \u00e1reas de Administra\u00e7\u00e3o e Turismo. Submiss\u00f5es podem ser feitas por pesquisadores e docentes continuamente.\u00a0Clique para Acesso REA: A Revista Eletr\u00f4nica Academicus tinha como objetivo fomentar a produ\u00e7\u00e3o cient\u00edfica dos alunos de gradua\u00e7\u00e3o nas \u00e1reas da &hellip; <\/p>\n<p><a class=\"more-link btn\" href=\"https:\/\/wp.ufpel.edu.br\/cursodeadministracao\/revistas-academicas\/\">Continue lendo<\/a><\/p>\n","protected":false},"author":114,"featured_media":0,"parent":0,"menu_order":4,"comment_status":"closed","ping_status":"closed","template":"","meta":{"jetpack_post_was_ever_published":false,"footnotes":""},"class_list":["post-958","page","type-page","status-publish","hentry","nodate","item-wrap"],"jetpack_sharing_enabled":true,"jetpack_shortlink":"https:\/\/wp.me\/P79AOn-fs","_links":{"self":[{"href":"https:\/\/wp.ufpel.edu.br\/cursodeadministracao\/wp-json\/wp\/v2\/pages\/958","targetHints":{"allow":["GET"]}}],"collection":[{"href":"https:\/\/wp.ufpel.edu.br\/cursodeadministracao\/wp-json\/wp\/v2\/pages"}],"about":[{"href":"https:\/\/wp.ufpel.edu.br\/cursodeadministracao\/wp-json\/wp\/v2\/types\/page"}],"author":[{"embeddable":true,"href":"https:\/\/wp.ufpel.edu.br\/cursodeadministracao\/wp-json\/wp\/v2\/users\/114"}],"replies":[{"embeddable":true,"href":"https:\/\/wp.ufpel.edu.br\/cursodeadministracao\/wp-json\/wp\/v2\/comments?post=958"}],"version-history":[{"count":17,"href":"https:\/\/wp.ufpel.edu.br\/cursodeadministracao\/wp-json\/wp\/v2\/pages\/958\/revisions"}],"predecessor-version":[{"id":2776,"href":"https:\/\/wp.ufpel.edu.br\/cursodeadministracao\/wp-json\/wp\/v2\/pages\/958\/revisions\/2776"}],"wp:attachment":[{"href":"https:\/\/wp.ufpel.edu.br\/cursodeadministracao\/wp-json\/wp\/v2\/media?parent=958"}],"curies":[{"name":"wp","href":"https:\/\/api.w.org\/{rel}","templated":true}]}}