{"id":3551,"date":"2025-05-20T08:50:25","date_gmt":"2025-05-20T11:50:25","guid":{"rendered":"https:\/\/wp.ufpel.edu.br\/cursodeadministracao\/?page_id=3551"},"modified":"2025-05-20T09:15:27","modified_gmt":"2025-05-20T12:15:27","slug":"atividades-complementares","status":"publish","type":"page","link":"https:\/\/wp.ufpel.edu.br\/cursodeadministracao\/atividades-complementares\/","title":{"rendered":"Atividades Complementares"},"content":{"rendered":"<p style=\"text-align: justify;\">As atividades complementares s\u00e3o aquelas atividades curriculares que, em conson\u00e2ncia com as orienta\u00e7\u00f5es da Resolu\u00e7\u00e3o CNE\/CP n. 1\/2021, devem contemplar atividades de ensino, pesquisa e extens\u00e3o. Podem ser validadas como atividades complementares apenas aquelas desenvolvidas ap\u00f3s a matr\u00edcula do aluno no curso de Administra\u00e7\u00e3o. Ademais, \u00e9 pressuposto que as atividades realizadas tenham ader\u00eancia com a \u00e1rea da Administra\u00e7\u00e3o.<br \/>\nA solicita\u00e7\u00e3o de valida\u00e7\u00e3o das horas de atividades complementares deve ser realizada via Sistema Cobalto. Para tanto, o aluno deve fazer login na plataforma e acessar:<\/p>\n<p style=\"text-align: justify;\"><strong>Aluno -&gt; Cadastros -&gt; Solicita\u00e7\u00e3o de Atividades Complementares<\/strong>.<\/p>\n<p style=\"text-align: justify;\">Ingressantes at\u00e9 2022\/1 devem comprovar 180 horas de atividades complementares, sendo que n\u00e3o h\u00e1 teto de horas para cada grupo de atividade (ensino, pesquisa, extens\u00e3o e representa\u00e7\u00e3o estudantil). Ex.: o estudante pode comprovar 180 horas de est\u00e1gio.<br \/>\nIngressantes a partir de 2022\/2 devem comprovar 90h de atividades complementares respeitando os tetos de horas para cada grupo de atividade (ensino, pesquisa, extens\u00e3o e representa\u00e7\u00e3o estudantil), conforme Projeto Pedag\u00f3gico do Curso.<br \/>\nNeste sentido, recomenda-se ao aluno que, desde o seu primeiro semestre de curso, realize o controle dos certificados auferidos pela participa\u00e7\u00e3o nas diversas atividades acad\u00eamicas a fim de facilitar a comprova\u00e7\u00e3o no momento do envio no Cobalto, posteriormente.<br \/>\nOrienta-se, ainda, que cada estudante realize a contagem de suas horas antes do envio no Sistema Cobalto, a fim de que garanta o atingimento do n\u00famero de horas necess\u00e1rio.<\/p>\n","protected":false},"excerpt":{"rendered":"<p>As atividades complementares s\u00e3o aquelas atividades curriculares que, em conson\u00e2ncia com as orienta\u00e7\u00f5es da Resolu\u00e7\u00e3o CNE\/CP n. 1\/2021, devem contemplar atividades de ensino, pesquisa e extens\u00e3o. Podem ser validadas como atividades complementares apenas aquelas desenvolvidas ap\u00f3s a matr\u00edcula do aluno no curso de Administra\u00e7\u00e3o. Ademais, \u00e9 pressuposto que as atividades realizadas tenham ader\u00eancia com a &hellip; <\/p>\n<p><a class=\"more-link btn\" href=\"https:\/\/wp.ufpel.edu.br\/cursodeadministracao\/atividades-complementares\/\">Continue lendo<\/a><\/p>\n","protected":false},"author":114,"featured_media":0,"parent":0,"menu_order":0,"comment_status":"closed","ping_status":"closed","template":"","meta":{"jetpack_post_was_ever_published":false,"footnotes":""},"class_list":["post-3551","page","type-page","status-publish","hentry","nodate","item-wrap"],"jetpack_sharing_enabled":true,"jetpack_shortlink":"https:\/\/wp.me\/P79AOn-Vh","_links":{"self":[{"href":"https:\/\/wp.ufpel.edu.br\/cursodeadministracao\/wp-json\/wp\/v2\/pages\/3551","targetHints":{"allow":["GET"]}}],"collection":[{"href":"https:\/\/wp.ufpel.edu.br\/cursodeadministracao\/wp-json\/wp\/v2\/pages"}],"about":[{"href":"https:\/\/wp.ufpel.edu.br\/cursodeadministracao\/wp-json\/wp\/v2\/types\/page"}],"author":[{"embeddable":true,"href":"https:\/\/wp.ufpel.edu.br\/cursodeadministracao\/wp-json\/wp\/v2\/users\/114"}],"replies":[{"embeddable":true,"href":"https:\/\/wp.ufpel.edu.br\/cursodeadministracao\/wp-json\/wp\/v2\/comments?post=3551"}],"version-history":[{"count":7,"href":"https:\/\/wp.ufpel.edu.br\/cursodeadministracao\/wp-json\/wp\/v2\/pages\/3551\/revisions"}],"predecessor-version":[{"id":3560,"href":"https:\/\/wp.ufpel.edu.br\/cursodeadministracao\/wp-json\/wp\/v2\/pages\/3551\/revisions\/3560"}],"wp:attachment":[{"href":"https:\/\/wp.ufpel.edu.br\/cursodeadministracao\/wp-json\/wp\/v2\/media?parent=3551"}],"curies":[{"name":"wp","href":"https:\/\/api.w.org\/{rel}","templated":true}]}}