{"id":3535,"date":"2025-04-09T16:48:04","date_gmt":"2025-04-09T19:48:04","guid":{"rendered":"https:\/\/wp.ufpel.edu.br\/cursodeadministracao\/?page_id=3535"},"modified":"2025-11-26T18:13:06","modified_gmt":"2025-11-26T21:13:06","slug":"horarios-2025-1","status":"publish","type":"page","link":"https:\/\/wp.ufpel.edu.br\/cursodeadministracao\/sou-alunoa\/horarios-2025-1\/","title":{"rendered":"Hor\u00e1rios 2025\/2"},"content":{"rendered":"<p>O curso de Administra\u00e7\u00e3o torna p\u00fablico os hor\u00e1rios de 2025\/2.<\/p>\n<p><a href=\"https:\/\/wp.ufpel.edu.br\/cursodeadministracao\/files\/2025\/11\/turmas_ofertadas_curso-2025-11-26T181130.588.pdf\">Hor\u00e1rios Adm Tarde 2025\/2<\/a><\/p>\n<p><a href=\"https:\/\/wp.ufpel.edu.br\/cursodeadministracao\/files\/2025\/11\/turmas_ofertadas_curso-2025-11-26T181138.875.pdf\">Hor\u00e1rios Adm Noite 2025\/2<\/a><\/p>\n","protected":false},"excerpt":{"rendered":"<p>O curso de Administra\u00e7\u00e3o torna p\u00fablico os hor\u00e1rios de 2025\/2. Hor\u00e1rios Adm Tarde 2025\/2 Hor\u00e1rios Adm Noite 2025\/2<\/p>\n","protected":false},"author":114,"featured_media":0,"parent":2748,"menu_order":9,"comment_status":"closed","ping_status":"closed","template":"","meta":{"jetpack_post_was_ever_published":true,"footnotes":""},"class_list":["post-3535","page","type-page","status-publish","hentry","nodate","item-wrap"],"jetpack_sharing_enabled":true,"jetpack_shortlink":"https:\/\/wp.me\/P79AOn-V1","_links":{"self":[{"href":"https:\/\/wp.ufpel.edu.br\/cursodeadministracao\/wp-json\/wp\/v2\/pages\/3535","targetHints":{"allow":["GET"]}}],"collection":[{"href":"https:\/\/wp.ufpel.edu.br\/cursodeadministracao\/wp-json\/wp\/v2\/pages"}],"about":[{"href":"https:\/\/wp.ufpel.edu.br\/cursodeadministracao\/wp-json\/wp\/v2\/types\/page"}],"author":[{"embeddable":true,"href":"https:\/\/wp.ufpel.edu.br\/cursodeadministracao\/wp-json\/wp\/v2\/users\/114"}],"replies":[{"embeddable":true,"href":"https:\/\/wp.ufpel.edu.br\/cursodeadministracao\/wp-json\/wp\/v2\/comments?post=3535"}],"version-history":[{"count":2,"href":"https:\/\/wp.ufpel.edu.br\/cursodeadministracao\/wp-json\/wp\/v2\/pages\/3535\/revisions"}],"predecessor-version":[{"id":3657,"href":"https:\/\/wp.ufpel.edu.br\/cursodeadministracao\/wp-json\/wp\/v2\/pages\/3535\/revisions\/3657"}],"up":[{"embeddable":true,"href":"https:\/\/wp.ufpel.edu.br\/cursodeadministracao\/wp-json\/wp\/v2\/pages\/2748"}],"wp:attachment":[{"href":"https:\/\/wp.ufpel.edu.br\/cursodeadministracao\/wp-json\/wp\/v2\/media?parent=3535"}],"curies":[{"name":"wp","href":"https:\/\/api.w.org\/{rel}","templated":true}]}}