{"id":34,"date":"2011-05-25T13:54:44","date_gmt":"2011-05-25T16:54:44","guid":{"rendered":"https:\/\/wp.ufpel.edu.br\/cursodeadministracao\/"},"modified":"2026-03-23T09:39:33","modified_gmt":"2026-03-23T12:39:33","slug":"corpo-docente","status":"publish","type":"page","link":"https:\/\/wp.ufpel.edu.br\/cursodeadministracao\/o-curso\/corpo-docente\/","title":{"rendered":"Corpo Docente"},"content":{"rendered":"<h6><a href=\"http:\/\/lattes.cnpq.br\/5995640123885708\" target=\"_blank\" rel=\"noopener noreferrer\">ALEXANDRE VIEIRA BRAGA<\/a><\/h6>\n<h6>Coordenador do Colegiado do Curso de Administra\u00e7\u00e3o<\/h6>\n<p><span style=\"font-size: 10pt;\">Regime de trabalho: professor efetivo\/ 40h<\/span><br \/>\n<span style=\"font-size: 10pt;\">Graduado em Administra\u00e7\u00e3o\/UCPEL<\/span><br \/>\n<span style=\"font-size: 10pt;\">Mestre em Ci\u00eancias Cont\u00e1beis\/UNISINOS<\/span><br \/>\n<span style=\"font-size: 10pt;\">Doutor em Administra\u00e7\u00e3o\/UNISINOS<\/span><\/p>\n<p>coordadmufpel@gmail.com<br \/>\n<span style=\"font-size: 10pt;\"><a href=\"mailto:bragaufpel@gmail.com\">bragaufpel@gmail.com\u00a0\u00a0\u00a0\u00a0\u00a0\u00a0\u00a0\u00a0\u00a0\u00a0\u00a0\u00a0\u00a0\u00a0\u00a0\u00a0\u00a0\u00a0\u00a0\u00a0\u00a0<\/a><\/span><\/p>\n<h6><a href=\"http:\/\/lattes.cnpq.br\/6602132557607860\" target=\"_blank\" rel=\"noopener noreferrer\">ALISSON EDUARDO MAEHLER<\/a>\u00a0&#8211; <strong>Coordenador do <a href=\"https:\/\/wp.ufpel.edu.br\/profiap\/\">Mestrado Profissional em Administra\u00e7\u00e3o P\u00fablica em Rede Nacional<\/a><\/strong><\/h6>\n<p><span style=\"font-size: 10pt;\">Regime de trabalho: professor efetivo\/DE<\/span><br \/>\n<span style=\"font-size: 10pt;\">Graduado em Administra\u00e7\u00e3o\/UFPEL<\/span><br \/>\n<span style=\"font-size: 10pt;\">Mestre em Administra\u00e7\u00e3o\/UFSM<\/span><br \/>\n<span style=\"font-size: 10pt;\">Doutor em Administra\u00e7\u00e3o\/UFRGS<\/span><br \/>\n<span style=\"font-size: 10pt;\"><a href=\"mailto:alisson_eduardo@ufpel.tche.br\">alisson.maehler@gmail.com<\/a><\/span><br \/>\n<span style=\"font-size: 10pt;\"><a href=\"mailto:alisson_eduardo@ufpel.edu.br\"><span style=\"font-weight: 400;\">alisson_eduardo@ufpel.edu.br<\/span><\/a><\/span><\/p>\n<h6><a href=\"http:\/\/lattes.cnpq.br\/9561915154059592\" target=\"_blank\" rel=\"noopener noreferrer\">ANA PAULA LEMOS CENTENO &#8211;\u00a0<\/a>Coordenadora do Colegiado do Curso Superior de Tecnologia em Processos Gerenciais<\/h6>\n<p><span style=\"font-size: 10pt;\"><span style=\"font-weight: 400;\">Regime de trabalho: professor efetivo\/DE<br \/>\n<\/span><span style=\"font-weight: 400;\">Graduada em Administra\u00e7\u00e3o\/UCPEL<br \/>\n<\/span><span style=\"font-weight: 400;\">Graduada em Direito\/ UFPEL<br \/>\n<\/span><span style=\"font-weight: 400;\">Mestre em Administra\u00e7\u00e3o e Neg\u00f3cios\/PUCRS<br \/>\n<\/span><span style=\"font-weight: 400;\">Doutora em Administra\u00e7\u00e3o\/UNISINOS<br \/>\n<\/span><a href=\"mailto:centenoanapaula@gmail.com\"><span style=\"font-weight: 400;\">centenoanapaula@gmail.com<\/span><\/a><\/span><\/p>\n<h6><a href=\"http:\/\/lattes.cnpq.br\/0039985271324456\" target=\"_blank\" rel=\"noopener noreferrer\">CAROLINE CASALI<\/a>\u00a0&#8211; Coordenadora do Colegiado do Curso Superior de Tecnologia em Gest\u00e3o P\u00fablica<\/h6>\n<p><span style=\"font-size: 10pt;\"><span style=\"font-weight: 400;\">Regime de trabalho: professor efetivo\/DE<br \/>\n<\/span><span style=\"font-weight: 400;\">Graduada em Comunica\u00e7\u00e3o Social &#8211; Jornalismo\/UFSM<br \/>\n<\/span><span style=\"font-weight: 400;\">Mestre em Ci\u00eancias da Comunica\u00e7\u00e3o\/UNISINOS<br \/>\n<\/span><span style=\"font-weight: 400;\">Doutora em Ci\u00eancias da Comunica\u00e7\u00e3o\/UNISINOS<br \/>\n<\/span><a href=\"mailto:carolcasali@gmail.com\"><span style=\"font-weight: 400;\">carolcasali@gmail.com<\/span><\/a><\/span><\/p>\n<h6><a href=\"http:\/\/buscatextual.cnpq.br\/buscatextual\/visualizacv.do;jsessionid=FD163965EBC1ABA60109D4613881F496.buscatextual_6\" target=\"_blank\" rel=\"noopener noreferrer\">DANIEL LENA MARCHIORI NETO<\/a>\u00a0&#8211; Coordenador do Colegiado do Curso Superior de Tecnologia em Com\u00e9rcio Exterior<\/h6>\n<p><span style=\"font-size: 10pt;\">Regime de trabalho: professor efetivo\/DE<\/span><br \/>\n<span style=\"font-size: 10pt;\">Graduado em Direito\/UFSM<\/span><br \/>\n<span style=\"font-size: 10pt;\">Doutor em Direito\/UFSC<\/span><br \/>\n<span style=\"font-size: 10pt;\"><a href=\"mailto:danielmarchiorineto@gmail.com\" target=\"_blank\" rel=\"noopener noreferrer\">danielmarchiorineto@gmail.com<\/a><\/span><\/p>\n<h6><a href=\"http:\/\/lattes.cnpq.br\/6335696208914925\" target=\"_blank\" rel=\"noopener noreferrer\">DARY PRETTO NETO<\/a><\/h6>\n<p><span style=\"font-size: 10pt;\"><span style=\"font-weight: 400;\">Regime de trabalho: professor efetivo\/DE<br \/>\n<\/span><span style=\"font-weight: 400;\">Graduado em Ci\u00eancias Econ\u00f4micas\/UCPel<br \/>\n<\/span><span style=\"font-weight: 400;\">Mestre em Economia\/UFRGS<br \/>\n<\/span><span style=\"font-weight: 400;\">Doutor em Mem\u00f3ria Social e Patrim\u00f4nio Cultural\/UFPel<br \/>\n<\/span><a href=\"mailto:darypretto@gmail.com\"><span style=\"font-weight: 400;\">darypretto@gmail.com<\/span><\/a><\/span><\/p>\n<h6><a href=\"http:\/\/lattes.cnpq.br\/8935092122290271\" target=\"_blank\" rel=\"noopener noreferrer\">ELVIS DA SILVEIRA MARTINS<\/a><\/h6>\n<p><span style=\"font-size: 10pt;\">Regime de trabalho: professor efetivo\/DE<\/span><br \/>\n<span style=\"font-size: 10pt;\">Graduado em Administra\u00e7\u00e3o\/UPF<\/span><br \/>\n<span style=\"font-size: 10pt;\">Mestre em Administra\u00e7\u00e3o\/UNIVALI<\/span><br \/>\n<span style=\"font-size: 10pt;\">Doutor em Administra\u00e7\u00e3o e Turismo\/UNIVALI<\/span><\/p>\n<h6><a href=\"http:\/\/lattes.cnpq.br\/9225395801805801\" target=\"_blank\" rel=\"noopener noreferrer\">FABIANO MILANO FRITZEN<\/a> &#8211; Coordenador do Colegiado do Curso de Administra\u00e7\u00e3o<\/h6>\n<p><span style=\"font-size: 10pt;\">Regime de trabalho: professor efetivo\/DE<\/span><br \/>\n<span style=\"font-size: 10pt;\">Graduado em Administra\u00e7\u00e3o\/FURG<\/span><br \/>\n<span style=\"font-size: 10pt;\">Especialista em Gerenciamento Ambiental\/ULBRA<\/span><br \/>\n<span style=\"font-size: 10pt;\">Mestre em Educa\u00e7\u00e3o Ambiental\/FURG<\/span><br \/>\n<span style=\"font-size: 10pt;\"><a href=\"mailto:fmfritzen@gmail.com\">fmfritzen@gmail.com<\/a><\/span><\/p>\n<h6><a href=\"http:\/\/lattes.cnpq.br\/5114643785938969\" target=\"_blank\" rel=\"noopener noreferrer\">FL\u00c1VIA BRAGA DE AZAMBUJA<\/a><\/h6>\n<p><span style=\"font-size: 10pt;\">Regime de trabalho: professor efetivo\/DE<\/span><br \/>\n<span style=\"color: #2c2b2b; font-size: 10pt;\">Graduada em Tecnologia em Processamento de Dados\/UCPEL<\/span><br \/>\n<span style=\"color: #2c2b2b; font-size: 10pt;\">Mestre em Engenharia de Produ\u00e7\u00e3o\/UFSC<br \/>\n<\/span><span style=\"font-size: 10pt;\">Doutora em Filosofia\/UFPel<\/span><br \/>\n<span style=\"font-size: 10pt;\"><a href=\"mailto:ffritzen@terra.com.br\">flaviaazambuja@gmail.com<\/a><\/span><\/p>\n<h6><a href=\"http:\/\/lattes.cnpq.br\/1784277292184400\">FRANCIELLE MOLON DA SILVA<\/a><\/h6>\n<p><span style=\"font-size: 10pt;\">Regime de trabalho: professor efetivo\/DE<\/span><br \/>\n<span style=\"font-size: 10pt;\">Graduada em Administra\u00e7\u00e3o\/UFPel<\/span><br \/>\n<span style=\"font-size: 10pt;\">Especialista em Gest\u00e3o de Pessoas \/UCPEL<\/span><br \/>\n<span style=\"font-size: 10pt;\">Mestre em Administra\u00e7\u00e3o\/UFRGS<\/span><br \/>\n<span style=\"font-size: 10pt;\">Doutora em Administra\u00e7\u00e3o\/UFRGS<\/span><br \/>\n<span style=\"font-size: 10pt;\"><a href=\"mailto:gomeskat@ufpel.tche.br\">franmolon@yahoo.com.br<\/a><\/span><\/p>\n<h6><a href=\"http:\/\/buscatextual.cnpq.br\/buscatextual\/visualizacv.do\" target=\"_blank\" rel=\"noopener noreferrer\">FRANCINE PINTO DA SILVA JOSEPH<\/a><\/h6>\n<p><span style=\"font-size: 10pt;\">Regime de trabalho: professor efetivo\/DE<\/span><br \/>\n<span style=\"font-size: 10pt;\">Graduada em Direito\/UCPEL<\/span><br \/>\n<span style=\"font-size: 10pt;\">Mestre em Ci\u00eancias Sociais\/UFPEL<\/span><br \/>\n<span style=\"font-size: 10pt;\">Doutoranda em Ci\u00eancias Sociais\/UNISINOS<\/span><br \/>\n<span style=\"font-size: 10pt;\"><a href=\"mailto:francinepinto@gmail.com\" target=\"_blank\" rel=\"noopener noreferrer\">francinepinto@gmail.com<\/a><\/span><\/p>\n<h6><a href=\"http:\/\/lattes.cnpq.br\/5162584966597575\" target=\"_blank\" rel=\"noopener noreferrer\">GUSTAVO DA ROSA BORGES<\/a><\/h6>\n<p><span style=\"font-size: 10pt;\">Regime de trabalho: professor efetivo\/DE<\/span><br \/>\n<span style=\"font-size: 10pt;\">Graduado em Administra\u00e7\u00e3o\/UCPEL<\/span><br \/>\n<span style=\"font-size: 10pt;\">Mestre em Administra\u00e7\u00e3o\/UNISINOS<\/span><br \/>\n<span style=\"font-size: 10pt;\">Doutor em Ci\u00eancias Cont\u00e1beis e Administra\u00e7\u00e3o\/FURB<\/span><br \/>\n<span style=\"font-size: 10pt;\"><a href=\"mailto:gustavodarosaborges@gmail.com\" target=\"_blank\" rel=\"noopener noreferrer\">gustavodarosaborges@gmail.com<\/a><\/span><\/p>\n<h6><a href=\"http:\/\/lattes.cnpq.br\/7046203970070689\">ISABEL CRISTINA BARROS RASIA<\/a> &#8211; Diretora do <a href=\"https:\/\/wp.ufpel.edu.br\/ccso\/\">Centro de Ci\u00eancias S\u00f3cio-Organizacionais<\/a><\/h6>\n<p><span style=\"font-size: 10pt;\"><span style=\"font-weight: 400;\">Regime de trabalho: professor efetivo\/DE<br \/>\n<\/span><span style=\"font-weight: 400;\">Graduada em Administra\u00e7\u00e3o \/FURG<br \/>\n<\/span><span style=\"font-weight: 400;\">Especializa\u00e7\u00e3o em Gest\u00e3o de Pessoas\/Anhanguera Pelotas\/RS<br \/>\n<\/span><span style=\"font-weight: 400;\">Especializa\u00e7\u00e3o em Did\u00e1tica e Metodologia do Ensino Superior\/Anhanguera Pelotas\/RS<br \/>\n<\/span><span style=\"font-weight: 400;\">Especializa\u00e7\u00e3o em Administra\u00e7\u00e3o Hospitalar\/IAHCS Porto Alegre\/RS<br \/>\n<\/span><span style=\"font-weight: 400;\">Mestre em Sa\u00fade e Comportamento\/UCPel<br \/>\n<\/span><span style=\"font-weight: 400;\">Doutora em Administra\u00e7\u00e3o\/PUC\/UCS<br \/>\n<\/span><a href=\"mailto:cristieducare@gmail.com\"><span style=\"font-weight: 400;\">cristieducare@gmail.com<\/span><\/a><\/span><\/p>\n<h6><a href=\"http:\/\/lattes.cnpq.br\/8831398045653663\">ISABEL TERESINHA DUTRA SOARES<\/a><\/h6>\n<p><span style=\"font-size: 10pt;\"><span style=\"font-weight: 400;\">Regime de trabalho: professor efetivo\/DE<br \/>\n<\/span><span style=\"font-weight: 400;\">Graduada em Letras Portugu\u00eas-Ingl\u00eas\/Unisinos<br \/>\n<\/span><span style=\"font-weight: 400;\">Graduada em Administra\u00e7\u00e3o-Com\u00e9rcio Exterior\/UNISINOS<br \/>\n<\/span><span style=\"font-weight: 400;\">Especialista em Neg\u00f3cios Internacionais \/UNISINOS<br \/>\n<\/span><span style=\"font-weight: 400;\">Mestre em Administra\u00e7\u00e3o\/PUC\u2013Rio<br \/>\n<\/span><span style=\"font-weight: 400;\">Doutora em Administra\u00e7\u00e3o\/UFSM<br \/>\n<\/span><a href=\"mailto:isa.teresinha@gmail.com\"><span style=\"font-weight: 400;\">isa.teresinha@gmail.com<\/span><\/a><\/span><\/p>\n<h6><a href=\"http:\/\/lattes.cnpq.br\/1305335079185624\" target=\"_blank\" rel=\"noopener noreferrer\">LARISSA FERREIRA TAVARES<\/a><\/h6>\n<p><span style=\"font-size: 10pt;\">Regime de trabalho: professor efetivo\/DE<\/span><br \/>\n<span style=\"font-size: 10pt;\">Graduada em Tecn\u00f3logo em Com\u00e9rcio Exterior\/FATEC<br \/>\nEspecialista em MBA em Administra\u00e7\u00e3\/FATEC<br \/>\n<\/span><span style=\"font-size: 10pt;\">Mestre em Ci\u00eancias Sociais\/UFPel<\/span><br \/>\n<span style=\"font-size: 10pt;\">Doutora em Administra\u00e7\u00e3o\/UFSC<\/span><br \/>\n<a href=\"mailto:larissa.tavares@ufpel.edu.br\"><span style=\"font-size: 10pt;\">larissa.tavares@ufpel.edu.br<\/span><\/a><\/p>\n<h6><a href=\"http:\/\/lattes.cnpq.br\/7380954356314446\" target=\"_blank\" rel=\"noopener noreferrer\">LUCIANA FIORENTINO NOVO<\/a>\u00a0&#8211; <strong>Coordenadora da\u00a0<a style=\"font-family: 'Helvetica Neue', Helvetica, Arial, sans-serif; font-size: 13px; font-style: normal; font-weight: 300;\" href=\"https:\/\/wp.ufpel.edu.br\/fat\/ensino\/curso-de-especializacao-em-gestao-publica-e-desenvolvimento-regional\/\">Especializa\u00e7\u00e3o em Gest\u00e3o P\u00fablica e Desenvolvimento Regional<\/a><\/strong><\/h6>\n<p><span style=\"font-size: 10pt;\">Regime de trabalho: professor efetivo\/DE<\/span><br \/>\n<span style=\"font-size: 10pt;\">Graduada em Administra\u00e7\u00e3o\/FURG<\/span><br \/>\n<span style=\"font-size: 10pt;\">Especialista em Gest\u00e3o Empresarial\/UFRGS<\/span><br \/>\n<span style=\"font-size: 10pt;\">Mestre em Administra\u00e7\u00e3o\/UFSC<\/span><br \/>\n<span style=\"font-size: 10pt;\">Doutora em Educa\u00e7\u00e3o\/UFRGS<\/span><br \/>\n<span style=\"font-size: 10pt;\"><a href=\"mailto:luciana_novo@yahoo.com.br\" target=\"_blank\" rel=\"noopener noreferrer\">luciana_novo@yahoo.com.br<\/a><\/span><\/p>\n<h6><a href=\"http:\/\/lattes.cnpq.br\/9200986373972643\">LUCIANA NUNES FERREIRA<\/a><span id=\"nomesite\"><\/span><\/h6>\n<p class=\"im\" style=\"color: #500050;\"><span style=\"color: #000000; font-size: 10pt;\">Regime de trabalho: professor efetivo\/DE<\/span><br \/>\n<span style=\"color: #000000; font-size: 10pt;\"> Graduada em Ci\u00eancias Cont\u00e1beis\/UCPEL<\/span><br style=\"color: #2c2b2b;\" \/><span style=\"color: #000000; font-size: 10pt;\">Especialista em Gest\u00e3o Cont\u00e1bil\/UNISC<\/span><br style=\"color: #2c2b2b;\" \/><span style=\"color: #000000; font-size: 10pt;\">Mestre em Administra\u00e7\u00e3o\/UNISC<br \/>\n<\/span><span style=\"font-size: 10pt;\">Doutora em Agronomia\/UFPel<\/span><br \/>\n<span style=\"font-size: 10pt;\"><a style=\"color: #1772af;\" href=\"mailto:nogueiramg@ig.com.br\" target=\"_blank\" rel=\"nofollow noopener noreferrer\"> luciana.ferreira@ufpel.edu.br<\/a><\/span><\/p>\n<h6><a href=\"http:\/\/buscatextual.cnpq.br\/buscatextual\/visualizacv.do\" target=\"_blank\" rel=\"noopener noreferrer\">MAIT\u00ca DE SIQUEIRA BRAHM<\/a><\/h6>\n<p><span style=\"font-size: 10pt;\">Regime de trabalho: professor efetivo\/DE<\/span><br \/>\n<span style=\"font-size: 10pt;\">Graduada em Administra\u00e7\u00e3o\/FURG<br \/>\nGraduada em Turismo\/UFPel<br \/>\nEspecialista em Gest\u00e3o Estrat\u00e9gica de Pessoal\/FAEL<br \/>\n<\/span><span style=\"font-size: 10pt;\">Especialista em Doc\u00eancia para a Educa\u00e7\u00e3o Profissional e Tecnol\u00f3gica\/IFES<br \/>\nMestre em Administra\u00e7\u00e3o\/UNISINOS<\/span><br \/>\n<span style=\"font-size: 10pt;\">Doutora em Pol\u00edtica Social\/UCPel<\/span><br \/>\n<span style=\"font-size: 10pt;\"><a href=\"mailto:maitebrahm@hotmail.com\">maitebrahm@hotmail.com<\/a><\/span><\/p>\n<h6><a href=\"http:\/\/buscatextual.cnpq.br\/buscatextual\/visualizacv.jsp?id=K4713538E3\" target=\"_blank\" rel=\"noopener noreferrer\">MARCIO SILVA RODRIGUES<\/a><\/h6>\n<p><span style=\"font-size: 10pt;\">Regime de trabalho: professor efetivo\/DE<\/span><br \/>\n<span style=\"font-size: 10pt;\">Graduado em Administra\u00e7\u00e3o\/FURG<\/span><br \/>\n<span style=\"font-size: 10pt;\">Mestre em Administra\u00e7\u00e3o\/UFSC<\/span><br \/>\n<span style=\"font-size: 10pt;\">Doutor em Administra\u00e7\u00e3o\/UFSC<\/span><br \/>\n<span style=\"font-size: 10pt;\"><a href=\"mailto:marciosilvarodrigues@gmail.com\">marciosilvarodrigues@gmail.com<\/a><\/span><\/p>\n<h6><a href=\"http:\/\/buscatextual.cnpq.br\/buscatextual\/visualizacv.do?id=K4154891P9\">MARCIO BARCELOS<\/a><\/h6>\n<p><span style=\"font-size: 10pt;\">Regime de trabalho: professor efetivo\/DE<\/span><br \/>\n<span style=\"font-size: 10pt;\">Graduado em Ci\u00eancias Sociais\/UFRGS<\/span><br \/>\n<span style=\"font-size: 10pt;\">Mestre em Sociologia\/UFRGS<\/span><br \/>\n<span style=\"font-size: 10pt;\">Doutor \u00a0em Sociologia\/UFRGS<\/span><br \/>\n<span style=\"font-size: 10pt;\"><a href=\"mailto:marciosilvarodrigues@gmail.com\">barcelosmarcio@gmail.com<\/a><\/span><\/p>\n<h6><a href=\"http:\/\/lattes.cnpq.br\/6364821985636513\">MARIA DA GRA\u00c7A SARAIVA NOGUEIRA<\/a><\/h6>\n<p><span style=\"font-size: 10pt;\">Regime de trabalho: professor efetivo\/DE<\/span><br \/>\n<span style=\"font-size: 10pt;\">Graduada em Economia Dom\u00e9stica\/UFPEL<\/span><br \/>\n<span style=\"font-size: 10pt;\">Especialista em Gest\u00e3o Empresarial\/FURG<\/span><br \/>\n<span style=\"font-size: 10pt;\">Mestre em Engenharia de Produ\u00e7\u00e3o\/UFRGS<\/span><br \/>\n<span style=\"font-size: 10pt;\">Doutora em Administra\u00e7\u00e3o e Turismo\/UNIVALI<\/span><br \/>\n<span style=\"font-size: 10pt;\">P\u00f3s-Doutora pela UFSC<\/span><br \/>\n<span style=\"font-size: 10pt;\"><a href=\"mailto:proffgraca@gmail.com\" target=\"_blank\" rel=\"noopener noreferrer\">proffgraca@gmail.com<\/a><\/span><\/p>\n<h6><a href=\"http:\/\/buscatextual.cnpq.br\/buscatextual\/visualizacv.do\">MARI CRISTINA DE FREITAS FAGUNDES<\/a><\/h6>\n<p><span style=\"font-size: 10pt;\">Regime de trabalho: professor efetivo\/DE<\/span><br \/>\n<span style=\"font-size: 10pt;\">Graduada em Direito\/Anhanguera Pelotas\/RS<\/span><br \/>\n<span style=\"font-size: 10pt;\">Especialista em Direito Penal e Processo Penal\/FDDJ<\/span><br \/>\n<span style=\"font-size: 10pt;\">Mestre em Sociologia\/UFPel<\/span><br \/>\n<span style=\"font-size: 10pt;\">Doutora em Sociologia\/UFPB<\/span><br \/>\n<span style=\"font-size: 10pt;\"><a href=\"mailto:maricris.ff@hotmail.com\">maricris.ff@hotmail.com<\/a><\/span><\/p>\n<h6><a href=\"http:\/\/lattes.cnpq.br\/7199145061642539\">MAUREL ROSA DE OLIVEIRA<\/a><\/h6>\n<p><span style=\"font-size: 10pt;\">Regime de trabalho: professor efetivo\/DE<\/span><br \/>\n<span style=\"font-size: 10pt;\">Graduado em Administra\u00e7\u00e3o\/UCPel<\/span><br \/>\n<span style=\"font-size: 10pt;\">Mestre em Pol\u00edtica Social\/UCPel<\/span><br \/>\n<span style=\"font-size: 10pt;\">Doutor em Pol\u00edtica Social e Direitos Humanos\/UCPEL<\/span><br \/>\n<span style=\"font-size: 10pt;\"><a href=\"mailto:mggramos@gmail.com\" target=\"_blank\" rel=\"noopener noreferrer\">contato@maureloliveira.com.br<\/a><\/span><\/p>\n<h6><a href=\"https:\/\/buscatextual.cnpq.br\/buscatextual\/visualizacv.do?id=K4200499U6&amp;tokenCaptchar=0cAFcWeA4hbW9tED093iv03_8YReYI2RbVM95OpU-l3ifyT_McPAb47HpXcUUPvZpdTG8BJjl0f0donDwADD86Z36nnR10lx9t14Nz1mgYVtoVDM2fXZPmqJVApZyclUbbuVKORQLZQPnZy0tt3tSV_BoMz2obuVgwTtGG1oPkFUTbPEtY_R8X0ZWv8luV4fE-NvS927sBWTLakKdu5PqjrgYETTLMHI8_4cQ3TEiTKO8J35ysQyIaP8kBQ-5FVQf6tvzjmPlRHE-WGiKeQ62uWoYxU5v3eHVE1OMDVEe6e_aIzHIuehY3UWNqPKwMQXtu5PwiViqb5-hLaCAMwjmvpM1vNl737EdEkFPG1wMIYc_4oLvtKh-FmnHC2cdMLNfyHP6Luj812UpdhtTho1LVVzTGvNe1eZH-aC8zN52XOQeQta-te8MeIsK1C8IM8jSu8yx4mXWb3hO9kcoa3ykOqr9vMivj3ogDtnqJ8Y8wD1rtYYbjU4QRvYY88m2VFZhHXVz_1suIhkNeLyA-mkK96g7E_BGBW3fgEAz1U3y1U6dzJ7tWNuHSeSQpoKm4W818vI3M4ntsNjKNvsx5E-jLebTG4SY6ZGWI4FFPMUhbaaqxJvLaY4YkJMqnPxOASFZbGJvqrZQItz7QKHkkQzkA_udJmmTg-U-wnat25aJRNmUL39MTT_KXfQtDi7gWWvrZAxVsXqsorTDd39raGg0lkRCfC4Z0eZ5k-tZG4DPIfRls7hlpYIEbX5TO-pQTSL3DGL85l0RsQ90Quk_hqPJmPMNroBwIxYz16pZfyggJOyHXeIB_o7sw71s\">PATRICIA SCHNEIDER SEVERO<\/a><\/h6>\n<p><span style=\"font-size: 10pt;\">Regime de trabalho: professor efetivo\/DE<\/span><br \/>\n<span style=\"font-size: 10pt;\">Graduada em Administra\u00e7\u00e3o\/UFPel e Ci\u00eancias Cont\u00e1beis\/UCPel<\/span><br \/>\n<span style=\"font-size: 10pt;\">Especialista em\u00a0 Comunica\u00e7\u00e3o Integrada de Marketing\/SENAC\/RS<\/span><br \/>\n<span style=\"font-size: 10pt;\">Mestre em Ci\u00eancias Cont\u00e1beis\/UNISINOS<\/span><br \/>\n<span style=\"font-size: 10pt;\">Doutora em Agronomia\/UFPel<\/span><span style=\"font-size: 10pt;\"><br \/>\n<a href=\"mailto:patriciassevero@hotmail.com\">patriciassevero@hotmail.com<\/a><\/span><\/p>\n<h6><a href=\"http:\/\/lattes.cnpq.br\/3408380760450581\">P\u00c2MELA AMADO TRIST\u00c3O<\/a><\/h6>\n<p><span style=\"font-size: 10pt;\">Regime de trabalho: professor efetivo\/DE<\/span><br \/>\n<span style=\"font-size: 10pt;\">Graduada em Administra\u00e7\u00e3o\/unipampa<\/span><br \/>\n<span style=\"font-size: 10pt;\">Mestre em Administra\u00e7\u00e3o\/UFSM<\/span><br \/>\n<span style=\"font-size: 10pt;\">Doutora em Administra\u00e7\u00e3o\/UFSM<\/span><span style=\"font-size: 10pt;\"><br \/>\n<a href=\"mailto:pamelamado@hotmail.com\">pamelamado@hotmail.com<\/a><\/span><\/p>\n<h6><a href=\"http:\/\/lattes.cnpq.br\/8100945678722999\">PAULO C\u00c9SAR NEVES BARBOZA<\/a><\/h6>\n<p><span style=\"font-size: 10pt;\">Regime de trabalho: professor efetivo\/DE<\/span><br \/>\n<span style=\"font-size: 10pt;\">Graduado em Direito\/UFPel<\/span><br \/>\n<span style=\"font-size: 10pt;\">Mestre em Direito\/UFSC<\/span><br \/>\n<span style=\"font-size: 10pt;\">Doutor em Ci\u00eancias Pol\u00edticas PPGCPOL\/UFPel<\/span><br \/>\n<span style=\"font-size: 10pt;\"><a href=\"mailto:nilo.valter@terra.com.br\" target=\"_blank\" rel=\"noopener noreferrer\">paulo.cesar.neves@hotmail.com<\/a><\/span><\/p>\n<h6><a href=\"http:\/\/lattes.cnpq.br\/3471488230982825\">PRISCILA NESELLO<\/a><\/h6>\n<p><span style=\"font-size: 10pt;\">Regime de trabalho: professor efetivo\/DE<\/span><br \/>\n<span style=\"font-size: 10pt;\">Graduada em Administra\u00e7\u00e3o\/UCS<\/span><br \/>\n<span style=\"font-size: 10pt;\">Especialista em \u00a0Administra\u00e7ao da Tecnologia da Informa\u00e7\u00e3o\/UNISINOS<\/span><br \/>\n<span style=\"font-size: 10pt;\">Mestre em Administra\u00e7\u00e3o\/UCS<\/span><br \/>\n<span style=\"font-size: 10pt;\">Doutora em Administra\u00e7\u00e3o\/UCS<\/span><br \/>\n<span style=\"font-size: 10pt;\"><a href=\"mailto:pri.nesello@gmail.com\">pri.nesello@gmail.com<\/a><\/span><\/p>\n<h6><a href=\"http:\/\/lattes.cnpq.br\/0108160476862326\" target=\"_blank\" rel=\"noopener noreferrer\">RODRIGO SERPA PINTO<\/a><\/h6>\n<p><span style=\"font-size: 10pt;\">Regime de trabalho: professor efetivo\/DE<\/span><br \/>\n<span style=\"font-size: 10pt;\">Graduado em Administra\u00e7\u00e3o\/FURG<\/span><br \/>\n<span style=\"font-size: 10pt;\">Especialista em Gest\u00e3o Empresarial\/FURG<\/span><br \/>\n<span style=\"font-size: 10pt;\">Mestre em Administra\u00e7\u00e3o\/UFPR<\/span><br \/>\n<span style=\"font-size: 10pt;\">Doutor em Administra\u00e7\u00e3o\/UFSC<\/span><br \/>\n<span style=\"font-size: 10pt;\"><a href=\"mailto:serparg@hotmail.com\">serparg@hotmail.com<\/a><\/span><\/p>\n<h6><a href=\"http:\/\/lattes.cnpq.br\/6462987344863578\" target=\"_blank\" rel=\"noopener noreferrer\">ROSANA PORTELLA TONDOLO<\/a><\/h6>\n<p><span style=\"font-size: 10pt;\">Regime de trabalho : professor efetivo\/DE<\/span><br \/>\n<span style=\"font-size: 10pt;\">Graduada em Ci\u00eancias Cont\u00e1beis\/UCS<\/span><br \/>\n<span style=\"font-size: 10pt;\">Mestre em Administra\u00e7\u00e3o\/UCS<\/span><br \/>\n<span style=\"font-size: 10pt;\">Doutora em Administra\u00e7\u00e3o\/UNISINOS<\/span><br \/>\n<span style=\"font-size: 10pt;\">P\u00f3s-doutora\/UNISUL<\/span><br \/>\n<span style=\"font-size: 10pt;\"><a href=\"mailto:rosanatondolo@gmail.com\" target=\"_blank\" rel=\"noopener noreferrer\">rosanatondolo@gmail.com<\/a><\/span><\/p>\n<h6><a style=\"font-weight: bold;\" href=\"http:\/\/lattes.cnpq.br\/8514160956271825\" target=\"_blank\" rel=\"noopener noreferrer\">SIMONE PORTELLA TEIXEIRA DE MELLO<\/a><\/h6>\n<p><span style=\"font-size: 10pt;\">Regime de trabalho: professor efetivo\/DE<\/span><br \/>\n<span style=\"font-size: 10pt;\">Graduada em Economia\/FURG<\/span><br \/>\n<span style=\"font-size: 10pt;\">Especialista em Administra\u00e7\u00e3o Universit\u00e1ria\/FURG<\/span><br \/>\n<span style=\"font-size: 10pt;\">Mestre em Administra\u00e7\u00e3o\/UFSC<\/span><br \/>\n<span style=\"font-size: 10pt;\">Doutora em Educa\u00e7\u00e3o\/UFRGS<\/span><br \/>\n<span style=\"font-size: 10pt;\">P\u00f3s-Doutora em Administra\u00e7\u00e3o\/UFSC<\/span><br \/>\n<span style=\"font-size: 10pt;\"><a href=\"mailto:sptmello@gmail.com\">sptmello@gmail.com<\/a><\/span><\/p>\n<h6><a href=\"http:\/\/lattes.cnpq.br\/http:\/\/buscatextual.cnpq.br\/buscatextual\/visualizacv.do?id=K4732354T4\" target=\"_blank\" rel=\"noopener noreferrer\">VILMAR ANTONIO GON\u00c7ALVES TONDOLO<\/a><\/h6>\n<p><span style=\"font-size: 10pt;\">Regime de trabalho: professor efetivo\/DE<\/span><br \/>\n<span style=\"font-size: 10pt;\">Graduado em Administra\u00e7\u00e3o\/FURG<\/span><br \/>\n<span style=\"font-size: 10pt;\">Especialista em Gest\u00e3o Empresarial\/FURG<\/span><br \/>\n<span style=\"font-size: 10pt;\">Mestre em Administra\u00e7\u00e3o de Empresas\/UNISINOS<\/span><br \/>\n<span style=\"font-size: 10pt;\">Doutor em Administra\u00e7\u00e3o\/UNISINOS com est\u00e1gio doutoral na The University of Texas at RGV<\/span><br \/>\n<span style=\"font-size: 10pt;\"><a href=\"mailto:vtondolo@gmail.com\" target=\"_blank\" rel=\"noopener noreferrer\">vtondolo@gmail.com<\/a><\/span><\/p>\n","protected":false},"excerpt":{"rendered":"<p>ALEXANDRE VIEIRA BRAGA Coordenador do Colegiado do Curso de Administra\u00e7\u00e3o Regime de trabalho: professor efetivo\/ 40h Graduado em Administra\u00e7\u00e3o\/UCPEL Mestre em Ci\u00eancias Cont\u00e1beis\/UNISINOS Doutor em Administra\u00e7\u00e3o\/UNISINOS coordadmufpel@gmail.com bragaufpel@gmail.com\u00a0\u00a0\u00a0\u00a0\u00a0\u00a0\u00a0\u00a0\u00a0\u00a0\u00a0\u00a0\u00a0\u00a0\u00a0\u00a0\u00a0\u00a0\u00a0\u00a0\u00a0 ALISSON EDUARDO MAEHLER\u00a0&#8211; Coordenador do Mestrado Profissional em Administra\u00e7\u00e3o P\u00fablica em Rede Nacional Regime de trabalho: professor efetivo\/DE Graduado em Administra\u00e7\u00e3o\/UFPEL Mestre em Administra\u00e7\u00e3o\/UFSM Doutor em Administra\u00e7\u00e3o\/UFRGS &hellip; <\/p>\n<p><a class=\"more-link btn\" href=\"https:\/\/wp.ufpel.edu.br\/cursodeadministracao\/o-curso\/corpo-docente\/\">Continue lendo<\/a><\/p>\n","protected":false},"author":114,"featured_media":0,"parent":11,"menu_order":2,"comment_status":"closed","ping_status":"closed","template":"","meta":{"jetpack_post_was_ever_published":false,"footnotes":""},"class_list":["post-34","page","type-page","status-publish","hentry","nodate","item-wrap"],"jetpack_sharing_enabled":true,"jetpack_shortlink":"https:\/\/wp.me\/P79AOn-y","_links":{"self":[{"href":"https:\/\/wp.ufpel.edu.br\/cursodeadministracao\/wp-json\/wp\/v2\/pages\/34","targetHints":{"allow":["GET"]}}],"collection":[{"href":"https:\/\/wp.ufpel.edu.br\/cursodeadministracao\/wp-json\/wp\/v2\/pages"}],"about":[{"href":"https:\/\/wp.ufpel.edu.br\/cursodeadministracao\/wp-json\/wp\/v2\/types\/page"}],"author":[{"embeddable":true,"href":"https:\/\/wp.ufpel.edu.br\/cursodeadministracao\/wp-json\/wp\/v2\/users\/114"}],"replies":[{"embeddable":true,"href":"https:\/\/wp.ufpel.edu.br\/cursodeadministracao\/wp-json\/wp\/v2\/comments?post=34"}],"version-history":[{"count":4,"href":"https:\/\/wp.ufpel.edu.br\/cursodeadministracao\/wp-json\/wp\/v2\/pages\/34\/revisions"}],"predecessor-version":[{"id":3682,"href":"https:\/\/wp.ufpel.edu.br\/cursodeadministracao\/wp-json\/wp\/v2\/pages\/34\/revisions\/3682"}],"up":[{"embeddable":true,"href":"https:\/\/wp.ufpel.edu.br\/cursodeadministracao\/wp-json\/wp\/v2\/pages\/11"}],"wp:attachment":[{"href":"https:\/\/wp.ufpel.edu.br\/cursodeadministracao\/wp-json\/wp\/v2\/media?parent=34"}],"curies":[{"name":"wp","href":"https:\/\/api.w.org\/{rel}","templated":true}]}}