{"id":3370,"date":"2024-04-30T09:21:42","date_gmt":"2024-04-30T12:21:42","guid":{"rendered":"https:\/\/wp.ufpel.edu.br\/cursodeadministracao\/?page_id=3370"},"modified":"2024-04-30T11:15:56","modified_gmt":"2024-04-30T14:15:56","slug":"praticas-supervisionadas","status":"publish","type":"page","link":"https:\/\/wp.ufpel.edu.br\/cursodeadministracao\/praticas-supervisionadas\/","title":{"rendered":"Pr\u00e1ticas Supervisionadas"},"content":{"rendered":"<p style=\"text-align: justify;\">Aqui, voc\u00ea encontra as perguntas e respostas mais frequentes (FAQ) sobre as disciplinas Pr\u00e1ticas Supervisionadas em Administra\u00e7\u00e3o I e II.<\/p>\n<p><strong>1. O que s\u00e3o as disciplinas de Pr\u00e1ticas Supervisionadas em Administra\u00e7\u00e3o I e II?<\/strong><\/p>\n<p><span style=\"font-size: 14pt;\"><span style=\"font-size: 12pt;\"><span style=\"background-color: #f2f4f5; color: #222222; font-family: Menlo, Monaco, Consolas, 'Courier New', monospace; white-space-collapse: preserve;\"><span class=\"collapseomatic \" id=\"id69e01f7d8fd35\"  tabindex=\"0\" title=\"Ver mais...\"    >Ver mais...<\/span><span id='swap-id69e01f7d8fd35'  class='colomat-swap' style='display:none;'>...Ver menos<\/span><div id=\"target-id69e01f7d8fd35\" class=\"collapseomatic_content \"><\/span><\/span><\/span><\/p>\n<p style=\"text-align: justify;\">Conforme a Resolu\u00e7\u00e3o COCEPE n\u00ba 30, de 03\/02\/2022, o PPC do Curso de Administra\u00e7\u00e3o prev\u00ea a oferta dos componentes curriculares obrigat\u00f3rios \u201cPr\u00e1ticas Supervisionadas em Administra\u00e7\u00e3o I\u201d e \u201cPr\u00e1ticas Supervisionadas em Administra\u00e7\u00e3o II\u201d, com natureza de extens\u00e3o e objetivo de proporcionar a intera\u00e7\u00e3o de graduandos com o mundo do trabalho. Esses componentes curriculares visam ao aprendizado de conhecimentos te\u00f3rico-pr\u00e1ticos pr\u00f3prios da atividade profissional e \u00e0 contextualiza\u00e7\u00e3o curricular, objetivando o seu desenvolvimento para a vida cidad\u00e3 e para o mundo do trabalho, sendo sua carga hor\u00e1ria computada para efeitos de integraliza\u00e7\u00e3o curricular da forma\u00e7\u00e3o em extens\u00e3o.<\/p>\n<p><span style=\"background-color: #f2f4f5; color: #222222; font-family: Menlo, Monaco, Consolas, 'Courier New', monospace; font-size: inherit; white-space-collapse: preserve;\"><\/div><\/span><\/p>\n<p><strong>2. Sou aluno da grade antiga (ingresso at\u00e9 2022\/1), preciso cursar Pr\u00e1ticas I e II?<\/strong><\/p>\n<p><span style=\"font-size: 14pt;\"><span style=\"font-size: 12pt;\"><span style=\"background-color: #f2f4f5; color: #222222; font-family: Menlo, Monaco, Consolas, 'Courier New', monospace; white-space-collapse: preserve;\"><span class=\"collapseomatic \" id=\"id69e01f7d8fe14\"  tabindex=\"0\" title=\"Ver mais...\"    >Ver mais...<\/span><span id='swap-id69e01f7d8fe14'  class='colomat-swap' style='display:none;'>...Ver menos<\/span><div id=\"target-id69e01f7d8fe14\" class=\"collapseomatic_content \"><\/span><\/span><\/span><\/p>\n<p style=\"text-align: justify;\">N\u00e3o, conforme o par\u00e1grafo 4\u00b0 do artigo 8\u00b0 da Resolu\u00e7\u00e3o COCEPE n\u00ba 30, de 03\/02\/2022, as atividades curriculares de extens\u00e3o s\u00e3o obrigat\u00f3rias aos que ingressam ap\u00f3s este fato haver ocorrido. Portanto, se voc\u00ea ingressou antes do semestre de 2022\/2, n\u00e3o necessita cursar estas disciplinas.<\/p>\n<p><span style=\"background-color: #f2f4f5; color: #222222; font-family: Menlo, Monaco, Consolas, 'Courier New', monospace; font-size: inherit; white-space-collapse: preserve;\"><\/div><\/span><\/p>\n<p><strong>3. Sou aluno da grade antiga, posso cursar Pr\u00e1ticas I e II?<\/strong><\/p>\n<p><span style=\"font-size: 14pt;\"><span style=\"font-size: 12pt;\"><span style=\"background-color: #f2f4f5; color: #222222; font-family: Menlo, Monaco, Consolas, 'Courier New', monospace; white-space-collapse: preserve;\"><span class=\"collapseomatic \" id=\"id69e01f7d8fe5c\"  tabindex=\"0\" title=\"Ver mais...\"    >Ver mais...<\/span><span id='swap-id69e01f7d8fe5c'  class='colomat-swap' style='display:none;'>...Ver menos<\/span><div id=\"target-id69e01f7d8fe5c\" class=\"collapseomatic_content \"><\/span><\/span><\/span><\/p>\n<p style=\"text-align: justify;\">Pode, ainda que os componentes curriculares n\u00e3o sejam obrigat\u00f3rios para voc\u00ea, qualquer aluno do curso pode se matricular neles, desde que atendidos seus pr\u00e9-requisitos.<\/p>\n<p><span style=\"background-color: #f2f4f5; color: #222222; font-family: Menlo, Monaco, Consolas, 'Courier New', monospace; font-size: inherit; white-space-collapse: preserve;\"><\/div><\/span><\/p>\n<p><strong>4. Para quem Pr\u00e1ticas I e II s\u00e3o obrigat\u00f3rias?<\/strong><\/p>\n<p><span style=\"font-size: 14pt;\"><span style=\"font-size: 12pt;\"><span style=\"background-color: #f2f4f5; color: #222222; font-family: Menlo, Monaco, Consolas, 'Courier New', monospace; white-space-collapse: preserve;\"><span class=\"collapseomatic \" id=\"id69e01f7d8fe9a\"  tabindex=\"0\" title=\"Ver mais...\"    >Ver mais...<\/span><span id='swap-id69e01f7d8fe9a'  class='colomat-swap' style='display:none;'>...Ver menos<\/span><div id=\"target-id69e01f7d8fe9a\" class=\"collapseomatic_content \"><\/span><\/span><\/span><\/p>\n<p style=\"text-align: justify;\">Para todos os alunos ingressantes a partir do semestre 2022\/2, aquele que teve in\u00edcio em 29\/01\/2023. Da mesma forma, a partir dessa data, todo ingressante por reop\u00e7\u00e3o, reingresso, portador de t\u00edtulo, transfer\u00eancia e retomada de estudos deve cursar as duas disciplinas para se formar.<\/p>\n<p><span style=\"background-color: #f2f4f5; color: #222222; font-family: Menlo, Monaco, Consolas, 'Courier New', monospace; font-size: inherit; white-space-collapse: preserve;\"><\/div><\/span><\/p>\n<p style=\"text-align: justify;\"><span style=\"font-size: 12pt;\"><strong>5. Sou aluno da grade antiga e Pr\u00e1ticas I e II n\u00e3o s\u00e3o obrigat\u00f3rias para mim. Se, mesmo assim, eu cursar Pr\u00e1ticas I e II, como vai ser registrado no meu hist\u00f3rico?<\/strong><\/span><\/p>\n<p><span style=\"font-size: 14pt;\"><span style=\"font-size: 12pt;\"><span style=\"background-color: #f2f4f5; color: #222222; font-family: Menlo, Monaco, Consolas, 'Courier New', monospace; white-space-collapse: preserve;\"><span class=\"collapseomatic \" id=\"id69e01f7d8fed5\"  tabindex=\"0\" title=\"Ver mais...\"    >Ver mais...<\/span><span id='swap-id69e01f7d8fed5'  class='colomat-swap' style='display:none;'>...Ver menos<\/span><div id=\"target-id69e01f7d8fed5\" class=\"collapseomatic_content \"><\/span><\/span><\/span><\/p>\n<p style=\"text-align: justify;\">Ainda que as disciplinas de Pr\u00e1ticas Supervisionadas I e II n\u00e3o sejam obrigat\u00f3rias para alunos ingressantes at\u00e9 2022\/1, as mesmas est\u00e3o dispon\u00edveis para a matr\u00edcula de todos os alunos do curso. Portanto, se a disciplina n\u00e3o \u00e9 obrigat\u00f3ria para voc\u00ea e, ainda assim, voc\u00ea decidiu curs\u00e1-la e foi aprovado, ela ir\u00e1 aparecer no seu hist\u00f3rico como disciplina obrigat\u00f3ria cursada, como qualquer outra disciplina obrigat\u00f3ria do curso.<\/p>\n<p><span style=\"background-color: #f2f4f5; color: #222222; font-family: Menlo, Monaco, Consolas, 'Courier New', monospace; font-size: inherit; white-space-collapse: preserve;\"><\/div><\/span><\/p>\n<p><span style=\"font-size: 12pt;\"><strong>6. Entrei no curso pelo Edital de Reop\u00e7\u00e3o, preciso cursar Pr\u00e1ticas I e II? <\/strong><\/span><\/p>\n<p><span style=\"font-size: 12pt;\"><span style=\"background-color: #f2f4f5; color: #222222; font-family: Menlo, Monaco, Consolas, 'Courier New', monospace; white-space-collapse: preserve;\"><span class=\"collapseomatic \" id=\"id69e01f7d8ff0f\"  tabindex=\"0\" title=\"Ver mais...\"    >Ver mais...<\/span><span id='swap-id69e01f7d8ff0f'  class='colomat-swap' style='display:none;'>...Ver menos<\/span><div id=\"target-id69e01f7d8ff0f\" class=\"collapseomatic_content \"><\/span><\/span><\/p>\n<p style=\"text-align: justify;\">Se voc\u00ea ingressou via edital de Reop\u00e7\u00e3o, Reingresso, Portador de T\u00edtulo, Transfer\u00eancia e Retomada de Estudos no semestre de 2022\/2 em diante, sim, voc\u00ea precisa cursar as disciplinas.<\/p>\n<p><span style=\"background-color: #f2f4f5; color: #222222; font-family: Menlo, Monaco, Consolas, 'Courier New', monospace; font-size: inherit; white-space-collapse: preserve;\"><\/div><\/span><\/p>\n<p><strong>7. Quais os pr\u00e9-requisitos para cursar Pr\u00e1ticas I e II?<\/strong><\/p>\n<p><span style=\"font-size: 14pt;\"><span style=\"font-size: 12pt;\"><span style=\"background-color: #f2f4f5; color: #222222; font-family: Menlo, Monaco, Consolas, 'Courier New', monospace; white-space-collapse: preserve;\"><span class=\"collapseomatic \" id=\"id69e01f7d8ff47\"  tabindex=\"0\" title=\"Ver mais...\"    >Ver mais...<\/span><span id='swap-id69e01f7d8ff47'  class='colomat-swap' style='display:none;'>...Ver menos<\/span><div id=\"target-id69e01f7d8ff47\" class=\"collapseomatic_content \"><\/span><\/span><\/span><\/p>\n<p style=\"text-align: justify;\">Para a realiza\u00e7\u00e3o da disciplina de Pr\u00e1ticas Supervisionadas em Administra\u00e7\u00e3o I voc\u00ea dever\u00e1 ter integralizado, ao menos, 20 componentes obrigat\u00f3rios a fim de ter acesso ao componente curricular. Para a realiza\u00e7\u00e3o da disciplina de Pr\u00e1ticas Supervisionadas em Administra\u00e7\u00e3o II voc\u00ea dever\u00e1 ter conclu\u00eddo, ao menos, 25 componentes obrigat\u00f3rios.<\/p>\n<p><span style=\"background-color: #f2f4f5; color: #222222; font-family: Menlo, Monaco, Consolas, 'Courier New', monospace; font-size: inherit; white-space-collapse: preserve;\"><\/div><\/span><\/p>\n<p><strong>8. Qual a carga hor\u00e1ria de Pr\u00e1ticas I e II?<\/strong><\/p>\n<p><span style=\"font-size: 14pt;\"><span style=\"font-size: 12pt;\"><span style=\"background-color: #f2f4f5; color: #222222; font-family: Menlo, Monaco, Consolas, 'Courier New', monospace; white-space-collapse: preserve;\"><span class=\"collapseomatic \" id=\"id69e01f7d8ff7f\"  tabindex=\"0\" title=\"Ver mais...\"    >Ver mais...<\/span><span id='swap-id69e01f7d8ff7f'  class='colomat-swap' style='display:none;'>...Ver menos<\/span><div id=\"target-id69e01f7d8ff7f\" class=\"collapseomatic_content \"><\/span><\/span><\/span><\/p>\n<p style=\"text-align: justify;\">Cada disciplina conta com 15h te\u00f3ricas e 165h de extens\u00e3o, portanto, 180h totais.<\/p>\n<p><span style=\"background-color: #f2f4f5; color: #222222; font-family: Menlo, Monaco, Consolas, 'Courier New', monospace; font-size: inherit; white-space-collapse: preserve;\"><\/div><\/span><\/p>\n<p><strong>9. Posso me matricular em Pr\u00e1ticas I e II simultaneamente?<\/strong><\/p>\n<p><span style=\"font-size: 14pt;\"><span style=\"font-size: 12pt;\"><span style=\"background-color: #f2f4f5; color: #222222; font-family: Menlo, Monaco, Consolas, 'Courier New', monospace; white-space-collapse: preserve;\"><span class=\"collapseomatic \" id=\"id69e01f7d8ffb6\"  tabindex=\"0\" title=\"Ver mais...\"    >Ver mais...<\/span><span id='swap-id69e01f7d8ffb6'  class='colomat-swap' style='display:none;'>...Ver menos<\/span><div id=\"target-id69e01f7d8ffb6\" class=\"collapseomatic_content \"><\/span><\/span><\/span><\/p>\n<p>N\u00e3o.<\/p>\n<p><span style=\"background-color: #f2f4f5; color: #222222; font-family: Menlo, Monaco, Consolas, 'Courier New', monospace; font-size: inherit; white-space-collapse: preserve;\"><\/div><\/span><\/p>\n<p><strong>10. Posso pedir aproveitamento de Est\u00e1gio I e II para Pr\u00e1ticas I e II?<\/strong><\/p>\n<p><span style=\"font-size: 14pt;\"><span style=\"font-size: 12pt;\"><span style=\"background-color: #f2f4f5; color: #222222; font-family: Menlo, Monaco, Consolas, 'Courier New', monospace; white-space-collapse: preserve;\"><span class=\"collapseomatic \" id=\"id69e01f7d8ffee\"  tabindex=\"0\" title=\"Ver mais...\"    >Ver mais...<\/span><span id='swap-id69e01f7d8ffee'  class='colomat-swap' style='display:none;'>...Ver menos<\/span><div id=\"target-id69e01f7d8ffee\" class=\"collapseomatic_content \"><\/span><\/span><\/span><\/p>\n<p style=\"text-align: justify;\">N\u00e3o, est\u00e1gios supervisionados I e II eram disciplinas da grade antiga do curso que n\u00e3o possuem equival\u00eancia com Pr\u00e1ticas I e II. S\u00e3o propostas formativas distintas.<\/p>\n<p><span style=\"background-color: #f2f4f5; color: #222222; font-family: Menlo, Monaco, Consolas, 'Courier New', monospace; font-size: inherit; white-space-collapse: preserve;\"><\/div><\/span><\/p>\n<p><strong>11. Posso usar meu est\u00e1gio atual para comprovar horas de extens\u00e3o em Pr\u00e1ticas I e II?<\/strong><\/p>\n<p><span style=\"font-size: 14pt;\"><span style=\"font-size: 12pt;\"><span style=\"background-color: #f2f4f5; color: #222222; font-family: Menlo, Monaco, Consolas, 'Courier New', monospace; white-space-collapse: preserve;\"><span class=\"collapseomatic \" id=\"id69e01f7d90026\"  tabindex=\"0\" title=\"Ver mais...\"    >Ver mais...<\/span><span id='swap-id69e01f7d90026'  class='colomat-swap' style='display:none;'>...Ver menos<\/span><div id=\"target-id69e01f7d90026\" class=\"collapseomatic_content \"><\/span><\/span><\/span><\/p>\n<p style=\"text-align: justify;\">Tamb\u00e9m n\u00e3o, est\u00e1gios, sejam eles obrigat\u00f3rios ou n\u00e3o-obrigat\u00f3rios, n\u00e3o equivalem a forma\u00e7\u00e3o em extens\u00e3o, de acordo com o Projeto Pedag\u00f3gico do Curso.<\/p>\n<p><span style=\"background-color: #f2f4f5; color: #222222; font-family: Menlo, Monaco, Consolas, 'Courier New', monospace; font-size: inherit; white-space-collapse: preserve;\"><\/div><\/span><\/p>\n<p><strong>12. Pr\u00e1ticas I e II ocupam hor\u00e1rio na grade semanal?<\/strong><\/p>\n<p><span style=\"font-size: 14pt;\"><span style=\"font-size: 12pt;\"><span style=\"background-color: #f2f4f5; color: #222222; font-family: Menlo, Monaco, Consolas, 'Courier New', monospace; white-space-collapse: preserve;\"><span class=\"collapseomatic \" id=\"id69e01f7d9005e\"  tabindex=\"0\" title=\"Ver mais...\"    >Ver mais...<\/span><span id='swap-id69e01f7d9005e'  class='colomat-swap' style='display:none;'>...Ver menos<\/span><div id=\"target-id69e01f7d9005e\" class=\"collapseomatic_content \"><\/span><\/span><\/span><\/p>\n<p>Sim, e n\u00e3o podem ser sobrepostas com a matr\u00edcula em outras disciplinas.<\/p>\n<p><span style=\"background-color: #f2f4f5; color: #222222; font-family: Menlo, Monaco, Consolas, 'Courier New', monospace; font-size: inherit; white-space-collapse: preserve;\"><\/div><\/span><\/p>\n<p><strong>13. Terei aulas em sala de aula em Pr\u00e1ticas I e II?<\/strong><\/p>\n<p><span style=\"font-size: 14pt;\"><span style=\"font-size: 12pt;\"><span style=\"background-color: #f2f4f5; color: #222222; font-family: Menlo, Monaco, Consolas, 'Courier New', monospace; white-space-collapse: preserve;\"><span class=\"collapseomatic \" id=\"id69e01f7d90096\"  tabindex=\"0\" title=\"Ver mais...\"    >Ver mais...<\/span><span id='swap-id69e01f7d90096'  class='colomat-swap' style='display:none;'>...Ver menos<\/span><div id=\"target-id69e01f7d90096\" class=\"collapseomatic_content \"><\/span><\/span><\/span><\/p>\n<p style=\"text-align: justify;\">Apenas nas aulas iniciais (15h te\u00f3ricas) que s\u00e3o utilizadas para apresentar a din\u00e2mica da disciplina \u00e0 turma. O restante da disciplina (165h) deve ser desenvolvida em a\u00e7\u00f5es de extens\u00e3o as quais voc\u00ea se vincula.<\/p>\n<p><span style=\"background-color: #f2f4f5; color: #222222; font-family: Menlo, Monaco, Consolas, 'Courier New', monospace; font-size: inherit; white-space-collapse: preserve;\"><\/div><\/span><\/p>\n<p><strong>14. Como fa\u00e7o para comprovar horas de extens\u00e3o?<\/strong><\/p>\n<p><span style=\"font-size: 14pt;\"><span style=\"font-size: 12pt;\"><span style=\"background-color: #f2f4f5; color: #222222; font-family: Menlo, Monaco, Consolas, 'Courier New', monospace; white-space-collapse: preserve;\"><span class=\"collapseomatic \" id=\"id69e01f7d900cd\"  tabindex=\"0\" title=\"Ver mais...\"    >Ver mais...<\/span><span id='swap-id69e01f7d900cd'  class='colomat-swap' style='display:none;'>...Ver menos<\/span><div id=\"target-id69e01f7d900cd\" class=\"collapseomatic_content \"><\/span><\/span><\/span><\/p>\n<p style=\"text-align: justify;\">Voc\u00ea deve se vincular a uma a\u00e7\u00e3o de extens\u00e3o em um projeto (ensino, pesquisa ou extens\u00e3o) do curso de Administra\u00e7\u00e3o, do CCSO ou de qualquer curso da UFPel. Para isso, voc\u00ea deve conversar com o(a) professor(a) coordenador(a) do projeto e verificar como se d\u00e1 o ingresso no projeto por ele(a) coordenado. Ao final do prazo da a\u00e7\u00e3o, o Sistema Cobalto ir\u00e1 emitir seu certificado comprovando as horas de extens\u00e3o.<\/p>\n<p><span style=\"background-color: #f2f4f5; color: #222222; font-family: Menlo, Monaco, Consolas, 'Courier New', monospace; font-size: inherit; white-space-collapse: preserve;\"><\/div><\/span><\/p>\n<p style=\"text-align: justify;\"><span style=\"font-size: 12pt;\"><strong>15. O projeto de extens\u00e3o ao qual devo me vincular deve ser ofertado pelo curso de Administra\u00e7\u00e3o, ou pelo CCSO, exclusivamente?<\/strong><\/span><\/p>\n<p><span style=\"font-size: 14pt;\"><span style=\"font-size: 12pt;\"><span style=\"background-color: #f2f4f5; color: #222222; font-family: Menlo, Monaco, Consolas, 'Courier New', monospace; white-space-collapse: preserve;\"><span class=\"collapseomatic \" id=\"id69e01f7d90105\"  tabindex=\"0\" title=\"Ver mais...\"    >Ver mais...<\/span><span id='swap-id69e01f7d90105'  class='colomat-swap' style='display:none;'>...Ver menos<\/span><div id=\"target-id69e01f7d90105\" class=\"collapseomatic_content \"><\/span><\/span><\/span><\/p>\n<p style=\"text-align: justify;\">N\u00e3o. Voc\u00ea pode participar de qualquer projeto extensionista, desde que vinculado a UFPel e devidamente registrado no Sistema Cobalto pelo(a) respectivo(a) professor(a) coordenador(a).<\/p>\n<p><span style=\"background-color: #f2f4f5; color: #222222; font-family: Menlo, Monaco, Consolas, 'Courier New', monospace; font-size: inherit; white-space-collapse: preserve;\"><\/div><\/span><\/p>\n<p><strong>16. Onde eu posso ver o os projetos existentes no CCSO?<\/strong><\/p>\n<p><span style=\"font-size: 14pt;\"><span style=\"font-size: 12pt;\"><span style=\"background-color: #f2f4f5; color: #222222; font-family: Menlo, Monaco, Consolas, 'Courier New', monospace; white-space-collapse: preserve;\"><span class=\"collapseomatic \" id=\"id69e01f7d9013b\"  tabindex=\"0\" title=\"Ver mais...\"    >Ver mais...<\/span><span id='swap-id69e01f7d9013b'  class='colomat-swap' style='display:none;'>...Ver menos<\/span><div id=\"target-id69e01f7d9013b\" class=\"collapseomatic_content \"><\/span><\/span><\/span><\/p>\n<p style=\"text-align: justify;\">Os projetos de ensino e extens\u00e3o est\u00e3o detalhados na p\u00e1gina da C\u00e2mara de Ensino e Extens\u00e3o do CCSO (<a href=\"https:\/\/wp.ufpel.edu.br\/ceeccso\/\">https:\/\/wp.ufpel.edu.br\/ceeccso\/<\/a>)<\/p>\n<p><span style=\"background-color: #f2f4f5; color: #222222; font-family: Menlo, Monaco, Consolas, 'Courier New', monospace; font-size: inherit; white-space-collapse: preserve;\"><\/div><\/span><\/p>\n<p style=\"text-align: justify;\"><span style=\"font-size: 12pt;\"><strong>17. Se eu atingir parcialmente a carga hor\u00e1ria de extens\u00e3o solicitada para aprova\u00e7\u00e3o na disciplina (165h), posso fazer exame?<\/strong><\/span><\/p>\n<p><span style=\"font-size: 14pt;\"><span style=\"font-size: 12pt;\"><span style=\"background-color: #f2f4f5; color: #222222; font-family: Menlo, Monaco, Consolas, 'Courier New', monospace; white-space-collapse: preserve;\"><span class=\"collapseomatic \" id=\"id69e01f7d90175\"  tabindex=\"0\" title=\"Ver mais...\"    >Ver mais...<\/span><span id='swap-id69e01f7d90175'  class='colomat-swap' style='display:none;'>...Ver menos<\/span><div id=\"target-id69e01f7d90175\" class=\"collapseomatic_content \"><\/span><\/span><\/span><\/p>\n<p style=\"text-align: justify;\">N\u00e3o. \u00c9 requisito m\u00ednimo para aprova\u00e7\u00e3o 165h em extens\u00e3o. Por se tratar de uma disciplina extensionista, n\u00e3o \u00e9 permitida a realiza\u00e7\u00e3o de exame.<\/p>\n<p><span style=\"background-color: #f2f4f5; color: #222222; font-family: Menlo, Monaco, Consolas, 'Courier New', monospace; font-size: inherit; white-space-collapse: preserve;\"><\/div><\/span><\/p>\n<p style=\"text-align: justify;\"><span style=\"font-size: 12pt;\"><strong>18. As horas de extens\u00e3o utilizadas para a aprova\u00e7\u00e3o em Pr\u00e1ticas I e II podem ser novamente apresentadas para comprova\u00e7\u00e3o das Atividades Complementares, ao final do curso?<\/strong><\/span><\/p>\n<p><span style=\"font-size: 14pt;\"><span style=\"font-size: 12pt;\"><span style=\"background-color: #f2f4f5; color: #222222; font-family: Menlo, Monaco, Consolas, 'Courier New', monospace; white-space-collapse: preserve;\"><span class=\"collapseomatic \" id=\"id69e01f7d901ac\"  tabindex=\"0\" title=\"Ver mais...\"    >Ver mais...<\/span><span id='swap-id69e01f7d901ac'  class='colomat-swap' style='display:none;'>...Ver menos<\/span><div id=\"target-id69e01f7d901ac\" class=\"collapseomatic_content \"><\/span><\/span><\/span><\/p>\n<p style=\"text-align: justify;\">N\u00e3o. As horas de participa\u00e7\u00e3o em a\u00e7\u00f5es de extens\u00e3o entregues ao N\u00facleo de Pr\u00e1ticas Supervisionadas para aprova\u00e7\u00e3o nas disciplinas de Pr\u00e1ticas Supervisionadas I e II n\u00e3o poder\u00e3o ser novamente utilizadas para comprova\u00e7\u00e3o das Atividades Complementares, ao final do curso.<\/p>\n<p><span style=\"background-color: #f2f4f5; color: #222222; font-family: Menlo, Monaco, Consolas, 'Courier New', monospace; font-size: inherit; white-space-collapse: preserve;\"><\/div><\/span><\/p>\n","protected":false},"excerpt":{"rendered":"<p>Aqui, voc\u00ea encontra as perguntas e respostas mais frequentes (FAQ) sobre as disciplinas Pr\u00e1ticas Supervisionadas em Administra\u00e7\u00e3o I e II. 1. O que s\u00e3o as disciplinas de Pr\u00e1ticas Supervisionadas em Administra\u00e7\u00e3o I e II? 2. Sou aluno da grade antiga (ingresso at\u00e9 2022\/1), preciso cursar Pr\u00e1ticas I e II? 3. Sou aluno da grade antiga, &hellip; <\/p>\n<p><a class=\"more-link btn\" href=\"https:\/\/wp.ufpel.edu.br\/cursodeadministracao\/praticas-supervisionadas\/\">Continue lendo<\/a><\/p>\n","protected":false},"author":114,"featured_media":0,"parent":0,"menu_order":0,"comment_status":"closed","ping_status":"closed","template":"","meta":{"jetpack_post_was_ever_published":false,"footnotes":""},"class_list":["post-3370","page","type-page","status-publish","hentry","nodate","item-wrap"],"jetpack_sharing_enabled":true,"jetpack_shortlink":"https:\/\/wp.me\/P79AOn-Sm","_links":{"self":[{"href":"https:\/\/wp.ufpel.edu.br\/cursodeadministracao\/wp-json\/wp\/v2\/pages\/3370","targetHints":{"allow":["GET"]}}],"collection":[{"href":"https:\/\/wp.ufpel.edu.br\/cursodeadministracao\/wp-json\/wp\/v2\/pages"}],"about":[{"href":"https:\/\/wp.ufpel.edu.br\/cursodeadministracao\/wp-json\/wp\/v2\/types\/page"}],"author":[{"embeddable":true,"href":"https:\/\/wp.ufpel.edu.br\/cursodeadministracao\/wp-json\/wp\/v2\/users\/114"}],"replies":[{"embeddable":true,"href":"https:\/\/wp.ufpel.edu.br\/cursodeadministracao\/wp-json\/wp\/v2\/comments?post=3370"}],"version-history":[{"count":14,"href":"https:\/\/wp.ufpel.edu.br\/cursodeadministracao\/wp-json\/wp\/v2\/pages\/3370\/revisions"}],"predecessor-version":[{"id":3386,"href":"https:\/\/wp.ufpel.edu.br\/cursodeadministracao\/wp-json\/wp\/v2\/pages\/3370\/revisions\/3386"}],"wp:attachment":[{"href":"https:\/\/wp.ufpel.edu.br\/cursodeadministracao\/wp-json\/wp\/v2\/media?parent=3370"}],"curies":[{"name":"wp","href":"https:\/\/api.w.org\/{rel}","templated":true}]}}