{"id":3282,"date":"2024-03-08T16:02:38","date_gmt":"2024-03-08T19:02:38","guid":{"rendered":"https:\/\/wp.ufpel.edu.br\/cursodeadministracao\/?page_id=3282"},"modified":"2025-02-13T16:26:18","modified_gmt":"2025-02-13T19:26:18","slug":"normas-do-curso","status":"publish","type":"page","link":"https:\/\/wp.ufpel.edu.br\/cursodeadministracao\/normas-do-curso\/","title":{"rendered":"Normas do Curso"},"content":{"rendered":"<hr \/>\n<p><span style=\"font-size: 14pt;\"><strong>Regimento<\/strong><span style=\"font-size: 12pt;\"><span style=\"background-color: #f2f4f5; color: #222222; font-family: Menlo, Monaco, Consolas, 'Courier New', monospace; white-space-collapse: preserve;\"><span class=\"collapseomatic \" id=\"id69fc817d06dfe\"  tabindex=\"0\" title=\"Ver mais...\"    >Ver mais...<\/span><span id='swap-id69fc817d06dfe'  class='colomat-swap' style='display:none;'>...Ver menos<\/span><div id=\"target-id69fc817d06dfe\" class=\"collapseomatic_content \"><\/span><\/span><\/span><\/p>\n<p><a href=\"https:\/\/wp.ufpel.edu.br\/cursodeadministracao\/files\/2024\/03\/Regimento-Interno-do-Colegiado-ADM.pdf\" target=\"_blank\" rel=\"noopener\">Regimento Interno do Curso de Administra\u00e7\u00e3o<\/a><\/p>\n<p><span style=\"background-color: #f2f4f5; color: #222222; font-family: Menlo, Monaco, Consolas, 'Courier New', monospace; font-size: inherit; white-space-collapse: preserve;\"><\/div><\/span><\/p>\n<div class=\"hr hr-default avia-builder-el-9 el_after_av_textblock el_before_av_textblock \">\n<hr \/>\n<\/div>\n<p><strong><span style=\"font-size: 14pt;\">Portarias <\/span><\/strong><span style=\"font-size: 12pt;\"><span style=\"background-color: #f2f4f5; color: #222222; font-family: Menlo, Monaco, Consolas, 'Courier New', monospace; white-space-collapse: preserve;\"><span class=\"collapseomatic \" id=\"id69fc817d06ed1\"  tabindex=\"0\" title=\"Ver mais...\"    >Ver mais...<\/span><span id='swap-id69fc817d06ed1'  class='colomat-swap' style='display:none;'>...Ver menos<\/span><div id=\"target-id69fc817d06ed1\" class=\"collapseomatic_content \"><\/span><\/span><\/p>\n<p style=\"text-align: justify;\"><a href=\"https:\/\/wp.ufpel.edu.br\/cursodeadministracao\/files\/2025\/02\/SEI_2948974_Portaria_Interna_1.pdf\" target=\"_blank\" rel=\"noopener\">Portaria 01\/2025<\/a> &#8211; Institui a Comiss\u00e3o de Avalia\u00e7\u00e3o dos processos de Reop\u00e7\u00e3o, Reingresso, Transfer\u00eancia, Retomada de Estudos e Portador de Diploma do Curso de Bacharelado em Administra\u00e7\u00e3o (Edital 33\/2024\/CRA).<\/p>\n<p><a href=\"https:\/\/wp.ufpel.edu.br\/cursodeadministracao\/files\/2025\/02\/SEI_2889589_Portaria_Interna_5.pdf\" target=\"_blank\" rel=\"noopener\">Portaria 05\/2024<\/a> &#8211; Institui a Comiss\u00e3o de Trabalho de Conclus\u00e3o de Curso.<\/p>\n<p style=\"text-align: justify;\"><a href=\"https:\/\/wp.ufpel.edu.br\/cursodeadministracao\/files\/2025\/02\/SEI_2817889_Portaria_Interna_4.pdf\" target=\"_blank\" rel=\"noopener\">Portaria 04\/2024<\/a> &#8211; Homologa as bancas de defesa de monografia do Curso de Bacharelado em Administra\u00e7\u00e3o, per\u00edodo 2024\/02.<\/p>\n<p style=\"text-align: justify;\"><a href=\"https:\/\/wp.ufpel.edu.br\/cursodeadministracao\/files\/2025\/02\/SEI_2759314_Portaria_Interna_3.pdf\" target=\"_blank\" rel=\"noopener\">Portaria 03\/2024<\/a> &#8211; Institui a Comiss\u00e3o de Avalia\u00e7\u00e3o dos processos de Reop\u00e7\u00e3o, Reingresso, Transfer\u00eancia, Retomada de Estudos e Portador de Diploma do Curso de Bacharelado em Administra\u00e7\u00e3o (Edital 18\/2024\/CRA).<\/p>\n<p style=\"text-align: justify;\"><a href=\"https:\/\/wp.ufpel.edu.br\/cursodeadministracao\/files\/2024\/04\/Portaria-de-Bancas-2023_2.pdf\" target=\"_blank\" rel=\"noopener\">Portaria 02\/2024<\/a> &#8211; Homologa as bancas de defesa de monografia do Curso de Bacharelado em Administra\u00e7\u00e3o, per\u00edodo 2023\/02.<\/p>\n<p style=\"text-align: justify;\"><a href=\"https:\/\/wp.ufpel.edu.br\/cursodeadministracao\/files\/2024\/03\/Portaria-01_2024.pdf\" target=\"_blank\" rel=\"noopener\">Portaria 01\/2024<\/a> &#8211; Institui a Comiss\u00e3o de Avalia\u00e7\u00e3o dos processos de Reop\u00e7\u00e3o, Reingresso, Transfer\u00eancia, Retomada de Estudos e Portador de Diploma do Curso de Bacharelado em Administra\u00e7\u00e3o (Edital 49\/2023\/CRA).<\/p>\n<p style=\"text-align: justify;\"><a href=\"https:\/\/wp.ufpel.edu.br\/cursodeadministracao\/files\/2024\/03\/Portaria-08_2023.pdf\" target=\"_blank\" rel=\"noopener\">Portaria 08\/2023<\/a> &#8211; Homologa as bancas de defesa de monografia do Curso de Bacharelado em Administra\u00e7\u00e3o, per\u00edodo 2023\/01.<\/p>\n<p style=\"text-align: justify;\"><a href=\"https:\/\/wp.ufpel.edu.br\/cursodeadministracao\/files\/2024\/03\/Portaria-07_2023.pdf\" target=\"_blank\" rel=\"noopener\">Portaria 07\/2023<\/a> &#8211; Institui a Comiss\u00e3o de Avalia\u00e7\u00e3o\u00a0dos processos de Reop\u00e7\u00e3o, Reingresso, Transfer\u00eancia, Retomada de Estudos e Portador de Diploma\u00a0do Curso de Bacharelado em Administra\u00e7\u00e3o (Edital 35\/2023\/CRA).<\/p>\n<p style=\"text-align: justify;\"><a href=\"https:\/\/wp.ufpel.edu.br\/cursodeadministracao\/files\/2024\/03\/Portaria-06_2023.pdf\" target=\"_blank\" rel=\"noopener\">Portaria 06\/2023<\/a> &#8211; Institui a\u00a0Comiss\u00e3o Eleitoral\u00a0para a elei\u00e7\u00e3o da Coordena\u00e7\u00e3o do Curso de Administra\u00e7\u00e3o.<\/p>\n<p style=\"text-align: justify;\"><a href=\"https:\/\/wp.ufpel.edu.br\/cursodeadministracao\/files\/2024\/03\/Portaria-05_2023.pdf\" target=\"_blank\" rel=\"noopener\">Portaria 05\/2023<\/a> &#8211; Institui o N\u00facleo de Coordena\u00e7\u00e3o de Pr\u00e1ticas Supervisionadas.<\/p>\n<p style=\"text-align: justify;\"><a href=\"https:\/\/wp.ufpel.edu.br\/cursodeadministracao\/files\/2024\/03\/Portaria-04_2023.pdf\" target=\"_blank\" rel=\"noopener\">Portaria 04\/2023<\/a> &#8211; Homologa as bancas de defesa de trabalho de conclus\u00e3o de curso do Curso de Bacharelado em Administra\u00e7\u00e3o, per\u00edodo 2022\/2.<\/p>\n<p style=\"text-align: justify;\"><a href=\"https:\/\/wp.ufpel.edu.br\/cursodeadministracao\/files\/2024\/03\/Portaria-03_2023.pdf\" target=\"_blank\" rel=\"noopener\">Portaria 03\/2023<\/a> &#8211; Institui a Comiss\u00e3o de Trabalho de Conclus\u00e3o de Curso.<\/p>\n<p style=\"text-align: justify;\"><a href=\"https:\/\/wp.ufpel.edu.br\/cursodeadministracao\/files\/2024\/03\/Portaria-02_2023.pdf\" target=\"_blank\" rel=\"noopener\">Portaria 02\/2023<\/a> &#8211; Institui Comiss\u00e3o de Avalia\u00e7\u00e3o dos processos de Reop\u00e7\u00e3o, Reingresso, Transfer\u00eancia, Retomada de Estudos e Portador de Diploma do Curso de Bacharelado em Administra\u00e7\u00e3o (Edital 09\/2023\/CRA).<\/p>\n<p style=\"text-align: justify;\"><a href=\"https:\/\/wp.ufpel.edu.br\/cursodeadministracao\/files\/2024\/03\/Portaria-01_2023.pdf\" target=\"_blank\" rel=\"noopener\">Portaria 01\/2023<\/a> &#8211; Homologa as bancas de defesa de monografia do Curso de Bacharelado em Administra\u00e7\u00e3o, per\u00edodo 2022\/1.<\/p>\n<p style=\"text-align: justify;\"><a href=\"https:\/\/wp.ufpel.edu.br\/cursodeadministracao\/files\/2024\/03\/Portaria-07_2022.pdf\" target=\"_blank\" rel=\"noopener\">Portaria 07\/2022<\/a> &#8211; Institui Comiss\u00e3o de Avalia\u00e7\u00e3o dos Relat\u00f3rios de Est\u00e1gio Supervisionado, para as disciplinas de Est\u00e1gio Supervisionado em Administra\u00e7\u00e3o I e Est\u00e1gio Supervisionado em Administra\u00e7\u00e3o II, do Curso de Bacharelado em Administra\u00e7\u00e3o, referentes ao semestre letivo de 2022\/1.<\/p>\n<p style=\"text-align: justify;\"><a href=\"https:\/\/wp.ufpel.edu.br\/cursodeadministracao\/files\/2024\/03\/Portaria-06_2022.pdf\" target=\"_blank\" rel=\"noopener\">Portaria 06\/2022<\/a> &#8211; Institui Comiss\u00e3o de Avalia\u00e7\u00e3o\u00a0dos processos de Reop\u00e7\u00e3o, Reingresso, Transfer\u00eancia, Retomada de Estudos e Portador de Diploma\u00a0do Curso de Bacharelado em Administra\u00e7\u00e3o (Edital 27\/2022\/CRA).<\/p>\n<p style=\"text-align: justify;\"><a href=\"https:\/\/wp.ufpel.edu.br\/cursodeadministracao\/files\/2024\/03\/Portaria-05_2022.pdf\" target=\"_blank\" rel=\"noopener\">Portaria 05\/2022<\/a> &#8211; Homologa as bancas de defesa de monografia do Curso de Bacharelado em Administra\u00e7\u00e3o, per\u00edodo 2021\/2.<\/p>\n<p style=\"text-align: justify;\"><a href=\"https:\/\/wp.ufpel.edu.br\/cursodeadministracao\/files\/2024\/03\/Portaria-04_2022.pdf\" target=\"_blank\" rel=\"noopener\">Portaria 04\/2022<\/a> &#8211; Institui a Comiss\u00e3o de Revis\u00e3o do PPC do Curso de Bacharelado em Administra\u00e7\u00e3o.<\/p>\n<p style=\"text-align: justify;\"><a href=\"https:\/\/wp.ufpel.edu.br\/cursodeadministracao\/files\/2024\/03\/Portaria-03_2022.pdf\" target=\"_blank\" rel=\"noopener\">Portaria 03\/2022<\/a> &#8211; Institui a Comiss\u00e3o de Avalia\u00e7\u00e3o dos processos de Reop\u00e7\u00e3o, Reingresso, Transfer\u00eancia e Portador de T\u00edtulo do Curso de Bacharelado em Administra\u00e7\u00e3o (Edital 09\/2022\/CRA).<\/p>\n<p><span style=\"background-color: #f2f4f5; color: #222222; font-family: Menlo, Monaco, Consolas, 'Courier New', monospace; font-size: inherit; white-space-collapse: preserve;\"><\/div><\/span><\/p>\n<hr \/>\n<p><span style=\"font-size: 14pt;\"><strong>Resolu\u00e7\u00f5es<\/strong> <span style=\"font-size: 12pt;\"><span style=\"background-color: #f2f4f5; color: #222222; font-family: Menlo, Monaco, Consolas, 'Courier New', monospace; white-space-collapse: preserve;\"><span class=\"collapseomatic \" id=\"id69fc817d06f20\"  tabindex=\"0\" title=\"Ver mais...\"    >Ver mais...<\/span><span id='swap-id69fc817d06f20'  class='colomat-swap' style='display:none;'>...Ver menos<\/span><div id=\"target-id69fc817d06f20\" class=\"collapseomatic_content \"><\/span><\/span><\/span><\/p>\n<p><a href=\"https:\/\/wp.ufpel.edu.br\/cursodeadministracao\/files\/2024\/11\/SEI_2578247_Resolucao_n__65.pdf\">Resolu\u00e7\u00e3o n.\u00ba 65 de 28 de mar\u00e7o de 2024<\/a><\/p>\n<p>&nbsp;<\/p>\n<p><span style=\"background-color: #f2f4f5; color: #222222; font-family: Menlo, Monaco, Consolas, 'Courier New', monospace; font-size: inherit; white-space-collapse: preserve;\"><\/div><\/span><\/p>\n","protected":false},"excerpt":{"rendered":"<p>Regimento Portarias Resolu\u00e7\u00f5es<\/p>\n","protected":false},"author":114,"featured_media":0,"parent":0,"menu_order":0,"comment_status":"closed","ping_status":"closed","template":"","meta":{"jetpack_post_was_ever_published":false,"footnotes":""},"class_list":["post-3282","page","type-page","status-publish","hentry","nodate","item-wrap"],"jetpack_sharing_enabled":true,"jetpack_shortlink":"https:\/\/wp.me\/P79AOn-QW","_links":{"self":[{"href":"https:\/\/wp.ufpel.edu.br\/cursodeadministracao\/wp-json\/wp\/v2\/pages\/3282","targetHints":{"allow":["GET"]}}],"collection":[{"href":"https:\/\/wp.ufpel.edu.br\/cursodeadministracao\/wp-json\/wp\/v2\/pages"}],"about":[{"href":"https:\/\/wp.ufpel.edu.br\/cursodeadministracao\/wp-json\/wp\/v2\/types\/page"}],"author":[{"embeddable":true,"href":"https:\/\/wp.ufpel.edu.br\/cursodeadministracao\/wp-json\/wp\/v2\/users\/114"}],"replies":[{"embeddable":true,"href":"https:\/\/wp.ufpel.edu.br\/cursodeadministracao\/wp-json\/wp\/v2\/comments?post=3282"}],"version-history":[{"count":30,"href":"https:\/\/wp.ufpel.edu.br\/cursodeadministracao\/wp-json\/wp\/v2\/pages\/3282\/revisions"}],"predecessor-version":[{"id":3480,"href":"https:\/\/wp.ufpel.edu.br\/cursodeadministracao\/wp-json\/wp\/v2\/pages\/3282\/revisions\/3480"}],"wp:attachment":[{"href":"https:\/\/wp.ufpel.edu.br\/cursodeadministracao\/wp-json\/wp\/v2\/media?parent=3282"}],"curies":[{"name":"wp","href":"https:\/\/api.w.org\/{rel}","templated":true}]}}