{"id":3017,"date":"2023-02-15T19:54:52","date_gmt":"2023-02-15T22:54:52","guid":{"rendered":"https:\/\/wp.ufpel.edu.br\/cursodeadministracao\/?page_id=3017"},"modified":"2023-02-15T19:59:35","modified_gmt":"2023-02-15T22:59:35","slug":"caracterizacao-das-disciplinas","status":"publish","type":"page","link":"https:\/\/wp.ufpel.edu.br\/cursodeadministracao\/caracterizacao-das-disciplinas\/","title":{"rendered":"Caracteriza\u00e7\u00e3o das Disciplinas"},"content":{"rendered":"<table class=\"dados-cobalto tabela-disciplinas\"><tr><th colspan=\"5\" class=\"tabela-quebra\">1\u00ba Semestre<\/th><\/tr><tr><th>C\u00f3digo<\/th><th>Disciplina \/ Pr\u00e9-requisitos<\/th><th>Car\u00e1ter<\/th><th>Cr.<\/th><th>Horas<\/th><\/tr><tr><td>23000085<\/td><td><a href=\"https:\/\/institucional.ufpel.edu.br\/disciplinas\/id\/41744\">CONTABILIDADE PARA ADMINISTRADORES<\/a><\/td><td>Obrigat\u00f3ria<\/td><td>5<\/td><td>75<\/td><\/tr><tr><td>23000027<\/td><td><a href=\"https:\/\/institucional.ufpel.edu.br\/disciplinas\/id\/39205\">INSTITUI\u00c7\u00d5ES DE DIREITO P\u00daBLICO<\/a><\/td><td>Obrigat\u00f3ria<\/td><td>5<\/td><td>75<\/td><\/tr><tr><td>23000084<\/td><td><a href=\"https:\/\/institucional.ufpel.edu.br\/disciplinas\/id\/41740\">INTRODU\u00c7\u00c3O \u00c0 CI\u00caNCIA DA ADMINISTRA\u00c7\u00c3O<\/a><\/td><td>Obrigat\u00f3ria<\/td><td>5<\/td><td>75<\/td><\/tr><tr><td>23000083<\/td><td><a href=\"https:\/\/institucional.ufpel.edu.br\/disciplinas\/id\/41739\">ORGANIZA\u00c7\u00d5ES E RELA\u00c7\u00d5ES DE TRABALHO<\/a><\/td><td>Obrigat\u00f3ria<\/td><td>5<\/td><td>75<\/td><\/tr><tr><td>23000082<\/td><td><a href=\"https:\/\/institucional.ufpel.edu.br\/disciplinas\/id\/41738\">SOCIOLOGIA DAS ORGANIZA\u00c7\u00d5ES<\/a><\/td><td>Obrigat\u00f3ria<\/td><td>5<\/td><td>75<\/td><\/tr><tr><th colspan=\"5\" class=\"tabela-quebra\">2\u00ba Semestre<\/th><\/tr><tr><th>C\u00f3digo<\/th><th>Disciplina \/ Pr\u00e9-requisitos<\/th><th>Car\u00e1ter<\/th><th>Cr.<\/th><th>Horas<\/th><\/tr><tr><td>23000055<\/td><td><a href=\"https:\/\/institucional.ufpel.edu.br\/disciplinas\/id\/39256\">ADMINISTRA\u00c7\u00c3O DE CUSTOS<\/a><\/td><td>Obrigat\u00f3ria<\/td><td>5<\/td><td>75<\/td><\/tr><tr><td>23000086<\/td><td><a href=\"https:\/\/institucional.ufpel.edu.br\/disciplinas\/id\/41749\">ADMINISTRA\u00c7\u00c3O E MERCADO<\/a><\/td><td>Obrigat\u00f3ria<\/td><td>5<\/td><td>75<\/td><\/tr><tr><td>23000042<\/td><td><a href=\"https:\/\/institucional.ufpel.edu.br\/disciplinas\/id\/39243\">\u00c9TICA E DIREITOS HUMANOS<\/a><\/td><td>Obrigat\u00f3ria<\/td><td>5<\/td><td>75<\/td><\/tr><tr><td>23000087<\/td><td><a href=\"https:\/\/institucional.ufpel.edu.br\/disciplinas\/id\/41750\">GEST\u00c3O DE PESSOAS<\/a><\/td><td>Obrigat\u00f3ria<\/td><td>5<\/td><td>75<\/td><\/tr><tr><td>23000088<\/td><td><a href=\"https:\/\/institucional.ufpel.edu.br\/disciplinas\/id\/41751\">TEORIA DAS ORGANIZA\u00c7\u00d5ES<\/a><\/td><td>Obrigat\u00f3ria<\/td><td>5<\/td><td>75<\/td><\/tr><tr><th colspan=\"5\" class=\"tabela-quebra\">3\u00ba Semestre<\/th><\/tr><tr><th>C\u00f3digo<\/th><th>Disciplina \/ Pr\u00e9-requisitos<\/th><th>Car\u00e1ter<\/th><th>Cr.<\/th><th>Horas<\/th><\/tr><tr><td>23000025<\/td><td><a href=\"https:\/\/institucional.ufpel.edu.br\/disciplinas\/id\/39203\">AN\u00c1LISE DE INVESTIMENTOS<\/a><\/td><td>Obrigat\u00f3ria<\/td><td>5<\/td><td>75<\/td><\/tr><tr><td>23000089<\/td><td><a href=\"https:\/\/institucional.ufpel.edu.br\/disciplinas\/id\/41752\">COMUNICA\u00c7\u00c3O E ORGANIZA\u00c7\u00d5ES<\/a><\/td><td>Obrigat\u00f3ria<\/td><td>5<\/td><td>75<\/td><\/tr><tr><td>23000090<\/td><td><a href=\"https:\/\/institucional.ufpel.edu.br\/disciplinas\/id\/41753\">ESTRAT\u00c9GIA ORGANIZACIONAL<\/a><\/td><td>Obrigat\u00f3ria<\/td><td>5<\/td><td>75<\/td><\/tr><tr><td>23000044<\/td><td><a href=\"https:\/\/institucional.ufpel.edu.br\/disciplinas\/id\/39245\">GEST\u00c3O DA CADEIA DE SUPRIMENTOS<\/a><\/td><td>Obrigat\u00f3ria<\/td><td>5<\/td><td>75<\/td><\/tr><tr><td>23000091<\/td><td><a href=\"https:\/\/institucional.ufpel.edu.br\/disciplinas\/id\/41754\">SISTEMAS DE INFORMA\u00c7\u00c3O E DECIS\u00c3O GERENCIAL<\/a><\/td><td>Obrigat\u00f3ria<\/td><td>5<\/td><td>75<\/td><\/tr><tr><th colspan=\"5\" class=\"tabela-quebra\">4\u00ba Semestre<\/th><\/tr><tr><th>C\u00f3digo<\/th><th>Disciplina \/ Pr\u00e9-requisitos<\/th><th>Car\u00e1ter<\/th><th>Cr.<\/th><th>Horas<\/th><\/tr><tr><td>23000092<\/td><td><a href=\"https:\/\/institucional.ufpel.edu.br\/disciplinas\/id\/41755\">ADMINISTRA\u00c7\u00c3O DA PRODU\u00c7\u00c3O<\/a><\/td><td>Obrigat\u00f3ria<\/td><td>5<\/td><td>75<\/td><\/tr><tr><td>23000045<\/td><td><a href=\"https:\/\/institucional.ufpel.edu.br\/disciplinas\/id\/39246\">ADMINISTRA\u00c7\u00c3O DE MARKETING<\/a><\/td><td>Obrigat\u00f3ria<\/td><td>5<\/td><td>75<\/td><\/tr><tr><td>23000094<\/td><td><a href=\"https:\/\/institucional.ufpel.edu.br\/disciplinas\/id\/41757\">ADMINISTRA\u00c7\u00c3O FINANCEIRA E OR\u00c7AMENT\u00c1RIA<\/a><\/td><td>Obrigat\u00f3ria<\/td><td>5<\/td><td>75<\/td><\/tr><tr><td>23000014<\/td><td><a href=\"https:\/\/institucional.ufpel.edu.br\/disciplinas\/id\/39189\">AN\u00c1LISE DE DADOS PARA TOMADA DE DECIS\u00c3O<\/a><\/td><td>Obrigat\u00f3ria<\/td><td>5<\/td><td>75<\/td><\/tr><tr><td>23000093<\/td><td><a href=\"https:\/\/institucional.ufpel.edu.br\/disciplinas\/id\/41756\">COMPORTAMENTO ORGANIZACIONAL<\/a><\/td><td>Obrigat\u00f3ria<\/td><td>5<\/td><td>75<\/td><\/tr><tr><th colspan=\"5\" class=\"tabela-quebra\">5\u00ba Semestre<\/th><\/tr><tr><th>C\u00f3digo<\/th><th>Disciplina \/ Pr\u00e9-requisitos<\/th><th>Car\u00e1ter<\/th><th>Cr.<\/th><th>Horas<\/th><\/tr><tr><td>23000097<\/td><td><a href=\"https:\/\/institucional.ufpel.edu.br\/disciplinas\/id\/41762\">AN\u00c1LISE ORGANIZACIONAL<\/a><\/td><td>Obrigat\u00f3ria<\/td><td>5<\/td><td>75<\/td><\/tr><tr><td>23000098<\/td><td><a href=\"https:\/\/institucional.ufpel.edu.br\/disciplinas\/id\/41764\">EMPREENDEDORISMO E PLANO DE NEG\u00d3CIOS<\/a><\/td><td>Obrigat\u00f3ria<\/td><td>5<\/td><td>75<\/td><\/tr><tr><td>23000050<\/td><td><a href=\"https:\/\/institucional.ufpel.edu.br\/disciplinas\/id\/39251\">GEST\u00c3O DE PROJETOS<\/a><\/td><td>Obrigat\u00f3ria<\/td><td>5<\/td><td>75<\/td><\/tr><tr><td>23000095<\/td><td><a href=\"https:\/\/institucional.ufpel.edu.br\/disciplinas\/id\/41759\">PESQUISA DE MARKETING<\/a><\/td><td>Obrigat\u00f3ria<\/td><td>5<\/td><td>75<\/td><\/tr><tr><td>23000096<\/td><td><a href=\"https:\/\/institucional.ufpel.edu.br\/disciplinas\/id\/41761\">SISTEMAS DE PRODU\u00c7\u00c3O<\/a><\/td><td>Obrigat\u00f3ria<\/td><td>5<\/td><td>75<\/td><\/tr><tr><th colspan=\"5\" class=\"tabela-quebra\">6\u00ba Semestre<\/th><\/tr><tr><th>C\u00f3digo<\/th><th>Disciplina \/ Pr\u00e9-requisitos<\/th><th>Car\u00e1ter<\/th><th>Cr.<\/th><th>Horas<\/th><\/tr><tr><td>23000102<\/td><td><a href=\"https:\/\/institucional.ufpel.edu.br\/disciplinas\/id\/41771\">ESTADO E ORGANIZA\u00c7\u00d5ES P\u00daBLICAS<\/a><\/td><td>Obrigat\u00f3ria<\/td><td>5<\/td><td>75<\/td><\/tr><tr><td>23000100<\/td><td><a href=\"https:\/\/institucional.ufpel.edu.br\/disciplinas\/id\/41767\">INOVA\u00c7\u00c3O E SUSTENTABILIDADE EM ORGANIZA\u00c7\u00d5ES<\/a><\/td><td>Obrigat\u00f3ria<\/td><td>5<\/td><td>75<\/td><\/tr><tr><td>23000101<\/td><td><a href=\"https:\/\/institucional.ufpel.edu.br\/disciplinas\/id\/41769\">M\u00c9TODOS DE PESQUISA EM ADMINISTRA\u00c7\u00c3O<\/a><\/td><td>Obrigat\u00f3ria<\/td><td>5<\/td><td>75<\/td><\/tr><tr><td>23000099<\/td><td><a href=\"https:\/\/institucional.ufpel.edu.br\/disciplinas\/id\/41765\">PR\u00c1TICAS SUPERVISIONADAS EM ADMINISTRA\u00c7\u00c3O I<\/a><\/td><td>Obrigat\u00f3ria<\/td><td>12<\/td><td>180<\/td><\/tr><tr><th colspan=\"5\" class=\"tabela-quebra\">7\u00ba Semestre<\/th><\/tr><tr><th>C\u00f3digo<\/th><th>Disciplina \/ Pr\u00e9-requisitos<\/th><th>Car\u00e1ter<\/th><th>Cr.<\/th><th>Horas<\/th><\/tr><tr><td>23000103<\/td><td><a href=\"https:\/\/institucional.ufpel.edu.br\/disciplinas\/id\/41773\">PR\u00c1TICAS SUPERVISIONADAS EM ADMINISTRA\u00c7\u00c3O II<\/a><\/td><td>Obrigat\u00f3ria<\/td><td>12<\/td><td>180<\/td><\/tr><tr><td>23000104<\/td><td><a href=\"https:\/\/institucional.ufpel.edu.br\/disciplinas\/id\/41775\">TRABALHO DE CONCLUS\u00c3O DE CURSO I<\/a><\/td><td>Obrigat\u00f3ria<\/td><td>5<\/td><td>75<\/td><\/tr><tr><th colspan=\"5\" class=\"tabela-quebra\">8\u00ba Semestre<\/th><\/tr><tr><th>C\u00f3digo<\/th><th>Disciplina \/ Pr\u00e9-requisitos<\/th><th>Car\u00e1ter<\/th><th>Cr.<\/th><th>Horas<\/th><\/tr><tr><td>23000105<\/td><td><a href=\"https:\/\/institucional.ufpel.edu.br\/disciplinas\/id\/41777\">TRABALHO DE CONCLUS\u00c3O DE CURSO II<\/a><\/td><td>Obrigat\u00f3ria<\/td><td>5<\/td><td>75<\/td><\/tr><tr><th colspan=\"5\" class=\"tabela-quebra\">COMPLEMENTARES<\/th><\/tr><tr><th>C\u00f3digo<\/th><th>Disciplina \/ Pr\u00e9-requisitos<\/th><th>Car\u00e1ter<\/th><th>Cr.<\/th><th>Horas<\/th><\/tr><tr><td>23000106<\/td><td><a href=\"https:\/\/institucional.ufpel.edu.br\/disciplinas\/id\/41778\">ATIVIDADES COMPLEMENTARES<\/a><\/td><td>Atividade complementar<\/td><td>6<\/td><td>90<\/td><\/tr><tr><th colspan=\"5\" class=\"tabela-quebra\">OPTATIVAS<\/th><\/tr><tr><th>C\u00f3digo<\/th><th>Disciplina \/ Pr\u00e9-requisitos<\/th><th>Car\u00e1ter<\/th><th>Cr.<\/th><th>Horas<\/th><\/tr><tr><td>20000084<\/td><td><a href=\"https:\/\/institucional.ufpel.edu.br\/disciplinas\/id\/28026\">L\u00cdNGUA BRASILEIRA DE SINAIS I ( LIBRAS I )<\/a><\/td><td>Optativa<\/td><td>4<\/td><td>60<\/td><\/tr><tr><td>23000107<\/td><td><a href=\"https:\/\/institucional.ufpel.edu.br\/disciplinas\/id\/41819\">T\u00d3PICOS AVAN\u00c7ADOS EM ADMINISTRA\u00c7\u00c3O GERAL I<\/a><\/td><td>Optativa<\/td><td>5<\/td><td>75<\/td><\/tr><tr><td>23000108<\/td><td><a href=\"https:\/\/institucional.ufpel.edu.br\/disciplinas\/id\/41820\">T\u00d3PICOS AVAN\u00c7ADOS EM ADMINISTRA\u00c7\u00c3O GERAL II<\/a><\/td><td>Optativa<\/td><td>5<\/td><td>75<\/td><\/tr><tr><td>23000109<\/td><td><a href=\"https:\/\/institucional.ufpel.edu.br\/disciplinas\/id\/41821\">T\u00d3PICOS AVAN\u00c7ADOS EM ADMINISTRA\u00c7\u00c3O GERAL III<\/a><\/td><td>Optativa<\/td><td>5<\/td><td>75<\/td><\/tr><tr><td>23000110<\/td><td><a href=\"https:\/\/institucional.ufpel.edu.br\/disciplinas\/id\/41822\">T\u00d3PICOS AVAN\u00c7ADOS EM ADMINISTRA\u00c7\u00c3O P\u00daBLICA E DO TERCEIRO SETOR I<\/a><\/td><td>Optativa<\/td><td>5<\/td><td>75<\/td><\/tr><tr><td>23000111<\/td><td><a href=\"https:\/\/institucional.ufpel.edu.br\/disciplinas\/id\/41823\">T\u00d3PICOS AVAN\u00c7ADOS EM ADMINISTRA\u00c7\u00c3O P\u00daBLICA E DO TERCEIRO SETOR II<\/a><\/td><td>Optativa<\/td><td>5<\/td><td>75<\/td><\/tr><tr><td>23000112<\/td><td><a href=\"https:\/\/institucional.ufpel.edu.br\/disciplinas\/id\/41824\">T\u00d3PICOS AVAN\u00c7ADOS EM ADMINISTRA\u00c7\u00c3O P\u00daBLICA E DO TERCEIRO SETOR III<\/a><\/td><td>Optativa<\/td><td>5<\/td><td>75<\/td><\/tr><tr><td>23000113<\/td><td><a href=\"https:\/\/institucional.ufpel.edu.br\/disciplinas\/id\/41825\">T\u00d3PICOS AVAN\u00c7ADOS EM FINAN\u00c7AS I<\/a><\/td><td>Optativa<\/td><td>5<\/td><td>75<\/td><\/tr><tr><td>23000114<\/td><td><a href=\"https:\/\/institucional.ufpel.edu.br\/disciplinas\/id\/41826\">T\u00d3PICOS AVAN\u00c7ADOS EM FINAN\u00c7AS II<\/a><\/td><td>Optativa<\/td><td>5<\/td><td>75<\/td><\/tr><tr><td>23000115<\/td><td><a href=\"https:\/\/institucional.ufpel.edu.br\/disciplinas\/id\/41827\">T\u00d3PICOS AVAN\u00c7ADOS EM FINAN\u00c7AS III<\/a><\/td><td>Optativa<\/td><td>5<\/td><td>75<\/td><\/tr><tr><td>23000116<\/td><td><a href=\"https:\/\/institucional.ufpel.edu.br\/disciplinas\/id\/41828\">T\u00d3PICOS AVAN\u00c7ADOS EM GEST\u00c3O DE PESSOAS E RELA\u00c7\u00d5ES DE TRABALHO I<\/a><\/td><td>Optativa<\/td><td>5<\/td><td>75<\/td><\/tr><tr><td>23000117<\/td><td><a href=\"https:\/\/institucional.ufpel.edu.br\/disciplinas\/id\/41829\">T\u00d3PICOS AVAN\u00c7ADOS EM GEST\u00c3O DE PESSOAS E RELA\u00c7\u00d5ES DE TRABALHO II<\/a><\/td><td>Optativa<\/td><td>5<\/td><td>75<\/td><\/tr><tr><td>23000118<\/td><td><a href=\"https:\/\/institucional.ufpel.edu.br\/disciplinas\/id\/41830\">T\u00d3PICOS AVAN\u00c7ADOS EM GEST\u00c3O DE PESSOAS E RELA\u00c7\u00d5ES DE TRABALHO III<\/a><\/td><td>Optativa<\/td><td>5<\/td><td>75<\/td><\/tr><tr><td>23000119<\/td><td><a href=\"https:\/\/institucional.ufpel.edu.br\/disciplinas\/id\/41831\">T\u00d3PICOS AVAN\u00c7ADOS EM MARKETING E COMPORTAMENTO DO CONSUMIDOR I<\/a><\/td><td>Optativa<\/td><td>5<\/td><td>75<\/td><\/tr><tr><td>23000120<\/td><td><a href=\"https:\/\/institucional.ufpel.edu.br\/disciplinas\/id\/41832\">T\u00d3PICOS AVAN\u00c7ADOS EM MARKETING E COMPORTAMENTO DO CONSUMIDOR II<\/a><\/td><td>Optativa<\/td><td>5<\/td><td>75<\/td><\/tr><tr><td>23000121<\/td><td><a href=\"https:\/\/institucional.ufpel.edu.br\/disciplinas\/id\/41833\">T\u00d3PICOS AVAN\u00c7ADOS EM MARKETING E COMPORTAMENTO DO CONSUMIDOR III<\/a><\/td><td>Optativa<\/td><td>5<\/td><td>75<\/td><\/tr><tr><td>23000125<\/td><td><a href=\"https:\/\/institucional.ufpel.edu.br\/disciplinas\/id\/41837\">T\u00d3PICOS AVAN\u00c7ADOS EM OPERA\u00c7\u00d5ES E SUPPLY CHAIN I<\/a><\/td><td>Optativa<\/td><td>5<\/td><td>75<\/td><\/tr><tr><td>23000126<\/td><td><a href=\"https:\/\/institucional.ufpel.edu.br\/disciplinas\/id\/41838\">T\u00d3PICOS AVAN\u00c7ADOS EM OPERA\u00c7\u00d5ES E SUPPLY CHAIN II<\/a><\/td><td>Optativa<\/td><td>5<\/td><td>75<\/td><\/tr><tr><td>23000127<\/td><td><a href=\"https:\/\/institucional.ufpel.edu.br\/disciplinas\/id\/41839\">T\u00d3PICOS AVAN\u00c7ADOS EM OPERA\u00c7\u00d5ES E SUPPLY CHAIN III<\/a><\/td><td>Optativa<\/td><td>5<\/td><td>75<\/td><\/tr><tr><td>23000122<\/td><td><a href=\"https:\/\/institucional.ufpel.edu.br\/disciplinas\/id\/41834\">T\u00d3PICOS AVAN\u00c7ADOS EM ORGANIZA\u00c7\u00d5ES I<\/a><\/td><td>Optativa<\/td><td>5<\/td><td>75<\/td><\/tr><tr><td>23000123<\/td><td><a href=\"https:\/\/institucional.ufpel.edu.br\/disciplinas\/id\/41835\">T\u00d3PICOS AVAN\u00c7ADOS EM ORGANIZA\u00c7\u00d5ES II<\/a><\/td><td>Optativa<\/td><td>5<\/td><td>75<\/td><\/tr><tr><td>23000124<\/td><td><a href=\"https:\/\/institucional.ufpel.edu.br\/disciplinas\/id\/41836\">T\u00d3PICOS AVAN\u00c7ADOS EM ORGANIZA\u00c7\u00d5ES III<\/a><\/td><td>Optativa<\/td><td>5<\/td><td>75<\/td><\/tr><tr><td>23000128<\/td><td><a href=\"https:\/\/institucional.ufpel.edu.br\/disciplinas\/id\/41840\">T\u00d3PICOS AVAN\u00c7ADOS EM SUSTENTABILIDADE E INOVA\u00c7\u00c3O I<\/a><\/td><td>Optativa<\/td><td>5<\/td><td>75<\/td><\/tr><tr><td>23000129<\/td><td><a href=\"https:\/\/institucional.ufpel.edu.br\/disciplinas\/id\/41841\">T\u00d3PICOS AVAN\u00c7ADOS EM SUSTENTABILIDADE E INOVA\u00c7\u00c3O II<\/a><\/td><td>Optativa<\/td><td>5<\/td><td>75<\/td><\/tr><tr><td>23000130<\/td><td><a href=\"https:\/\/institucional.ufpel.edu.br\/disciplinas\/id\/41842\">T\u00d3PICOS AVAN\u00c7ADOS EM SUSTENTABILIDADE E INOVA\u00c7\u00c3O III<\/a><\/td><td>Optativa<\/td><td>5<\/td><td>75<\/td><\/tr><\/table>\n","protected":false},"excerpt":{"rendered":"","protected":false},"author":114,"featured_media":0,"parent":0,"menu_order":0,"comment_status":"closed","ping_status":"closed","template":"","meta":{"jetpack_post_was_ever_published":false,"footnotes":""},"class_list":["post-3017","page","type-page","status-publish","hentry","nodate","item-wrap"],"jetpack_sharing_enabled":true,"jetpack_shortlink":"https:\/\/wp.me\/P79AOn-MF","_links":{"self":[{"href":"https:\/\/wp.ufpel.edu.br\/cursodeadministracao\/wp-json\/wp\/v2\/pages\/3017","targetHints":{"allow":["GET"]}}],"collection":[{"href":"https:\/\/wp.ufpel.edu.br\/cursodeadministracao\/wp-json\/wp\/v2\/pages"}],"about":[{"href":"https:\/\/wp.ufpel.edu.br\/cursodeadministracao\/wp-json\/wp\/v2\/types\/page"}],"author":[{"embeddable":true,"href":"https:\/\/wp.ufpel.edu.br\/cursodeadministracao\/wp-json\/wp\/v2\/users\/114"}],"replies":[{"embeddable":true,"href":"https:\/\/wp.ufpel.edu.br\/cursodeadministracao\/wp-json\/wp\/v2\/comments?post=3017"}],"version-history":[{"count":5,"href":"https:\/\/wp.ufpel.edu.br\/cursodeadministracao\/wp-json\/wp\/v2\/pages\/3017\/revisions"}],"predecessor-version":[{"id":3024,"href":"https:\/\/wp.ufpel.edu.br\/cursodeadministracao\/wp-json\/wp\/v2\/pages\/3017\/revisions\/3024"}],"wp:attachment":[{"href":"https:\/\/wp.ufpel.edu.br\/cursodeadministracao\/wp-json\/wp\/v2\/media?parent=3017"}],"curies":[{"name":"wp","href":"https:\/\/api.w.org\/{rel}","templated":true}]}}