{"id":2875,"date":"2022-07-06T12:32:07","date_gmt":"2022-07-06T15:32:07","guid":{"rendered":"https:\/\/wp.ufpel.edu.br\/cursodeadministracao\/?page_id=2875"},"modified":"2023-11-29T17:19:31","modified_gmt":"2023-11-29T20:19:31","slug":"tcc-para-a-biblioteca","status":"publish","type":"page","link":"https:\/\/wp.ufpel.edu.br\/cursodeadministracao\/tcc-para-a-biblioteca\/","title":{"rendered":"TCC para a Biblioteca"},"content":{"rendered":"<p style=\"text-align: justify;\">Ap\u00f3s a banca de defesa da monografia, os trabalhos, em vers\u00e3o final, dever\u00e3o ser obrigatoriamente encaminhados ao Colegiado do Curso em formato eletr\u00f4nico (PDF) para dep\u00f3sito legal no Sistema de Bibliotecas UFPel e consequente disponibiliza\u00e7\u00e3o na base de dados.<\/p>\n<p style=\"text-align: justify;\">A vers\u00e3o final do trabalho \u00e9 que aquela que incorpora as eventuais recomenda\u00e7\u00f5es da banca de defesa e inclui a ficha catalogr\u00e1fica, confecciodada pela Biblioteca da UFPel. A solicita\u00e7\u00e3o da ficha catalogr\u00e1fica, a partir de 30 de novembro de 2023, deve ser feita em: Sistema Cobalto \u2013 Biblioteca \u2013 Cadastros \u2013 Ficha catalogr\u00e1fica.<\/p>\n<ul>\n<li><a href=\"https:\/\/wp.ufpel.edu.br\/sisbi\/files\/2023\/11\/TUTORIAL-FICHAS-2023-1.pdf\" target=\"_blank\" rel=\"noopener\">Tutorial Ficha Catalogr\u00e1fica.<\/a><\/li>\n<\/ul>\n<p style=\"text-align: justify;\">Juntamente ao arquivo final do TCC deve ser encaminhado o Termo de Autoriza\u00e7\u00e3o para inserir trabalhos acad\u00eamicos na base de dados da UFPel. Nesse termo, o aluno deve escolher <strong>APENAS UMA<\/strong> entre as tr\u00eas op\u00e7\u00f5es de autoriza\u00e7\u00e3o. O documento pode ser acessado no link a seguir:<\/p>\n<ul>\n<li><a href=\"https:\/\/wp.ufpel.edu.br\/sisbi\/files\/2021\/04\/Termo_de_autorizacao_para_inserir_TCC_e_TCCP_nas_bases_de_dados_da_UFPel_atualizado-1.pdf\" target=\"_blank\" rel=\"noopener\">Termo de Autoriza\u00e7\u00e3o<\/a>:<\/li>\n<\/ul>\n<p style=\"text-align: justify;\">A portaria que regulamenta o envio dos trabalhos acad\u00eamicos dos cursos de gradua\u00e7\u00e3o e p\u00f3s-gradua\u00e7\u00e3o para as bibliotecas pode ser acessada no link a seguir:<\/p>\n<ul>\n<li><a href=\"https:\/\/wp.ufpel.edu.br\/bibcp\/files\/2020\/02\/Portaria-2228-2019.pdf\" target=\"_blank\" rel=\"noopener\">Portaria 2228, de agosto de 2019<\/a>.<\/li>\n<\/ul>\n","protected":false},"excerpt":{"rendered":"<p>Ap\u00f3s a banca de defesa da monografia, os trabalhos, em vers\u00e3o final, dever\u00e3o ser obrigatoriamente encaminhados ao Colegiado do Curso em formato eletr\u00f4nico (PDF) para dep\u00f3sito legal no Sistema de Bibliotecas UFPel e consequente disponibiliza\u00e7\u00e3o na base de dados. A vers\u00e3o final do trabalho \u00e9 que aquela que incorpora as eventuais recomenda\u00e7\u00f5es da banca de &hellip; <\/p>\n<p><a class=\"more-link btn\" href=\"https:\/\/wp.ufpel.edu.br\/cursodeadministracao\/tcc-para-a-biblioteca\/\">Continue lendo<\/a><\/p>\n","protected":false},"author":114,"featured_media":0,"parent":0,"menu_order":0,"comment_status":"closed","ping_status":"closed","template":"","meta":{"jetpack_post_was_ever_published":false,"footnotes":""},"class_list":["post-2875","page","type-page","status-publish","hentry","nodate","item-wrap"],"jetpack_sharing_enabled":false,"jetpack_shortlink":"https:\/\/wp.me\/P79AOn-Kn","_links":{"self":[{"href":"https:\/\/wp.ufpel.edu.br\/cursodeadministracao\/wp-json\/wp\/v2\/pages\/2875","targetHints":{"allow":["GET"]}}],"collection":[{"href":"https:\/\/wp.ufpel.edu.br\/cursodeadministracao\/wp-json\/wp\/v2\/pages"}],"about":[{"href":"https:\/\/wp.ufpel.edu.br\/cursodeadministracao\/wp-json\/wp\/v2\/types\/page"}],"author":[{"embeddable":true,"href":"https:\/\/wp.ufpel.edu.br\/cursodeadministracao\/wp-json\/wp\/v2\/users\/114"}],"replies":[{"embeddable":true,"href":"https:\/\/wp.ufpel.edu.br\/cursodeadministracao\/wp-json\/wp\/v2\/comments?post=2875"}],"version-history":[{"count":10,"href":"https:\/\/wp.ufpel.edu.br\/cursodeadministracao\/wp-json\/wp\/v2\/pages\/2875\/revisions"}],"predecessor-version":[{"id":3246,"href":"https:\/\/wp.ufpel.edu.br\/cursodeadministracao\/wp-json\/wp\/v2\/pages\/2875\/revisions\/3246"}],"wp:attachment":[{"href":"https:\/\/wp.ufpel.edu.br\/cursodeadministracao\/wp-json\/wp\/v2\/media?parent=2875"}],"curies":[{"name":"wp","href":"https:\/\/api.w.org\/{rel}","templated":true}]}}