{"id":2860,"date":"2022-07-01T13:48:41","date_gmt":"2022-07-01T16:48:41","guid":{"rendered":"https:\/\/wp.ufpel.edu.br\/cursodeadministracao\/?page_id=2860"},"modified":"2025-03-17T15:38:48","modified_gmt":"2025-03-17T18:38:48","slug":"estagios","status":"publish","type":"page","link":"https:\/\/wp.ufpel.edu.br\/cursodeadministracao\/estagios\/","title":{"rendered":"Est\u00e1gios"},"content":{"rendered":"<p style=\"text-align: justify;\">O est\u00e1gio \u00e9 o ato educativo escolar supervisionado, desenvolvido no ambiente de trabalho, que visa \u00e0 prepara\u00e7\u00e3o para o trabalho produtivo do estudante. De acordo com a <strong><a href=\"http:\/\/legislacao.planalto.gov.br\/legisla\/legislacao.nsf\/Viw_Identificacao\/lei%2011.788-2008?OpenDocument\">LEI N\u00ba 11.788, DE\u00a0 25 DE SETEMBRO DE 2008,<\/a> <\/strong>s\u00e3o requisitos para a realiza\u00e7\u00e3o do est\u00e1gio:<\/p>\n<ol>\n<li style=\"text-align: justify;\">matr\u00edcula e freq\u00fc\u00eancia regular do estudante atestados pela institui\u00e7\u00e3o de ensino;<\/li>\n<li style=\"text-align: justify;\">celebra\u00e7\u00e3o de termo de compromisso entre o educando, a parte concedente do est\u00e1gio e a institui\u00e7\u00e3o de ensino;<\/li>\n<li style=\"text-align: justify;\">compatibilidade entre as atividades desenvolvidas no est\u00e1gio e aquelas previstas no termo de compromisso;<\/li>\n<li><strong>n\u00e3o interferir, sob hip\u00f3tese alguma, \u00a0no hor\u00e1rio e calend\u00e1rio escolar do estudante.<\/strong><\/li>\n<\/ol>\n<p style=\"text-align: justify;\">O Projeto Pedag\u00f3gico do Curso de Administra\u00e7\u00e3o considera o est\u00e1gio, atualmente, como n\u00e3o-obrigat\u00f3rio, podendo ser realizado em qualquer momento do curso,\u00a0 respeitados os requisitos da Lei de Est\u00e1gio. Contudo, as solicita\u00e7\u00f5es de est\u00e1gio ser\u00e3o sempre objeto de an\u00e1lise do Colegiado do Curso, que poder\u00e1 autorizar ou negar sua realiza\u00e7\u00e3o.<\/p>\n<p style=\"text-align: justify;\">O discente tamb\u00e9m deve estar atento ao <strong><a href=\"http:\/\/www.al.rs.gov.br\/filerepository\/repLegis\/arquivos\/DEC%2049.727.pdf\" target=\"_blank\" rel=\"noopener\">DECRETO N\u00ba 49.727, DE 19 DE OUTUBRO DE 2012<\/a><\/strong>, o qual disp\u00f5e sobre o est\u00e1gio educacional em \u00f3rg\u00e3os e entidades da Administra\u00e7\u00e3o P\u00fablica Estadual no Rio Grande do Sul. Em especial, sugere-se aten\u00e7\u00e3o ao artigo 11, que define:<br \/>\n&#8211; <em>A renova\u00e7\u00e3o do Termo de Compromisso fica condicionada \u00e0 aprova\u00e7\u00e3o total do aluno no ano letivo, ou aprova\u00e7\u00e3o m\u00ednima em 50% (cinquenta por cento) das disciplinas nas quais o aluno estiver matriculado, quando tratar-se de curso com aprova\u00e7\u00e3o por disciplina<\/em>.<\/p>\n<p style=\"text-align: justify;\">Da mesma forma, existem documentos indispens\u00e1veis para que o processo de autoriza\u00e7\u00e3o do est\u00e1gio seja iniciado no Colegiado do Curso. Por isso, aten\u00e7\u00e3o a estes documentos:<\/p>\n<ul>\n<li style=\"text-align: justify;\"><a href=\"https:\/\/wp.ufpel.edu.br\/cursodeadministracao\/files\/2025\/02\/Termo-de-Compromisso-UFPel-como-INSTITUICAO-DE-ENSINO.doc\" target=\"_blank\" rel=\"noopener\">Termo de Compromisso de Est\u00e1gio-TCE<\/a>; e,<\/li>\n<li><a href=\"https:\/\/wp.ufpel.edu.br\/cursodeadministracao\/files\/2022\/09\/Plano-de-Estagio.docx\" target=\"_blank\" rel=\"noopener\">Plano de Est\u00e1gio.<\/a><\/li>\n<\/ul>\n<p style=\"text-align: justify;\">Depois de iniciado o est\u00e1gio, o(a) estagi\u00e1rio(a) dever\u00e1 apresentar, a cada seis meses, o relat\u00f3rio das atividades de est\u00e1gio conforme modelo que segue:<\/p>\n<ul>\n<li><a href=\"https:\/\/wp.ufpel.edu.br\/cursodeadministracao\/files\/2023\/08\/Modelo-de-Acompanhamento-e-Avaliacao-do-Estagiario.docx\" target=\"_blank\" rel=\"noopener\">Modelo de Acompanhamento e Avalia\u00e7\u00e3o do Estagi\u00e1rio.<\/a><\/li>\n<\/ul>\n<p style=\"text-align: justify;\">Os agentes de integra\u00e7\u00e3o que intermediam os est\u00e1gios podem, quando for o caso, utilizar os modelos pr\u00f3prios de acompanhamento e avalia\u00e7\u00e3o do estagi\u00e1rio. Vale ressaltar que, sempre que o est\u00e1gio for rescindido antes do prazo final por qualquer uma das partes, o documento de acompanhamento e avalia\u00e7\u00e3o dever\u00e1 ser entregue juntamente com o Termo de Distrato de Est\u00e1gio, ou Termo de Rescis\u00e3o.<\/p>\n<p>Outros documentos \u00fateis:<\/p>\n<ul>\n<li><a href=\"https:\/\/wp.ufpel.edu.br\/cursodeadministracao\/files\/2022\/12\/Carta-de-Apresentacao-Discente-para-Estagio.docx\" target=\"_blank\" rel=\"noopener\">Carta de Apresenta\u00e7\u00e3o Discente para Est\u00e1gio;<\/a><\/li>\n<li><a href=\"https:\/\/wp.ufpel.edu.br\/cursodeadministracao\/files\/2022\/12\/Modelo-de-Termo-Aditivo-de-Estagio.doc\" target=\"_blank\" rel=\"noopener\">Modelo de Termo Aditivo de Est\u00e1gio;<\/a><\/li>\n<li><a href=\"https:\/\/wp.ufpel.edu.br\/cursodeadministracao\/files\/2022\/12\/Modelo-de-Termo-de-Distrato-de-Estagio.doc\" target=\"_blank\" rel=\"noopener\">Modelo de Termo de Distrato de Est\u00e1gio.<\/a><\/li>\n<\/ul>\n<p style=\"text-align: justify;\">Caso voc\u00ea tenha alguma outra d\u00favida sobre Est\u00e1gios na UFPel, consulte os documentos orientadores a seguir:<\/p>\n<ul>\n<li><a href=\"https:\/\/wp.ufpel.edu.br\/cursodeadministracao\/files\/2025\/02\/SEI_2848555_Resolucao_87.2024COCEPE.pdf\" target=\"_blank\" rel=\"noopener\">Resolu\u00e7\u00e3o COCEPE nr. 87, de 14 de novembro de 2024<\/a>;<\/li>\n<li><a href=\"https:\/\/wp.ufpel.edu.br\/cec\/files\/2013\/04\/estagio_na_ufpel.pdf\">Est\u00e1gio na UFPel<\/a>;<\/li>\n<li><a href=\"https:\/\/wp.ufpel.edu.br\/cursodeadministracao\/files\/2022\/07\/cartilha_lei_estagio.pdf\">Cartilha Lei do Est\u00e1gio<\/a>.<\/li>\n<\/ul>\n","protected":false},"excerpt":{"rendered":"<p>O est\u00e1gio \u00e9 o ato educativo escolar supervisionado, desenvolvido no ambiente de trabalho, que visa \u00e0 prepara\u00e7\u00e3o para o trabalho produtivo do estudante. De acordo com a LEI N\u00ba 11.788, DE\u00a0 25 DE SETEMBRO DE 2008, s\u00e3o requisitos para a realiza\u00e7\u00e3o do est\u00e1gio: matr\u00edcula e freq\u00fc\u00eancia regular do estudante atestados pela institui\u00e7\u00e3o de ensino; celebra\u00e7\u00e3o &hellip; <\/p>\n<p><a class=\"more-link btn\" href=\"https:\/\/wp.ufpel.edu.br\/cursodeadministracao\/estagios\/\">Continue lendo<\/a><\/p>\n","protected":false},"author":114,"featured_media":0,"parent":0,"menu_order":0,"comment_status":"closed","ping_status":"closed","template":"","meta":{"jetpack_post_was_ever_published":false,"footnotes":""},"class_list":["post-2860","page","type-page","status-publish","hentry","nodate","item-wrap"],"jetpack_sharing_enabled":false,"jetpack_shortlink":"https:\/\/wp.me\/P79AOn-K8","_links":{"self":[{"href":"https:\/\/wp.ufpel.edu.br\/cursodeadministracao\/wp-json\/wp\/v2\/pages\/2860","targetHints":{"allow":["GET"]}}],"collection":[{"href":"https:\/\/wp.ufpel.edu.br\/cursodeadministracao\/wp-json\/wp\/v2\/pages"}],"about":[{"href":"https:\/\/wp.ufpel.edu.br\/cursodeadministracao\/wp-json\/wp\/v2\/types\/page"}],"author":[{"embeddable":true,"href":"https:\/\/wp.ufpel.edu.br\/cursodeadministracao\/wp-json\/wp\/v2\/users\/114"}],"replies":[{"embeddable":true,"href":"https:\/\/wp.ufpel.edu.br\/cursodeadministracao\/wp-json\/wp\/v2\/comments?post=2860"}],"version-history":[{"count":35,"href":"https:\/\/wp.ufpel.edu.br\/cursodeadministracao\/wp-json\/wp\/v2\/pages\/2860\/revisions"}],"predecessor-version":[{"id":3504,"href":"https:\/\/wp.ufpel.edu.br\/cursodeadministracao\/wp-json\/wp\/v2\/pages\/2860\/revisions\/3504"}],"wp:attachment":[{"href":"https:\/\/wp.ufpel.edu.br\/cursodeadministracao\/wp-json\/wp\/v2\/media?parent=2860"}],"curies":[{"name":"wp","href":"https:\/\/api.w.org\/{rel}","templated":true}]}}