{"id":2586,"date":"2019-10-04T17:56:12","date_gmt":"2019-10-04T20:56:12","guid":{"rendered":"https:\/\/wp.ufpel.edu.br\/cursodeadministracao\/?page_id=2586"},"modified":"2022-08-24T08:24:03","modified_gmt":"2022-08-24T11:24:03","slug":"enade","status":"publish","type":"page","link":"https:\/\/wp.ufpel.edu.br\/cursodeadministracao\/enade\/","title":{"rendered":"ENADE 2022"},"content":{"rendered":"<p style=\"text-align: justify;\">Em breve, disponibilizaremos informa\u00e7\u00f5es referentes ao ENADE &#8211; Exame Nacional de Desempenho dos Estudantes, Edi\u00e7\u00e3o 2022.<\/p>\n<p><strong>QUEM \u00c9 CONSIDERADO INGRESSANTE PARA O ENADE 2022?<\/strong><\/p>\n<p style=\"text-align: justify;\">Aqueles que tenham iniciado o respectivo curso no ano de 2022, estejam devidamente matriculados <strong>E<\/strong> tenham de 0 a 25% da carga hor\u00e1ria m\u00ednima do curr\u00edculo do curso integralizada at\u00e9 o \u00faltimo dia do per\u00edodo de retifica\u00e7\u00e3o de inscri\u00e7\u00f5es do Enade 2022, que \u00e9 em 31\/08\/2022.<\/p>\n<p><strong>QUEM \u00c9 CONSIDERADO CONCLUINTE PARA O ENADE 2022?<\/strong><\/p>\n<p style=\"text-align: justify;\">Aqueles que tenham integralizado 80% ou mais da carga hor\u00e1ria m\u00ednima do curr\u00edculo do curso definido pela IES e n\u00e3o tenham colado grau at\u00e9 o \u00faltimo dia do per\u00edodo de retifica\u00e7\u00e3o de inscri\u00e7\u00f5es do Enade 2022 (31\/08\/2022), <strong>OU<\/strong> aqueles com previs\u00e3o de integraliza\u00e7\u00e3o de 100% da carga hor\u00e1ria do curso at\u00e9 julho de 2023.<img loading=\"lazy\" decoding=\"async\" class=\"aligncenter wp-image-2885\" src=\"https:\/\/wp.ufpel.edu.br\/cursodeadministracao\/files\/2022\/07\/ENADE-2022.jpg\" alt=\"\" width=\"396\" height=\"587\" srcset=\"https:\/\/wp.ufpel.edu.br\/cursodeadministracao\/files\/2022\/07\/ENADE-2022.jpg 899w, https:\/\/wp.ufpel.edu.br\/cursodeadministracao\/files\/2022\/07\/ENADE-2022-203x300.jpg 203w, https:\/\/wp.ufpel.edu.br\/cursodeadministracao\/files\/2022\/07\/ENADE-2022-692x1024.jpg 692w, https:\/\/wp.ufpel.edu.br\/cursodeadministracao\/files\/2022\/07\/ENADE-2022-768x1137.jpg 768w, https:\/\/wp.ufpel.edu.br\/cursodeadministracao\/files\/2022\/07\/ENADE-2022-750x1110.jpg 750w\" sizes=\"auto, (max-width: 396px) 100vw, 396px\" \/><\/p>\n<p style=\"text-align: center;\"><span style=\"color: #ff0000; font-size: 24pt;\"><strong>CONFIRA SE VOC\u00ca EST\u00c1 INSCRITO:<\/strong><\/span><\/p>\n<p style=\"text-align: center;\"><a href=\"https:\/\/wp.ufpel.edu.br\/cursodeadministracao\/files\/2022\/08\/ALUNOS-INGRESSANTES-DE-ADMINISTRACAO-INSCRITOS.pdf\" target=\"_blank\" rel=\"noopener\">ALUNOS INGRESSANTES INSCRITOS<\/a><\/p>\n<p style=\"text-align: center;\"><a href=\"https:\/\/wp.ufpel.edu.br\/cursodeadministracao\/files\/2022\/08\/ALUNOS-CONCLUINTES-DE-ADM-INSCRITOS.pdf\" target=\"_blank\" rel=\"noopener\">ALUNOS CONCLUINTES INSCRITOS<\/a><\/p>\n","protected":false},"excerpt":{"rendered":"<p>Em breve, disponibilizaremos informa\u00e7\u00f5es referentes ao ENADE &#8211; Exame Nacional de Desempenho dos Estudantes, Edi\u00e7\u00e3o 2022. QUEM \u00c9 CONSIDERADO INGRESSANTE PARA O ENADE 2022? Aqueles que tenham iniciado o respectivo curso no ano de 2022, estejam devidamente matriculados E tenham de 0 a 25% da carga hor\u00e1ria m\u00ednima do curr\u00edculo do curso integralizada at\u00e9 o &hellip; <\/p>\n<p><a class=\"more-link btn\" href=\"https:\/\/wp.ufpel.edu.br\/cursodeadministracao\/enade\/\">Continue lendo<\/a><\/p>\n","protected":false},"author":114,"featured_media":0,"parent":0,"menu_order":0,"comment_status":"closed","ping_status":"closed","template":"","meta":{"jetpack_post_was_ever_published":false,"footnotes":""},"class_list":["post-2586","page","type-page","status-publish","hentry","nodate","item-wrap"],"jetpack_sharing_enabled":true,"jetpack_shortlink":"https:\/\/wp.me\/P79AOn-FI","_links":{"self":[{"href":"https:\/\/wp.ufpel.edu.br\/cursodeadministracao\/wp-json\/wp\/v2\/pages\/2586","targetHints":{"allow":["GET"]}}],"collection":[{"href":"https:\/\/wp.ufpel.edu.br\/cursodeadministracao\/wp-json\/wp\/v2\/pages"}],"about":[{"href":"https:\/\/wp.ufpel.edu.br\/cursodeadministracao\/wp-json\/wp\/v2\/types\/page"}],"author":[{"embeddable":true,"href":"https:\/\/wp.ufpel.edu.br\/cursodeadministracao\/wp-json\/wp\/v2\/users\/114"}],"replies":[{"embeddable":true,"href":"https:\/\/wp.ufpel.edu.br\/cursodeadministracao\/wp-json\/wp\/v2\/comments?post=2586"}],"version-history":[{"count":14,"href":"https:\/\/wp.ufpel.edu.br\/cursodeadministracao\/wp-json\/wp\/v2\/pages\/2586\/revisions"}],"predecessor-version":[{"id":2959,"href":"https:\/\/wp.ufpel.edu.br\/cursodeadministracao\/wp-json\/wp\/v2\/pages\/2586\/revisions\/2959"}],"wp:attachment":[{"href":"https:\/\/wp.ufpel.edu.br\/cursodeadministracao\/wp-json\/wp\/v2\/media?parent=2586"}],"curies":[{"name":"wp","href":"https:\/\/api.w.org\/{rel}","templated":true}]}}