{"id":189,"date":"2011-12-29T02:56:59","date_gmt":"2011-12-29T04:56:59","guid":{"rendered":"https:\/\/wp.ufpel.edu.br\/cursodeadministracao\/"},"modified":"2026-03-10T14:28:02","modified_gmt":"2026-03-10T17:28:02","slug":"contato","status":"publish","type":"page","link":"https:\/\/wp.ufpel.edu.br\/cursodeadministracao\/contato\/","title":{"rendered":"Contato"},"content":{"rendered":"<h6><span style=\"color: #003366;\"><strong>Prof. Alexandre Xavier Vieira Braga, Dr.<\/strong><\/span><br \/>\nCoordenador do Colegiado do Curso<br \/>\nWhatsApp +55 53 9923-5604<\/h6>\n<h6><strong><span style=\"color: #003366;\">E-mail Colegiado: <\/span><\/strong><span style=\"color: #003366;\"><a href=\"mailto:colegiadosccso@gmail.com\">colegiadosccso@gmail.com<\/a><\/span><\/h6>\n<h6><span style=\"color: #003366;\"><strong><br \/>\nColegiado do Curso de Administra\u00e7\u00e3o<\/strong><\/span><br \/>\n(53) 3284-3857<\/h6>\n<h6><span style=\"color: #003366;\"><strong><br \/>\nDire\u00e7\u00e3o do Centro de Ci\u00eancias S\u00f3cio-Organizacionais<br \/>\n<\/strong><\/span>(53) 3284-3850<\/h6>\n<h6><span style=\"color: #003366;\"><strong>Endere\u00e7o:<\/strong> <\/span>Rua Gomes Carneiro, n\u00ba 01, sala 416 &#8211;\u00a0 Campus Porto &#8211; CEP:\u00a096010-610 &#8211; 4\u00ba andar<\/h6>\n<h6 style=\"text-align: justify;\"><span style=\"color: #003366;\"><strong><br \/>\nHor\u00e1rio de Atendimento Presencial: <\/strong><span style=\"color: #000000;\">De segunda a sexta-feira, das 9h00 \u00e0s 21h00.<\/span><\/span><\/h6>\n<p>&nbsp;<\/p>\n<p>&nbsp;<\/p>\n<p><span style=\"color: #003366;\">\u00a0<\/span><\/p>\n","protected":false},"excerpt":{"rendered":"<p>Prof. Alexandre Xavier Vieira Braga, Dr. Coordenador do Colegiado do Curso WhatsApp +55 53 9923-5604 E-mail Colegiado: colegiadosccso@gmail.com Colegiado do Curso de Administra\u00e7\u00e3o (53) 3284-3857 Dire\u00e7\u00e3o do Centro de Ci\u00eancias S\u00f3cio-Organizacionais (53) 3284-3850 Endere\u00e7o: Rua Gomes Carneiro, n\u00ba 01, sala 416 &#8211;\u00a0 Campus Porto &#8211; CEP:\u00a096010-610 &#8211; 4\u00ba andar Hor\u00e1rio de Atendimento Presencial: De segunda &hellip; <\/p>\n<p><a class=\"more-link btn\" href=\"https:\/\/wp.ufpel.edu.br\/cursodeadministracao\/contato\/\">Continue lendo<\/a><\/p>\n","protected":false},"author":114,"featured_media":0,"parent":0,"menu_order":11,"comment_status":"closed","ping_status":"closed","template":"","meta":{"jetpack_post_was_ever_published":false,"footnotes":""},"class_list":["post-189","page","type-page","status-publish","hentry","nodate","item-wrap"],"jetpack_sharing_enabled":false,"jetpack_shortlink":"https:\/\/wp.me\/P79AOn-33","_links":{"self":[{"href":"https:\/\/wp.ufpel.edu.br\/cursodeadministracao\/wp-json\/wp\/v2\/pages\/189","targetHints":{"allow":["GET"]}}],"collection":[{"href":"https:\/\/wp.ufpel.edu.br\/cursodeadministracao\/wp-json\/wp\/v2\/pages"}],"about":[{"href":"https:\/\/wp.ufpel.edu.br\/cursodeadministracao\/wp-json\/wp\/v2\/types\/page"}],"author":[{"embeddable":true,"href":"https:\/\/wp.ufpel.edu.br\/cursodeadministracao\/wp-json\/wp\/v2\/users\/114"}],"replies":[{"embeddable":true,"href":"https:\/\/wp.ufpel.edu.br\/cursodeadministracao\/wp-json\/wp\/v2\/comments?post=189"}],"version-history":[{"count":4,"href":"https:\/\/wp.ufpel.edu.br\/cursodeadministracao\/wp-json\/wp\/v2\/pages\/189\/revisions"}],"predecessor-version":[{"id":3679,"href":"https:\/\/wp.ufpel.edu.br\/cursodeadministracao\/wp-json\/wp\/v2\/pages\/189\/revisions\/3679"}],"wp:attachment":[{"href":"https:\/\/wp.ufpel.edu.br\/cursodeadministracao\/wp-json\/wp\/v2\/media?parent=189"}],"curies":[{"name":"wp","href":"https:\/\/api.w.org\/{rel}","templated":true}]}}