{"id":15,"date":"2011-05-24T15:50:00","date_gmt":"2011-05-24T18:50:00","guid":{"rendered":"https:\/\/wp.ufpel.edu.br\/cursodeadministracao\/"},"modified":"2024-03-08T15:39:10","modified_gmt":"2024-03-08T18:39:10","slug":"documentos","status":"publish","type":"page","link":"https:\/\/wp.ufpel.edu.br\/cursodeadministracao\/documentos\/","title":{"rendered":"Projeto Pedag\u00f3gico"},"content":{"rendered":"<p>Projeto Pedag\u00f3gico do Curso a partir de 2022\/2 (NOVO) <a href=\"https:\/\/wp.ufpel.edu.br\/cursodeadministracao\/files\/2024\/03\/Projeto-Pedagogico-do-Curso-de-Administracao.pdf\" target=\"_blank\" rel=\"noopener\">download<\/a><\/p>\n<p>Projeto Pedag\u00f3gico do Curso at\u00e9 2022\/1 (ANTIGO) <a href=\"https:\/\/wp.ufpel.edu.br\/cursodeadministracao\/files\/2011\/05\/NOVO-PPC-ADM-06-de-mar\u00e7o-de-2014-1905-FINAL.pdf\">download<\/a><\/p>\n<p>Matriz Curricular adotada de\u00a02011\/1 a 2014\/01 \u00a0<a href=\"https:\/\/wp.ufpel.edu.br\/cursodeadministracao\/files\/2011\/05\/Nova-Matriz-Curricular-Adm.-2011-vers\u00e3o-28-02.pdf\">download<\/a><\/p>\n<p>Matriz Curricular anterior a 2011\/1\u00a0\u00a0 <a href=\"https:\/\/wp.ufpel.edu.br\/cursodeadministracao\/files\/2011\/05\/MATRIZ-CURRICULAR_ADM-UFPEL20081.pdf\">download<\/a><\/p>\n<p>Curr\u00edculo do Curso Diurno (4510) <a href=\"https:\/\/wp.ufpel.edu.br\/cursodeadministracao\/files\/2023\/03\/curriculo_curso_4510-8.pdf\">download<\/a><\/p>\n<p>Curr\u00edculo do Curso Noturno (4520) <a href=\"https:\/\/wp.ufpel.edu.br\/cursodeadministracao\/files\/2023\/03\/curriculo_curso_4520-2.pdf\">download<\/a><\/p>\n<p>Projeto Pedag\u00f3gico do Curso at\u00e9 2014\/1 (ANTIGO): <a href=\"https:\/\/wp.ufpel.edu.br\/cursodeadministracao\/files\/2011\/05\/Novo-PPC-Adm.-2011-08-02.pdf\">download<\/a><\/p>\n<p>Caracteriza\u00e7\u00f5es Curr\u00edculo 5 e Quadro de Equival\u00eancias Assinados\u00a0<a href=\"https:\/\/drive.google.com\/open?id=19Bte8Nolnq6Fh44k-IMqrowoLYUZ3WND\" target=\"_blank\" rel=\"noopener noreferrer\">download<\/a><\/p>\n","protected":false},"excerpt":{"rendered":"<p>Projeto Pedag\u00f3gico do Curso a partir de 2022\/2 (NOVO) download Projeto Pedag\u00f3gico do Curso at\u00e9 2022\/1 (ANTIGO) download Matriz Curricular adotada de\u00a02011\/1 a 2014\/01 \u00a0download Matriz Curricular anterior a 2011\/1\u00a0\u00a0 download Curr\u00edculo do Curso Diurno (4510) download Curr\u00edculo do Curso Noturno (4520) download Projeto Pedag\u00f3gico do Curso at\u00e9 2014\/1 (ANTIGO): download Caracteriza\u00e7\u00f5es Curr\u00edculo 5 e &hellip; <\/p>\n<p><a class=\"more-link btn\" href=\"https:\/\/wp.ufpel.edu.br\/cursodeadministracao\/documentos\/\">Continue lendo<\/a><\/p>\n","protected":false},"author":114,"featured_media":0,"parent":0,"menu_order":1,"comment_status":"closed","ping_status":"closed","template":"","meta":{"jetpack_post_was_ever_published":false,"footnotes":""},"class_list":["post-15","page","type-page","status-publish","hentry","nodate","item-wrap"],"jetpack_sharing_enabled":true,"jetpack_shortlink":"https:\/\/wp.me\/P79AOn-f","_links":{"self":[{"href":"https:\/\/wp.ufpel.edu.br\/cursodeadministracao\/wp-json\/wp\/v2\/pages\/15","targetHints":{"allow":["GET"]}}],"collection":[{"href":"https:\/\/wp.ufpel.edu.br\/cursodeadministracao\/wp-json\/wp\/v2\/pages"}],"about":[{"href":"https:\/\/wp.ufpel.edu.br\/cursodeadministracao\/wp-json\/wp\/v2\/types\/page"}],"author":[{"embeddable":true,"href":"https:\/\/wp.ufpel.edu.br\/cursodeadministracao\/wp-json\/wp\/v2\/users\/114"}],"replies":[{"embeddable":true,"href":"https:\/\/wp.ufpel.edu.br\/cursodeadministracao\/wp-json\/wp\/v2\/comments?post=15"}],"version-history":[{"count":51,"href":"https:\/\/wp.ufpel.edu.br\/cursodeadministracao\/wp-json\/wp\/v2\/pages\/15\/revisions"}],"predecessor-version":[{"id":3281,"href":"https:\/\/wp.ufpel.edu.br\/cursodeadministracao\/wp-json\/wp\/v2\/pages\/15\/revisions\/3281"}],"wp:attachment":[{"href":"https:\/\/wp.ufpel.edu.br\/cursodeadministracao\/wp-json\/wp\/v2\/media?parent=15"}],"curies":[{"name":"wp","href":"https:\/\/api.w.org\/{rel}","templated":true}]}}