{"id":395,"date":"2024-04-02T11:43:20","date_gmt":"2024-04-02T14:43:20","guid":{"rendered":"https:\/\/wp.ufpel.edu.br\/cursocapacitacaoanimaisufpel3ed\/?page_id=395"},"modified":"2024-04-03T09:00:11","modified_gmt":"2024-04-03T12:00:11","slug":"animais-silvestres","status":"publish","type":"page","link":"https:\/\/wp.ufpel.edu.br\/cursocapacitacaoanimaisufpel3ed\/animais-silvestres\/","title":{"rendered":"M\u00f3dulo Animais Silvestres"},"content":{"rendered":"<h2 style=\"text-align: center;\"><strong>M\u00f3dulo Animais Silvestres &#8211; Palestrantes\u00a0<\/strong><\/h2>\n<p><img class=\"alignnone wp-image-265 size-thumbnail\" src=\"https:\/\/wp.ufpel.edu.br\/cursocapacitacaoanimaisufpel3ed\/files\/2024\/03\/Anna-Cecilia-Leite-Santos-200x200.gif\" alt=\"\" width=\"200\" height=\"200\" \/><\/p>\n<p><strong>ANNA CEC\u00cdLIA LEITE &#8211; EMPRESA BIOADAPT<\/strong><\/p>\n<p><strong>Link Lattes:<\/strong>\u00a0<a href=\"http:\/\/lattes.cnpq.br\/6153056847036187\" target=\"_blank\" rel=\"noopener\">http:\/\/lattes.cnpq.br\/6153056847036187<\/a><\/p>\n<p>Biol\u00f3ga, especializa\u00e7\u00e3o em Conserva\u00e7\u00e3o e Manejo de Fauna (2012). Atualmente \u00e9 propriet\u00e1ria da Bioadapt (2013), empresa dedicada a consultorias e desenvolvimento de Programas de Bem-estar animal. \u00c9 autora de dois livros que s\u00e3o focados em bem-estar animal: &#8220;Enriquecimento Ambiental: ideias para colocar em pr\u00e1tica hoje &#8211; Riozoo 2019&#8221; e &#8220;Grandes Primatas mantidos sob cuidados humanos &#8211; USP 2020&#8221;.<\/p>\n<p>&nbsp;<\/p>\n<p><img class=\"alignnone wp-image-269 size-thumbnail\" src=\"https:\/\/wp.ufpel.edu.br\/cursocapacitacaoanimaisufpel3ed\/files\/2024\/03\/Ana-Paula-Morel-200x200.jpg\" alt=\"\" width=\"200\" height=\"200\" \/><\/p>\n<p><strong>ANA PAULA MOREL- UNIVERSIDADE FEDERAL DE PELOTAS<\/strong><\/p>\n<p><strong>Link Lattes: <\/strong><a href=\"http:\/\/lattes.cnpq.br\/6531070576166346\" target=\"_blank\" rel=\"noopener\">http:\/\/lattes.cnpq.br\/6531070576166346<\/a><\/p>\n<p>M\u00e9dica Veterin\u00e1ria, especializa\u00e7\u00e3o em Animais Silvestres na Cl\u00ednica Veterin\u00e1ria pela ANCLIVEPA-SP (2010-2011), especializa\u00e7\u00e3o em Anestesiologia Veterin\u00e1ria pela Qualittas-RS (2017-2018), mestre na \u00e1rea de Vetores e Doen\u00e7as Vetoriais no Instituto de Pesquisas Veterin\u00e1rias Desid\u00e9rio Finamor (2019), especializa\u00e7\u00e3o em Anestesia Regional Veterin\u00e1ria pelo IEP Ranvier (SP) (2022). Doutoranda em Medicina de Animais Silvestres pelo PPGV-UFPEL. Docente nos cursos de especializa\u00e7\u00e3o em Anestesiologia (IBMVET-RS) &#8211; Anestesia de Pets N\u00e3o-Convencionais, Medicina de Pets N\u00e3o-Convencionais (CETAC-SP) &#8211; Medicina de Aves de Rapina e Anestesia Locorregional em Animais Silvestres, Emerg\u00eancia, Intensivismo e Anestesiologia de Animais Silvestres (FAMESP-SP).<\/p>\n<p>&nbsp;<\/p>\n<p><img class=\"alignnone wp-image-270 size-thumbnail\" src=\"https:\/\/wp.ufpel.edu.br\/cursocapacitacaoanimaisufpel3ed\/files\/2024\/03\/Fernanda-Ribeiro-da-Silva-200x200.jpg\" alt=\"\" width=\"200\" height=\"200\" srcset=\"https:\/\/wp.ufpel.edu.br\/cursocapacitacaoanimaisufpel3ed\/files\/2024\/03\/Fernanda-Ribeiro-da-Silva-200x200.jpg 200w, https:\/\/wp.ufpel.edu.br\/cursocapacitacaoanimaisufpel3ed\/files\/2024\/03\/Fernanda-Ribeiro-da-Silva-400x400.jpg 400w, https:\/\/wp.ufpel.edu.br\/cursocapacitacaoanimaisufpel3ed\/files\/2024\/03\/Fernanda-Ribeiro-da-Silva-1024x1024.jpg 1024w, https:\/\/wp.ufpel.edu.br\/cursocapacitacaoanimaisufpel3ed\/files\/2024\/03\/Fernanda-Ribeiro-da-Silva-768x768.jpg 768w, https:\/\/wp.ufpel.edu.br\/cursocapacitacaoanimaisufpel3ed\/files\/2024\/03\/Fernanda-Ribeiro-da-Silva.jpg 1080w\" sizes=\"(max-width: 200px) 100vw, 200px\" \/><\/p>\n<p><strong>FERNANDA RIBEIRO DA SILVA\u00a0 &#8211; BIOL\u00d3GA AUT\u00d4NOMA<\/strong><\/p>\n<p><strong>Link Lattes: <\/strong><a href=\"http:\/\/lattes.cnpq.br\/8306268206784590\" target=\"_blank\" rel=\"noopener\">http:\/\/lattes.cnpq.br\/8306268206784590<\/a><\/p>\n<p>Bi\u00f3loga e zootecnista, mestre em Biologia Animal (2019) pela Universidade Federal do Rio Grande do Sul &#8211; UFRGS. Desenvolveu trabalhos sobre comportamento animal. Atua como zootecnista atendendo animais de companhia e animais silvestres com rela\u00e7\u00e3o ao manejo nutricional e comportamental de forma aut\u00f4noma.<\/p>\n<p>&nbsp;<\/p>\n<p><img class=\"alignnone wp-image-278\" src=\"https:\/\/wp.ufpel.edu.br\/cursocapacitacaoanimaisufpel3ed\/files\/2024\/03\/Moira-Ansolch-da-Silva-Oliveira-257x400.jpg\" alt=\"\" width=\"200\" height=\"310\" srcset=\"https:\/\/wp.ufpel.edu.br\/cursocapacitacaoanimaisufpel3ed\/files\/2024\/03\/Moira-Ansolch-da-Silva-Oliveira-257x400.jpg 257w, https:\/\/wp.ufpel.edu.br\/cursocapacitacaoanimaisufpel3ed\/files\/2024\/03\/Moira-Ansolch-da-Silva-Oliveira.jpg 365w\" sizes=\"(max-width: 200px) 100vw, 200px\" \/><\/p>\n<p><strong>MOIRA ANSOLCH DA SILVA OLIVEIRA &#8211; SECRETARIA DO MEIO AMBIENTE E INFRAESTRUTURA (SEMA\/RS)<\/strong><\/p>\n<p><strong>Link Lattes: <\/strong><a href=\"http:\/\/lattes.cnpq.br\/9866725046161928\" target=\"_blank\" rel=\"noopener\">http:\/\/lattes.cnpq.br\/9866725046161928<\/a><\/p>\n<p>M\u00e9dica Veterin\u00e1ria e especializa\u00e7\u00e3o em Cl\u00ednica de Animais Silvestres pela Anclivepa SP. Atualmente trabalha na Divis\u00e3o de Fauna Silvestre da Secretaria de Meio Ambiente do RS, atuando no licenciamento de empreendimentos de fauna, fiscaliza\u00e7\u00e3o contra o tr\u00e1fico de animais silvestres al\u00e9m de resgate e destina\u00e7\u00e3o de fauna em todo territ\u00f3rio do RS. Coordena o Grupo de Trabalho em Sa\u00fade da Sociedade Brasileira de Primatologia e participa a Comiss\u00e3o de Animais Silvestres do CRMV &#8211; RS.<\/p>\n<p>&nbsp;<\/p>\n<p><img class=\"alignnone wp-image-279 size-thumbnail\" src=\"https:\/\/wp.ufpel.edu.br\/cursocapacitacaoanimaisufpel3ed\/files\/2024\/03\/Paulo-Quadros-de-Menezes-200x200.jpg\" alt=\"\" width=\"200\" height=\"200\" \/><\/p>\n<p><strong>PAULO QUADRO DE MENEZES &#8211; UNIVERSIDADE FEDERAL DO ESP\u00cdRITO SANTO<\/strong><\/p>\n<p><strong>Link Lattes: <\/strong><a href=\"http:\/\/lattes.cnpq.br\/1893373256404779\" target=\"_blank\" rel=\"noopener\">http:\/\/lattes.cnpq.br\/1893373256404779<\/a><\/p>\n<p>M\u00e9dico Veterin\u00e1rio, especialista em medicina de animais silvestres, pelo N\u00facleo de Reabilita\u00e7\u00e3o da Fauna Silvestre e Centro de Triagem de Animais Silvestres &#8211; NURFS\/CETAS &#8211; UFPel (2019). Mestre em Ci\u00eancias pelo programa de Biologia Animal da UFPel (2020). P\u00f3s-graduado em Zoologia pela Faculdade Faculminas (2021). Participou do Projeto Caiman: jacar\u00e9s da Mata Atl\u00e2ntica, do Instituto Marcos Daniel (IMD) no desenvolvimento de linhas de pesquisa voltadas \u00e0 sa\u00fade e ecologia de jacar\u00e9s-do-papo-amarelo e jacar\u00e9s-do-pantanal. Atualmente \u00e9 doutorando em Biologia Animal pela Universidade Federal do Esp\u00edrito Santo \u2013 UFES \u00e9 pesquisador no Projeto Harpia &#8211; Mata Atl\u00e2ntica, pelo qual desenvolve a pesquisa de doutorado, atuando principalmente na busca e monitoramento de harpia e outras \u00e1guias florestais, utilizando metodologias inovadoras, incluindo o uso de drones com recursos de \u00faltima gera\u00e7\u00e3o e c\u00e2meras armadilhas colocadas em copas, em \u00e1reas protegidas.<\/p>\n<p>&nbsp;<\/p>\n<p><img class=\"alignnone wp-image-281\" src=\"https:\/\/wp.ufpel.edu.br\/cursocapacitacaoanimaisufpel3ed\/files\/2024\/03\/Joao-Fabio-Soares-274x400.jpg\" alt=\"\" width=\"200\" height=\"292\" srcset=\"https:\/\/wp.ufpel.edu.br\/cursocapacitacaoanimaisufpel3ed\/files\/2024\/03\/Joao-Fabio-Soares-274x400.jpg 274w, https:\/\/wp.ufpel.edu.br\/cursocapacitacaoanimaisufpel3ed\/files\/2024\/03\/Joao-Fabio-Soares.jpg 388w\" sizes=\"(max-width: 200px) 100vw, 200px\" \/><\/p>\n<p><strong>JO\u00c3O F\u00c1BIO SOARES &#8211; UNIVERSIDADE FEDERAL DO RIO GRANDE DO SUL<\/strong><\/p>\n<p><strong>Link Lattes: <\/strong><a href=\"http:\/\/lattes.cnpq.br\/0730921999502884\" target=\"_blank\" rel=\"noopener\">http:\/\/lattes.cnpq.br\/0730921999502884<\/a><\/p>\n<p>M\u00e9dico Veterin\u00e1ro, mestre (2011) e doutor (2014) na \u00e1rea de Doen\u00e7as Parasit\u00e1rias pelo programa de P\u00f3s-Gradua\u00e7\u00e3o em Epidemiologia Experimental Aplicada \u00e0s Zoonoses do Departamento de Medicina Veterin\u00e1ria Preventiva e Sa\u00fade Animal &#8211; VPS da Faculdade de Medicina Veterin\u00e1ria e Zootecnia- FMVZ da Universidade de S\u00e3o Paulo &#8211; USP. Experi\u00eancia na \u00e1rea de parasitologia e doen\u00e7as parasit\u00e1rias, com \u00eanfase hemoprotozo\u00e1rios e doen\u00e7as transmitidas por ixodidas, em especial<em> Rangelia vitalii<\/em>, bem como parasitos de animais silvestres.<\/p>\n<p>&nbsp;<\/p>\n<p><img class=\"alignnone wp-image-285 size-thumbnail\" src=\"https:\/\/wp.ufpel.edu.br\/cursocapacitacaoanimaisufpel3ed\/files\/2024\/03\/Rafael-Kretschmer-200x200.jpg\" alt=\"\" width=\"200\" height=\"200\" \/><\/p>\n<p><strong>RAFAEL KRETSCHMER &#8211; UNIVERSIDADE FEDERAL DE PELOTAS\u00a0<\/strong><\/p>\n<p><strong>Link Lattes: <\/strong><a href=\"http:\/\/lattes.cnpq.br\/0151366130929448\" target=\"_blank\" rel=\"noopener\">http:\/\/lattes.cnpq.br\/0151366130929448<\/a><\/p>\n<p>Bi\u00f3logo e Bacharel em Gest\u00e3o Ambiental, mestre em Ci\u00eancias Biol\u00f3gicas &#8211; Gen\u00e9tica pela Universidade Federal do Pampa (2014). doutor em Gen\u00e9tica e Biologia Molecular pela Universidade Federal do Rio Grande do Sul (UFRGS), com per\u00edodo de doutorado sandu\u00edche na University of Cambridge (UK) (2018).\u00a0Experi\u00eancia em Gen\u00e9tica Animal, com \u00eanfase em citogen\u00e9tica molecular e citogen\u00f4mica, organiza\u00e7\u00e3o gen\u00f4mica, e evolu\u00e7\u00e3o de aves.<\/p>\n","protected":false},"excerpt":{"rendered":"<p>M\u00f3dulo Animais Silvestres &#8211; Palestrantes\u00a0 ANNA CEC\u00cdLIA LEITE &#8211; EMPRESA BIOADAPT Link Lattes:\u00a0http:\/\/lattes.cnpq.br\/6153056847036187 Biol\u00f3ga, especializa\u00e7\u00e3o em Conserva\u00e7\u00e3o e Manejo de Fauna (2012). Atualmente \u00e9 propriet\u00e1ria da Bioadapt (2013), empresa dedicada a consultorias e desenvolvimento de Programas de Bem-estar animal. \u00c9 autora de dois livros que s\u00e3o focados em bem-estar animal: &#8220;Enriquecimento Ambiental: ideias para colocar [&hellip;]<\/p>\n","protected":false},"author":1359,"featured_media":0,"parent":0,"menu_order":9,"comment_status":"closed","ping_status":"closed","template":"","meta":{"footnotes":""},"class_list":["post-395","page","type-page","status-publish","hentry"],"_links":{"self":[{"href":"https:\/\/wp.ufpel.edu.br\/cursocapacitacaoanimaisufpel3ed\/wp-json\/wp\/v2\/pages\/395","targetHints":{"allow":["GET"]}}],"collection":[{"href":"https:\/\/wp.ufpel.edu.br\/cursocapacitacaoanimaisufpel3ed\/wp-json\/wp\/v2\/pages"}],"about":[{"href":"https:\/\/wp.ufpel.edu.br\/cursocapacitacaoanimaisufpel3ed\/wp-json\/wp\/v2\/types\/page"}],"author":[{"embeddable":true,"href":"https:\/\/wp.ufpel.edu.br\/cursocapacitacaoanimaisufpel3ed\/wp-json\/wp\/v2\/users\/1359"}],"replies":[{"embeddable":true,"href":"https:\/\/wp.ufpel.edu.br\/cursocapacitacaoanimaisufpel3ed\/wp-json\/wp\/v2\/comments?post=395"}],"version-history":[{"count":14,"href":"https:\/\/wp.ufpel.edu.br\/cursocapacitacaoanimaisufpel3ed\/wp-json\/wp\/v2\/pages\/395\/revisions"}],"predecessor-version":[{"id":443,"href":"https:\/\/wp.ufpel.edu.br\/cursocapacitacaoanimaisufpel3ed\/wp-json\/wp\/v2\/pages\/395\/revisions\/443"}],"wp:attachment":[{"href":"https:\/\/wp.ufpel.edu.br\/cursocapacitacaoanimaisufpel3ed\/wp-json\/wp\/v2\/media?parent=395"}],"curies":[{"name":"wp","href":"https:\/\/api.w.org\/{rel}","templated":true}]}}