{"id":373,"date":"2024-04-02T11:39:45","date_gmt":"2024-04-02T14:39:45","guid":{"rendered":"https:\/\/wp.ufpel.edu.br\/cursocapacitacaoanimaisufpel3ed\/?page_id=373"},"modified":"2024-04-03T08:26:06","modified_gmt":"2024-04-03T11:26:06","slug":"modulo-peixes-palestrantes","status":"publish","type":"page","link":"https:\/\/wp.ufpel.edu.br\/cursocapacitacaoanimaisufpel3ed\/modulo-peixes-palestrantes\/","title":{"rendered":"M\u00f3dulo Peixes"},"content":{"rendered":"<h2 style=\"text-align: center;\"><strong>M\u00f3dulo Peixes &#8211; Palestrantes\u00a0<\/strong><\/h2>\n<p><img class=\"alignnone wp-image-221 size-thumbnail\" src=\"https:\/\/wp.ufpel.edu.br\/cursocapacitacaoanimaisufpel3ed\/files\/2024\/03\/servletrecuperafoto-1-200x200.jpg\" alt=\"\" width=\"200\" height=\"200\" srcset=\"https:\/\/wp.ufpel.edu.br\/cursocapacitacaoanimaisufpel3ed\/files\/2024\/03\/servletrecuperafoto-1-200x200.jpg 200w, https:\/\/wp.ufpel.edu.br\/cursocapacitacaoanimaisufpel3ed\/files\/2024\/03\/servletrecuperafoto-1-400x400.jpg 400w, https:\/\/wp.ufpel.edu.br\/cursocapacitacaoanimaisufpel3ed\/files\/2024\/03\/servletrecuperafoto-1.jpg 586w\" sizes=\"(max-width: 200px) 100vw, 200px\" \/><\/p>\n<p><strong>TONY LEANDRO REZENDE DA SILVEIRA &#8211; UNIVERSIDADE FEDERAL DE PELOTAS<\/strong><\/p>\n<p><strong>Link Lattes: <\/strong><a href=\"http:\/\/lattes.cnpq.br\/1263861295344033\" target=\"_blank\" rel=\"noopener\">http:\/\/lattes.cnpq.br\/1263861295344033<\/a><\/p>\n<p>Bi\u00f3logo e M\u00e9dico Veterin\u00e1rio, mestre em Ci\u00eancias Biol\u00f3gicas &#8211; Parasitologia (2014) e doutorado em Ci\u00eancias &#8211; Biotecnologia (2017) pela Universidade Federal de Pelotas. Foi vinculado ao Instituto de Ci\u00eancias Biol\u00f3gicas (ICB) da Universidade Federal do Rio Grande (FURG) como t\u00e9cnico em bioterismo, atuando como coordenador do Biot\u00e9rio de Roedores Convencionais e colaborador do Biot\u00e9rio de Peixes Transg\u00eanicos e do Biot\u00e9rio Aqu\u00e1tico do ICB &#8211; FURG. Ocupou a posi\u00e7\u00e3o de coordenador adjunto da Comiss\u00e3o de \u00c9tica em Uso Animal da FURG. Atualmente, est\u00e1 vinculado ao Instituto de Biologia (IB)\/Departamento de Morfologia da Universidade Federal de Pelotas. Membro da Sociedade Brasileira de Ci\u00eancia em Animais de Laborat\u00f3rio (SBCAL) compondo sua c\u00e2mara cient\u00edfica. Tem ampla experi\u00eancia na cria\u00e7\u00e3o e manipula\u00e7\u00e3o de ratos, camundongos e peixe-zebra (<em>zebrafish<\/em>).<\/p>\n<p>&nbsp;<\/p>\n<p><img class=\"alignnone wp-image-223 size-thumbnail\" src=\"https:\/\/wp.ufpel.edu.br\/cursocapacitacaoanimaisufpel3ed\/files\/2024\/03\/Rosane-Silva-200x200.jpg\" alt=\"\" width=\"200\" height=\"200\" \/><\/p>\n<p><strong>ROSANE SOUZA DA SILVA &#8211; UNIVERSIDADE FEDERAL FLUMINENSE<\/strong><\/p>\n<p><strong>Link Lattes: <\/strong><a href=\"http:\/\/lattes.cnpq.br\/9755074017170793\" target=\"_blank\" rel=\"noopener\">http:\/\/lattes.cnpq.br\/9755074017170793<\/a><\/p>\n<p>Bi\u00f3loga, mestre em Bioci\u00eancias (Zoologia) pela Pontif\u00edcia Universidade Cat\u00f3lica do Rio Grande do Sul (2002) e doutora em Ci\u00eancias Biol\u00f3gicas (Bioqu\u00edmica) pela Universidade Federal do Rio Grande do Sul (2005). Pesquisadora desde 2004 na \u00e1rea de Bioqu\u00edmica\/Neuropsicofarmacologia. \u00c9 l\u00edder do Grupo de Pesquisa em Teratologia Neurocomportamental, interesse nas \u00e1reas de desenvolvimento do sistema nervoso, sistemas de neurotransmiss\u00e3o\/neuromodula\u00e7\u00e3o, em especial o sistema purin\u00e9rgico, origem desenvolvimental de doen\u00e7as, especialmente relacionadas ao sistema Nervoso Central. Tem ampla experi\u00eancia no uso do modelo animal peixe-zebra (<em>Zebrafish,<\/em> <em>Danio rerio<\/em>).<\/p>\n<p>&nbsp;<\/p>\n<p><img class=\"alignnone wp-image-224\" src=\"https:\/\/wp.ufpel.edu.br\/cursocapacitacaoanimaisufpel3ed\/files\/2024\/03\/Denis.jpg\" alt=\"\" width=\"200\" height=\"224\" \/><\/p>\n<p><strong>DENIS BROOCK ROSEMBERG &#8211; UNIVERSIDADE FEDERAL DE SANTA MARIA<\/strong><\/p>\n<p><strong>Link Lattes: <\/strong><a href=\"http:\/\/lattes.cnpq.br\/7713953979203056\" target=\"_blank\" rel=\"noopener\">http:\/\/lattes.cnpq.br\/7713953979203056<\/a><\/p>\n<p>Bi\u00f3logo, mestre (2008), doutor (2011) em Bioqu\u00edmica da Universidade Federal do Rio Grande do Sul. Orientador de Mestrado e Doutorado e foi Coordenador Substituto e Coordenador do Programa de P\u00f3s-Gradua\u00e7\u00e3o em Ci\u00eancias Biol\u00f3gicas: Bioqu\u00edmica Toxicol\u00f3gica da Universidade Federal de Santa Maria (2018 e 2019). Experi\u00eancia na \u00e1rea de Bioqu\u00edmica, com \u00eanfase em neuroqu\u00edmica e comportamento. A principal linha de pesquisa desenvolvida envolve a caracteriza\u00e7\u00e3o e valida\u00e7\u00e3o de modelos experimentais relacionados a doen\u00e7as neurol\u00f3gicas e neuropsiqui\u00e1tricas, comorbidades associadas e a busca de potenciais estrat\u00e9gias de neuroprote\u00e7\u00e3o utilizando o peixe-zebra como organismo teste. Dentre as pesquisas na \u00e1rea de neuropsicofarmacologia experimental, destacam-se estudos farmacol\u00f3gicos relacionados ao comportamento do tipo ansiedade, crises epil\u00e9pticas, bem como a avalia\u00e7\u00e3o de respostas nocifensivas e padr\u00f5es comportamentais modulados por agentes estressores e mecanismos neuroqu\u00edmicos correlatos.<\/p>\n<p>&nbsp;<\/p>\n<p><img class=\"alignnone wp-image-225 size-thumbnail\" src=\"https:\/\/wp.ufpel.edu.br\/cursocapacitacaoanimaisufpel3ed\/files\/2024\/03\/Daniela-200x200.jpg\" alt=\"\" width=\"200\" height=\"200\" \/><\/p>\n<p><strong>DANIELA VOLCAN ALMEIDA &#8211; UNIVERSIDADE FEDERAL DE PELOTAS<\/strong><\/p>\n<p><strong>Link Lattes: <\/strong><a href=\"http:\/\/lattes.cnpq.br\/2350202227539370\" target=\"_blank\" rel=\"noopener\">http:\/\/lattes.cnpq.br\/2350202227539370<\/a><\/p>\n<p>Ocean\u00f3loga, mestre e doutora em Ci\u00eancias Fisiol\u00f3gicas pela Universidade Federal do Rio Grande. Atualmente \u00e9 docente visitante da Universidade Federal de Pelotas, docente permanente do Programa de P\u00f3s-gradua\u00e7\u00e3o em Aquicultura UNL\/INPA e docente colaboradora Programa de P\u00f3s-gradua\u00e7\u00e3o em Ci\u00eancias Fisiol\u00f3gicas-FURG. Foi pesquisadora contratada pelo CENPES\/PETROBRAS do projeto &#8220;Engenharia gen\u00e9tica em microalgas para o incremento da produ\u00e7\u00e3o lip\u00eddica&#8221; e Pesquisadora respons\u00e1vel pelas an\u00e1lises de dano de DNA das amostras coletadas durante a 6\u00aa Expedi\u00e7\u00e3o do Anexo 1 do PMBA\/ Rede Rio Doce Mar. Atua, principalmente, na \u00e1rea de Biotecnologia e Fisiologia de Organismos Aqu\u00e1ticos, envolvendo t\u00e9cnicas de biologia molecular e edi\u00e7\u00e3o g\u00eanica.<\/p>\n<p>&nbsp;<\/p>\n<p><img class=\"alignnone wp-image-226 size-thumbnail\" src=\"https:\/\/wp.ufpel.edu.br\/cursocapacitacaoanimaisufpel3ed\/files\/2024\/03\/Leonardo-Jose-Gil-Barcellos-200x200.jpg\" alt=\"\" width=\"200\" height=\"200\" srcset=\"https:\/\/wp.ufpel.edu.br\/cursocapacitacaoanimaisufpel3ed\/files\/2024\/03\/Leonardo-Jose-Gil-Barcellos-200x200.jpg 200w, https:\/\/wp.ufpel.edu.br\/cursocapacitacaoanimaisufpel3ed\/files\/2024\/03\/Leonardo-Jose-Gil-Barcellos.jpg 360w\" sizes=\"(max-width: 200px) 100vw, 200px\" \/><\/p>\n<p><strong>LEONARDO JOS\u00c9 GIL BARCELLOS &#8211; UNIVERSIDADE DE PASSO FUNDO<\/strong><\/p>\n<p><strong>Link Lattes: <\/strong><a href=\"http:\/\/lattes.cnpq.br\/4504482634911546\" target=\"_blank\" rel=\"noopener\">http:\/\/lattes.cnpq.br\/4504482634911546<\/a><\/p>\n<p>M\u00e9dico Veterin\u00e1rio, mestre em Zootecnia (UFRGS, 1998) e doutor em Ci\u00eancias Biol\u00f3gicas: Fisiologia (UFRGS, 2001). Exerceu os cargos de Vice-Reitor de Pesquisa e P\u00f3s-Gradua\u00e7\u00e3o da Universidade de Passo Fundo (gest\u00f5es 2010-2014, 2014-2018 ), de coordenador do Curso de Medicina Veterin\u00e1ria (2006-2010) e foi membro do conselho Universit\u00e1rio (2004-2006 e 2006-2008) e do Conselho Diretor da Funda\u00e7\u00e3o Universidade de Passo Fundo (2007 a 2010). Foi consultor do projeto IICA\/MAPA para bem-estar e combate a resist\u00eancia antimicrobiana na aquacultura, sendo autos de diversos manuais de boas pr\u00e1ticas, cursos e estudos t\u00e9cnicos. Realiza pesquisas nas \u00e1reas de estresse, comportamento e bem-estar de peixes, aquacultura e ecotoxicologia aqu\u00e1tica. \u00c9 docente permanente dos Programas de P\u00f3s-Gradua\u00e7\u00e3o em Bioexperimenta\u00e7\u00e3o da UPF e em Farmacologia da Universidade Federal de Santa Maria (UFSM). O principal organismo de estudo \u00e9 o peixe zebra (<em>zebrafish,<\/em> <em>Danio rerio<\/em>).<\/p>\n<p>&nbsp;<\/p>\n<p><img class=\"wp-image-227 size-thumbnail\" src=\"https:\/\/wp.ufpel.edu.br\/cursocapacitacaoanimaisufpel3ed\/files\/2024\/03\/Diogo-200x200.jpg\" alt=\"\" width=\"200\" height=\"200\" \/><\/p>\n<p><strong>DIOGO LOSCH DE OLIVEIRA &#8211; UNIVERSIDADE FEDERAL DO RIO GRANDE DO SUL<\/strong><\/p>\n<p><strong>Link Lattes: <\/strong><a href=\"http:\/\/lattes.cnpq.br\/3056695127432911\" target=\"_blank\" rel=\"noopener\">http:\/\/lattes.cnpq.br\/3056695127432911<\/a><\/p>\n<p>Bi\u00f3logo, mestre e doutor em Bioqu\u00edmica pela UFRGS. Realizou p\u00f3s-doutorado no Departamento de Bioqu\u00edmica da UFRGS na \u00e1rea de Neuroci\u00eancias. Foi professor de Bioqu\u00edmica e Biof\u00edsica da Universidade de Passo Fundo e Universidade Federal de Pelotas. Atualmente \u00e9 professor associado do Instituto de Ci\u00eancias B\u00e1sicas da Sa\u00fade da Universidade Federal do Rio Grande do Sul. \u00c9 orientador dos Programas de P\u00f3s-gradua\u00e7\u00e3o em Bioqu\u00edmica e em Educa\u00e7\u00e3o em Ci\u00eancias da UFRGS, tendo orientado mais de 20 alunos de mestrado\/doutorado em ambos os Programas. \u00c9 l\u00edder do Laborat\u00f3rio de Neuroqu\u00edmica Celular do Departamento de Bioqu\u00edmica, onde realiza pesquisas na \u00e1rea das Neuroci\u00eancias com interesse especial na neurotransmiss\u00e3o mediada pelo glutamato e plasticidade sin\u00e1ptica. Tamb\u00e9m se dedica ao estudo da interface entre as neuroci\u00eancias e a educa\u00e7\u00e3o, bem como o processo de alfabetiza\u00e7\u00e3o cient\u00edfica em jovens da educa\u00e7\u00e3o b\u00e1sica. \u00c9 bolsista de produtividade n\u00edvel 2 do CNPq e publicou mais de 70 artigos cient\u00edficos em revistas nacionais e internacionais.<\/p>\n","protected":false},"excerpt":{"rendered":"<p>M\u00f3dulo Peixes &#8211; Palestrantes\u00a0 TONY LEANDRO REZENDE DA SILVEIRA &#8211; UNIVERSIDADE FEDERAL DE PELOTAS Link Lattes: http:\/\/lattes.cnpq.br\/1263861295344033 Bi\u00f3logo e M\u00e9dico Veterin\u00e1rio, mestre em Ci\u00eancias Biol\u00f3gicas &#8211; Parasitologia (2014) e doutorado em Ci\u00eancias &#8211; Biotecnologia (2017) pela Universidade Federal de Pelotas. Foi vinculado ao Instituto de Ci\u00eancias Biol\u00f3gicas (ICB) da Universidade Federal do Rio Grande (FURG) [&hellip;]<\/p>\n","protected":false},"author":1359,"featured_media":0,"parent":0,"menu_order":6,"comment_status":"closed","ping_status":"closed","template":"","meta":{"footnotes":""},"class_list":["post-373","page","type-page","status-publish","hentry"],"_links":{"self":[{"href":"https:\/\/wp.ufpel.edu.br\/cursocapacitacaoanimaisufpel3ed\/wp-json\/wp\/v2\/pages\/373","targetHints":{"allow":["GET"]}}],"collection":[{"href":"https:\/\/wp.ufpel.edu.br\/cursocapacitacaoanimaisufpel3ed\/wp-json\/wp\/v2\/pages"}],"about":[{"href":"https:\/\/wp.ufpel.edu.br\/cursocapacitacaoanimaisufpel3ed\/wp-json\/wp\/v2\/types\/page"}],"author":[{"embeddable":true,"href":"https:\/\/wp.ufpel.edu.br\/cursocapacitacaoanimaisufpel3ed\/wp-json\/wp\/v2\/users\/1359"}],"replies":[{"embeddable":true,"href":"https:\/\/wp.ufpel.edu.br\/cursocapacitacaoanimaisufpel3ed\/wp-json\/wp\/v2\/comments?post=373"}],"version-history":[{"count":12,"href":"https:\/\/wp.ufpel.edu.br\/cursocapacitacaoanimaisufpel3ed\/wp-json\/wp\/v2\/pages\/373\/revisions"}],"predecessor-version":[{"id":413,"href":"https:\/\/wp.ufpel.edu.br\/cursocapacitacaoanimaisufpel3ed\/wp-json\/wp\/v2\/pages\/373\/revisions\/413"}],"wp:attachment":[{"href":"https:\/\/wp.ufpel.edu.br\/cursocapacitacaoanimaisufpel3ed\/wp-json\/wp\/v2\/media?parent=373"}],"curies":[{"name":"wp","href":"https:\/\/api.w.org\/{rel}","templated":true}]}}