{"id":24,"date":"2024-03-15T12:51:05","date_gmt":"2024-03-15T15:51:05","guid":{"rendered":"https:\/\/wp.ufpel.edu.br\/cursocapacitacaoanimaisufpel3ed\/?page_id=24"},"modified":"2024-04-02T21:23:56","modified_gmt":"2024-04-03T00:23:56","slug":"comissao-organizadora","status":"publish","type":"page","link":"https:\/\/wp.ufpel.edu.br\/cursocapacitacaoanimaisufpel3ed\/comissao-organizadora\/","title":{"rendered":"Comiss\u00e3o Organizadora"},"content":{"rendered":"<p style=\"text-align: center;\"><img class=\"alignnone wp-image-299\" src=\"https:\/\/wp.ufpel.edu.br\/cursocapacitacaoanimaisufpel3ed\/files\/2024\/03\/WhatsApp-Image-2024-03-05-at-12.11.58-1-400x400.jpeg\" alt=\"\" width=\"392\" height=\"392\" srcset=\"https:\/\/wp.ufpel.edu.br\/cursocapacitacaoanimaisufpel3ed\/files\/2024\/03\/WhatsApp-Image-2024-03-05-at-12.11.58-1-400x400.jpeg 400w, https:\/\/wp.ufpel.edu.br\/cursocapacitacaoanimaisufpel3ed\/files\/2024\/03\/WhatsApp-Image-2024-03-05-at-12.11.58-1-1024x1024.jpeg 1024w, https:\/\/wp.ufpel.edu.br\/cursocapacitacaoanimaisufpel3ed\/files\/2024\/03\/WhatsApp-Image-2024-03-05-at-12.11.58-1-200x200.jpeg 200w, https:\/\/wp.ufpel.edu.br\/cursocapacitacaoanimaisufpel3ed\/files\/2024\/03\/WhatsApp-Image-2024-03-05-at-12.11.58-1-768x768.jpeg 768w, https:\/\/wp.ufpel.edu.br\/cursocapacitacaoanimaisufpel3ed\/files\/2024\/03\/WhatsApp-Image-2024-03-05-at-12.11.58-1.jpeg 1080w\" sizes=\"(max-width: 392px) 100vw, 392px\" \/><\/p>\n<p style=\"font-weight: 400;\"><strong>Comiss\u00e3o Organizadora:<\/strong><\/p>\n<p>Prof\u00aa. Dr\u00aa. Roselia Maria Spanevello (Coordenadora)<\/p>\n<p>Prof. Dr. Jean Pierre Oses\u00a0 (Coordenador Adjunto)<\/p>\n<p style=\"font-weight: 400;\">Prof\u00aa. Dr\u00aa. Francieli Moro Stefanello<\/p>\n<p style=\"font-weight: 400;\">Prof\u00aa. Dr\u00aa. Priscila Marques Moura de Leon<\/p>\n<p style=\"font-weight: 400;\">Dr\u00aa. Anelize Campello F\u00e9lix<\/p>\n<p style=\"font-weight: 400;\">Prof\u00aa. Dr\u00aa .Josaine Cristina da Silva Rappeti<\/p>\n<p style=\"font-weight: 400;\">Prof\u00aa. Dr\u00aa. Raqueli Teresinha Franca<\/p>\n<p>Prof\u00aa. Dr\u00aa. Isabella Dias Barbosa Silveira<\/p>\n<p>&nbsp;<\/p>\n<p>Amanda Andersson Pereira Stark &#8211; Doutoranda do PPG em Medicina Veterin\u00e1ria\/UFPel<\/p>\n<p>Emanuelle Maciel Pederzoli &#8211; Mestranda do PPG em Medicina Veterin\u00e1ria\/UFPel<\/p>\n<p>Fabiane de Holleben Camozzato Fadrique &#8211; Mestranda do PPG em Medicina Veterin\u00e1ria\/UFPel<\/p>\n<p>La\u00eds Formiga Silva &#8211; Mestranda do PPG em Medicina Veterin\u00e1ria\/UFPel<\/p>\n<p>Lara Bonato Dias &#8211; Mestranda do PPG em Zootecnia \/UFPel.<\/p>\n<p>Marcelo Heinemann\u00a0<span style=\"color: var(--cor-texto); font-family: var(--fonte-corpo);\"> Presa &#8211; Doutorando do PPG em Bioqu\u00edmica e Bioprospec\u00e7\u00e3o \/UFPel<\/span><\/p>\n<p>Meliza da Concei\u00e7\u00e3o Oliveira &#8211; <span style=\"color: var(--cor-texto); font-family: var(--fonte-corpo);\">Doutoranda do PPG em Bioqu\u00edmica e Bioprospec\u00e7\u00e3o \/UFPel<\/span><\/p>\n<p>Raphaela Cassol Piccoli &#8211; <span style=\"color: var(--cor-texto); font-family: var(--fonte-corpo);\">Doutoranda do PPG em Bioqu\u00edmica e Bioprospec\u00e7\u00e3o \/UFPel<\/span><\/p>\n<p>Ravena dos Santos Hage &#8211;\u00a0 Doutoranda do PPG em Medicina Veterin\u00e1ria\/UFPel<\/p>\n<p>Solange Vega Cust\u00f3dio &#8211; <span style=\"color: var(--cor-texto); font-family: var(--fonte-corpo);\">Doutoranda do PPG em Bioqu\u00edmica e Bioprospec\u00e7\u00e3o \/UFPel<\/span><\/p>\n<p>Vanessa Macedo Esteves da Rocha &#8211; <span style=\"color: var(--cor-texto); font-family: var(--fonte-corpo);\">Doutoranda do PPG em Bioqu\u00edmica e Bioprospec\u00e7\u00e3o \/UFPel<\/span><\/p>\n","protected":false},"excerpt":{"rendered":"<p>Comiss\u00e3o Organizadora: Prof\u00aa. Dr\u00aa. Roselia Maria Spanevello (Coordenadora) Prof. Dr. Jean Pierre Oses\u00a0 (Coordenador Adjunto) Prof\u00aa. Dr\u00aa. Francieli Moro Stefanello Prof\u00aa. Dr\u00aa. Priscila Marques Moura de Leon Dr\u00aa. Anelize Campello F\u00e9lix Prof\u00aa. Dr\u00aa .Josaine Cristina da Silva Rappeti Prof\u00aa. Dr\u00aa. Raqueli Teresinha Franca Prof\u00aa. Dr\u00aa. Isabella Dias Barbosa Silveira &nbsp; Amanda Andersson Pereira Stark &#8211; [&hellip;]<\/p>\n","protected":false},"author":1359,"featured_media":0,"parent":0,"menu_order":11,"comment_status":"closed","ping_status":"closed","template":"","meta":{"footnotes":""},"class_list":["post-24","page","type-page","status-publish","hentry"],"_links":{"self":[{"href":"https:\/\/wp.ufpel.edu.br\/cursocapacitacaoanimaisufpel3ed\/wp-json\/wp\/v2\/pages\/24","targetHints":{"allow":["GET"]}}],"collection":[{"href":"https:\/\/wp.ufpel.edu.br\/cursocapacitacaoanimaisufpel3ed\/wp-json\/wp\/v2\/pages"}],"about":[{"href":"https:\/\/wp.ufpel.edu.br\/cursocapacitacaoanimaisufpel3ed\/wp-json\/wp\/v2\/types\/page"}],"author":[{"embeddable":true,"href":"https:\/\/wp.ufpel.edu.br\/cursocapacitacaoanimaisufpel3ed\/wp-json\/wp\/v2\/users\/1359"}],"replies":[{"embeddable":true,"href":"https:\/\/wp.ufpel.edu.br\/cursocapacitacaoanimaisufpel3ed\/wp-json\/wp\/v2\/comments?post=24"}],"version-history":[{"count":9,"href":"https:\/\/wp.ufpel.edu.br\/cursocapacitacaoanimaisufpel3ed\/wp-json\/wp\/v2\/pages\/24\/revisions"}],"predecessor-version":[{"id":462,"href":"https:\/\/wp.ufpel.edu.br\/cursocapacitacaoanimaisufpel3ed\/wp-json\/wp\/v2\/pages\/24\/revisions\/462"}],"wp:attachment":[{"href":"https:\/\/wp.ufpel.edu.br\/cursocapacitacaoanimaisufpel3ed\/wp-json\/wp\/v2\/media?parent=24"}],"curies":[{"name":"wp","href":"https:\/\/api.w.org\/{rel}","templated":true}]}}