{"id":2,"date":"2024-03-07T17:20:32","date_gmt":"2024-03-07T20:20:32","guid":{"rendered":"https:\/\/wp.ufpel.edu.br\/cursocapacitacaoanimaisufpel3ed\/?page_id=2"},"modified":"2024-04-03T08:23:12","modified_gmt":"2024-04-03T11:23:12","slug":"pagina-exemplo","status":"publish","type":"page","link":"https:\/\/wp.ufpel.edu.br\/cursocapacitacaoanimaisufpel3ed\/pagina-exemplo\/","title":{"rendered":"O Evento"},"content":{"rendered":"<p><img class=\" wp-image-405 aligncenter\" src=\"https:\/\/wp.ufpel.edu.br\/cursocapacitacaoanimaisufpel3ed\/files\/2024\/04\/WhatsApp-Image-2024-03-05-at-12.11.58-400x400.jpeg\" alt=\"\" width=\"395\" height=\"395\" srcset=\"https:\/\/wp.ufpel.edu.br\/cursocapacitacaoanimaisufpel3ed\/files\/2024\/04\/WhatsApp-Image-2024-03-05-at-12.11.58-400x400.jpeg 400w, https:\/\/wp.ufpel.edu.br\/cursocapacitacaoanimaisufpel3ed\/files\/2024\/04\/WhatsApp-Image-2024-03-05-at-12.11.58-1024x1024.jpeg 1024w, https:\/\/wp.ufpel.edu.br\/cursocapacitacaoanimaisufpel3ed\/files\/2024\/04\/WhatsApp-Image-2024-03-05-at-12.11.58-200x200.jpeg 200w, https:\/\/wp.ufpel.edu.br\/cursocapacitacaoanimaisufpel3ed\/files\/2024\/04\/WhatsApp-Image-2024-03-05-at-12.11.58-768x768.jpeg 768w, https:\/\/wp.ufpel.edu.br\/cursocapacitacaoanimaisufpel3ed\/files\/2024\/04\/WhatsApp-Image-2024-03-05-at-12.11.58.jpeg 1080w\" sizes=\"(max-width: 395px) 100vw, 395px\" \/>A Universidade Federal de Pelotas (UFPel) realiza a terceira edi\u00e7\u00e3o do<em><strong> Curso de Capacita\u00e7\u00e3o em Animais de Experimenta\u00e7\u00e3o<\/strong><\/em>, destinado \u00e0 comunidade cient\u00edfica que utiliza animais de laborat\u00f3rio. O curso visa proporcionar forma\u00e7\u00e3o cont\u00ednua aos estudantes e pesquisadores, garantindo a excel\u00eancia e a \u00e9tica na pesquisa cient\u00edfica.<\/p>\n<p>Ainda, o curso tem como objetivo capacitar os usu\u00e1rios de acordo com as recomenda\u00e7\u00f5es feitas pelo <em><strong>Conselho Nacional de Controle da Experimenta\u00e7\u00e3o Animal (CONCEA)<\/strong><\/em>, descritas na <em><strong>RN-49<\/strong><\/em> que disp\u00f5e sobre a obrigatoriedade de capacita\u00e7\u00e3o do pessoal envolvido em atividades de ensino e pesquisa cient\u00edfica que utilizam animais.<\/p>\n<p><strong>Fontes:<\/strong><\/p>\n<p class=\"documentFirstHeading\"><strong>Resolu\u00e7\u00e3o CONCEA\/MCTI N\u00ba 49:<\/strong> <a href=\"https:\/\/www.in.gov.br\/en\/web\/dou\/-\/resolucao-concea\/mcti-n-49-de-7-de-maio-de-2021-318712950\" target=\"_blank\" rel=\"noopener\">https:\/\/www.in.gov.br\/en\/web\/dou\/-\/resolucao-concea\/mcti-n-49-de-7-de-maio-de-2021-318712950<\/a><\/p>\n<p><strong>Orienta\u00e7\u00f5es acerca da RN CONCEA\/MCTI N\u00ba 49\/2021: <\/strong><a style=\"font-family: var(--fonte-corpo);\" href=\"https:\/\/www.gov.br\/mcti\/pt-br\/composicao\/conselhos\/concea\/paginas\/Destaques\/orientacoes-acerca-da-resolucao-normativa-concea-no-49-2021-capacitacao\" target=\"_blank\" rel=\"noopener\">https:\/\/www.gov.br\/mcti\/pt-br\/composicao\/conselhos\/concea\/paginas\/Destaques\/orientacoes-acerca-da-resolucao-normativa-concea-no-49-2021-capacitacao<\/a><\/p>\n","protected":false},"excerpt":{"rendered":"<p>A Universidade Federal de Pelotas (UFPel) realiza a terceira edi\u00e7\u00e3o do Curso de Capacita\u00e7\u00e3o em Animais de Experimenta\u00e7\u00e3o, destinado \u00e0 comunidade cient\u00edfica que utiliza animais de laborat\u00f3rio. O curso visa proporcionar forma\u00e7\u00e3o cont\u00ednua aos estudantes e pesquisadores, garantindo a excel\u00eancia e a \u00e9tica na pesquisa cient\u00edfica. Ainda, o curso tem como objetivo capacitar os usu\u00e1rios [&hellip;]<\/p>\n","protected":false},"author":1359,"featured_media":0,"parent":0,"menu_order":1,"comment_status":"closed","ping_status":"closed","template":"","meta":{"footnotes":""},"class_list":["post-2","page","type-page","status-publish","hentry"],"_links":{"self":[{"href":"https:\/\/wp.ufpel.edu.br\/cursocapacitacaoanimaisufpel3ed\/wp-json\/wp\/v2\/pages\/2","targetHints":{"allow":["GET"]}}],"collection":[{"href":"https:\/\/wp.ufpel.edu.br\/cursocapacitacaoanimaisufpel3ed\/wp-json\/wp\/v2\/pages"}],"about":[{"href":"https:\/\/wp.ufpel.edu.br\/cursocapacitacaoanimaisufpel3ed\/wp-json\/wp\/v2\/types\/page"}],"author":[{"embeddable":true,"href":"https:\/\/wp.ufpel.edu.br\/cursocapacitacaoanimaisufpel3ed\/wp-json\/wp\/v2\/users\/1359"}],"replies":[{"embeddable":true,"href":"https:\/\/wp.ufpel.edu.br\/cursocapacitacaoanimaisufpel3ed\/wp-json\/wp\/v2\/comments?post=2"}],"version-history":[{"count":21,"href":"https:\/\/wp.ufpel.edu.br\/cursocapacitacaoanimaisufpel3ed\/wp-json\/wp\/v2\/pages\/2\/revisions"}],"predecessor-version":[{"id":485,"href":"https:\/\/wp.ufpel.edu.br\/cursocapacitacaoanimaisufpel3ed\/wp-json\/wp\/v2\/pages\/2\/revisions\/485"}],"wp:attachment":[{"href":"https:\/\/wp.ufpel.edu.br\/cursocapacitacaoanimaisufpel3ed\/wp-json\/wp\/v2\/media?parent=2"}],"curies":[{"name":"wp","href":"https:\/\/api.w.org\/{rel}","templated":true}]}}