{"id":14,"date":"2024-03-15T12:47:47","date_gmt":"2024-03-15T15:47:47","guid":{"rendered":"https:\/\/wp.ufpel.edu.br\/cursocapacitacaoanimaisufpel3ed\/?page_id=14"},"modified":"2024-04-03T19:25:04","modified_gmt":"2024-04-03T22:25:04","slug":"modulos-teoricos","status":"publish","type":"page","link":"https:\/\/wp.ufpel.edu.br\/cursocapacitacaoanimaisufpel3ed\/modulos-teoricos\/","title":{"rendered":"Inscri\u00e7\u00f5es"},"content":{"rendered":"<p><img class=\"wp-image-405 aligncenter\" src=\"https:\/\/wp.ufpel.edu.br\/cursocapacitacaoanimaisufpel3ed\/files\/2024\/04\/WhatsApp-Image-2024-03-05-at-12.11.58-400x400.jpeg\" alt=\"\" width=\"284\" height=\"284\" srcset=\"https:\/\/wp.ufpel.edu.br\/cursocapacitacaoanimaisufpel3ed\/files\/2024\/04\/WhatsApp-Image-2024-03-05-at-12.11.58-400x400.jpeg 400w, https:\/\/wp.ufpel.edu.br\/cursocapacitacaoanimaisufpel3ed\/files\/2024\/04\/WhatsApp-Image-2024-03-05-at-12.11.58-1024x1024.jpeg 1024w, https:\/\/wp.ufpel.edu.br\/cursocapacitacaoanimaisufpel3ed\/files\/2024\/04\/WhatsApp-Image-2024-03-05-at-12.11.58-200x200.jpeg 200w, https:\/\/wp.ufpel.edu.br\/cursocapacitacaoanimaisufpel3ed\/files\/2024\/04\/WhatsApp-Image-2024-03-05-at-12.11.58-768x768.jpeg 768w, https:\/\/wp.ufpel.edu.br\/cursocapacitacaoanimaisufpel3ed\/files\/2024\/04\/WhatsApp-Image-2024-03-05-at-12.11.58.jpeg 1080w\" sizes=\"(max-width: 284px) 100vw, 284px\" \/><\/p>\n<p style=\"text-align: center;\">Est\u00e3o abertas as inscri\u00e7\u00f5es para a terceira edi\u00e7\u00e3o do<strong><em> Curso de Capacita\u00e7\u00e3o em Animais de Experimenta\u00e7\u00e3o da Universidade Federal de Pelotas .\u00a0<\/em><\/strong><\/p>\n<p>&nbsp;<\/p>\n<p style=\"text-align: center;\"><strong>PER\u00cdODO: 05 DE ABRIL \u00e0 17 DE ABRIL DE 2024 &#8211; VAGAS LIMITADAS<\/strong><\/p>\n<p><strong>COMO SE INSCREVER:\u00a0<\/strong><\/p>\n<p>As inscri\u00e7\u00f5es ser\u00e3o realizadas por meio de um formul\u00e1rio <em>online <a href=\"https:\/\/docs.google.com\/forms\/d\/e\/1FAIpQLScEK_BL4bu3twzq_w_C_VnNJoGuNfOrpd2ivW4OYsZ79a4sOQ\/viewform\" target=\"_blank\" rel=\"noopener\"><strong>AQUI<\/strong><\/a><\/em>.<\/p>\n<p>O curso \u00e9 gratuito e composto por seis m\u00f3dulos distintos:<\/p>\n<p><strong><em>M\u00f3dulo 1: Capacita\u00e7\u00e3o em \u00e9tica (15 h)<\/em><\/strong><\/p>\n<p><strong><em>M\u00f3dulo 2: Roedores (15 h)<\/em><\/strong><\/p>\n<p><strong><em>M\u00f3dulo 3: Peixes (15 h)<\/em><\/strong><\/p>\n<p><strong><em>M\u00f3dulo 4: C\u00e3es e gatos (15 h)<\/em><\/strong><\/p>\n<p><strong><em> M\u00f3dulo 5: Animais de produ\u00e7\u00e3o (15 h)<\/em><\/strong><\/p>\n<p><strong><em>M\u00f3dulo 6: Animais silvestres (15 h)<\/em><\/strong><\/p>\n<p><strong>OBS: <\/strong>A carga hor\u00e1ria m\u00ednima do curso \u00e9 de 30 horas. Para atingir essa carga hor\u00e1ria e obter o certificado os inscritos devem concluir o <strong>m\u00f3dulo obrigat\u00f3rio (<\/strong><strong>M\u00f3dulo 1 &#8211; capacita\u00e7\u00e3o em \u00e9tica) <\/strong>\u00a0e pelo menos mais 01 outro m\u00f3dulo. Os m\u00f3dulos opcionais devem ser selecionados no momento da inscri\u00e7\u00e3o.<\/p>\n<p>&nbsp;<\/p>\n<p><strong>QUANDO E ONDE SER\u00c1 REALIZADO O CURSO:\u00a0<\/strong><\/p>\n<p>.O curso ser\u00e1 realizado de forma ass\u00edncrona na plataforma E-projeto da UFPel entre os dias <strong>22\/04\/2024 e 22\/05\/2024<\/strong>.<\/p>\n<p>&nbsp;<\/p>\n<p><strong>CRONOGRAMA:\u00a0<\/strong><\/p>\n<table style=\"width: 552px;\" width=\"597\">\n<tbody>\n<tr>\n<td style=\"width: 386px;\">Per\u00edodo de inscri\u00e7\u00f5es<\/td>\n<td style=\"width: 282px;\">05\/04 \u00e0 17\/04\/2024<\/td>\n<\/tr>\n<tr>\n<td style=\"width: 386px;\">In\u00edcio do Curso<\/td>\n<td style=\"width: 282px;\">22\/04\/2024<\/td>\n<\/tr>\n<tr>\n<td style=\"width: 386px;\">Fim do Curso<\/td>\n<td style=\"width: 282px;\">22\/05\/2024<\/td>\n<\/tr>\n<tr>\n<td style=\"width: 386px;\">Data limite para a conclus\u00e3o das avalia\u00e7\u00f5es<\/td>\n<td style=\"width: 282px;\">22\/05\/2024<\/td>\n<\/tr>\n<\/tbody>\n<\/table>\n<p>&nbsp;<\/p>\n<p>&nbsp;<\/p>\n","protected":false},"excerpt":{"rendered":"<p>Est\u00e3o abertas as inscri\u00e7\u00f5es para a terceira edi\u00e7\u00e3o do Curso de Capacita\u00e7\u00e3o em Animais de Experimenta\u00e7\u00e3o da Universidade Federal de Pelotas .\u00a0 &nbsp; PER\u00cdODO: 05 DE ABRIL \u00e0 17 DE ABRIL DE 2024 &#8211; VAGAS LIMITADAS COMO SE INSCREVER:\u00a0 As inscri\u00e7\u00f5es ser\u00e3o realizadas por meio de um formul\u00e1rio online AQUI. O curso \u00e9 gratuito e [&hellip;]<\/p>\n","protected":false},"author":1359,"featured_media":0,"parent":0,"menu_order":2,"comment_status":"closed","ping_status":"closed","template":"","meta":{"footnotes":""},"class_list":["post-14","page","type-page","status-publish","hentry"],"_links":{"self":[{"href":"https:\/\/wp.ufpel.edu.br\/cursocapacitacaoanimaisufpel3ed\/wp-json\/wp\/v2\/pages\/14","targetHints":{"allow":["GET"]}}],"collection":[{"href":"https:\/\/wp.ufpel.edu.br\/cursocapacitacaoanimaisufpel3ed\/wp-json\/wp\/v2\/pages"}],"about":[{"href":"https:\/\/wp.ufpel.edu.br\/cursocapacitacaoanimaisufpel3ed\/wp-json\/wp\/v2\/types\/page"}],"author":[{"embeddable":true,"href":"https:\/\/wp.ufpel.edu.br\/cursocapacitacaoanimaisufpel3ed\/wp-json\/wp\/v2\/users\/1359"}],"replies":[{"embeddable":true,"href":"https:\/\/wp.ufpel.edu.br\/cursocapacitacaoanimaisufpel3ed\/wp-json\/wp\/v2\/comments?post=14"}],"version-history":[{"count":23,"href":"https:\/\/wp.ufpel.edu.br\/cursocapacitacaoanimaisufpel3ed\/wp-json\/wp\/v2\/pages\/14\/revisions"}],"predecessor-version":[{"id":498,"href":"https:\/\/wp.ufpel.edu.br\/cursocapacitacaoanimaisufpel3ed\/wp-json\/wp\/v2\/pages\/14\/revisions\/498"}],"wp:attachment":[{"href":"https:\/\/wp.ufpel.edu.br\/cursocapacitacaoanimaisufpel3ed\/wp-json\/wp\/v2\/media?parent=14"}],"curies":[{"name":"wp","href":"https:\/\/api.w.org\/{rel}","templated":true}]}}