{"id":596,"date":"2021-08-16T14:31:26","date_gmt":"2021-08-16T17:31:26","guid":{"rendered":"https:\/\/wp.ufpel.edu.br\/curadoria\/?page_id=596"},"modified":"2021-08-16T17:05:45","modified_gmt":"2021-08-16T20:05:45","slug":"exposicoes","status":"publish","type":"page","link":"https:\/\/wp.ufpel.edu.br\/curadoria\/laboratorio-de-curadoria-do-museu-de-arte-leopoldo-gotuzzo\/exposicoes\/","title":{"rendered":"Exposi\u00e7\u00f5es \/ projetos"},"content":{"rendered":"<p><strong>Acervo _ LACMALG<br \/><\/strong><span style=\"font-size: 10pt\">Abaixo encontram-se as exposi\u00e7\u00f5es e projetos realizados para consulta, organizados por ano de realiza\u00e7\u00e3o da a\u00e7\u00e3o. <\/span><span style=\"font-size: 10pt\">O modelo gr\u00e1fico detalhado das informa\u00e7\u00f5es inseridas pode ser acessado<a href=\"https:\/\/wp.ufpel.edu.br\/curadoria\/laboratorio-de-curadoria-do-museu-de-arte-leopoldo-gotuzzo\/modelo-exposicao\/\"><strong> aqui <\/strong><\/a>.<\/span><\/p>\n\n\n<hr class=\"wp-block-separator is-style-wide\" \/>\n\n\n<style>.kt-tabs-id_2d1419-94 > .kt-tabs-content-wrap > .wp-block-kadence-tab{border-top-width:0px;border-right-width:0px;border-bottom-width:0px;border-left-width:0px;border-color:#eeeeee;border-top-left-radius:0px;border-top-right-radius:0px;border-bottom-right-radius:0px;border-bottom-left-radius:0px;padding-top:20px;padding-right:20px;padding-bottom:20px;padding-left:20px;background:#ffffff;}.wp-block-kadence-tabs .kt-tabs-id_2d1419-94 > .kt-tabs-title-list li{margin-top:0px;margin-right:5px;margin-bottom:5px;margin-left:5px;}.wp-block-kadence-tabs .kt-tabs-id_2d1419-94 > .kt-tabs-title-list li:last-child{margin-right:0px;}.wp-block-kadence-tabs .kt-tabs-id_2d1419-94 > .kt-tabs-title-list li .kt-tab-title, .wp-block-kadence-tabs .kt-tabs-id_2d1419-94 > .kt-tabs-content-wrap > .kt-tabs-accordion-title .kt-tab-title{line-height:2em;letter-spacing:1px;font-family:Libre Franklin;font-weight:800;font-style:normal;border-top-width:0px;border-right-width:0px;border-bottom-width:0px;border-left-width:0px;border-top-left-radius:0px;border-top-right-radius:0px;border-bottom-right-radius:0px;border-bottom-left-radius:0px;padding-top:0px;padding-right:20px;padding-bottom:0px;padding-left:20px;border-color:#eeeeee;color:#eeeeee;background:#ffffff;}.wp-block-kadence-tabs .kt-tabs-id_2d1419-94 > .kt-tabs-content-wrap > .kt-tabs-accordion-title .kt-tab-title{margin-top:0px;margin-right:5px;margin-bottom:5px;margin-left:5px;}.wp-block-kadence-tabs .kt-tabs-id_2d1419-94 > .kt-tabs-title-list li .kt-tab-title:hover, .wp-block-kadence-tabs .kt-tabs-id_2d1419-94 > .kt-tabs-content-wrap > .kt-tabs-accordion-title .kt-tab-title:hover{border-color:#eeeeee;color:#eeeeee;background:#ffffff;}.wp-block-kadence-tabs .kt-tabs-id_2d1419-94 > .kt-tabs-title-list li.kt-tab-title-active .kt-tab-title, .wp-block-kadence-tabs .kt-tabs-id_2d1419-94 > .kt-tabs-content-wrap > .kt-tabs-accordion-title.kt-tab-title-active .kt-tab-title{border-color:#555555;color:#555555;background:#ffffff;}<\/style>\n<div class=\"wp-block-kadence-tabs alignnone\"><div class=\"kt-tabs-wrap kt-tabs-id_2d1419-94 kt-tabs-has-3-tabs kt-active-tab-1 kt-tabs-layout-tabs kt-tabs-tablet-layout-tabs kt-tabs-mobile-layout-tabs kt-tab-alignment-center \" style=\"max-width:none\"><ul class=\"kt-tabs-title-list\"><li id=\"tab-2019\" class=\"kt-title-item kt-title-item-1 kt-tabs-svg-show-always kt-tabs-icon-side-right kt-tab-title-active\"><a href=\"#tab-2019\" data-tab=\"1\" class=\"kt-tab-title kt-tab-title-1 \"><span class=\"kt-title-text\">2019<\/span><\/a><\/li><li id=\"tab-2020\" class=\"kt-title-item kt-title-item-2 kt-tabs-svg-show-always kt-tabs-icon-side-right kt-tab-title-inactive\"><a href=\"#tab-2020\" data-tab=\"2\" class=\"kt-tab-title kt-tab-title-2 \"><span class=\"kt-title-text\">2020<\/span><\/a><\/li><li id=\"tab-2021\" class=\"kt-title-item kt-title-item-3 kt-tabs-svg-show-always kt-tabs-icon-side-right kt-tab-title-inactive\"><a href=\"#tab-2021\" data-tab=\"3\" class=\"kt-tab-title kt-tab-title-3 \"><span class=\"kt-title-text\">2021<\/span><\/a><\/li><\/ul><div class=\"kt-tabs-content-wrap\">\n<div class=\"wp-block-kadence-tab kt-tab-inner-content kt-inner-tab-1 kt-inner-tab_0afc2f-e2\"><div class=\"kt-tab-inner-content-inner\"><style>.wp-block-kadence-advancedgallery.kb-gallery-wrap-id-_4aa44a-83{margin-top:0px;margin-right:0px;margin-bottom:0px;margin-left:0px;}.wp-block-kadence-advancedgallery .kb-gallery-type-grid.kb-gallery-id-_4aa44a-83{margin:-5px;}.kb-gallery-type-grid.kb-gallery-id-_4aa44a-83 .kadence-blocks-gallery-item{padding:5px;}.kb-gallery-id-_4aa44a-83 .kadence-blocks-gallery-item .kb-gal-image-radius, .kb-gallery-id-_4aa44a-83 .kb-slide-item .kb-gal-image-radius img{border-radius:0px 0px 0px 0px;;}.kb-gallery-id-_4aa44a-83 .kadence-blocks-gallery-item .kadence-blocks-gallery-item-inner .kadence-blocks-gallery-item__caption{letter-spacing:1px;font-weight:bold;text-transform:uppercase;}.kb-gallery-caption-style-cover-hover.kb-gallery-id-_4aa44a-83 .kadence-blocks-gallery-item .kadence-blocks-gallery-item-inner .kadence-blocks-gallery-item__caption, .kb-gallery-caption-style-below.kb-gallery-id-_4aa44a-83 .kadence-blocks-gallery-item .kadence-blocks-gallery-item-inner .kadence-blocks-gallery-item__caption{background:rgba(0, 0, 0, 0.9);}<\/style><div class=\"kb-gallery-wrap-id-_4aa44a-83 alignnone wp-block-kadence-advancedgallery\"><ul class=\"kb-gallery-ul kb-gallery-non-static kb-gallery-type-grid kb-gallery-id-_4aa44a-83 kb-gallery-caption-style-cover-hover kb-gallery-filter-none\" data-image-filter=\"none\" data-item-selector=\".kadence-blocks-gallery-item\" data-lightbox-caption=\"true\" data-columns-xxl=\"2\" data-columns-xl=\"2\" data-columns-md=\"2\" data-columns-sm=\"2\" data-columns-xs=\"1\" data-columns-ss=\"1\"><li class=\"kadence-blocks-gallery-item\"><div class=\"kadence-blocks-gallery-item-inner\"><figure class=\"kb-gallery-figure kb-gallery-item-has-link kadence-blocks-gallery-item-has-caption\"><a href=\"https:\/\/wp.ufpel.edu.br\/curadoria\/laboratorio-de-curadoria-do-museu-de-arte-leopoldo-gotuzzo\/entre-mundos-lenora-rosenfield\/\" class=\"kb-gallery-item-link\" target=\"_blank\" rel=\"noopener noreferrer\"><div class=\"kb-gal-image-radius\"><div class=\"kb-gallery-image-contain kadence-blocks-gallery-intrinsic kb-gallery-image-ratio-square kb-has-image-ratio-square\" ><img loading=\"lazy\" decoding=\"async\" src=\"https:\/\/wp.ufpel.edu.br\/curadoria\/files\/2019\/11\/convite_QUADRADO2-1024x1024.png\" width=\"1024\" height=\"1024\" alt=\"\" data-full-image=\"https:\/\/wp.ufpel.edu.br\/curadoria\/files\/2019\/11\/convite_QUADRADO2-e1573928696731.png\" data-light-image=\"https:\/\/wp.ufpel.edu.br\/curadoria\/files\/2019\/11\/convite_QUADRADO2-e1573928696731.png\" data-id=\"248\" class=\"wp-image-248\"\/><\/div><div class=\"kadence-blocks-gallery-item__caption\">exposi\u00e7\u00e3o_<br>Entre Mundos: Lenora Rosenfield<\/div><\/div><\/a><\/figure><\/div><\/li><li class=\"kadence-blocks-gallery-item\"><div class=\"kadence-blocks-gallery-item-inner\"><figure class=\"kb-gallery-figure kb-gallery-item-has-link kadence-blocks-gallery-item-has-caption\"><a href=\"https:\/\/wp.ufpel.edu.br\/curadoria\/laboratorio-de-curadoria-do-museu-de-arte-leopoldo-gotuzzo\/geometrias-em-torno-da-pureza-das-formas\/\" class=\"kb-gallery-item-link\" target=\"_blank\" rel=\"noopener noreferrer\"><div class=\"kb-gal-image-radius\"><div class=\"kb-gallery-image-contain kadence-blocks-gallery-intrinsic kb-gallery-image-ratio-square kb-has-image-ratio-square\" ><img loading=\"lazy\" decoding=\"async\" src=\"https:\/\/wp.ufpel.edu.br\/curadoria\/files\/2019\/11\/convite_QUADRADO1-1024x1024.png\" width=\"1024\" height=\"1024\" alt=\"\" data-full-image=\"https:\/\/wp.ufpel.edu.br\/curadoria\/files\/2019\/11\/convite_QUADRADO1-e1573928716610.png\" data-light-image=\"https:\/\/wp.ufpel.edu.br\/curadoria\/files\/2019\/11\/convite_QUADRADO1-e1573928716610.png\" data-id=\"244\" class=\"wp-image-244\"\/><\/div><div class=\"kadence-blocks-gallery-item__caption\">exposi\u00e7\u00e3o_<br>Geometrias: em torno da pureza das formas<\/div><\/div><\/a><\/figure><\/div><\/li><li class=\"kadence-blocks-gallery-item\"><div class=\"kadence-blocks-gallery-item-inner\"><figure class=\"kb-gallery-figure kb-gallery-item-has-link kadence-blocks-gallery-item-has-caption\"><a href=\"https:\/\/wp.ufpel.edu.br\/curadoria\/laboratorio-de-curadoria-do-museu-de-arte-leopoldo-gotuzzo\/sabores-nas-colecoes-do-malg\/\" class=\"kb-gallery-item-link\" target=\"_blank\" rel=\"noopener noreferrer\"><div class=\"kb-gal-image-radius\"><div class=\"kb-gallery-image-contain kadence-blocks-gallery-intrinsic kb-gallery-image-ratio-square kb-has-image-ratio-square\" ><img loading=\"lazy\" decoding=\"async\" src=\"https:\/\/wp.ufpel.edu.br\/curadoria\/files\/2019\/11\/convite_QUADRADO-1024x1024.png\" width=\"1024\" height=\"1024\" alt=\"\" data-full-image=\"https:\/\/wp.ufpel.edu.br\/curadoria\/files\/2019\/11\/convite_QUADRADO-e1573928726703.png\" data-light-image=\"https:\/\/wp.ufpel.edu.br\/curadoria\/files\/2019\/11\/convite_QUADRADO-e1573928726703.png\" data-id=\"240\" class=\"wp-image-240\"\/><\/div><div class=\"kadence-blocks-gallery-item__caption\">exposi\u00e7\u00e3o_<br>Sabores nas cole\u00e7\u00f5es do MALG<\/div><\/div><\/a><\/figure><\/div><\/li><\/ul><\/div><\/div><\/div>\n\n\n\n<div class=\"wp-block-kadence-tab kt-tab-inner-content kt-inner-tab-2 kt-inner-tab_9ed528-a3\"><div class=\"kt-tab-inner-content-inner\"><style>.wp-block-kadence-advancedgallery.kb-gallery-wrap-id-_618850-ae{margin-top:0px;margin-right:0px;margin-bottom:0px;margin-left:0px;}.wp-block-kadence-advancedgallery .kb-gallery-type-grid.kb-gallery-id-_618850-ae{margin:-5px;}.kb-gallery-type-grid.kb-gallery-id-_618850-ae .kadence-blocks-gallery-item{padding:5px;}.kb-gallery-id-_618850-ae .kadence-blocks-gallery-item .kb-gal-image-radius, .kb-gallery-id-_618850-ae .kb-slide-item .kb-gal-image-radius img{border-radius:0px 0px 0px 0px;;}.kb-gallery-id-_618850-ae .kadence-blocks-gallery-item .kadence-blocks-gallery-item-inner .kadence-blocks-gallery-item__caption{letter-spacing:1px;font-weight:bold;text-transform:uppercase;}.kb-gallery-caption-style-cover-hover.kb-gallery-id-_618850-ae .kadence-blocks-gallery-item .kadence-blocks-gallery-item-inner .kadence-blocks-gallery-item__caption, .kb-gallery-caption-style-below.kb-gallery-id-_618850-ae .kadence-blocks-gallery-item .kadence-blocks-gallery-item-inner .kadence-blocks-gallery-item__caption{background:rgba(0, 0, 0, 0.9);}<\/style><div class=\"kb-gallery-wrap-id-_618850-ae alignnone wp-block-kadence-advancedgallery\"><ul class=\"kb-gallery-ul kb-gallery-non-static kb-gallery-type-grid kb-gallery-id-_618850-ae kb-gallery-caption-style-cover-hover kb-gallery-filter-none\" data-image-filter=\"none\" data-item-selector=\".kadence-blocks-gallery-item\" data-lightbox-caption=\"true\" data-columns-xxl=\"2\" data-columns-xl=\"2\" data-columns-md=\"2\" data-columns-sm=\"2\" data-columns-xs=\"1\" data-columns-ss=\"1\"><li class=\"kadence-blocks-gallery-item\"><div class=\"kadence-blocks-gallery-item-inner\"><figure class=\"kb-gallery-figure kb-gallery-item-has-link kadence-blocks-gallery-item-has-caption\"><a href=\"https:\/\/wp.ufpel.edu.br\/curadoria\/laboratorio-de-curadoria-do-museu-de-arte-leopoldo-gotuzzo\/entre-mundos-lenora-rosenfield\/\" class=\"kb-gallery-item-link\" target=\"_blank\" rel=\"noopener noreferrer\"><div class=\"kb-gal-image-radius\"><div class=\"kb-gallery-image-contain kadence-blocks-gallery-intrinsic kb-gallery-image-ratio-square kb-has-image-ratio-square\" ><img loading=\"lazy\" decoding=\"async\" src=\"https:\/\/wp.ufpel.edu.br\/curadoria\/files\/2019\/11\/convite_QUADRADO2-1024x1024.png\" width=\"1024\" height=\"1024\" alt=\"\" data-full-image=\"https:\/\/wp.ufpel.edu.br\/curadoria\/files\/2019\/11\/convite_QUADRADO2-e1573928696731.png\" data-light-image=\"https:\/\/wp.ufpel.edu.br\/curadoria\/files\/2019\/11\/convite_QUADRADO2-e1573928696731.png\" data-id=\"248\" class=\"wp-image-248\"\/><\/div><div class=\"kadence-blocks-gallery-item__caption\">exposi\u00e7\u00e3o_<br>Entre Mundos: Lenora Rosenfield<\/div><\/div><\/a><\/figure><\/div><\/li><li class=\"kadence-blocks-gallery-item\"><div class=\"kadence-blocks-gallery-item-inner\"><figure class=\"kb-gallery-figure kb-gallery-item-has-link kadence-blocks-gallery-item-has-caption\"><a href=\"https:\/\/wp.ufpel.edu.br\/curadoria\/laboratorio-de-curadoria-do-museu-de-arte-leopoldo-gotuzzo\/geometrias-em-torno-da-pureza-das-formas\/\" class=\"kb-gallery-item-link\" target=\"_blank\" rel=\"noopener noreferrer\"><div class=\"kb-gal-image-radius\"><div class=\"kb-gallery-image-contain kadence-blocks-gallery-intrinsic kb-gallery-image-ratio-square kb-has-image-ratio-square\" ><img loading=\"lazy\" decoding=\"async\" src=\"https:\/\/wp.ufpel.edu.br\/curadoria\/files\/2019\/11\/convite_QUADRADO1-1024x1024.png\" width=\"1024\" height=\"1024\" alt=\"\" data-full-image=\"https:\/\/wp.ufpel.edu.br\/curadoria\/files\/2019\/11\/convite_QUADRADO1-e1573928716610.png\" data-light-image=\"https:\/\/wp.ufpel.edu.br\/curadoria\/files\/2019\/11\/convite_QUADRADO1-e1573928716610.png\" data-id=\"244\" class=\"wp-image-244\"\/><\/div><div class=\"kadence-blocks-gallery-item__caption\">exposi\u00e7\u00e3o_<br>Geometrias: em torno da pureza das formas<\/div><\/div><\/a><\/figure><\/div><\/li><li class=\"kadence-blocks-gallery-item\"><div class=\"kadence-blocks-gallery-item-inner\"><figure class=\"kb-gallery-figure kb-gallery-item-has-link kadence-blocks-gallery-item-has-caption\"><a href=\"https:\/\/wp.ufpel.edu.br\/curadoria\/laboratorio-de-curadoria-do-museu-de-arte-leopoldo-gotuzzo\/sabores-nas-colecoes-do-malg\/\" class=\"kb-gallery-item-link\" target=\"_blank\" rel=\"noopener noreferrer\"><div class=\"kb-gal-image-radius\"><div class=\"kb-gallery-image-contain kadence-blocks-gallery-intrinsic kb-gallery-image-ratio-square kb-has-image-ratio-square\" ><img loading=\"lazy\" decoding=\"async\" src=\"https:\/\/wp.ufpel.edu.br\/curadoria\/files\/2019\/11\/convite_QUADRADO-1024x1024.png\" width=\"1024\" height=\"1024\" alt=\"\" data-full-image=\"https:\/\/wp.ufpel.edu.br\/curadoria\/files\/2019\/11\/convite_QUADRADO-e1573928726703.png\" data-light-image=\"https:\/\/wp.ufpel.edu.br\/curadoria\/files\/2019\/11\/convite_QUADRADO-e1573928726703.png\" data-id=\"240\" class=\"wp-image-240\"\/><\/div><div class=\"kadence-blocks-gallery-item__caption\">exposi\u00e7\u00e3o_<br>Sabores nas cole\u00e7\u00f5es do MALG<\/div><\/div><\/a><\/figure><\/div><\/li><\/ul><\/div><\/div><\/div>\n\n\n\n<div class=\"wp-block-kadence-tab kt-tab-inner-content kt-inner-tab-3 kt-inner-tab_79d255-d7\"><div class=\"kt-tab-inner-content-inner\">\n<p><span style=\"font-size: 12pt\">Exposi\u00e7\u00f5es_ <strong>2021<\/strong><\/span><\/p>\n<p><strong>[em andamento]<br \/><\/strong><\/p>\n<\/div><\/div>\n<\/div><\/div><\/div>\n","protected":false},"excerpt":{"rendered":"<p>Acervo _ LACMALGAbaixo encontram-se as exposi\u00e7\u00f5es e projetos realizados para consulta, organizados por ano de realiza\u00e7\u00e3o da a\u00e7\u00e3o. O modelo gr\u00e1fico detalhado das informa\u00e7\u00f5es inseridas pode ser acessado aqui .<\/p>\n","protected":false},"author":968,"featured_media":0,"parent":136,"menu_order":0,"comment_status":"closed","ping_status":"closed","template":"","meta":{"footnotes":""},"class_list":["post-596","page","type-page","status-publish","hentry"],"yoast_head":"<!-- This site is optimized with the Yoast SEO plugin v26.7 - https:\/\/yoast.com\/wordpress\/plugins\/seo\/ -->\n<title>Exposi\u00e7\u00f5es \/ projetos - LACMALG<\/title>\n<meta name=\"robots\" content=\"index, follow, max-snippet:-1, max-image-preview:large, max-video-preview:-1\" \/>\n<link rel=\"canonical\" href=\"https:\/\/wp.ufpel.edu.br\/curadoria\/laboratorio-de-curadoria-do-museu-de-arte-leopoldo-gotuzzo\/exposicoes\/\" \/>\n<meta property=\"og:locale\" content=\"pt_BR\" \/>\n<meta property=\"og:type\" content=\"article\" \/>\n<meta property=\"og:title\" content=\"Exposi\u00e7\u00f5es \/ projetos - LACMALG\" \/>\n<meta property=\"og:description\" content=\"Acervo _ LACMALGAbaixo encontram-se as exposi\u00e7\u00f5es e projetos realizados para consulta, organizados por ano de realiza\u00e7\u00e3o da a\u00e7\u00e3o. O modelo gr\u00e1fico detalhado das informa\u00e7\u00f5es inseridas pode ser acessado aqui .\" \/>\n<meta property=\"og:url\" content=\"https:\/\/wp.ufpel.edu.br\/curadoria\/laboratorio-de-curadoria-do-museu-de-arte-leopoldo-gotuzzo\/exposicoes\/\" \/>\n<meta property=\"og:site_name\" content=\"LACMALG\" \/>\n<meta property=\"article:modified_time\" content=\"2021-08-16T20:05:45+00:00\" \/>\n<meta property=\"og:image\" content=\"https:\/\/wp.ufpel.edu.br\/curadoria\/files\/2019\/11\/convite_QUADRADO2-1024x1024.png\" \/>\n<meta name=\"twitter:card\" content=\"summary_large_image\" \/>\n<meta name=\"twitter:label1\" content=\"Est. tempo de leitura\" \/>\n\t<meta name=\"twitter:data1\" content=\"2 minutos\" \/>\n<script type=\"application\/ld+json\" class=\"yoast-schema-graph\">{\"@context\":\"https:\/\/schema.org\",\"@graph\":[{\"@type\":\"WebPage\",\"@id\":\"https:\/\/wp.ufpel.edu.br\/curadoria\/laboratorio-de-curadoria-do-museu-de-arte-leopoldo-gotuzzo\/exposicoes\/\",\"url\":\"https:\/\/wp.ufpel.edu.br\/curadoria\/laboratorio-de-curadoria-do-museu-de-arte-leopoldo-gotuzzo\/exposicoes\/\",\"name\":\"Exposi\u00e7\u00f5es \/ projetos - LACMALG\",\"isPartOf\":{\"@id\":\"https:\/\/wp.ufpel.edu.br\/curadoria\/#website\"},\"primaryImageOfPage\":{\"@id\":\"https:\/\/wp.ufpel.edu.br\/curadoria\/laboratorio-de-curadoria-do-museu-de-arte-leopoldo-gotuzzo\/exposicoes\/#primaryimage\"},\"image\":{\"@id\":\"https:\/\/wp.ufpel.edu.br\/curadoria\/laboratorio-de-curadoria-do-museu-de-arte-leopoldo-gotuzzo\/exposicoes\/#primaryimage\"},\"thumbnailUrl\":\"https:\/\/wp.ufpel.edu.br\/curadoria\/files\/2019\/11\/convite_QUADRADO2-1024x1024.png\",\"datePublished\":\"2021-08-16T17:31:26+00:00\",\"dateModified\":\"2021-08-16T20:05:45+00:00\",\"breadcrumb\":{\"@id\":\"https:\/\/wp.ufpel.edu.br\/curadoria\/laboratorio-de-curadoria-do-museu-de-arte-leopoldo-gotuzzo\/exposicoes\/#breadcrumb\"},\"inLanguage\":\"pt-BR\",\"potentialAction\":[{\"@type\":\"ReadAction\",\"target\":[\"https:\/\/wp.ufpel.edu.br\/curadoria\/laboratorio-de-curadoria-do-museu-de-arte-leopoldo-gotuzzo\/exposicoes\/\"]}]},{\"@type\":\"ImageObject\",\"inLanguage\":\"pt-BR\",\"@id\":\"https:\/\/wp.ufpel.edu.br\/curadoria\/laboratorio-de-curadoria-do-museu-de-arte-leopoldo-gotuzzo\/exposicoes\/#primaryimage\",\"url\":\"https:\/\/wp.ufpel.edu.br\/curadoria\/files\/2019\/11\/convite_QUADRADO2-1024x1024.png\",\"contentUrl\":\"https:\/\/wp.ufpel.edu.br\/curadoria\/files\/2019\/11\/convite_QUADRADO2-1024x1024.png\"},{\"@type\":\"BreadcrumbList\",\"@id\":\"https:\/\/wp.ufpel.edu.br\/curadoria\/laboratorio-de-curadoria-do-museu-de-arte-leopoldo-gotuzzo\/exposicoes\/#breadcrumb\",\"itemListElement\":[{\"@type\":\"ListItem\",\"position\":1,\"name\":\"In\u00edcio\",\"item\":\"https:\/\/wp.ufpel.edu.br\/curadoria\/\"},{\"@type\":\"ListItem\",\"position\":2,\"name\":\"LABORAT\u00d3RIO DE CURADORIA DO MUSEU DE ARTE LEOPOLDO GOTUZZO\",\"item\":\"https:\/\/wp.ufpel.edu.br\/curadoria\/laboratorio-de-curadoria-do-museu-de-arte-leopoldo-gotuzzo\/\"},{\"@type\":\"ListItem\",\"position\":3,\"name\":\"Exposi\u00e7\u00f5es \/ projetos\"}]},{\"@type\":\"WebSite\",\"@id\":\"https:\/\/wp.ufpel.edu.br\/curadoria\/#website\",\"url\":\"https:\/\/wp.ufpel.edu.br\/curadoria\/\",\"name\":\"LACMALG\",\"description\":\"Laborat\u00f3rio de Curadoria do Museu de Arte Leopoldo Gotuzzo | UFPel\",\"potentialAction\":[{\"@type\":\"SearchAction\",\"target\":{\"@type\":\"EntryPoint\",\"urlTemplate\":\"https:\/\/wp.ufpel.edu.br\/curadoria\/?s={search_term_string}\"},\"query-input\":{\"@type\":\"PropertyValueSpecification\",\"valueRequired\":true,\"valueName\":\"search_term_string\"}}],\"inLanguage\":\"pt-BR\"}]}<\/script>\n<!-- \/ Yoast SEO plugin. -->","yoast_head_json":{"title":"Exposi\u00e7\u00f5es \/ projetos - LACMALG","robots":{"index":"index","follow":"follow","max-snippet":"max-snippet:-1","max-image-preview":"max-image-preview:large","max-video-preview":"max-video-preview:-1"},"canonical":"https:\/\/wp.ufpel.edu.br\/curadoria\/laboratorio-de-curadoria-do-museu-de-arte-leopoldo-gotuzzo\/exposicoes\/","og_locale":"pt_BR","og_type":"article","og_title":"Exposi\u00e7\u00f5es \/ projetos - LACMALG","og_description":"Acervo _ LACMALGAbaixo encontram-se as exposi\u00e7\u00f5es e projetos realizados para consulta, organizados por ano de realiza\u00e7\u00e3o da a\u00e7\u00e3o. O modelo gr\u00e1fico detalhado das informa\u00e7\u00f5es inseridas pode ser acessado aqui .","og_url":"https:\/\/wp.ufpel.edu.br\/curadoria\/laboratorio-de-curadoria-do-museu-de-arte-leopoldo-gotuzzo\/exposicoes\/","og_site_name":"LACMALG","article_modified_time":"2021-08-16T20:05:45+00:00","og_image":[{"url":"https:\/\/wp.ufpel.edu.br\/curadoria\/files\/2019\/11\/convite_QUADRADO2-1024x1024.png","type":"","width":"","height":""}],"twitter_card":"summary_large_image","twitter_misc":{"Est. tempo de leitura":"2 minutos"},"schema":{"@context":"https:\/\/schema.org","@graph":[{"@type":"WebPage","@id":"https:\/\/wp.ufpel.edu.br\/curadoria\/laboratorio-de-curadoria-do-museu-de-arte-leopoldo-gotuzzo\/exposicoes\/","url":"https:\/\/wp.ufpel.edu.br\/curadoria\/laboratorio-de-curadoria-do-museu-de-arte-leopoldo-gotuzzo\/exposicoes\/","name":"Exposi\u00e7\u00f5es \/ projetos - LACMALG","isPartOf":{"@id":"https:\/\/wp.ufpel.edu.br\/curadoria\/#website"},"primaryImageOfPage":{"@id":"https:\/\/wp.ufpel.edu.br\/curadoria\/laboratorio-de-curadoria-do-museu-de-arte-leopoldo-gotuzzo\/exposicoes\/#primaryimage"},"image":{"@id":"https:\/\/wp.ufpel.edu.br\/curadoria\/laboratorio-de-curadoria-do-museu-de-arte-leopoldo-gotuzzo\/exposicoes\/#primaryimage"},"thumbnailUrl":"https:\/\/wp.ufpel.edu.br\/curadoria\/files\/2019\/11\/convite_QUADRADO2-1024x1024.png","datePublished":"2021-08-16T17:31:26+00:00","dateModified":"2021-08-16T20:05:45+00:00","breadcrumb":{"@id":"https:\/\/wp.ufpel.edu.br\/curadoria\/laboratorio-de-curadoria-do-museu-de-arte-leopoldo-gotuzzo\/exposicoes\/#breadcrumb"},"inLanguage":"pt-BR","potentialAction":[{"@type":"ReadAction","target":["https:\/\/wp.ufpel.edu.br\/curadoria\/laboratorio-de-curadoria-do-museu-de-arte-leopoldo-gotuzzo\/exposicoes\/"]}]},{"@type":"ImageObject","inLanguage":"pt-BR","@id":"https:\/\/wp.ufpel.edu.br\/curadoria\/laboratorio-de-curadoria-do-museu-de-arte-leopoldo-gotuzzo\/exposicoes\/#primaryimage","url":"https:\/\/wp.ufpel.edu.br\/curadoria\/files\/2019\/11\/convite_QUADRADO2-1024x1024.png","contentUrl":"https:\/\/wp.ufpel.edu.br\/curadoria\/files\/2019\/11\/convite_QUADRADO2-1024x1024.png"},{"@type":"BreadcrumbList","@id":"https:\/\/wp.ufpel.edu.br\/curadoria\/laboratorio-de-curadoria-do-museu-de-arte-leopoldo-gotuzzo\/exposicoes\/#breadcrumb","itemListElement":[{"@type":"ListItem","position":1,"name":"In\u00edcio","item":"https:\/\/wp.ufpel.edu.br\/curadoria\/"},{"@type":"ListItem","position":2,"name":"LABORAT\u00d3RIO DE CURADORIA DO MUSEU DE ARTE LEOPOLDO GOTUZZO","item":"https:\/\/wp.ufpel.edu.br\/curadoria\/laboratorio-de-curadoria-do-museu-de-arte-leopoldo-gotuzzo\/"},{"@type":"ListItem","position":3,"name":"Exposi\u00e7\u00f5es \/ projetos"}]},{"@type":"WebSite","@id":"https:\/\/wp.ufpel.edu.br\/curadoria\/#website","url":"https:\/\/wp.ufpel.edu.br\/curadoria\/","name":"LACMALG","description":"Laborat\u00f3rio de Curadoria do Museu de Arte Leopoldo Gotuzzo | UFPel","potentialAction":[{"@type":"SearchAction","target":{"@type":"EntryPoint","urlTemplate":"https:\/\/wp.ufpel.edu.br\/curadoria\/?s={search_term_string}"},"query-input":{"@type":"PropertyValueSpecification","valueRequired":true,"valueName":"search_term_string"}}],"inLanguage":"pt-BR"}]}},"jetpack_sharing_enabled":true,"jetpack_shortlink":"https:\/\/wp.me\/Pbsuh8-9C","_links":{"self":[{"href":"https:\/\/wp.ufpel.edu.br\/curadoria\/wp-json\/wp\/v2\/pages\/596","targetHints":{"allow":["GET"]}}],"collection":[{"href":"https:\/\/wp.ufpel.edu.br\/curadoria\/wp-json\/wp\/v2\/pages"}],"about":[{"href":"https:\/\/wp.ufpel.edu.br\/curadoria\/wp-json\/wp\/v2\/types\/page"}],"author":[{"embeddable":true,"href":"https:\/\/wp.ufpel.edu.br\/curadoria\/wp-json\/wp\/v2\/users\/968"}],"replies":[{"embeddable":true,"href":"https:\/\/wp.ufpel.edu.br\/curadoria\/wp-json\/wp\/v2\/comments?post=596"}],"version-history":[{"count":39,"href":"https:\/\/wp.ufpel.edu.br\/curadoria\/wp-json\/wp\/v2\/pages\/596\/revisions"}],"predecessor-version":[{"id":679,"href":"https:\/\/wp.ufpel.edu.br\/curadoria\/wp-json\/wp\/v2\/pages\/596\/revisions\/679"}],"up":[{"embeddable":true,"href":"https:\/\/wp.ufpel.edu.br\/curadoria\/wp-json\/wp\/v2\/pages\/136"}],"wp:attachment":[{"href":"https:\/\/wp.ufpel.edu.br\/curadoria\/wp-json\/wp\/v2\/media?parent=596"}],"curies":[{"name":"wp","href":"https:\/\/api.w.org\/{rel}","templated":true}]}}