{"id":589,"date":"2021-08-16T14:19:29","date_gmt":"2021-08-16T17:19:29","guid":{"rendered":"https:\/\/wp.ufpel.edu.br\/curadoria\/?page_id=589"},"modified":"2021-08-25T17:53:20","modified_gmt":"2021-08-25T20:53:20","slug":"diversos-olhares-e-uma-colecao","status":"publish","type":"page","link":"https:\/\/wp.ufpel.edu.br\/curadoria\/laboratorio-de-curadoria-do-museu-de-arte-leopoldo-gotuzzo\/diversos-olhares-e-uma-colecao\/","title":{"rendered":"Diversos olhares e uma cole\u00e7\u00e3o"},"content":{"rendered":"<figure id=\"attachment_698\" aria-describedby=\"caption-attachment-698\" style=\"width: 525px\" class=\"wp-caption alignnone\"><img loading=\"lazy\" decoding=\"async\" class=\"wp-image-698 size-large\" src=\"https:\/\/wp.ufpel.edu.br\/curadoria\/files\/2021\/08\/Prancheta-1-1024x1024.png\" alt=\"\" width=\"525\" height=\"525\" srcset=\"https:\/\/wp.ufpel.edu.br\/curadoria\/files\/2021\/08\/Prancheta-1-1024x1024.png 1024w, https:\/\/wp.ufpel.edu.br\/curadoria\/files\/2021\/08\/Prancheta-1-400x400.png 400w, https:\/\/wp.ufpel.edu.br\/curadoria\/files\/2021\/08\/Prancheta-1-200x200.png 200w, https:\/\/wp.ufpel.edu.br\/curadoria\/files\/2021\/08\/Prancheta-1-768x768.png 768w, https:\/\/wp.ufpel.edu.br\/curadoria\/files\/2021\/08\/Prancheta-1-1536x1536.png 1536w, https:\/\/wp.ufpel.edu.br\/curadoria\/files\/2021\/08\/Prancheta-1-100x100.png 100w, https:\/\/wp.ufpel.edu.br\/curadoria\/files\/2021\/08\/Prancheta-1.png 1919w\" sizes=\"auto, (max-width: 525px) 100vw, 525px\" \/><figcaption id=\"caption-attachment-698\" class=\"wp-caption-text\">Convite padr\u00e3o da exposi\u00e7\u00e3o Diversos olhares e uma cole\u00e7\u00e3o<\/figcaption><\/figure>\n<p><span style=\"color: #ffffff;\">.<\/span><\/p>\n<p><strong>Diversos olhares e uma cole\u00e7\u00e3o<br \/>\n<\/strong><span style=\"font-size: 14pt;\"><span style=\"font-size: 9pt;\">texto curatorial<\/span><\/span><\/p>\n<p style=\"text-align: justify;\">A partir desta semana daremos in\u00edcio a uma nova a\u00e7\u00e3o que culminara\u0301 com uma exposi\u00e7\u00e3o virtual do MALG.<\/p>\n<p style=\"text-align: justify;\">Sera\u0301 uma atividade que ira\u0301 explorar o acervo do museu, especificamente a Cole\u00e7\u00e3o S\u00e9culo XX e contara\u0301 com a participa\u00e7\u00e3o e colabora\u00e7\u00e3o de diversos convidados.<\/p>\n<p style=\"text-align: justify;\">O MALG e\u0301 um museu que possui um acervo com aproximadamente 4 mil itens distribu\u00eddos em 8 cole\u00e7\u00f5es. Uma dessas cole\u00e7\u00f5es e\u0301 a Cole\u00e7\u00e3o S\u00e9culo XX, que se constituiu atrav\u00e9s de obras que ingressaram no museu (atrav\u00e9s de doa\u00e7\u00f5es ou aquisi\u00e7\u00f5es) desde o ano de sua funda\u00e7\u00e3o at\u00e9 o ano 2000.<\/p>\n<p style=\"text-align: justify;\">E\u0301 uma cole\u00e7\u00e3o muito diversa e tamb\u00e9m muito rica. Lan\u00e7ar um olhar sobre ela e\u0301 tamb\u00e9m entender a Pelotas da segunda metade do s\u00e9culo passado e algumas de suas transforma\u00e7\u00f5es.<\/p>\n<p style=\"text-align: justify;\">Professores, alunos, ex-alunos, t\u00e9cnicos, parceiros externos e outros colaboradores foram convidados para escolher uma obra dessa cole\u00e7\u00e3o e escrever o porqu\u00ea de sua escolha. O resultado ser\u00e3o esses &#8220;Diversos olhares sobre uma cole\u00e7\u00e3o&#8221;.<\/p>\n<p style=\"text-align: justify;\"><span style=\"color: #ffffff;\">.<\/span><\/p>\n<hr \/>\n<p><span style=\"color: #ffffff;\">.<\/span><\/p>\n<p><strong>Materiais para download<br \/>\n<\/strong><span style=\"font-size: 10pt;\">Convite padr\u00e3o<\/span><br \/>\n<span style=\"font-size: 10pt;\">Convite completo<\/span><br \/>\n<span style=\"font-size: 10pt;\">Folder<\/span><\/p>\n","protected":false},"excerpt":{"rendered":"<p>. Diversos olhares e uma cole\u00e7\u00e3o texto curatorial A partir desta semana daremos in\u00edcio a uma nova a\u00e7\u00e3o que culminara\u0301 com uma exposi\u00e7\u00e3o virtual do MALG. Sera\u0301 uma atividade que ira\u0301 explorar o acervo do museu, especificamente a Cole\u00e7\u00e3o S\u00e9culo XX e contara\u0301 com a participa\u00e7\u00e3o e colabora\u00e7\u00e3o de diversos convidados. O MALG e\u0301 um &hellip; <\/p>\n<p class=\"link-more\"><a href=\"https:\/\/wp.ufpel.edu.br\/curadoria\/laboratorio-de-curadoria-do-museu-de-arte-leopoldo-gotuzzo\/diversos-olhares-e-uma-colecao\/\" class=\"more-link\">Continue lendo<span class=\"screen-reader-text\"> &#8220;Diversos olhares e uma cole\u00e7\u00e3o&#8221;<\/span><\/a><\/p>\n","protected":false},"author":968,"featured_media":0,"parent":136,"menu_order":7,"comment_status":"closed","ping_status":"closed","template":"","meta":{"footnotes":""},"class_list":["post-589","page","type-page","status-publish","hentry"],"yoast_head":"<!-- This site is optimized with the Yoast SEO plugin v26.7 - https:\/\/yoast.com\/wordpress\/plugins\/seo\/ -->\n<title>Diversos olhares e uma cole\u00e7\u00e3o - LACMALG<\/title>\n<meta name=\"robots\" content=\"index, follow, max-snippet:-1, max-image-preview:large, max-video-preview:-1\" \/>\n<link rel=\"canonical\" href=\"https:\/\/wp.ufpel.edu.br\/curadoria\/laboratorio-de-curadoria-do-museu-de-arte-leopoldo-gotuzzo\/diversos-olhares-e-uma-colecao\/\" \/>\n<meta property=\"og:locale\" content=\"pt_BR\" \/>\n<meta property=\"og:type\" content=\"article\" \/>\n<meta property=\"og:title\" content=\"Diversos olhares e uma cole\u00e7\u00e3o - LACMALG\" \/>\n<meta property=\"og:description\" content=\". Diversos olhares e uma cole\u00e7\u00e3o texto curatorial A partir desta semana daremos in\u00edcio a uma nova a\u00e7\u00e3o que culminara\u0301 com uma exposi\u00e7\u00e3o virtual do MALG. Sera\u0301 uma atividade que ira\u0301 explorar o acervo do museu, especificamente a Cole\u00e7\u00e3o S\u00e9culo XX e contara\u0301 com a participa\u00e7\u00e3o e colabora\u00e7\u00e3o de diversos convidados. O MALG e\u0301 um &hellip; Continue lendo &quot;Diversos olhares e uma cole\u00e7\u00e3o&quot;\" \/>\n<meta property=\"og:url\" content=\"https:\/\/wp.ufpel.edu.br\/curadoria\/laboratorio-de-curadoria-do-museu-de-arte-leopoldo-gotuzzo\/diversos-olhares-e-uma-colecao\/\" \/>\n<meta property=\"og:site_name\" content=\"LACMALG\" \/>\n<meta property=\"article:modified_time\" content=\"2021-08-25T20:53:20+00:00\" \/>\n<meta property=\"og:image\" content=\"https:\/\/wp.ufpel.edu.br\/curadoria\/files\/2021\/08\/Prancheta-1-1024x1024.png\" \/>\n<meta name=\"twitter:card\" content=\"summary_large_image\" \/>\n<meta name=\"twitter:label1\" content=\"Est. tempo de leitura\" \/>\n\t<meta name=\"twitter:data1\" content=\"2 minutos\" \/>\n<script type=\"application\/ld+json\" class=\"yoast-schema-graph\">{\"@context\":\"https:\/\/schema.org\",\"@graph\":[{\"@type\":\"WebPage\",\"@id\":\"https:\/\/wp.ufpel.edu.br\/curadoria\/laboratorio-de-curadoria-do-museu-de-arte-leopoldo-gotuzzo\/diversos-olhares-e-uma-colecao\/\",\"url\":\"https:\/\/wp.ufpel.edu.br\/curadoria\/laboratorio-de-curadoria-do-museu-de-arte-leopoldo-gotuzzo\/diversos-olhares-e-uma-colecao\/\",\"name\":\"Diversos olhares e uma cole\u00e7\u00e3o - LACMALG\",\"isPartOf\":{\"@id\":\"https:\/\/wp.ufpel.edu.br\/curadoria\/#website\"},\"primaryImageOfPage\":{\"@id\":\"https:\/\/wp.ufpel.edu.br\/curadoria\/laboratorio-de-curadoria-do-museu-de-arte-leopoldo-gotuzzo\/diversos-olhares-e-uma-colecao\/#primaryimage\"},\"image\":{\"@id\":\"https:\/\/wp.ufpel.edu.br\/curadoria\/laboratorio-de-curadoria-do-museu-de-arte-leopoldo-gotuzzo\/diversos-olhares-e-uma-colecao\/#primaryimage\"},\"thumbnailUrl\":\"https:\/\/wp.ufpel.edu.br\/curadoria\/files\/2021\/08\/Prancheta-1-1024x1024.png\",\"datePublished\":\"2021-08-16T17:19:29+00:00\",\"dateModified\":\"2021-08-25T20:53:20+00:00\",\"breadcrumb\":{\"@id\":\"https:\/\/wp.ufpel.edu.br\/curadoria\/laboratorio-de-curadoria-do-museu-de-arte-leopoldo-gotuzzo\/diversos-olhares-e-uma-colecao\/#breadcrumb\"},\"inLanguage\":\"pt-BR\",\"potentialAction\":[{\"@type\":\"ReadAction\",\"target\":[\"https:\/\/wp.ufpel.edu.br\/curadoria\/laboratorio-de-curadoria-do-museu-de-arte-leopoldo-gotuzzo\/diversos-olhares-e-uma-colecao\/\"]}]},{\"@type\":\"ImageObject\",\"inLanguage\":\"pt-BR\",\"@id\":\"https:\/\/wp.ufpel.edu.br\/curadoria\/laboratorio-de-curadoria-do-museu-de-arte-leopoldo-gotuzzo\/diversos-olhares-e-uma-colecao\/#primaryimage\",\"url\":\"https:\/\/wp.ufpel.edu.br\/curadoria\/files\/2021\/08\/Prancheta-1.png\",\"contentUrl\":\"https:\/\/wp.ufpel.edu.br\/curadoria\/files\/2021\/08\/Prancheta-1.png\",\"width\":1919,\"height\":1919},{\"@type\":\"BreadcrumbList\",\"@id\":\"https:\/\/wp.ufpel.edu.br\/curadoria\/laboratorio-de-curadoria-do-museu-de-arte-leopoldo-gotuzzo\/diversos-olhares-e-uma-colecao\/#breadcrumb\",\"itemListElement\":[{\"@type\":\"ListItem\",\"position\":1,\"name\":\"In\u00edcio\",\"item\":\"https:\/\/wp.ufpel.edu.br\/curadoria\/\"},{\"@type\":\"ListItem\",\"position\":2,\"name\":\"LABORAT\u00d3RIO DE CURADORIA DO MUSEU DE ARTE LEOPOLDO GOTUZZO\",\"item\":\"https:\/\/wp.ufpel.edu.br\/curadoria\/laboratorio-de-curadoria-do-museu-de-arte-leopoldo-gotuzzo\/\"},{\"@type\":\"ListItem\",\"position\":3,\"name\":\"Diversos olhares e uma cole\u00e7\u00e3o\"}]},{\"@type\":\"WebSite\",\"@id\":\"https:\/\/wp.ufpel.edu.br\/curadoria\/#website\",\"url\":\"https:\/\/wp.ufpel.edu.br\/curadoria\/\",\"name\":\"LACMALG\",\"description\":\"Laborat\u00f3rio de Curadoria do Museu de Arte Leopoldo Gotuzzo | UFPel\",\"potentialAction\":[{\"@type\":\"SearchAction\",\"target\":{\"@type\":\"EntryPoint\",\"urlTemplate\":\"https:\/\/wp.ufpel.edu.br\/curadoria\/?s={search_term_string}\"},\"query-input\":{\"@type\":\"PropertyValueSpecification\",\"valueRequired\":true,\"valueName\":\"search_term_string\"}}],\"inLanguage\":\"pt-BR\"}]}<\/script>\n<!-- \/ Yoast SEO plugin. -->","yoast_head_json":{"title":"Diversos olhares e uma cole\u00e7\u00e3o - LACMALG","robots":{"index":"index","follow":"follow","max-snippet":"max-snippet:-1","max-image-preview":"max-image-preview:large","max-video-preview":"max-video-preview:-1"},"canonical":"https:\/\/wp.ufpel.edu.br\/curadoria\/laboratorio-de-curadoria-do-museu-de-arte-leopoldo-gotuzzo\/diversos-olhares-e-uma-colecao\/","og_locale":"pt_BR","og_type":"article","og_title":"Diversos olhares e uma cole\u00e7\u00e3o - LACMALG","og_description":". Diversos olhares e uma cole\u00e7\u00e3o texto curatorial A partir desta semana daremos in\u00edcio a uma nova a\u00e7\u00e3o que culminara\u0301 com uma exposi\u00e7\u00e3o virtual do MALG. Sera\u0301 uma atividade que ira\u0301 explorar o acervo do museu, especificamente a Cole\u00e7\u00e3o S\u00e9culo XX e contara\u0301 com a participa\u00e7\u00e3o e colabora\u00e7\u00e3o de diversos convidados. O MALG e\u0301 um &hellip; Continue lendo \"Diversos olhares e uma cole\u00e7\u00e3o\"","og_url":"https:\/\/wp.ufpel.edu.br\/curadoria\/laboratorio-de-curadoria-do-museu-de-arte-leopoldo-gotuzzo\/diversos-olhares-e-uma-colecao\/","og_site_name":"LACMALG","article_modified_time":"2021-08-25T20:53:20+00:00","og_image":[{"url":"https:\/\/wp.ufpel.edu.br\/curadoria\/files\/2021\/08\/Prancheta-1-1024x1024.png","type":"","width":"","height":""}],"twitter_card":"summary_large_image","twitter_misc":{"Est. tempo de leitura":"2 minutos"},"schema":{"@context":"https:\/\/schema.org","@graph":[{"@type":"WebPage","@id":"https:\/\/wp.ufpel.edu.br\/curadoria\/laboratorio-de-curadoria-do-museu-de-arte-leopoldo-gotuzzo\/diversos-olhares-e-uma-colecao\/","url":"https:\/\/wp.ufpel.edu.br\/curadoria\/laboratorio-de-curadoria-do-museu-de-arte-leopoldo-gotuzzo\/diversos-olhares-e-uma-colecao\/","name":"Diversos olhares e uma cole\u00e7\u00e3o - LACMALG","isPartOf":{"@id":"https:\/\/wp.ufpel.edu.br\/curadoria\/#website"},"primaryImageOfPage":{"@id":"https:\/\/wp.ufpel.edu.br\/curadoria\/laboratorio-de-curadoria-do-museu-de-arte-leopoldo-gotuzzo\/diversos-olhares-e-uma-colecao\/#primaryimage"},"image":{"@id":"https:\/\/wp.ufpel.edu.br\/curadoria\/laboratorio-de-curadoria-do-museu-de-arte-leopoldo-gotuzzo\/diversos-olhares-e-uma-colecao\/#primaryimage"},"thumbnailUrl":"https:\/\/wp.ufpel.edu.br\/curadoria\/files\/2021\/08\/Prancheta-1-1024x1024.png","datePublished":"2021-08-16T17:19:29+00:00","dateModified":"2021-08-25T20:53:20+00:00","breadcrumb":{"@id":"https:\/\/wp.ufpel.edu.br\/curadoria\/laboratorio-de-curadoria-do-museu-de-arte-leopoldo-gotuzzo\/diversos-olhares-e-uma-colecao\/#breadcrumb"},"inLanguage":"pt-BR","potentialAction":[{"@type":"ReadAction","target":["https:\/\/wp.ufpel.edu.br\/curadoria\/laboratorio-de-curadoria-do-museu-de-arte-leopoldo-gotuzzo\/diversos-olhares-e-uma-colecao\/"]}]},{"@type":"ImageObject","inLanguage":"pt-BR","@id":"https:\/\/wp.ufpel.edu.br\/curadoria\/laboratorio-de-curadoria-do-museu-de-arte-leopoldo-gotuzzo\/diversos-olhares-e-uma-colecao\/#primaryimage","url":"https:\/\/wp.ufpel.edu.br\/curadoria\/files\/2021\/08\/Prancheta-1.png","contentUrl":"https:\/\/wp.ufpel.edu.br\/curadoria\/files\/2021\/08\/Prancheta-1.png","width":1919,"height":1919},{"@type":"BreadcrumbList","@id":"https:\/\/wp.ufpel.edu.br\/curadoria\/laboratorio-de-curadoria-do-museu-de-arte-leopoldo-gotuzzo\/diversos-olhares-e-uma-colecao\/#breadcrumb","itemListElement":[{"@type":"ListItem","position":1,"name":"In\u00edcio","item":"https:\/\/wp.ufpel.edu.br\/curadoria\/"},{"@type":"ListItem","position":2,"name":"LABORAT\u00d3RIO DE CURADORIA DO MUSEU DE ARTE LEOPOLDO GOTUZZO","item":"https:\/\/wp.ufpel.edu.br\/curadoria\/laboratorio-de-curadoria-do-museu-de-arte-leopoldo-gotuzzo\/"},{"@type":"ListItem","position":3,"name":"Diversos olhares e uma cole\u00e7\u00e3o"}]},{"@type":"WebSite","@id":"https:\/\/wp.ufpel.edu.br\/curadoria\/#website","url":"https:\/\/wp.ufpel.edu.br\/curadoria\/","name":"LACMALG","description":"Laborat\u00f3rio de Curadoria do Museu de Arte Leopoldo Gotuzzo | UFPel","potentialAction":[{"@type":"SearchAction","target":{"@type":"EntryPoint","urlTemplate":"https:\/\/wp.ufpel.edu.br\/curadoria\/?s={search_term_string}"},"query-input":{"@type":"PropertyValueSpecification","valueRequired":true,"valueName":"search_term_string"}}],"inLanguage":"pt-BR"}]}},"jetpack_sharing_enabled":true,"jetpack_shortlink":"https:\/\/wp.me\/Pbsuh8-9v","_links":{"self":[{"href":"https:\/\/wp.ufpel.edu.br\/curadoria\/wp-json\/wp\/v2\/pages\/589","targetHints":{"allow":["GET"]}}],"collection":[{"href":"https:\/\/wp.ufpel.edu.br\/curadoria\/wp-json\/wp\/v2\/pages"}],"about":[{"href":"https:\/\/wp.ufpel.edu.br\/curadoria\/wp-json\/wp\/v2\/types\/page"}],"author":[{"embeddable":true,"href":"https:\/\/wp.ufpel.edu.br\/curadoria\/wp-json\/wp\/v2\/users\/968"}],"replies":[{"embeddable":true,"href":"https:\/\/wp.ufpel.edu.br\/curadoria\/wp-json\/wp\/v2\/comments?post=589"}],"version-history":[{"count":4,"href":"https:\/\/wp.ufpel.edu.br\/curadoria\/wp-json\/wp\/v2\/pages\/589\/revisions"}],"predecessor-version":[{"id":703,"href":"https:\/\/wp.ufpel.edu.br\/curadoria\/wp-json\/wp\/v2\/pages\/589\/revisions\/703"}],"up":[{"embeddable":true,"href":"https:\/\/wp.ufpel.edu.br\/curadoria\/wp-json\/wp\/v2\/pages\/136"}],"wp:attachment":[{"href":"https:\/\/wp.ufpel.edu.br\/curadoria\/wp-json\/wp\/v2\/media?parent=589"}],"curies":[{"name":"wp","href":"https:\/\/api.w.org\/{rel}","templated":true}]}}