{"id":500,"date":"2021-06-02T17:53:18","date_gmt":"2021-06-02T20:53:18","guid":{"rendered":"https:\/\/wp.ufpel.edu.br\/curadoria\/?page_id=500"},"modified":"2021-06-02T17:56:15","modified_gmt":"2021-06-02T20:56:15","slug":"joana-soster-lizott","status":"publish","type":"page","link":"https:\/\/wp.ufpel.edu.br\/curadoria\/quem-somos\/joana-soster-lizott\/","title":{"rendered":"Joana Soster Lizott"},"content":{"rendered":"\n<p class=\"has-text-align-justify\"><strong>Joana Soster Lizott<\/strong> \u00e9 servidora p\u00fablica e Muse\u00f3loga da Universidade Federal de Pelotas, atuando junto ao Museu de Arte Leopoldo Gotuzzo Mestranda em Mem\u00f3ria Social e Patrim\u00f4nio Cultural da UFPel Bacharel em Hist\u00f3ria e Museologia Atua\u00e7\u00e3o no Museus Hist\u00f3rico Regional de Passo Fundo e Museu de Artes Visuais Ruth Schneider, vinculado \u00e0 Universidade de Passo Fundo, entre 2012-2014.<\/p>\n\n\n\n<p><strong>Para mais informa\u00e7\u00f5es de curr\u00edculo, acesse:&nbsp;&nbsp;<\/strong><a href=\"http:\/\/lattes.cnpq.br\/5124950930057152\" target=\"_blank\" rel=\"noreferrer noopener\">curr\u00edculo lattes<\/a><\/p>\n\n\n\n<hr class=\"wp-block-separator\" \/>\n","protected":false},"excerpt":{"rendered":"<p>Joana Soster Lizott \u00e9 servidora p\u00fablica e Muse\u00f3loga da Universidade Federal de Pelotas, atuando junto ao Museu de Arte Leopoldo Gotuzzo Mestranda em Mem\u00f3ria Social e Patrim\u00f4nio Cultural da UFPel Bacharel em Hist\u00f3ria e Museologia Atua\u00e7\u00e3o no Museus Hist\u00f3rico Regional de Passo Fundo e Museu de Artes Visuais Ruth Schneider, vinculado \u00e0 Universidade de Passo &hellip; <\/p>\n<p class=\"link-more\"><a href=\"https:\/\/wp.ufpel.edu.br\/curadoria\/quem-somos\/joana-soster-lizott\/\" class=\"more-link\">Continue lendo<span class=\"screen-reader-text\"> &#8220;Joana Soster Lizott&#8221;<\/span><\/a><\/p>\n","protected":false},"author":968,"featured_media":0,"parent":29,"menu_order":0,"comment_status":"closed","ping_status":"closed","template":"","meta":{"footnotes":""},"class_list":["post-500","page","type-page","status-publish","hentry"],"yoast_head":"<!-- This site is optimized with the Yoast SEO plugin v26.7 - https:\/\/yoast.com\/wordpress\/plugins\/seo\/ -->\n<title>Joana Soster Lizott - LACMALG<\/title>\n<meta name=\"robots\" content=\"index, follow, max-snippet:-1, max-image-preview:large, max-video-preview:-1\" \/>\n<link rel=\"canonical\" href=\"https:\/\/wp.ufpel.edu.br\/curadoria\/quem-somos\/joana-soster-lizott\/\" \/>\n<meta property=\"og:locale\" content=\"pt_BR\" \/>\n<meta property=\"og:type\" content=\"article\" \/>\n<meta property=\"og:title\" content=\"Joana Soster Lizott - LACMALG\" \/>\n<meta property=\"og:description\" content=\"Joana Soster Lizott \u00e9 servidora p\u00fablica e Muse\u00f3loga da Universidade Federal de Pelotas, atuando junto ao Museu de Arte Leopoldo Gotuzzo Mestranda em Mem\u00f3ria Social e Patrim\u00f4nio Cultural da UFPel Bacharel em Hist\u00f3ria e Museologia Atua\u00e7\u00e3o no Museus Hist\u00f3rico Regional de Passo Fundo e Museu de Artes Visuais Ruth Schneider, vinculado \u00e0 Universidade de Passo &hellip; Continue lendo &quot;Joana Soster Lizott&quot;\" \/>\n<meta property=\"og:url\" content=\"https:\/\/wp.ufpel.edu.br\/curadoria\/quem-somos\/joana-soster-lizott\/\" \/>\n<meta property=\"og:site_name\" content=\"LACMALG\" \/>\n<meta property=\"article:modified_time\" content=\"2021-06-02T20:56:15+00:00\" \/>\n<meta name=\"twitter:card\" content=\"summary_large_image\" \/>\n<meta name=\"twitter:label1\" content=\"Est. tempo de leitura\" \/>\n\t<meta name=\"twitter:data1\" content=\"1 minuto\" \/>\n<script type=\"application\/ld+json\" class=\"yoast-schema-graph\">{\"@context\":\"https:\/\/schema.org\",\"@graph\":[{\"@type\":\"WebPage\",\"@id\":\"https:\/\/wp.ufpel.edu.br\/curadoria\/quem-somos\/joana-soster-lizott\/\",\"url\":\"https:\/\/wp.ufpel.edu.br\/curadoria\/quem-somos\/joana-soster-lizott\/\",\"name\":\"Joana Soster Lizott - LACMALG\",\"isPartOf\":{\"@id\":\"https:\/\/wp.ufpel.edu.br\/curadoria\/#website\"},\"datePublished\":\"2021-06-02T20:53:18+00:00\",\"dateModified\":\"2021-06-02T20:56:15+00:00\",\"breadcrumb\":{\"@id\":\"https:\/\/wp.ufpel.edu.br\/curadoria\/quem-somos\/joana-soster-lizott\/#breadcrumb\"},\"inLanguage\":\"pt-BR\",\"potentialAction\":[{\"@type\":\"ReadAction\",\"target\":[\"https:\/\/wp.ufpel.edu.br\/curadoria\/quem-somos\/joana-soster-lizott\/\"]}]},{\"@type\":\"BreadcrumbList\",\"@id\":\"https:\/\/wp.ufpel.edu.br\/curadoria\/quem-somos\/joana-soster-lizott\/#breadcrumb\",\"itemListElement\":[{\"@type\":\"ListItem\",\"position\":1,\"name\":\"In\u00edcio\",\"item\":\"https:\/\/wp.ufpel.edu.br\/curadoria\/\"},{\"@type\":\"ListItem\",\"position\":2,\"name\":\"QUEM SOMOS\",\"item\":\"https:\/\/wp.ufpel.edu.br\/curadoria\/quem-somos\/\"},{\"@type\":\"ListItem\",\"position\":3,\"name\":\"Joana Soster Lizott\"}]},{\"@type\":\"WebSite\",\"@id\":\"https:\/\/wp.ufpel.edu.br\/curadoria\/#website\",\"url\":\"https:\/\/wp.ufpel.edu.br\/curadoria\/\",\"name\":\"LACMALG\",\"description\":\"Laborat\u00f3rio de Curadoria do Museu de Arte Leopoldo Gotuzzo | UFPel\",\"potentialAction\":[{\"@type\":\"SearchAction\",\"target\":{\"@type\":\"EntryPoint\",\"urlTemplate\":\"https:\/\/wp.ufpel.edu.br\/curadoria\/?s={search_term_string}\"},\"query-input\":{\"@type\":\"PropertyValueSpecification\",\"valueRequired\":true,\"valueName\":\"search_term_string\"}}],\"inLanguage\":\"pt-BR\"}]}<\/script>\n<!-- \/ Yoast SEO plugin. -->","yoast_head_json":{"title":"Joana Soster Lizott - LACMALG","robots":{"index":"index","follow":"follow","max-snippet":"max-snippet:-1","max-image-preview":"max-image-preview:large","max-video-preview":"max-video-preview:-1"},"canonical":"https:\/\/wp.ufpel.edu.br\/curadoria\/quem-somos\/joana-soster-lizott\/","og_locale":"pt_BR","og_type":"article","og_title":"Joana Soster Lizott - LACMALG","og_description":"Joana Soster Lizott \u00e9 servidora p\u00fablica e Muse\u00f3loga da Universidade Federal de Pelotas, atuando junto ao Museu de Arte Leopoldo Gotuzzo Mestranda em Mem\u00f3ria Social e Patrim\u00f4nio Cultural da UFPel Bacharel em Hist\u00f3ria e Museologia Atua\u00e7\u00e3o no Museus Hist\u00f3rico Regional de Passo Fundo e Museu de Artes Visuais Ruth Schneider, vinculado \u00e0 Universidade de Passo &hellip; Continue lendo \"Joana Soster Lizott\"","og_url":"https:\/\/wp.ufpel.edu.br\/curadoria\/quem-somos\/joana-soster-lizott\/","og_site_name":"LACMALG","article_modified_time":"2021-06-02T20:56:15+00:00","twitter_card":"summary_large_image","twitter_misc":{"Est. tempo de leitura":"1 minuto"},"schema":{"@context":"https:\/\/schema.org","@graph":[{"@type":"WebPage","@id":"https:\/\/wp.ufpel.edu.br\/curadoria\/quem-somos\/joana-soster-lizott\/","url":"https:\/\/wp.ufpel.edu.br\/curadoria\/quem-somos\/joana-soster-lizott\/","name":"Joana Soster Lizott - LACMALG","isPartOf":{"@id":"https:\/\/wp.ufpel.edu.br\/curadoria\/#website"},"datePublished":"2021-06-02T20:53:18+00:00","dateModified":"2021-06-02T20:56:15+00:00","breadcrumb":{"@id":"https:\/\/wp.ufpel.edu.br\/curadoria\/quem-somos\/joana-soster-lizott\/#breadcrumb"},"inLanguage":"pt-BR","potentialAction":[{"@type":"ReadAction","target":["https:\/\/wp.ufpel.edu.br\/curadoria\/quem-somos\/joana-soster-lizott\/"]}]},{"@type":"BreadcrumbList","@id":"https:\/\/wp.ufpel.edu.br\/curadoria\/quem-somos\/joana-soster-lizott\/#breadcrumb","itemListElement":[{"@type":"ListItem","position":1,"name":"In\u00edcio","item":"https:\/\/wp.ufpel.edu.br\/curadoria\/"},{"@type":"ListItem","position":2,"name":"QUEM SOMOS","item":"https:\/\/wp.ufpel.edu.br\/curadoria\/quem-somos\/"},{"@type":"ListItem","position":3,"name":"Joana Soster Lizott"}]},{"@type":"WebSite","@id":"https:\/\/wp.ufpel.edu.br\/curadoria\/#website","url":"https:\/\/wp.ufpel.edu.br\/curadoria\/","name":"LACMALG","description":"Laborat\u00f3rio de Curadoria do Museu de Arte Leopoldo Gotuzzo | UFPel","potentialAction":[{"@type":"SearchAction","target":{"@type":"EntryPoint","urlTemplate":"https:\/\/wp.ufpel.edu.br\/curadoria\/?s={search_term_string}"},"query-input":{"@type":"PropertyValueSpecification","valueRequired":true,"valueName":"search_term_string"}}],"inLanguage":"pt-BR"}]}},"jetpack_sharing_enabled":true,"jetpack_shortlink":"https:\/\/wp.me\/Pbsuh8-84","_links":{"self":[{"href":"https:\/\/wp.ufpel.edu.br\/curadoria\/wp-json\/wp\/v2\/pages\/500","targetHints":{"allow":["GET"]}}],"collection":[{"href":"https:\/\/wp.ufpel.edu.br\/curadoria\/wp-json\/wp\/v2\/pages"}],"about":[{"href":"https:\/\/wp.ufpel.edu.br\/curadoria\/wp-json\/wp\/v2\/types\/page"}],"author":[{"embeddable":true,"href":"https:\/\/wp.ufpel.edu.br\/curadoria\/wp-json\/wp\/v2\/users\/968"}],"replies":[{"embeddable":true,"href":"https:\/\/wp.ufpel.edu.br\/curadoria\/wp-json\/wp\/v2\/comments?post=500"}],"version-history":[{"count":2,"href":"https:\/\/wp.ufpel.edu.br\/curadoria\/wp-json\/wp\/v2\/pages\/500\/revisions"}],"predecessor-version":[{"id":504,"href":"https:\/\/wp.ufpel.edu.br\/curadoria\/wp-json\/wp\/v2\/pages\/500\/revisions\/504"}],"up":[{"embeddable":true,"href":"https:\/\/wp.ufpel.edu.br\/curadoria\/wp-json\/wp\/v2\/pages\/29"}],"wp:attachment":[{"href":"https:\/\/wp.ufpel.edu.br\/curadoria\/wp-json\/wp\/v2\/media?parent=500"}],"curies":[{"name":"wp","href":"https:\/\/api.w.org\/{rel}","templated":true}]}}