{"id":341,"date":"2019-11-15T18:12:03","date_gmt":"2019-11-15T21:12:03","guid":{"rendered":"https:\/\/wp.ufpel.edu.br\/curadoria\/?page_id=341"},"modified":"2019-11-15T18:21:15","modified_gmt":"2019-11-15T21:21:15","slug":"modelo-exposicao","status":"publish","type":"page","link":"https:\/\/wp.ufpel.edu.br\/curadoria\/laboratorio-de-curadoria-do-museu-de-arte-leopoldo-gotuzzo\/modelo-exposicao\/","title":{"rendered":"Modelo | Acervo MALG"},"content":{"rendered":"<p><span style=\"font-size: 10pt\">Segue abaixo um modelo de publica\u00e7\u00e3o do Acervo_LACMALG.<br \/>\n<\/span><span style=\"font-size: 10pt\">A crit\u00e9rio documental, as informa\u00e7\u00f5es encontram-se organizadas pela ordem:<\/span><\/p>\n<p><span style=\"font-size: 10pt\"><strong><span style=\"color: #3366ff\">1. nome da mostra;<\/span><br \/>\n<\/strong><\/span><span style=\"font-size: 10pt\"><strong><span style=\"color: #ff0000\">2. convite padr\u00e3o utilizado;<br \/>\n<\/span><\/strong><\/span><span style=\"font-size: 10pt\"><strong><span style=\"color: #339966\">3. texto curatorial utilizado na parede de entrada da exposi\u00e7\u00e3o;<br \/>\n<\/span><\/strong><\/span><span style=\"font-size: 10pt\"><strong>4. registro fotogr\u00e1fico;<br \/>\n<\/strong><\/span><span style=\"font-size: 10pt\"><strong><span style=\"color: #800080\">5. materiais dispon\u00edveis para download<\/span><\/strong>.<\/span><\/p>\n<p><a href=\"https:\/\/wp.ufpel.edu.br\/curadoria\/files\/2019\/11\/modelo_-material-das-exposi\u00e7\u00f5es.png\"><img loading=\"lazy\" decoding=\"async\" class=\"alignnone wp-image-339 size-full\" src=\"https:\/\/wp.ufpel.edu.br\/curadoria\/files\/2019\/11\/modelo_-material-das-exposi\u00e7\u00f5es.png\" alt=\"\" width=\"1348\" height=\"1784\" srcset=\"https:\/\/wp.ufpel.edu.br\/curadoria\/files\/2019\/11\/modelo_-material-das-exposi\u00e7\u00f5es.png 1348w, https:\/\/wp.ufpel.edu.br\/curadoria\/files\/2019\/11\/modelo_-material-das-exposi\u00e7\u00f5es-302x400.png 302w, https:\/\/wp.ufpel.edu.br\/curadoria\/files\/2019\/11\/modelo_-material-das-exposi\u00e7\u00f5es-768x1016.png 768w, https:\/\/wp.ufpel.edu.br\/curadoria\/files\/2019\/11\/modelo_-material-das-exposi\u00e7\u00f5es-774x1024.png 774w\" sizes=\"auto, (max-width: 706px) 89vw, (max-width: 767px) 82vw, 740px\" \/><\/a><\/p>\n<p>&nbsp;<\/p>\n","protected":false},"excerpt":{"rendered":"<p>Segue abaixo um modelo de publica\u00e7\u00e3o do Acervo_LACMALG. A crit\u00e9rio documental, as informa\u00e7\u00f5es encontram-se organizadas pela ordem: 1. nome da mostra; 2. convite padr\u00e3o utilizado; 3. texto curatorial utilizado na parede de entrada da exposi\u00e7\u00e3o; 4. registro fotogr\u00e1fico; 5. materiais dispon\u00edveis para download. &nbsp;<\/p>\n","protected":false},"author":968,"featured_media":0,"parent":136,"menu_order":0,"comment_status":"closed","ping_status":"closed","template":"","meta":{"footnotes":""},"class_list":["post-341","page","type-page","status-publish","hentry"],"yoast_head":"<!-- This site is optimized with the Yoast SEO plugin v26.7 - https:\/\/yoast.com\/wordpress\/plugins\/seo\/ -->\n<title>Modelo | Acervo MALG - LACMALG<\/title>\n<meta name=\"robots\" content=\"index, follow, max-snippet:-1, max-image-preview:large, max-video-preview:-1\" \/>\n<link rel=\"canonical\" href=\"https:\/\/wp.ufpel.edu.br\/curadoria\/laboratorio-de-curadoria-do-museu-de-arte-leopoldo-gotuzzo\/modelo-exposicao\/\" \/>\n<meta property=\"og:locale\" content=\"pt_BR\" \/>\n<meta property=\"og:type\" content=\"article\" \/>\n<meta property=\"og:title\" content=\"Modelo | Acervo MALG - LACMALG\" \/>\n<meta property=\"og:description\" content=\"Segue abaixo um modelo de publica\u00e7\u00e3o do Acervo_LACMALG. A crit\u00e9rio documental, as informa\u00e7\u00f5es encontram-se organizadas pela ordem: 1. nome da mostra; 2. convite padr\u00e3o utilizado; 3. texto curatorial utilizado na parede de entrada da exposi\u00e7\u00e3o; 4. registro fotogr\u00e1fico; 5. materiais dispon\u00edveis para download. &nbsp;\" \/>\n<meta property=\"og:url\" content=\"https:\/\/wp.ufpel.edu.br\/curadoria\/laboratorio-de-curadoria-do-museu-de-arte-leopoldo-gotuzzo\/modelo-exposicao\/\" \/>\n<meta property=\"og:site_name\" content=\"LACMALG\" \/>\n<meta property=\"article:modified_time\" content=\"2019-11-15T21:21:15+00:00\" \/>\n<meta property=\"og:image\" content=\"https:\/\/wp.ufpel.edu.br\/curadoria\/files\/2019\/11\/modelo_-material-das-exposi\u00e7\u00f5es.png\" \/>\n<meta name=\"twitter:card\" content=\"summary_large_image\" \/>\n<script type=\"application\/ld+json\" class=\"yoast-schema-graph\">{\"@context\":\"https:\/\/schema.org\",\"@graph\":[{\"@type\":\"WebPage\",\"@id\":\"https:\/\/wp.ufpel.edu.br\/curadoria\/laboratorio-de-curadoria-do-museu-de-arte-leopoldo-gotuzzo\/modelo-exposicao\/\",\"url\":\"https:\/\/wp.ufpel.edu.br\/curadoria\/laboratorio-de-curadoria-do-museu-de-arte-leopoldo-gotuzzo\/modelo-exposicao\/\",\"name\":\"Modelo | Acervo MALG - LACMALG\",\"isPartOf\":{\"@id\":\"https:\/\/wp.ufpel.edu.br\/curadoria\/#website\"},\"datePublished\":\"2019-11-15T21:12:03+00:00\",\"dateModified\":\"2019-11-15T21:21:15+00:00\",\"breadcrumb\":{\"@id\":\"https:\/\/wp.ufpel.edu.br\/curadoria\/laboratorio-de-curadoria-do-museu-de-arte-leopoldo-gotuzzo\/modelo-exposicao\/#breadcrumb\"},\"inLanguage\":\"pt-BR\",\"potentialAction\":[{\"@type\":\"ReadAction\",\"target\":[\"https:\/\/wp.ufpel.edu.br\/curadoria\/laboratorio-de-curadoria-do-museu-de-arte-leopoldo-gotuzzo\/modelo-exposicao\/\"]}]},{\"@type\":\"BreadcrumbList\",\"@id\":\"https:\/\/wp.ufpel.edu.br\/curadoria\/laboratorio-de-curadoria-do-museu-de-arte-leopoldo-gotuzzo\/modelo-exposicao\/#breadcrumb\",\"itemListElement\":[{\"@type\":\"ListItem\",\"position\":1,\"name\":\"In\u00edcio\",\"item\":\"https:\/\/wp.ufpel.edu.br\/curadoria\/\"},{\"@type\":\"ListItem\",\"position\":2,\"name\":\"LABORAT\u00d3RIO DE CURADORIA DO MUSEU DE ARTE LEOPOLDO GOTUZZO\",\"item\":\"https:\/\/wp.ufpel.edu.br\/curadoria\/laboratorio-de-curadoria-do-museu-de-arte-leopoldo-gotuzzo\/\"},{\"@type\":\"ListItem\",\"position\":3,\"name\":\"Modelo | Acervo MALG\"}]},{\"@type\":\"WebSite\",\"@id\":\"https:\/\/wp.ufpel.edu.br\/curadoria\/#website\",\"url\":\"https:\/\/wp.ufpel.edu.br\/curadoria\/\",\"name\":\"LACMALG\",\"description\":\"Laborat\u00f3rio de Curadoria do Museu de Arte Leopoldo Gotuzzo | UFPel\",\"potentialAction\":[{\"@type\":\"SearchAction\",\"target\":{\"@type\":\"EntryPoint\",\"urlTemplate\":\"https:\/\/wp.ufpel.edu.br\/curadoria\/?s={search_term_string}\"},\"query-input\":{\"@type\":\"PropertyValueSpecification\",\"valueRequired\":true,\"valueName\":\"search_term_string\"}}],\"inLanguage\":\"pt-BR\"}]}<\/script>\n<!-- \/ Yoast SEO plugin. -->","yoast_head_json":{"title":"Modelo | Acervo MALG - LACMALG","robots":{"index":"index","follow":"follow","max-snippet":"max-snippet:-1","max-image-preview":"max-image-preview:large","max-video-preview":"max-video-preview:-1"},"canonical":"https:\/\/wp.ufpel.edu.br\/curadoria\/laboratorio-de-curadoria-do-museu-de-arte-leopoldo-gotuzzo\/modelo-exposicao\/","og_locale":"pt_BR","og_type":"article","og_title":"Modelo | Acervo MALG - LACMALG","og_description":"Segue abaixo um modelo de publica\u00e7\u00e3o do Acervo_LACMALG. A crit\u00e9rio documental, as informa\u00e7\u00f5es encontram-se organizadas pela ordem: 1. nome da mostra; 2. convite padr\u00e3o utilizado; 3. texto curatorial utilizado na parede de entrada da exposi\u00e7\u00e3o; 4. registro fotogr\u00e1fico; 5. materiais dispon\u00edveis para download. &nbsp;","og_url":"https:\/\/wp.ufpel.edu.br\/curadoria\/laboratorio-de-curadoria-do-museu-de-arte-leopoldo-gotuzzo\/modelo-exposicao\/","og_site_name":"LACMALG","article_modified_time":"2019-11-15T21:21:15+00:00","og_image":[{"url":"https:\/\/wp.ufpel.edu.br\/curadoria\/files\/2019\/11\/modelo_-material-das-exposi\u00e7\u00f5es.png","type":"","width":"","height":""}],"twitter_card":"summary_large_image","schema":{"@context":"https:\/\/schema.org","@graph":[{"@type":"WebPage","@id":"https:\/\/wp.ufpel.edu.br\/curadoria\/laboratorio-de-curadoria-do-museu-de-arte-leopoldo-gotuzzo\/modelo-exposicao\/","url":"https:\/\/wp.ufpel.edu.br\/curadoria\/laboratorio-de-curadoria-do-museu-de-arte-leopoldo-gotuzzo\/modelo-exposicao\/","name":"Modelo | Acervo MALG - LACMALG","isPartOf":{"@id":"https:\/\/wp.ufpel.edu.br\/curadoria\/#website"},"datePublished":"2019-11-15T21:12:03+00:00","dateModified":"2019-11-15T21:21:15+00:00","breadcrumb":{"@id":"https:\/\/wp.ufpel.edu.br\/curadoria\/laboratorio-de-curadoria-do-museu-de-arte-leopoldo-gotuzzo\/modelo-exposicao\/#breadcrumb"},"inLanguage":"pt-BR","potentialAction":[{"@type":"ReadAction","target":["https:\/\/wp.ufpel.edu.br\/curadoria\/laboratorio-de-curadoria-do-museu-de-arte-leopoldo-gotuzzo\/modelo-exposicao\/"]}]},{"@type":"BreadcrumbList","@id":"https:\/\/wp.ufpel.edu.br\/curadoria\/laboratorio-de-curadoria-do-museu-de-arte-leopoldo-gotuzzo\/modelo-exposicao\/#breadcrumb","itemListElement":[{"@type":"ListItem","position":1,"name":"In\u00edcio","item":"https:\/\/wp.ufpel.edu.br\/curadoria\/"},{"@type":"ListItem","position":2,"name":"LABORAT\u00d3RIO DE CURADORIA DO MUSEU DE ARTE LEOPOLDO GOTUZZO","item":"https:\/\/wp.ufpel.edu.br\/curadoria\/laboratorio-de-curadoria-do-museu-de-arte-leopoldo-gotuzzo\/"},{"@type":"ListItem","position":3,"name":"Modelo | Acervo MALG"}]},{"@type":"WebSite","@id":"https:\/\/wp.ufpel.edu.br\/curadoria\/#website","url":"https:\/\/wp.ufpel.edu.br\/curadoria\/","name":"LACMALG","description":"Laborat\u00f3rio de Curadoria do Museu de Arte Leopoldo Gotuzzo | UFPel","potentialAction":[{"@type":"SearchAction","target":{"@type":"EntryPoint","urlTemplate":"https:\/\/wp.ufpel.edu.br\/curadoria\/?s={search_term_string}"},"query-input":{"@type":"PropertyValueSpecification","valueRequired":true,"valueName":"search_term_string"}}],"inLanguage":"pt-BR"}]}},"jetpack_sharing_enabled":true,"jetpack_shortlink":"https:\/\/wp.me\/Pbsuh8-5v","_links":{"self":[{"href":"https:\/\/wp.ufpel.edu.br\/curadoria\/wp-json\/wp\/v2\/pages\/341","targetHints":{"allow":["GET"]}}],"collection":[{"href":"https:\/\/wp.ufpel.edu.br\/curadoria\/wp-json\/wp\/v2\/pages"}],"about":[{"href":"https:\/\/wp.ufpel.edu.br\/curadoria\/wp-json\/wp\/v2\/types\/page"}],"author":[{"embeddable":true,"href":"https:\/\/wp.ufpel.edu.br\/curadoria\/wp-json\/wp\/v2\/users\/968"}],"replies":[{"embeddable":true,"href":"https:\/\/wp.ufpel.edu.br\/curadoria\/wp-json\/wp\/v2\/comments?post=341"}],"version-history":[{"count":4,"href":"https:\/\/wp.ufpel.edu.br\/curadoria\/wp-json\/wp\/v2\/pages\/341\/revisions"}],"predecessor-version":[{"id":350,"href":"https:\/\/wp.ufpel.edu.br\/curadoria\/wp-json\/wp\/v2\/pages\/341\/revisions\/350"}],"up":[{"embeddable":true,"href":"https:\/\/wp.ufpel.edu.br\/curadoria\/wp-json\/wp\/v2\/pages\/136"}],"wp:attachment":[{"href":"https:\/\/wp.ufpel.edu.br\/curadoria\/wp-json\/wp\/v2\/media?parent=341"}],"curies":[{"name":"wp","href":"https:\/\/api.w.org\/{rel}","templated":true}]}}