{"id":246,"date":"2019-11-14T12:38:37","date_gmt":"2019-11-14T15:38:37","guid":{"rendered":"https:\/\/wp.ufpel.edu.br\/curadoria\/?page_id=246"},"modified":"2021-08-16T13:54:17","modified_gmt":"2021-08-16T16:54:17","slug":"entre-mundos-lenora-rosenfield","status":"publish","type":"page","link":"https:\/\/wp.ufpel.edu.br\/curadoria\/laboratorio-de-curadoria-do-museu-de-arte-leopoldo-gotuzzo\/entre-mundos-lenora-rosenfield\/","title":{"rendered":"Entre Mundos: Lenora Rosenfield"},"content":{"rendered":"<figure id=\"attachment_248\" aria-describedby=\"caption-attachment-248\" style=\"width: 525px\" class=\"wp-caption alignnone\"><img loading=\"lazy\" decoding=\"async\" class=\"wp-image-248 size-large\" src=\"https:\/\/wp.ufpel.edu.br\/curadoria\/files\/2019\/11\/convite_QUADRADO2-1024x1024.png\" alt=\"\" width=\"525\" height=\"525\" \/><figcaption id=\"caption-attachment-248\" class=\"wp-caption-text\"><span style=\"font-size: 9pt\">Convite padr\u00e3o da exposi\u00e7\u00e3o Entre Mundos: Lenora Rosenfield.<\/span><\/figcaption><\/figure>\n<p><span style=\"color: #ffffff\">.<\/span><\/p>\n<p><span style=\"font-size: 14pt\"><strong>Entre Mundos: Lenora Rosenfield<br \/>\n<\/strong><span style=\"font-size: 9pt\">texto curatorial<\/span><\/span><\/p>\n<p style=\"text-align: justify\">O MALG apresenta a exposi\u00e7\u00e3o da artista, pesquisadora, professora e restauradora Lenora Rosenfield. Sua obra se constr\u00f3i atrav\u00e9s das marcas de seus itiner\u00e1rios. A materialidade pujante, a pincelada marcada e expressiva, as recorrentes refer\u00eancias ao corpo e a figura humana e a alus\u00e3o \u00e0 hist\u00f3ria da pintura revelam como suas escolhas, sua forma\u00e7\u00e3o e seus destinos reverberam em sua produ\u00e7\u00e3o e se atualizam em seu contexto.<\/p>\n<p style=\"text-align: justify\">Nascida em Porto Alegre, estudou pintura na New School for Social Research (New York\/EUA), formou-se em desenho na Feevale (Novo Hamburgo\/RS), estudou restauro no Istituto per l\u2019Arte e il Restauro e no Gabinetto G. P. Vieusseux (Floren\u00e7a\/It\u00e1lia), mestrado em Artes Visuais na UFRGS (Porto Alegre\/RS), doutorado na USP (S\u00e3o Paulo\/SP), com estudos complementares na New York University, e p\u00f3s-doutorado na Universit\u00e0 degli Studi di Udine (It\u00e1lia). Atuou como restauradora e tamb\u00e9m professora de pintura na UFRGS at\u00e9 2017.<\/p>\n<p style=\"text-align: justify\">Nesta mostra o tr\u00e2nsito pelas t\u00e9cnicas e materiais \u2013 acr\u00edlica sobre tela, acr\u00edlica sobre papel, guache sobre papel, afresco sint\u00e9tico sobre n\u00e3o tecido \u2013 que \u00e9 uma das caracter\u00edsticas determinantes da artista, materializa alguns de seus temas recorrentes: os retratos e autorretrato, o corpo como medida e movimento que se transfigura em mapas que, por sua vez, reverberam nos tantos mundos que a constitui e que a artista compartilha conosco atrav\u00e9s de sua obra po\u00e9tica.<\/p>\n<p><span style=\"color: #ffffff\">.<\/span><\/p>\n<hr \/>\n<p><span style=\"color: #ffffff\">.<\/span><\/p>\n<p><strong>Materiais para download<br \/>\n<\/strong><a href=\"https:\/\/wp.ufpel.edu.br\/curadoria\/files\/2019\/11\/convite_QUADRADO2-e1573928696731.png\"><span style=\"font-size: 10pt\">Convite padr\u00e3o<\/span><\/a><br \/>\n<a href=\"https:\/\/wp.ufpel.edu.br\/curadoria\/files\/2019\/11\/convite-completo_-entre-mundos-scaled.jpg\"><span style=\"font-size: 10pt\">Convite completo<\/span><\/a><br \/>\n<span style=\"font-size: 10pt\">Folder<\/span><\/p>\n","protected":false},"excerpt":{"rendered":"<p>. Entre Mundos: Lenora Rosenfield texto curatorial O MALG apresenta a exposi\u00e7\u00e3o da artista, pesquisadora, professora e restauradora Lenora Rosenfield. Sua obra se constr\u00f3i atrav\u00e9s das marcas de seus itiner\u00e1rios. A materialidade pujante, a pincelada marcada e expressiva, as recorrentes refer\u00eancias ao corpo e a figura humana e a alus\u00e3o \u00e0 hist\u00f3ria da pintura revelam &hellip; <\/p>\n<p class=\"link-more\"><a href=\"https:\/\/wp.ufpel.edu.br\/curadoria\/laboratorio-de-curadoria-do-museu-de-arte-leopoldo-gotuzzo\/entre-mundos-lenora-rosenfield\/\" class=\"more-link\">Continue lendo<span class=\"screen-reader-text\"> &#8220;Entre Mundos: Lenora Rosenfield&#8221;<\/span><\/a><\/p>\n","protected":false},"author":968,"featured_media":0,"parent":136,"menu_order":3,"comment_status":"closed","ping_status":"closed","template":"","meta":{"footnotes":""},"class_list":["post-246","page","type-page","status-publish","hentry"],"yoast_head":"<!-- This site is optimized with the Yoast SEO plugin v26.7 - https:\/\/yoast.com\/wordpress\/plugins\/seo\/ -->\n<title>Entre Mundos: Lenora Rosenfield - LACMALG<\/title>\n<meta name=\"robots\" content=\"index, follow, max-snippet:-1, max-image-preview:large, max-video-preview:-1\" \/>\n<link rel=\"canonical\" href=\"https:\/\/wp.ufpel.edu.br\/curadoria\/laboratorio-de-curadoria-do-museu-de-arte-leopoldo-gotuzzo\/entre-mundos-lenora-rosenfield\/\" \/>\n<meta property=\"og:locale\" content=\"pt_BR\" \/>\n<meta property=\"og:type\" content=\"article\" \/>\n<meta property=\"og:title\" content=\"Entre Mundos: Lenora Rosenfield - LACMALG\" \/>\n<meta property=\"og:description\" content=\". Entre Mundos: Lenora Rosenfield texto curatorial O MALG apresenta a exposi\u00e7\u00e3o da artista, pesquisadora, professora e restauradora Lenora Rosenfield. Sua obra se constr\u00f3i atrav\u00e9s das marcas de seus itiner\u00e1rios. A materialidade pujante, a pincelada marcada e expressiva, as recorrentes refer\u00eancias ao corpo e a figura humana e a alus\u00e3o \u00e0 hist\u00f3ria da pintura revelam &hellip; Continue lendo &quot;Entre Mundos: Lenora Rosenfield&quot;\" \/>\n<meta property=\"og:url\" content=\"https:\/\/wp.ufpel.edu.br\/curadoria\/laboratorio-de-curadoria-do-museu-de-arte-leopoldo-gotuzzo\/entre-mundos-lenora-rosenfield\/\" \/>\n<meta property=\"og:site_name\" content=\"LACMALG\" \/>\n<meta property=\"article:modified_time\" content=\"2021-08-16T16:54:17+00:00\" \/>\n<meta property=\"og:image\" content=\"https:\/\/wp.ufpel.edu.br\/curadoria\/files\/2019\/11\/convite_QUADRADO2-1024x1024.png\" \/>\n<meta name=\"twitter:card\" content=\"summary_large_image\" \/>\n<meta name=\"twitter:label1\" content=\"Est. tempo de leitura\" \/>\n\t<meta name=\"twitter:data1\" content=\"2 minutos\" \/>\n<script type=\"application\/ld+json\" class=\"yoast-schema-graph\">{\"@context\":\"https:\/\/schema.org\",\"@graph\":[{\"@type\":\"WebPage\",\"@id\":\"https:\/\/wp.ufpel.edu.br\/curadoria\/laboratorio-de-curadoria-do-museu-de-arte-leopoldo-gotuzzo\/entre-mundos-lenora-rosenfield\/\",\"url\":\"https:\/\/wp.ufpel.edu.br\/curadoria\/laboratorio-de-curadoria-do-museu-de-arte-leopoldo-gotuzzo\/entre-mundos-lenora-rosenfield\/\",\"name\":\"Entre Mundos: Lenora Rosenfield - LACMALG\",\"isPartOf\":{\"@id\":\"https:\/\/wp.ufpel.edu.br\/curadoria\/#website\"},\"primaryImageOfPage\":{\"@id\":\"https:\/\/wp.ufpel.edu.br\/curadoria\/laboratorio-de-curadoria-do-museu-de-arte-leopoldo-gotuzzo\/entre-mundos-lenora-rosenfield\/#primaryimage\"},\"image\":{\"@id\":\"https:\/\/wp.ufpel.edu.br\/curadoria\/laboratorio-de-curadoria-do-museu-de-arte-leopoldo-gotuzzo\/entre-mundos-lenora-rosenfield\/#primaryimage\"},\"thumbnailUrl\":\"https:\/\/wp.ufpel.edu.br\/curadoria\/files\/2019\/11\/convite_QUADRADO2-1024x1024.png\",\"datePublished\":\"2019-11-14T15:38:37+00:00\",\"dateModified\":\"2021-08-16T16:54:17+00:00\",\"breadcrumb\":{\"@id\":\"https:\/\/wp.ufpel.edu.br\/curadoria\/laboratorio-de-curadoria-do-museu-de-arte-leopoldo-gotuzzo\/entre-mundos-lenora-rosenfield\/#breadcrumb\"},\"inLanguage\":\"pt-BR\",\"potentialAction\":[{\"@type\":\"ReadAction\",\"target\":[\"https:\/\/wp.ufpel.edu.br\/curadoria\/laboratorio-de-curadoria-do-museu-de-arte-leopoldo-gotuzzo\/entre-mundos-lenora-rosenfield\/\"]}]},{\"@type\":\"ImageObject\",\"inLanguage\":\"pt-BR\",\"@id\":\"https:\/\/wp.ufpel.edu.br\/curadoria\/laboratorio-de-curadoria-do-museu-de-arte-leopoldo-gotuzzo\/entre-mundos-lenora-rosenfield\/#primaryimage\",\"url\":\"https:\/\/wp.ufpel.edu.br\/curadoria\/files\/2019\/11\/convite_QUADRADO2-1024x1024.png\",\"contentUrl\":\"https:\/\/wp.ufpel.edu.br\/curadoria\/files\/2019\/11\/convite_QUADRADO2-1024x1024.png\"},{\"@type\":\"BreadcrumbList\",\"@id\":\"https:\/\/wp.ufpel.edu.br\/curadoria\/laboratorio-de-curadoria-do-museu-de-arte-leopoldo-gotuzzo\/entre-mundos-lenora-rosenfield\/#breadcrumb\",\"itemListElement\":[{\"@type\":\"ListItem\",\"position\":1,\"name\":\"In\u00edcio\",\"item\":\"https:\/\/wp.ufpel.edu.br\/curadoria\/\"},{\"@type\":\"ListItem\",\"position\":2,\"name\":\"LABORAT\u00d3RIO DE CURADORIA DO MUSEU DE ARTE LEOPOLDO GOTUZZO\",\"item\":\"https:\/\/wp.ufpel.edu.br\/curadoria\/laboratorio-de-curadoria-do-museu-de-arte-leopoldo-gotuzzo\/\"},{\"@type\":\"ListItem\",\"position\":3,\"name\":\"Entre Mundos: Lenora Rosenfield\"}]},{\"@type\":\"WebSite\",\"@id\":\"https:\/\/wp.ufpel.edu.br\/curadoria\/#website\",\"url\":\"https:\/\/wp.ufpel.edu.br\/curadoria\/\",\"name\":\"LACMALG\",\"description\":\"Laborat\u00f3rio de Curadoria do Museu de Arte Leopoldo Gotuzzo | UFPel\",\"potentialAction\":[{\"@type\":\"SearchAction\",\"target\":{\"@type\":\"EntryPoint\",\"urlTemplate\":\"https:\/\/wp.ufpel.edu.br\/curadoria\/?s={search_term_string}\"},\"query-input\":{\"@type\":\"PropertyValueSpecification\",\"valueRequired\":true,\"valueName\":\"search_term_string\"}}],\"inLanguage\":\"pt-BR\"}]}<\/script>\n<!-- \/ Yoast SEO plugin. -->","yoast_head_json":{"title":"Entre Mundos: Lenora Rosenfield - LACMALG","robots":{"index":"index","follow":"follow","max-snippet":"max-snippet:-1","max-image-preview":"max-image-preview:large","max-video-preview":"max-video-preview:-1"},"canonical":"https:\/\/wp.ufpel.edu.br\/curadoria\/laboratorio-de-curadoria-do-museu-de-arte-leopoldo-gotuzzo\/entre-mundos-lenora-rosenfield\/","og_locale":"pt_BR","og_type":"article","og_title":"Entre Mundos: Lenora Rosenfield - LACMALG","og_description":". Entre Mundos: Lenora Rosenfield texto curatorial O MALG apresenta a exposi\u00e7\u00e3o da artista, pesquisadora, professora e restauradora Lenora Rosenfield. Sua obra se constr\u00f3i atrav\u00e9s das marcas de seus itiner\u00e1rios. A materialidade pujante, a pincelada marcada e expressiva, as recorrentes refer\u00eancias ao corpo e a figura humana e a alus\u00e3o \u00e0 hist\u00f3ria da pintura revelam &hellip; Continue lendo \"Entre Mundos: Lenora Rosenfield\"","og_url":"https:\/\/wp.ufpel.edu.br\/curadoria\/laboratorio-de-curadoria-do-museu-de-arte-leopoldo-gotuzzo\/entre-mundos-lenora-rosenfield\/","og_site_name":"LACMALG","article_modified_time":"2021-08-16T16:54:17+00:00","og_image":[{"url":"https:\/\/wp.ufpel.edu.br\/curadoria\/files\/2019\/11\/convite_QUADRADO2-1024x1024.png","type":"","width":"","height":""}],"twitter_card":"summary_large_image","twitter_misc":{"Est. tempo de leitura":"2 minutos"},"schema":{"@context":"https:\/\/schema.org","@graph":[{"@type":"WebPage","@id":"https:\/\/wp.ufpel.edu.br\/curadoria\/laboratorio-de-curadoria-do-museu-de-arte-leopoldo-gotuzzo\/entre-mundos-lenora-rosenfield\/","url":"https:\/\/wp.ufpel.edu.br\/curadoria\/laboratorio-de-curadoria-do-museu-de-arte-leopoldo-gotuzzo\/entre-mundos-lenora-rosenfield\/","name":"Entre Mundos: Lenora Rosenfield - LACMALG","isPartOf":{"@id":"https:\/\/wp.ufpel.edu.br\/curadoria\/#website"},"primaryImageOfPage":{"@id":"https:\/\/wp.ufpel.edu.br\/curadoria\/laboratorio-de-curadoria-do-museu-de-arte-leopoldo-gotuzzo\/entre-mundos-lenora-rosenfield\/#primaryimage"},"image":{"@id":"https:\/\/wp.ufpel.edu.br\/curadoria\/laboratorio-de-curadoria-do-museu-de-arte-leopoldo-gotuzzo\/entre-mundos-lenora-rosenfield\/#primaryimage"},"thumbnailUrl":"https:\/\/wp.ufpel.edu.br\/curadoria\/files\/2019\/11\/convite_QUADRADO2-1024x1024.png","datePublished":"2019-11-14T15:38:37+00:00","dateModified":"2021-08-16T16:54:17+00:00","breadcrumb":{"@id":"https:\/\/wp.ufpel.edu.br\/curadoria\/laboratorio-de-curadoria-do-museu-de-arte-leopoldo-gotuzzo\/entre-mundos-lenora-rosenfield\/#breadcrumb"},"inLanguage":"pt-BR","potentialAction":[{"@type":"ReadAction","target":["https:\/\/wp.ufpel.edu.br\/curadoria\/laboratorio-de-curadoria-do-museu-de-arte-leopoldo-gotuzzo\/entre-mundos-lenora-rosenfield\/"]}]},{"@type":"ImageObject","inLanguage":"pt-BR","@id":"https:\/\/wp.ufpel.edu.br\/curadoria\/laboratorio-de-curadoria-do-museu-de-arte-leopoldo-gotuzzo\/entre-mundos-lenora-rosenfield\/#primaryimage","url":"https:\/\/wp.ufpel.edu.br\/curadoria\/files\/2019\/11\/convite_QUADRADO2-1024x1024.png","contentUrl":"https:\/\/wp.ufpel.edu.br\/curadoria\/files\/2019\/11\/convite_QUADRADO2-1024x1024.png"},{"@type":"BreadcrumbList","@id":"https:\/\/wp.ufpel.edu.br\/curadoria\/laboratorio-de-curadoria-do-museu-de-arte-leopoldo-gotuzzo\/entre-mundos-lenora-rosenfield\/#breadcrumb","itemListElement":[{"@type":"ListItem","position":1,"name":"In\u00edcio","item":"https:\/\/wp.ufpel.edu.br\/curadoria\/"},{"@type":"ListItem","position":2,"name":"LABORAT\u00d3RIO DE CURADORIA DO MUSEU DE ARTE LEOPOLDO GOTUZZO","item":"https:\/\/wp.ufpel.edu.br\/curadoria\/laboratorio-de-curadoria-do-museu-de-arte-leopoldo-gotuzzo\/"},{"@type":"ListItem","position":3,"name":"Entre Mundos: Lenora Rosenfield"}]},{"@type":"WebSite","@id":"https:\/\/wp.ufpel.edu.br\/curadoria\/#website","url":"https:\/\/wp.ufpel.edu.br\/curadoria\/","name":"LACMALG","description":"Laborat\u00f3rio de Curadoria do Museu de Arte Leopoldo Gotuzzo | UFPel","potentialAction":[{"@type":"SearchAction","target":{"@type":"EntryPoint","urlTemplate":"https:\/\/wp.ufpel.edu.br\/curadoria\/?s={search_term_string}"},"query-input":{"@type":"PropertyValueSpecification","valueRequired":true,"valueName":"search_term_string"}}],"inLanguage":"pt-BR"}]}},"jetpack_sharing_enabled":true,"jetpack_shortlink":"https:\/\/wp.me\/Pbsuh8-3Y","_links":{"self":[{"href":"https:\/\/wp.ufpel.edu.br\/curadoria\/wp-json\/wp\/v2\/pages\/246","targetHints":{"allow":["GET"]}}],"collection":[{"href":"https:\/\/wp.ufpel.edu.br\/curadoria\/wp-json\/wp\/v2\/pages"}],"about":[{"href":"https:\/\/wp.ufpel.edu.br\/curadoria\/wp-json\/wp\/v2\/types\/page"}],"author":[{"embeddable":true,"href":"https:\/\/wp.ufpel.edu.br\/curadoria\/wp-json\/wp\/v2\/users\/968"}],"replies":[{"embeddable":true,"href":"https:\/\/wp.ufpel.edu.br\/curadoria\/wp-json\/wp\/v2\/comments?post=246"}],"version-history":[{"count":9,"href":"https:\/\/wp.ufpel.edu.br\/curadoria\/wp-json\/wp\/v2\/pages\/246\/revisions"}],"predecessor-version":[{"id":577,"href":"https:\/\/wp.ufpel.edu.br\/curadoria\/wp-json\/wp\/v2\/pages\/246\/revisions\/577"}],"up":[{"embeddable":true,"href":"https:\/\/wp.ufpel.edu.br\/curadoria\/wp-json\/wp\/v2\/pages\/136"}],"wp:attachment":[{"href":"https:\/\/wp.ufpel.edu.br\/curadoria\/wp-json\/wp\/v2\/media?parent=246"}],"curies":[{"name":"wp","href":"https:\/\/api.w.org\/{rel}","templated":true}]}}