{"id":242,"date":"2019-11-14T12:35:52","date_gmt":"2019-11-14T15:35:52","guid":{"rendered":"https:\/\/wp.ufpel.edu.br\/curadoria\/?page_id=242"},"modified":"2019-11-18T22:26:48","modified_gmt":"2019-11-19T01:26:48","slug":"geometrias-em-torno-da-pureza-das-formas","status":"publish","type":"page","link":"https:\/\/wp.ufpel.edu.br\/curadoria\/laboratorio-de-curadoria-do-museu-de-arte-leopoldo-gotuzzo\/geometrias-em-torno-da-pureza-das-formas\/","title":{"rendered":"Geometrias: em torno da pureza das formas"},"content":{"rendered":"<figure id=\"attachment_244\" aria-describedby=\"caption-attachment-244\" style=\"width: 525px\" class=\"wp-caption alignnone\"><img loading=\"lazy\" decoding=\"async\" class=\"wp-image-244 size-large\" src=\"https:\/\/wp.ufpel.edu.br\/curadoria\/files\/2019\/11\/convite_QUADRADO1-1024x1024.png\" alt=\"\" width=\"525\" height=\"525\" \/><figcaption id=\"caption-attachment-244\" class=\"wp-caption-text\"><span style=\"font-size: 9pt\">Convite padr\u00e3o da exposi\u00e7\u00e3o Geometrias: em torno da pureza das formas.<\/span><\/figcaption><\/figure>\n<p>&nbsp;<\/p>\n<p><span style=\"font-size: 14pt\"><strong>Geometrias: em torno da pureza das formas<br \/>\n<\/strong><span style=\"font-size: 9pt\">texto curatorial<\/span><\/span><\/p>\n<p style=\"text-align: justify\"><span style=\"font-weight: 400\">Esta exposi\u00e7\u00e3o apresenta uma sele\u00e7\u00e3o de obras que permite, em certa medida, reconhecer influ\u00eancias e rela\u00e7\u00f5es do Abstracionismo Geom\u00e9trico no contexto local a partir das cole\u00e7\u00f5es do acervo do MALG. As obras expostas apresentam desde artistas mais ligados ao movimento, como Samson Flexor e Inah Costa, at\u00e9 obras que, no contexto local, incorporaram posteriormente essa tend\u00eancia mesclada a influ\u00eancias diversas, como Rog\u00e9rio Prestes de Prestes e Zeca Nogueira. H\u00e1 ainda as primeiras abstra\u00e7\u00f5es realizadas no \u00e2mbito da Escola de Belas Artes, na obra de Gisa D\u2019\u00c1vila, e artistas nacionais cuja produ\u00e7\u00e3o se manteve mais constante, como Odetto Guersoni e Braz Marinho. S\u00e3o obras da Cole\u00e7\u00e3o Escola de Belas Artes, Cole\u00e7\u00e3o S\u00e9culo XX e, principalmente, da Cole\u00e7\u00e3o L. C. Vinholes.<\/span><\/p>\n<p style=\"text-align: justify\"><span style=\"font-weight: 400\">O Abstracionismo Geom\u00e9trico foi uma tend\u00eancia art\u00edstica associada \u00e0s vanguardas surgidas nas d\u00e9cadas de 1910 e 1920, principalmente Construtivismo Russo, Neoplasticismo e Suprematismo, e buscava a simplifica\u00e7\u00e3o das formas em dire\u00e7\u00e3o a sua pureza e geometriza\u00e7\u00e3o. Muito embora pare\u00e7a distante das manifesta\u00e7\u00f5es contempor\u00e2neas, teve grande import\u00e2ncia ao desvincular a arte dos temas e c\u00f3digos de representa\u00e7\u00e3o tradicionais em dire\u00e7\u00e3o a uma arte concebida em sua liberdade e autonomia &#8211; caracter\u00edsticas que, desde ent\u00e3o, se mant\u00e9m sempre atuais.<\/span><\/p>\n<p>&nbsp;<\/p>\n<hr \/>\n<p>&nbsp;<\/p>\n<p><strong>Materiais para download<br \/>\n<\/strong><a href=\"https:\/\/wp.ufpel.edu.br\/curadoria\/files\/2019\/11\/convite_QUADRADO1-e1573928716610.png\"><span style=\"font-size: 10pt\">Convite padr\u00e3o<\/span><\/a><br \/>\n<span style=\"font-size: 10pt\">Convite completo<\/span><br \/>\n<span style=\"font-size: 10pt\">Folder<\/span><\/p>\n","protected":false},"excerpt":{"rendered":"<p>&nbsp; Geometrias: em torno da pureza das formas texto curatorial Esta exposi\u00e7\u00e3o apresenta uma sele\u00e7\u00e3o de obras que permite, em certa medida, reconhecer influ\u00eancias e rela\u00e7\u00f5es do Abstracionismo Geom\u00e9trico no contexto local a partir das cole\u00e7\u00f5es do acervo do MALG. As obras expostas apresentam desde artistas mais ligados ao movimento, como Samson Flexor e Inah &hellip; <\/p>\n<p class=\"link-more\"><a href=\"https:\/\/wp.ufpel.edu.br\/curadoria\/laboratorio-de-curadoria-do-museu-de-arte-leopoldo-gotuzzo\/geometrias-em-torno-da-pureza-das-formas\/\" class=\"more-link\">Continue lendo<span class=\"screen-reader-text\"> &#8220;Geometrias: em torno da pureza das formas&#8221;<\/span><\/a><\/p>\n","protected":false},"author":968,"featured_media":0,"parent":136,"menu_order":2,"comment_status":"closed","ping_status":"closed","template":"","meta":{"footnotes":""},"class_list":["post-242","page","type-page","status-publish","hentry"],"yoast_head":"<!-- This site is optimized with the Yoast SEO plugin v26.7 - https:\/\/yoast.com\/wordpress\/plugins\/seo\/ -->\n<title>Geometrias: em torno da pureza das formas - LACMALG<\/title>\n<meta name=\"robots\" content=\"index, follow, max-snippet:-1, max-image-preview:large, max-video-preview:-1\" \/>\n<link rel=\"canonical\" href=\"https:\/\/wp.ufpel.edu.br\/curadoria\/laboratorio-de-curadoria-do-museu-de-arte-leopoldo-gotuzzo\/geometrias-em-torno-da-pureza-das-formas\/\" \/>\n<meta property=\"og:locale\" content=\"pt_BR\" \/>\n<meta property=\"og:type\" content=\"article\" \/>\n<meta property=\"og:title\" content=\"Geometrias: em torno da pureza das formas - LACMALG\" \/>\n<meta property=\"og:description\" content=\"&nbsp; Geometrias: em torno da pureza das formas texto curatorial Esta exposi\u00e7\u00e3o apresenta uma sele\u00e7\u00e3o de obras que permite, em certa medida, reconhecer influ\u00eancias e rela\u00e7\u00f5es do Abstracionismo Geom\u00e9trico no contexto local a partir das cole\u00e7\u00f5es do acervo do MALG. As obras expostas apresentam desde artistas mais ligados ao movimento, como Samson Flexor e Inah &hellip; Continue lendo &quot;Geometrias: em torno da pureza das formas&quot;\" \/>\n<meta property=\"og:url\" content=\"https:\/\/wp.ufpel.edu.br\/curadoria\/laboratorio-de-curadoria-do-museu-de-arte-leopoldo-gotuzzo\/geometrias-em-torno-da-pureza-das-formas\/\" \/>\n<meta property=\"og:site_name\" content=\"LACMALG\" \/>\n<meta property=\"article:modified_time\" content=\"2019-11-19T01:26:48+00:00\" \/>\n<meta property=\"og:image\" content=\"https:\/\/wp.ufpel.edu.br\/curadoria\/files\/2019\/11\/convite_QUADRADO1-1024x1024.png\" \/>\n<meta name=\"twitter:card\" content=\"summary_large_image\" \/>\n<meta name=\"twitter:label1\" content=\"Est. tempo de leitura\" \/>\n\t<meta name=\"twitter:data1\" content=\"1 minuto\" \/>\n<script type=\"application\/ld+json\" class=\"yoast-schema-graph\">{\"@context\":\"https:\/\/schema.org\",\"@graph\":[{\"@type\":\"WebPage\",\"@id\":\"https:\/\/wp.ufpel.edu.br\/curadoria\/laboratorio-de-curadoria-do-museu-de-arte-leopoldo-gotuzzo\/geometrias-em-torno-da-pureza-das-formas\/\",\"url\":\"https:\/\/wp.ufpel.edu.br\/curadoria\/laboratorio-de-curadoria-do-museu-de-arte-leopoldo-gotuzzo\/geometrias-em-torno-da-pureza-das-formas\/\",\"name\":\"Geometrias: em torno da pureza das formas - LACMALG\",\"isPartOf\":{\"@id\":\"https:\/\/wp.ufpel.edu.br\/curadoria\/#website\"},\"primaryImageOfPage\":{\"@id\":\"https:\/\/wp.ufpel.edu.br\/curadoria\/laboratorio-de-curadoria-do-museu-de-arte-leopoldo-gotuzzo\/geometrias-em-torno-da-pureza-das-formas\/#primaryimage\"},\"image\":{\"@id\":\"https:\/\/wp.ufpel.edu.br\/curadoria\/laboratorio-de-curadoria-do-museu-de-arte-leopoldo-gotuzzo\/geometrias-em-torno-da-pureza-das-formas\/#primaryimage\"},\"thumbnailUrl\":\"https:\/\/wp.ufpel.edu.br\/curadoria\/files\/2019\/11\/convite_QUADRADO1-1024x1024.png\",\"datePublished\":\"2019-11-14T15:35:52+00:00\",\"dateModified\":\"2019-11-19T01:26:48+00:00\",\"breadcrumb\":{\"@id\":\"https:\/\/wp.ufpel.edu.br\/curadoria\/laboratorio-de-curadoria-do-museu-de-arte-leopoldo-gotuzzo\/geometrias-em-torno-da-pureza-das-formas\/#breadcrumb\"},\"inLanguage\":\"pt-BR\",\"potentialAction\":[{\"@type\":\"ReadAction\",\"target\":[\"https:\/\/wp.ufpel.edu.br\/curadoria\/laboratorio-de-curadoria-do-museu-de-arte-leopoldo-gotuzzo\/geometrias-em-torno-da-pureza-das-formas\/\"]}]},{\"@type\":\"ImageObject\",\"inLanguage\":\"pt-BR\",\"@id\":\"https:\/\/wp.ufpel.edu.br\/curadoria\/laboratorio-de-curadoria-do-museu-de-arte-leopoldo-gotuzzo\/geometrias-em-torno-da-pureza-das-formas\/#primaryimage\",\"url\":\"https:\/\/wp.ufpel.edu.br\/curadoria\/files\/2019\/11\/convite_QUADRADO1-1024x1024.png\",\"contentUrl\":\"https:\/\/wp.ufpel.edu.br\/curadoria\/files\/2019\/11\/convite_QUADRADO1-1024x1024.png\"},{\"@type\":\"BreadcrumbList\",\"@id\":\"https:\/\/wp.ufpel.edu.br\/curadoria\/laboratorio-de-curadoria-do-museu-de-arte-leopoldo-gotuzzo\/geometrias-em-torno-da-pureza-das-formas\/#breadcrumb\",\"itemListElement\":[{\"@type\":\"ListItem\",\"position\":1,\"name\":\"In\u00edcio\",\"item\":\"https:\/\/wp.ufpel.edu.br\/curadoria\/\"},{\"@type\":\"ListItem\",\"position\":2,\"name\":\"LABORAT\u00d3RIO DE CURADORIA DO MUSEU DE ARTE LEOPOLDO GOTUZZO\",\"item\":\"https:\/\/wp.ufpel.edu.br\/curadoria\/laboratorio-de-curadoria-do-museu-de-arte-leopoldo-gotuzzo\/\"},{\"@type\":\"ListItem\",\"position\":3,\"name\":\"Geometrias: em torno da pureza das formas\"}]},{\"@type\":\"WebSite\",\"@id\":\"https:\/\/wp.ufpel.edu.br\/curadoria\/#website\",\"url\":\"https:\/\/wp.ufpel.edu.br\/curadoria\/\",\"name\":\"LACMALG\",\"description\":\"Laborat\u00f3rio de Curadoria do Museu de Arte Leopoldo Gotuzzo | UFPel\",\"potentialAction\":[{\"@type\":\"SearchAction\",\"target\":{\"@type\":\"EntryPoint\",\"urlTemplate\":\"https:\/\/wp.ufpel.edu.br\/curadoria\/?s={search_term_string}\"},\"query-input\":{\"@type\":\"PropertyValueSpecification\",\"valueRequired\":true,\"valueName\":\"search_term_string\"}}],\"inLanguage\":\"pt-BR\"}]}<\/script>\n<!-- \/ Yoast SEO plugin. -->","yoast_head_json":{"title":"Geometrias: em torno da pureza das formas - LACMALG","robots":{"index":"index","follow":"follow","max-snippet":"max-snippet:-1","max-image-preview":"max-image-preview:large","max-video-preview":"max-video-preview:-1"},"canonical":"https:\/\/wp.ufpel.edu.br\/curadoria\/laboratorio-de-curadoria-do-museu-de-arte-leopoldo-gotuzzo\/geometrias-em-torno-da-pureza-das-formas\/","og_locale":"pt_BR","og_type":"article","og_title":"Geometrias: em torno da pureza das formas - LACMALG","og_description":"&nbsp; Geometrias: em torno da pureza das formas texto curatorial Esta exposi\u00e7\u00e3o apresenta uma sele\u00e7\u00e3o de obras que permite, em certa medida, reconhecer influ\u00eancias e rela\u00e7\u00f5es do Abstracionismo Geom\u00e9trico no contexto local a partir das cole\u00e7\u00f5es do acervo do MALG. As obras expostas apresentam desde artistas mais ligados ao movimento, como Samson Flexor e Inah &hellip; Continue lendo \"Geometrias: em torno da pureza das formas\"","og_url":"https:\/\/wp.ufpel.edu.br\/curadoria\/laboratorio-de-curadoria-do-museu-de-arte-leopoldo-gotuzzo\/geometrias-em-torno-da-pureza-das-formas\/","og_site_name":"LACMALG","article_modified_time":"2019-11-19T01:26:48+00:00","og_image":[{"url":"https:\/\/wp.ufpel.edu.br\/curadoria\/files\/2019\/11\/convite_QUADRADO1-1024x1024.png","type":"","width":"","height":""}],"twitter_card":"summary_large_image","twitter_misc":{"Est. tempo de leitura":"1 minuto"},"schema":{"@context":"https:\/\/schema.org","@graph":[{"@type":"WebPage","@id":"https:\/\/wp.ufpel.edu.br\/curadoria\/laboratorio-de-curadoria-do-museu-de-arte-leopoldo-gotuzzo\/geometrias-em-torno-da-pureza-das-formas\/","url":"https:\/\/wp.ufpel.edu.br\/curadoria\/laboratorio-de-curadoria-do-museu-de-arte-leopoldo-gotuzzo\/geometrias-em-torno-da-pureza-das-formas\/","name":"Geometrias: em torno da pureza das formas - LACMALG","isPartOf":{"@id":"https:\/\/wp.ufpel.edu.br\/curadoria\/#website"},"primaryImageOfPage":{"@id":"https:\/\/wp.ufpel.edu.br\/curadoria\/laboratorio-de-curadoria-do-museu-de-arte-leopoldo-gotuzzo\/geometrias-em-torno-da-pureza-das-formas\/#primaryimage"},"image":{"@id":"https:\/\/wp.ufpel.edu.br\/curadoria\/laboratorio-de-curadoria-do-museu-de-arte-leopoldo-gotuzzo\/geometrias-em-torno-da-pureza-das-formas\/#primaryimage"},"thumbnailUrl":"https:\/\/wp.ufpel.edu.br\/curadoria\/files\/2019\/11\/convite_QUADRADO1-1024x1024.png","datePublished":"2019-11-14T15:35:52+00:00","dateModified":"2019-11-19T01:26:48+00:00","breadcrumb":{"@id":"https:\/\/wp.ufpel.edu.br\/curadoria\/laboratorio-de-curadoria-do-museu-de-arte-leopoldo-gotuzzo\/geometrias-em-torno-da-pureza-das-formas\/#breadcrumb"},"inLanguage":"pt-BR","potentialAction":[{"@type":"ReadAction","target":["https:\/\/wp.ufpel.edu.br\/curadoria\/laboratorio-de-curadoria-do-museu-de-arte-leopoldo-gotuzzo\/geometrias-em-torno-da-pureza-das-formas\/"]}]},{"@type":"ImageObject","inLanguage":"pt-BR","@id":"https:\/\/wp.ufpel.edu.br\/curadoria\/laboratorio-de-curadoria-do-museu-de-arte-leopoldo-gotuzzo\/geometrias-em-torno-da-pureza-das-formas\/#primaryimage","url":"https:\/\/wp.ufpel.edu.br\/curadoria\/files\/2019\/11\/convite_QUADRADO1-1024x1024.png","contentUrl":"https:\/\/wp.ufpel.edu.br\/curadoria\/files\/2019\/11\/convite_QUADRADO1-1024x1024.png"},{"@type":"BreadcrumbList","@id":"https:\/\/wp.ufpel.edu.br\/curadoria\/laboratorio-de-curadoria-do-museu-de-arte-leopoldo-gotuzzo\/geometrias-em-torno-da-pureza-das-formas\/#breadcrumb","itemListElement":[{"@type":"ListItem","position":1,"name":"In\u00edcio","item":"https:\/\/wp.ufpel.edu.br\/curadoria\/"},{"@type":"ListItem","position":2,"name":"LABORAT\u00d3RIO DE CURADORIA DO MUSEU DE ARTE LEOPOLDO GOTUZZO","item":"https:\/\/wp.ufpel.edu.br\/curadoria\/laboratorio-de-curadoria-do-museu-de-arte-leopoldo-gotuzzo\/"},{"@type":"ListItem","position":3,"name":"Geometrias: em torno da pureza das formas"}]},{"@type":"WebSite","@id":"https:\/\/wp.ufpel.edu.br\/curadoria\/#website","url":"https:\/\/wp.ufpel.edu.br\/curadoria\/","name":"LACMALG","description":"Laborat\u00f3rio de Curadoria do Museu de Arte Leopoldo Gotuzzo | UFPel","potentialAction":[{"@type":"SearchAction","target":{"@type":"EntryPoint","urlTemplate":"https:\/\/wp.ufpel.edu.br\/curadoria\/?s={search_term_string}"},"query-input":{"@type":"PropertyValueSpecification","valueRequired":true,"valueName":"search_term_string"}}],"inLanguage":"pt-BR"}]}},"jetpack_sharing_enabled":true,"jetpack_shortlink":"https:\/\/wp.me\/Pbsuh8-3U","_links":{"self":[{"href":"https:\/\/wp.ufpel.edu.br\/curadoria\/wp-json\/wp\/v2\/pages\/242","targetHints":{"allow":["GET"]}}],"collection":[{"href":"https:\/\/wp.ufpel.edu.br\/curadoria\/wp-json\/wp\/v2\/pages"}],"about":[{"href":"https:\/\/wp.ufpel.edu.br\/curadoria\/wp-json\/wp\/v2\/types\/page"}],"author":[{"embeddable":true,"href":"https:\/\/wp.ufpel.edu.br\/curadoria\/wp-json\/wp\/v2\/users\/968"}],"replies":[{"embeddable":true,"href":"https:\/\/wp.ufpel.edu.br\/curadoria\/wp-json\/wp\/v2\/comments?post=242"}],"version-history":[{"count":13,"href":"https:\/\/wp.ufpel.edu.br\/curadoria\/wp-json\/wp\/v2\/pages\/242\/revisions"}],"predecessor-version":[{"id":418,"href":"https:\/\/wp.ufpel.edu.br\/curadoria\/wp-json\/wp\/v2\/pages\/242\/revisions\/418"}],"up":[{"embeddable":true,"href":"https:\/\/wp.ufpel.edu.br\/curadoria\/wp-json\/wp\/v2\/pages\/136"}],"wp:attachment":[{"href":"https:\/\/wp.ufpel.edu.br\/curadoria\/wp-json\/wp\/v2\/media?parent=242"}],"curies":[{"name":"wp","href":"https:\/\/api.w.org\/{rel}","templated":true}]}}