{"id":237,"date":"2019-11-14T12:33:16","date_gmt":"2019-11-14T15:33:16","guid":{"rendered":"https:\/\/wp.ufpel.edu.br\/curadoria\/?page_id=237"},"modified":"2019-11-29T03:48:40","modified_gmt":"2019-11-29T06:48:40","slug":"sabores-nas-colecoes-do-malg","status":"publish","type":"page","link":"https:\/\/wp.ufpel.edu.br\/curadoria\/laboratorio-de-curadoria-do-museu-de-arte-leopoldo-gotuzzo\/sabores-nas-colecoes-do-malg\/","title":{"rendered":"Sabores nas cole\u00e7\u00f5es do MALG"},"content":{"rendered":"<figure id=\"attachment_240\" aria-describedby=\"caption-attachment-240\" style=\"width: 525px\" class=\"wp-caption alignnone\"><img loading=\"lazy\" decoding=\"async\" class=\"wp-image-240 size-large\" src=\"https:\/\/wp.ufpel.edu.br\/curadoria\/files\/2019\/11\/convite_QUADRADO-1024x1024.png\" alt=\"\" width=\"525\" height=\"525\" \/><figcaption id=\"caption-attachment-240\" class=\"wp-caption-text\"><span style=\"font-size: 9pt\">Convite padr\u00e3o da exposi\u00e7\u00e3o Sabores nas cole\u00e7\u00f5es do MALG.<\/span><\/figcaption><\/figure>\n<p>&nbsp;<\/p>\n<p>&nbsp;<\/p>\n<p>&nbsp;<\/p>\n<hr \/>\n<div id='gallery-1' class='gallery galleryid-237 gallery-columns-4 gallery-size-thumbnail'><figure class='gallery-item'>\n\t\t\t<div class='gallery-icon portrait'>\n\t\t\t\t<a href='https:\/\/wp.ufpel.edu.br\/curadoria\/sabores_-01\/'><img loading=\"lazy\" decoding=\"async\" width=\"200\" height=\"200\" src=\"https:\/\/wp.ufpel.edu.br\/curadoria\/files\/2019\/11\/sabores_-01-200x200.jpg\" class=\"attachment-thumbnail size-thumbnail\" alt=\"\" srcset=\"https:\/\/wp.ufpel.edu.br\/curadoria\/files\/2019\/11\/sabores_-01-200x200.jpg 200w, https:\/\/wp.ufpel.edu.br\/curadoria\/files\/2019\/11\/sabores_-01-100x100.jpg 100w, https:\/\/wp.ufpel.edu.br\/curadoria\/files\/2019\/11\/sabores_-01-50x50.jpg 50w\" sizes=\"auto, 100vw\" \/><\/a>\n\t\t\t<\/div><\/figure><figure class='gallery-item'>\n\t\t\t<div class='gallery-icon portrait'>\n\t\t\t\t<a href='https:\/\/wp.ufpel.edu.br\/curadoria\/sabores_-02\/'><img loading=\"lazy\" decoding=\"async\" width=\"200\" height=\"200\" src=\"https:\/\/wp.ufpel.edu.br\/curadoria\/files\/2019\/11\/sabores_-02-200x200.jpg\" class=\"attachment-thumbnail size-thumbnail\" alt=\"\" srcset=\"https:\/\/wp.ufpel.edu.br\/curadoria\/files\/2019\/11\/sabores_-02-200x200.jpg 200w, https:\/\/wp.ufpel.edu.br\/curadoria\/files\/2019\/11\/sabores_-02-100x100.jpg 100w, https:\/\/wp.ufpel.edu.br\/curadoria\/files\/2019\/11\/sabores_-02-50x50.jpg 50w\" sizes=\"auto, 100vw\" \/><\/a>\n\t\t\t<\/div><\/figure><figure class='gallery-item'>\n\t\t\t<div class='gallery-icon portrait'>\n\t\t\t\t<a href='https:\/\/wp.ufpel.edu.br\/curadoria\/sabores_-03\/'><img loading=\"lazy\" decoding=\"async\" width=\"200\" height=\"200\" src=\"https:\/\/wp.ufpel.edu.br\/curadoria\/files\/2019\/11\/sabores_-03-200x200.jpg\" class=\"attachment-thumbnail size-thumbnail\" alt=\"\" srcset=\"https:\/\/wp.ufpel.edu.br\/curadoria\/files\/2019\/11\/sabores_-03-200x200.jpg 200w, https:\/\/wp.ufpel.edu.br\/curadoria\/files\/2019\/11\/sabores_-03-100x100.jpg 100w, https:\/\/wp.ufpel.edu.br\/curadoria\/files\/2019\/11\/sabores_-03-50x50.jpg 50w\" sizes=\"auto, 100vw\" \/><\/a>\n\t\t\t<\/div><\/figure><figure class='gallery-item'>\n\t\t\t<div class='gallery-icon portrait'>\n\t\t\t\t<a href='https:\/\/wp.ufpel.edu.br\/curadoria\/sabores_-04\/'><img loading=\"lazy\" decoding=\"async\" width=\"200\" height=\"200\" src=\"https:\/\/wp.ufpel.edu.br\/curadoria\/files\/2019\/11\/sabores_-04-200x200.jpg\" class=\"attachment-thumbnail size-thumbnail\" alt=\"\" srcset=\"https:\/\/wp.ufpel.edu.br\/curadoria\/files\/2019\/11\/sabores_-04-200x200.jpg 200w, https:\/\/wp.ufpel.edu.br\/curadoria\/files\/2019\/11\/sabores_-04-100x100.jpg 100w, https:\/\/wp.ufpel.edu.br\/curadoria\/files\/2019\/11\/sabores_-04-50x50.jpg 50w\" sizes=\"auto, 100vw\" \/><\/a>\n\t\t\t<\/div><\/figure>\n\t\t<\/div>\n\n<p><strong>Materiais para download<br \/>\n<\/strong><a href=\"https:\/\/wp.ufpel.edu.br\/curadoria\/files\/2019\/11\/convite_QUADRADO-e1573928726703.png\"><span style=\"font-size: 10pt\">Convite padr\u00e3o<\/span><\/a><br \/>\n<span style=\"font-size: 10pt\">Convite completo<\/span><br \/>\n<span style=\"font-size: 10pt\">Folder<\/span><\/p>\n","protected":false},"excerpt":{"rendered":"<p>&nbsp; &nbsp; &nbsp; Materiais para download Convite padr\u00e3o Convite completo Folder<\/p>\n","protected":false},"author":968,"featured_media":0,"parent":136,"menu_order":1,"comment_status":"closed","ping_status":"closed","template":"","meta":{"footnotes":""},"class_list":["post-237","page","type-page","status-publish","hentry"],"yoast_head":"<!-- This site is optimized with the Yoast SEO plugin v26.7 - https:\/\/yoast.com\/wordpress\/plugins\/seo\/ -->\n<title>Sabores nas cole\u00e7\u00f5es do MALG - LACMALG<\/title>\n<meta name=\"robots\" content=\"index, follow, max-snippet:-1, max-image-preview:large, max-video-preview:-1\" \/>\n<link rel=\"canonical\" href=\"https:\/\/wp.ufpel.edu.br\/curadoria\/laboratorio-de-curadoria-do-museu-de-arte-leopoldo-gotuzzo\/sabores-nas-colecoes-do-malg\/\" \/>\n<meta property=\"og:locale\" content=\"pt_BR\" \/>\n<meta property=\"og:type\" content=\"article\" \/>\n<meta property=\"og:title\" content=\"Sabores nas cole\u00e7\u00f5es do MALG - LACMALG\" \/>\n<meta property=\"og:description\" content=\"&nbsp; &nbsp; &nbsp; Materiais para download Convite padr\u00e3o Convite completo Folder\" \/>\n<meta property=\"og:url\" content=\"https:\/\/wp.ufpel.edu.br\/curadoria\/laboratorio-de-curadoria-do-museu-de-arte-leopoldo-gotuzzo\/sabores-nas-colecoes-do-malg\/\" \/>\n<meta property=\"og:site_name\" content=\"LACMALG\" \/>\n<meta property=\"article:modified_time\" content=\"2019-11-29T06:48:40+00:00\" \/>\n<meta property=\"og:image\" content=\"https:\/\/wp.ufpel.edu.br\/curadoria\/files\/2019\/11\/sabores_-01-200x200.jpg\" \/>\n<meta name=\"twitter:card\" content=\"summary_large_image\" \/>\n<script type=\"application\/ld+json\" class=\"yoast-schema-graph\">{\"@context\":\"https:\/\/schema.org\",\"@graph\":[{\"@type\":\"WebPage\",\"@id\":\"https:\/\/wp.ufpel.edu.br\/curadoria\/laboratorio-de-curadoria-do-museu-de-arte-leopoldo-gotuzzo\/sabores-nas-colecoes-do-malg\/\",\"url\":\"https:\/\/wp.ufpel.edu.br\/curadoria\/laboratorio-de-curadoria-do-museu-de-arte-leopoldo-gotuzzo\/sabores-nas-colecoes-do-malg\/\",\"name\":\"Sabores nas cole\u00e7\u00f5es do MALG - LACMALG\",\"isPartOf\":{\"@id\":\"https:\/\/wp.ufpel.edu.br\/curadoria\/#website\"},\"primaryImageOfPage\":{\"@id\":\"https:\/\/wp.ufpel.edu.br\/curadoria\/laboratorio-de-curadoria-do-museu-de-arte-leopoldo-gotuzzo\/sabores-nas-colecoes-do-malg\/#primaryimage\"},\"image\":{\"@id\":\"https:\/\/wp.ufpel.edu.br\/curadoria\/laboratorio-de-curadoria-do-museu-de-arte-leopoldo-gotuzzo\/sabores-nas-colecoes-do-malg\/#primaryimage\"},\"thumbnailUrl\":\"https:\/\/wp.ufpel.edu.br\/curadoria\/files\/2019\/11\/convite_QUADRADO-1024x1024.png\",\"datePublished\":\"2019-11-14T15:33:16+00:00\",\"dateModified\":\"2019-11-29T06:48:40+00:00\",\"breadcrumb\":{\"@id\":\"https:\/\/wp.ufpel.edu.br\/curadoria\/laboratorio-de-curadoria-do-museu-de-arte-leopoldo-gotuzzo\/sabores-nas-colecoes-do-malg\/#breadcrumb\"},\"inLanguage\":\"pt-BR\",\"potentialAction\":[{\"@type\":\"ReadAction\",\"target\":[\"https:\/\/wp.ufpel.edu.br\/curadoria\/laboratorio-de-curadoria-do-museu-de-arte-leopoldo-gotuzzo\/sabores-nas-colecoes-do-malg\/\"]}]},{\"@type\":\"ImageObject\",\"inLanguage\":\"pt-BR\",\"@id\":\"https:\/\/wp.ufpel.edu.br\/curadoria\/laboratorio-de-curadoria-do-museu-de-arte-leopoldo-gotuzzo\/sabores-nas-colecoes-do-malg\/#primaryimage\",\"url\":\"https:\/\/wp.ufpel.edu.br\/curadoria\/files\/2019\/11\/convite_QUADRADO-1024x1024.png\",\"contentUrl\":\"https:\/\/wp.ufpel.edu.br\/curadoria\/files\/2019\/11\/convite_QUADRADO-1024x1024.png\"},{\"@type\":\"BreadcrumbList\",\"@id\":\"https:\/\/wp.ufpel.edu.br\/curadoria\/laboratorio-de-curadoria-do-museu-de-arte-leopoldo-gotuzzo\/sabores-nas-colecoes-do-malg\/#breadcrumb\",\"itemListElement\":[{\"@type\":\"ListItem\",\"position\":1,\"name\":\"In\u00edcio\",\"item\":\"https:\/\/wp.ufpel.edu.br\/curadoria\/\"},{\"@type\":\"ListItem\",\"position\":2,\"name\":\"LABORAT\u00d3RIO DE CURADORIA DO MUSEU DE ARTE LEOPOLDO GOTUZZO\",\"item\":\"https:\/\/wp.ufpel.edu.br\/curadoria\/laboratorio-de-curadoria-do-museu-de-arte-leopoldo-gotuzzo\/\"},{\"@type\":\"ListItem\",\"position\":3,\"name\":\"Sabores nas cole\u00e7\u00f5es do MALG\"}]},{\"@type\":\"WebSite\",\"@id\":\"https:\/\/wp.ufpel.edu.br\/curadoria\/#website\",\"url\":\"https:\/\/wp.ufpel.edu.br\/curadoria\/\",\"name\":\"LACMALG\",\"description\":\"Laborat\u00f3rio de Curadoria do Museu de Arte Leopoldo Gotuzzo | UFPel\",\"potentialAction\":[{\"@type\":\"SearchAction\",\"target\":{\"@type\":\"EntryPoint\",\"urlTemplate\":\"https:\/\/wp.ufpel.edu.br\/curadoria\/?s={search_term_string}\"},\"query-input\":{\"@type\":\"PropertyValueSpecification\",\"valueRequired\":true,\"valueName\":\"search_term_string\"}}],\"inLanguage\":\"pt-BR\"}]}<\/script>\n<!-- \/ Yoast SEO plugin. -->","yoast_head_json":{"title":"Sabores nas cole\u00e7\u00f5es do MALG - LACMALG","robots":{"index":"index","follow":"follow","max-snippet":"max-snippet:-1","max-image-preview":"max-image-preview:large","max-video-preview":"max-video-preview:-1"},"canonical":"https:\/\/wp.ufpel.edu.br\/curadoria\/laboratorio-de-curadoria-do-museu-de-arte-leopoldo-gotuzzo\/sabores-nas-colecoes-do-malg\/","og_locale":"pt_BR","og_type":"article","og_title":"Sabores nas cole\u00e7\u00f5es do MALG - LACMALG","og_description":"&nbsp; &nbsp; &nbsp; Materiais para download Convite padr\u00e3o Convite completo Folder","og_url":"https:\/\/wp.ufpel.edu.br\/curadoria\/laboratorio-de-curadoria-do-museu-de-arte-leopoldo-gotuzzo\/sabores-nas-colecoes-do-malg\/","og_site_name":"LACMALG","article_modified_time":"2019-11-29T06:48:40+00:00","og_image":[{"url":"https:\/\/wp.ufpel.edu.br\/curadoria\/files\/2019\/11\/sabores_-01-200x200.jpg","type":"","width":"","height":""}],"twitter_card":"summary_large_image","schema":{"@context":"https:\/\/schema.org","@graph":[{"@type":"WebPage","@id":"https:\/\/wp.ufpel.edu.br\/curadoria\/laboratorio-de-curadoria-do-museu-de-arte-leopoldo-gotuzzo\/sabores-nas-colecoes-do-malg\/","url":"https:\/\/wp.ufpel.edu.br\/curadoria\/laboratorio-de-curadoria-do-museu-de-arte-leopoldo-gotuzzo\/sabores-nas-colecoes-do-malg\/","name":"Sabores nas cole\u00e7\u00f5es do MALG - LACMALG","isPartOf":{"@id":"https:\/\/wp.ufpel.edu.br\/curadoria\/#website"},"primaryImageOfPage":{"@id":"https:\/\/wp.ufpel.edu.br\/curadoria\/laboratorio-de-curadoria-do-museu-de-arte-leopoldo-gotuzzo\/sabores-nas-colecoes-do-malg\/#primaryimage"},"image":{"@id":"https:\/\/wp.ufpel.edu.br\/curadoria\/laboratorio-de-curadoria-do-museu-de-arte-leopoldo-gotuzzo\/sabores-nas-colecoes-do-malg\/#primaryimage"},"thumbnailUrl":"https:\/\/wp.ufpel.edu.br\/curadoria\/files\/2019\/11\/convite_QUADRADO-1024x1024.png","datePublished":"2019-11-14T15:33:16+00:00","dateModified":"2019-11-29T06:48:40+00:00","breadcrumb":{"@id":"https:\/\/wp.ufpel.edu.br\/curadoria\/laboratorio-de-curadoria-do-museu-de-arte-leopoldo-gotuzzo\/sabores-nas-colecoes-do-malg\/#breadcrumb"},"inLanguage":"pt-BR","potentialAction":[{"@type":"ReadAction","target":["https:\/\/wp.ufpel.edu.br\/curadoria\/laboratorio-de-curadoria-do-museu-de-arte-leopoldo-gotuzzo\/sabores-nas-colecoes-do-malg\/"]}]},{"@type":"ImageObject","inLanguage":"pt-BR","@id":"https:\/\/wp.ufpel.edu.br\/curadoria\/laboratorio-de-curadoria-do-museu-de-arte-leopoldo-gotuzzo\/sabores-nas-colecoes-do-malg\/#primaryimage","url":"https:\/\/wp.ufpel.edu.br\/curadoria\/files\/2019\/11\/convite_QUADRADO-1024x1024.png","contentUrl":"https:\/\/wp.ufpel.edu.br\/curadoria\/files\/2019\/11\/convite_QUADRADO-1024x1024.png"},{"@type":"BreadcrumbList","@id":"https:\/\/wp.ufpel.edu.br\/curadoria\/laboratorio-de-curadoria-do-museu-de-arte-leopoldo-gotuzzo\/sabores-nas-colecoes-do-malg\/#breadcrumb","itemListElement":[{"@type":"ListItem","position":1,"name":"In\u00edcio","item":"https:\/\/wp.ufpel.edu.br\/curadoria\/"},{"@type":"ListItem","position":2,"name":"LABORAT\u00d3RIO DE CURADORIA DO MUSEU DE ARTE LEOPOLDO GOTUZZO","item":"https:\/\/wp.ufpel.edu.br\/curadoria\/laboratorio-de-curadoria-do-museu-de-arte-leopoldo-gotuzzo\/"},{"@type":"ListItem","position":3,"name":"Sabores nas cole\u00e7\u00f5es do MALG"}]},{"@type":"WebSite","@id":"https:\/\/wp.ufpel.edu.br\/curadoria\/#website","url":"https:\/\/wp.ufpel.edu.br\/curadoria\/","name":"LACMALG","description":"Laborat\u00f3rio de Curadoria do Museu de Arte Leopoldo Gotuzzo | UFPel","potentialAction":[{"@type":"SearchAction","target":{"@type":"EntryPoint","urlTemplate":"https:\/\/wp.ufpel.edu.br\/curadoria\/?s={search_term_string}"},"query-input":{"@type":"PropertyValueSpecification","valueRequired":true,"valueName":"search_term_string"}}],"inLanguage":"pt-BR"}]}},"jetpack_sharing_enabled":true,"jetpack_shortlink":"https:\/\/wp.me\/Pbsuh8-3P","_links":{"self":[{"href":"https:\/\/wp.ufpel.edu.br\/curadoria\/wp-json\/wp\/v2\/pages\/237","targetHints":{"allow":["GET"]}}],"collection":[{"href":"https:\/\/wp.ufpel.edu.br\/curadoria\/wp-json\/wp\/v2\/pages"}],"about":[{"href":"https:\/\/wp.ufpel.edu.br\/curadoria\/wp-json\/wp\/v2\/types\/page"}],"author":[{"embeddable":true,"href":"https:\/\/wp.ufpel.edu.br\/curadoria\/wp-json\/wp\/v2\/users\/968"}],"replies":[{"embeddable":true,"href":"https:\/\/wp.ufpel.edu.br\/curadoria\/wp-json\/wp\/v2\/comments?post=237"}],"version-history":[{"count":6,"href":"https:\/\/wp.ufpel.edu.br\/curadoria\/wp-json\/wp\/v2\/pages\/237\/revisions"}],"predecessor-version":[{"id":449,"href":"https:\/\/wp.ufpel.edu.br\/curadoria\/wp-json\/wp\/v2\/pages\/237\/revisions\/449"}],"up":[{"embeddable":true,"href":"https:\/\/wp.ufpel.edu.br\/curadoria\/wp-json\/wp\/v2\/pages\/136"}],"wp:attachment":[{"href":"https:\/\/wp.ufpel.edu.br\/curadoria\/wp-json\/wp\/v2\/media?parent=237"}],"curies":[{"name":"wp","href":"https:\/\/api.w.org\/{rel}","templated":true}]}}