{"id":2,"date":"2019-09-25T15:58:18","date_gmt":"2019-09-25T18:58:18","guid":{"rendered":"https:\/\/wp.ufpel.edu.br\/curadoria\/?page_id=2"},"modified":"2021-08-16T16:50:46","modified_gmt":"2021-08-16T19:50:46","slug":"pagina-exemplo","status":"publish","type":"page","link":"https:\/\/wp.ufpel.edu.br\/curadoria\/pagina-exemplo\/","title":{"rendered":"APRESENTA\u00c7\u00c3O"},"content":{"rendered":"<p style=\"text-align: justify\"><span style=\"font-weight: 400\">A curadoria \u00e9 uma \u00e1rea de atua\u00e7\u00e3o que ganhou import\u00e2ncia nas \u00faltimas d\u00e9cadas, principalmente nas artes visuais. <\/span><span style=\"font-weight: 400\">Em linhas gerais o curador \u00e9 o profissional respons\u00e1vel pela defini\u00e7\u00e3o conceitual do que ser\u00e1 mostrado numa exposi\u00e7\u00e3o \u2013 e isso implica a articula\u00e7\u00e3o de in\u00fameros elementos e atores envolvidos. No entanto, embora seu protagonismo seja crescente, a atua\u00e7\u00e3o do curador ainda n\u00e3o parece ser sistem\u00e1tica.\u00a0 No Brasil, seja no campo acad\u00eamico, seja nas institui\u00e7\u00f5es culturais, ainda pode-se considerar embrion\u00e1ria tanto a forma\u00e7\u00e3o de curadores como a regularidade de sua atua\u00e7\u00e3o.\u00a0<\/span><\/p>\n<p style=\"text-align: justify\">Reconhecendo a import\u00e2ncia do papel da curadoria na difus\u00e3o da arte e da cultura e, ainda, a demanda dos alunos da Museologia e Artes Visuais da Universidade Federal de Pelotas (UFPEL), surge o Laborat\u00f3rio de Curadoria do Museu de Arte Leopoldo Gotuzzo (LACMALG). O projeto abrange pesquisa (Perspectivas Contempor\u00e2neas de Curadoria em Arte) e extens\u00e3o (Pr\u00e1ticas Curatoriais no MALG) e apresenta seu desenvolvimento atrav\u00e9s deste site.<\/p>\n","protected":false},"excerpt":{"rendered":"<p>A curadoria \u00e9 uma \u00e1rea de atua\u00e7\u00e3o que ganhou import\u00e2ncia nas \u00faltimas d\u00e9cadas, principalmente nas artes visuais. Em linhas gerais o curador \u00e9 o profissional respons\u00e1vel pela defini\u00e7\u00e3o conceitual do que ser\u00e1 mostrado numa exposi\u00e7\u00e3o \u2013 e isso implica a articula\u00e7\u00e3o de in\u00fameros elementos e atores envolvidos. No entanto, embora seu protagonismo seja crescente, a &hellip; <\/p>\n<p class=\"link-more\"><a href=\"https:\/\/wp.ufpel.edu.br\/curadoria\/pagina-exemplo\/\" class=\"more-link\">Continue lendo<span class=\"screen-reader-text\"> &#8220;APRESENTA\u00c7\u00c3O&#8221;<\/span><\/a><\/p>\n","protected":false},"author":968,"featured_media":0,"parent":0,"menu_order":0,"comment_status":"closed","ping_status":"closed","template":"","meta":{"footnotes":""},"class_list":["post-2","page","type-page","status-publish","hentry"],"yoast_head":"<!-- This site is optimized with the Yoast SEO plugin v26.7 - https:\/\/yoast.com\/wordpress\/plugins\/seo\/ -->\n<title>APRESENTA\u00c7\u00c3O - LACMALG<\/title>\n<meta name=\"robots\" content=\"index, follow, max-snippet:-1, max-image-preview:large, max-video-preview:-1\" \/>\n<link rel=\"canonical\" href=\"https:\/\/wp.ufpel.edu.br\/curadoria\/pagina-exemplo\/\" \/>\n<meta property=\"og:locale\" content=\"pt_BR\" \/>\n<meta property=\"og:type\" content=\"article\" \/>\n<meta property=\"og:title\" content=\"APRESENTA\u00c7\u00c3O - LACMALG\" \/>\n<meta property=\"og:description\" content=\"A curadoria \u00e9 uma \u00e1rea de atua\u00e7\u00e3o que ganhou import\u00e2ncia nas \u00faltimas d\u00e9cadas, principalmente nas artes visuais. Em linhas gerais o curador \u00e9 o profissional respons\u00e1vel pela defini\u00e7\u00e3o conceitual do que ser\u00e1 mostrado numa exposi\u00e7\u00e3o \u2013 e isso implica a articula\u00e7\u00e3o de in\u00fameros elementos e atores envolvidos. No entanto, embora seu protagonismo seja crescente, a &hellip; Continue lendo &quot;APRESENTA\u00c7\u00c3O&quot;\" \/>\n<meta property=\"og:url\" content=\"https:\/\/wp.ufpel.edu.br\/curadoria\/pagina-exemplo\/\" \/>\n<meta property=\"og:site_name\" content=\"LACMALG\" \/>\n<meta property=\"article:modified_time\" content=\"2021-08-16T19:50:46+00:00\" \/>\n<meta name=\"twitter:card\" content=\"summary_large_image\" \/>\n<meta name=\"twitter:label1\" content=\"Est. tempo de leitura\" \/>\n\t<meta name=\"twitter:data1\" content=\"1 minuto\" \/>\n<script type=\"application\/ld+json\" class=\"yoast-schema-graph\">{\"@context\":\"https:\/\/schema.org\",\"@graph\":[{\"@type\":\"WebPage\",\"@id\":\"https:\/\/wp.ufpel.edu.br\/curadoria\/pagina-exemplo\/\",\"url\":\"https:\/\/wp.ufpel.edu.br\/curadoria\/pagina-exemplo\/\",\"name\":\"APRESENTA\u00c7\u00c3O - LACMALG\",\"isPartOf\":{\"@id\":\"https:\/\/wp.ufpel.edu.br\/curadoria\/#website\"},\"datePublished\":\"2019-09-25T18:58:18+00:00\",\"dateModified\":\"2021-08-16T19:50:46+00:00\",\"breadcrumb\":{\"@id\":\"https:\/\/wp.ufpel.edu.br\/curadoria\/pagina-exemplo\/#breadcrumb\"},\"inLanguage\":\"pt-BR\",\"potentialAction\":[{\"@type\":\"ReadAction\",\"target\":[\"https:\/\/wp.ufpel.edu.br\/curadoria\/pagina-exemplo\/\"]}]},{\"@type\":\"BreadcrumbList\",\"@id\":\"https:\/\/wp.ufpel.edu.br\/curadoria\/pagina-exemplo\/#breadcrumb\",\"itemListElement\":[{\"@type\":\"ListItem\",\"position\":1,\"name\":\"In\u00edcio\",\"item\":\"https:\/\/wp.ufpel.edu.br\/curadoria\/\"},{\"@type\":\"ListItem\",\"position\":2,\"name\":\"APRESENTA\u00c7\u00c3O\"}]},{\"@type\":\"WebSite\",\"@id\":\"https:\/\/wp.ufpel.edu.br\/curadoria\/#website\",\"url\":\"https:\/\/wp.ufpel.edu.br\/curadoria\/\",\"name\":\"LACMALG\",\"description\":\"Laborat\u00f3rio de Curadoria do Museu de Arte Leopoldo Gotuzzo | UFPel\",\"potentialAction\":[{\"@type\":\"SearchAction\",\"target\":{\"@type\":\"EntryPoint\",\"urlTemplate\":\"https:\/\/wp.ufpel.edu.br\/curadoria\/?s={search_term_string}\"},\"query-input\":{\"@type\":\"PropertyValueSpecification\",\"valueRequired\":true,\"valueName\":\"search_term_string\"}}],\"inLanguage\":\"pt-BR\"}]}<\/script>\n<!-- \/ Yoast SEO plugin. -->","yoast_head_json":{"title":"APRESENTA\u00c7\u00c3O - LACMALG","robots":{"index":"index","follow":"follow","max-snippet":"max-snippet:-1","max-image-preview":"max-image-preview:large","max-video-preview":"max-video-preview:-1"},"canonical":"https:\/\/wp.ufpel.edu.br\/curadoria\/pagina-exemplo\/","og_locale":"pt_BR","og_type":"article","og_title":"APRESENTA\u00c7\u00c3O - LACMALG","og_description":"A curadoria \u00e9 uma \u00e1rea de atua\u00e7\u00e3o que ganhou import\u00e2ncia nas \u00faltimas d\u00e9cadas, principalmente nas artes visuais. Em linhas gerais o curador \u00e9 o profissional respons\u00e1vel pela defini\u00e7\u00e3o conceitual do que ser\u00e1 mostrado numa exposi\u00e7\u00e3o \u2013 e isso implica a articula\u00e7\u00e3o de in\u00fameros elementos e atores envolvidos. No entanto, embora seu protagonismo seja crescente, a &hellip; Continue lendo \"APRESENTA\u00c7\u00c3O\"","og_url":"https:\/\/wp.ufpel.edu.br\/curadoria\/pagina-exemplo\/","og_site_name":"LACMALG","article_modified_time":"2021-08-16T19:50:46+00:00","twitter_card":"summary_large_image","twitter_misc":{"Est. tempo de leitura":"1 minuto"},"schema":{"@context":"https:\/\/schema.org","@graph":[{"@type":"WebPage","@id":"https:\/\/wp.ufpel.edu.br\/curadoria\/pagina-exemplo\/","url":"https:\/\/wp.ufpel.edu.br\/curadoria\/pagina-exemplo\/","name":"APRESENTA\u00c7\u00c3O - LACMALG","isPartOf":{"@id":"https:\/\/wp.ufpel.edu.br\/curadoria\/#website"},"datePublished":"2019-09-25T18:58:18+00:00","dateModified":"2021-08-16T19:50:46+00:00","breadcrumb":{"@id":"https:\/\/wp.ufpel.edu.br\/curadoria\/pagina-exemplo\/#breadcrumb"},"inLanguage":"pt-BR","potentialAction":[{"@type":"ReadAction","target":["https:\/\/wp.ufpel.edu.br\/curadoria\/pagina-exemplo\/"]}]},{"@type":"BreadcrumbList","@id":"https:\/\/wp.ufpel.edu.br\/curadoria\/pagina-exemplo\/#breadcrumb","itemListElement":[{"@type":"ListItem","position":1,"name":"In\u00edcio","item":"https:\/\/wp.ufpel.edu.br\/curadoria\/"},{"@type":"ListItem","position":2,"name":"APRESENTA\u00c7\u00c3O"}]},{"@type":"WebSite","@id":"https:\/\/wp.ufpel.edu.br\/curadoria\/#website","url":"https:\/\/wp.ufpel.edu.br\/curadoria\/","name":"LACMALG","description":"Laborat\u00f3rio de Curadoria do Museu de Arte Leopoldo Gotuzzo | UFPel","potentialAction":[{"@type":"SearchAction","target":{"@type":"EntryPoint","urlTemplate":"https:\/\/wp.ufpel.edu.br\/curadoria\/?s={search_term_string}"},"query-input":{"@type":"PropertyValueSpecification","valueRequired":true,"valueName":"search_term_string"}}],"inLanguage":"pt-BR"}]}},"jetpack_sharing_enabled":true,"jetpack_shortlink":"https:\/\/wp.me\/Pbsuh8-2","_links":{"self":[{"href":"https:\/\/wp.ufpel.edu.br\/curadoria\/wp-json\/wp\/v2\/pages\/2","targetHints":{"allow":["GET"]}}],"collection":[{"href":"https:\/\/wp.ufpel.edu.br\/curadoria\/wp-json\/wp\/v2\/pages"}],"about":[{"href":"https:\/\/wp.ufpel.edu.br\/curadoria\/wp-json\/wp\/v2\/types\/page"}],"author":[{"embeddable":true,"href":"https:\/\/wp.ufpel.edu.br\/curadoria\/wp-json\/wp\/v2\/users\/968"}],"replies":[{"embeddable":true,"href":"https:\/\/wp.ufpel.edu.br\/curadoria\/wp-json\/wp\/v2\/comments?post=2"}],"version-history":[{"count":4,"href":"https:\/\/wp.ufpel.edu.br\/curadoria\/wp-json\/wp\/v2\/pages\/2\/revisions"}],"predecessor-version":[{"id":742,"href":"https:\/\/wp.ufpel.edu.br\/curadoria\/wp-json\/wp\/v2\/pages\/2\/revisions\/742"}],"wp:attachment":[{"href":"https:\/\/wp.ufpel.edu.br\/curadoria\/wp-json\/wp\/v2\/media?parent=2"}],"curies":[{"name":"wp","href":"https:\/\/api.w.org\/{rel}","templated":true}]}}