{"id":177,"date":"2019-11-14T02:46:22","date_gmt":"2019-11-14T05:46:22","guid":{"rendered":"https:\/\/wp.ufpel.edu.br\/curadoria\/?page_id=177"},"modified":"2019-12-03T14:29:25","modified_gmt":"2019-12-03T17:29:25","slug":"entrevistas-2","status":"publish","type":"page","link":"https:\/\/wp.ufpel.edu.br\/curadoria\/perspectivas-contemporaneas-de-curadoria-em-arte\/entrevistas-2\/","title":{"rendered":"ENTREVISTAS"},"content":{"rendered":"<p style=\"text-align: justify\">As entrevistas s\u00e3o realizadas pelo grupo Laborat\u00f3rio de Curadoria do Museu de Arte Leopoldo Gotuzzo e fazem parte do projeto de pesquisa em Perspectivas Contempor\u00e2neas em Curadoria. Os resultados das entrevistas completas ser\u00e3o publicados<\/p>\n<p>&nbsp;<\/p>\n<hr \/>\n<p><strong style=\"font-size: 1rem\"><a href=\"https:\/\/wp.ufpel.edu.br\/curadoria\/2019\/11\/18\/charles-guilbert\/?customize_changeset_uuid=b29a074c-d291-4c47-863e-83a25b6645bc&amp;customize_autosaved=on\">Entrevista_ Charles Guilbert<\/a><br \/>\n<\/strong><span style=\"font-size: 10pt\">15\/novembro\/2019 _ Quebec\/CA<\/span><\/p>\n<p><strong style=\"font-size: 1rem\"><a style=\"color: #000000\" href=\"https:\/\/wp.ufpel.edu.br\/curadoria\/2019\/11\/16\/entrevista-gilles-daigneault-e-margarida-mafra\/\">Entrevista_ Gilles Daigneault e Margarida Mafra<\/a><br \/>\n<\/strong><span style=\"font-size: 10pt\">15\/novembro\/2019 _ Quebec\/CA<\/span><\/p>\n<p><strong style=\"font-size: 1rem\"><a style=\"color: #000000\" href=\"https:\/\/wp.ufpel.edu.br\/curadoria\/2019\/11\/14\/entrevista_-serge-murphy\/\">Entrevista_ Serge Murphy<\/a><br \/>\n<\/strong><span style=\"font-size: 10pt\">14\/novembro\/2019 _ Quebec\/CA<\/span><\/p>\n<p><strong style=\"font-size: 1rem\"><a style=\"color: #000000\" href=\"https:\/\/wp.ufpel.edu.br\/curadoria\/2019\/11\/14\/entrevista_-marie-eve-beaupre\/\">Entrevista_ Marie-\u00c9ve Beaupr\u00e9<\/a><br \/>\n<\/strong><span style=\"font-size: 10pt\">14\/novembro\/2019 _ Quebec\/CA<\/span><\/p>\n<p><strong style=\"font-size: 1rem\"><a style=\"color: #000000\" href=\"https:\/\/wp.ufpel.edu.br\/curadoria\/2019\/11\/13\/entrevista-marie-josee-jean\/\">Entrevista_ Marie Jos\u00e9e Jean<\/a><br \/>\n<\/strong><span style=\"font-size: 10pt\">13\/novembro\/2019 _ Quebec\/CA<\/span><\/p>\n<p><strong><a href=\"https:\/\/wp.ufpel.edu.br\/curadoria\/2019\/11\/12\/entrevista-marie-josee-lafortune\/\">Entrevista_ Marie Jos\u00e9e Lafortune<\/a><br \/>\n<\/strong><span style=\"font-size: 10pt\">12\/novembro\/2019 _ Quebec\/CA<\/span><\/p>\n<p>&nbsp;<\/p>\n","protected":false},"excerpt":{"rendered":"<p>As entrevistas s\u00e3o realizadas pelo grupo Laborat\u00f3rio de Curadoria do Museu de Arte Leopoldo Gotuzzo e fazem parte do projeto de pesquisa em Perspectivas Contempor\u00e2neas em Curadoria. Os resultados das entrevistas completas ser\u00e3o publicados &nbsp; Entrevista_ Charles Guilbert 15\/novembro\/2019 _ Quebec\/CA Entrevista_ Gilles Daigneault e Margarida Mafra 15\/novembro\/2019 _ Quebec\/CA Entrevista_ Serge Murphy 14\/novembro\/2019 _ &hellip; <\/p>\n<p class=\"link-more\"><a href=\"https:\/\/wp.ufpel.edu.br\/curadoria\/perspectivas-contemporaneas-de-curadoria-em-arte\/entrevistas-2\/\" class=\"more-link\">Continue lendo<span class=\"screen-reader-text\"> &#8220;ENTREVISTAS&#8221;<\/span><\/a><\/p>\n","protected":false},"author":968,"featured_media":0,"parent":36,"menu_order":0,"comment_status":"closed","ping_status":"closed","template":"","meta":{"footnotes":""},"class_list":["post-177","page","type-page","status-publish","hentry"],"yoast_head":"<!-- This site is optimized with the Yoast SEO plugin v26.7 - https:\/\/yoast.com\/wordpress\/plugins\/seo\/ -->\n<title>ENTREVISTAS - LACMALG<\/title>\n<meta name=\"robots\" content=\"index, follow, max-snippet:-1, max-image-preview:large, max-video-preview:-1\" \/>\n<link rel=\"canonical\" href=\"https:\/\/wp.ufpel.edu.br\/curadoria\/perspectivas-contemporaneas-de-curadoria-em-arte\/entrevistas-2\/\" \/>\n<meta property=\"og:locale\" content=\"pt_BR\" \/>\n<meta property=\"og:type\" content=\"article\" \/>\n<meta property=\"og:title\" content=\"ENTREVISTAS - LACMALG\" \/>\n<meta property=\"og:description\" content=\"As entrevistas s\u00e3o realizadas pelo grupo Laborat\u00f3rio de Curadoria do Museu de Arte Leopoldo Gotuzzo e fazem parte do projeto de pesquisa em Perspectivas Contempor\u00e2neas em Curadoria. Os resultados das entrevistas completas ser\u00e3o publicados &nbsp; Entrevista_ Charles Guilbert 15\/novembro\/2019 _ Quebec\/CA Entrevista_ Gilles Daigneault e Margarida Mafra 15\/novembro\/2019 _ Quebec\/CA Entrevista_ Serge Murphy 14\/novembro\/2019 _ &hellip; Continue lendo &quot;ENTREVISTAS&quot;\" \/>\n<meta property=\"og:url\" content=\"https:\/\/wp.ufpel.edu.br\/curadoria\/perspectivas-contemporaneas-de-curadoria-em-arte\/entrevistas-2\/\" \/>\n<meta property=\"og:site_name\" content=\"LACMALG\" \/>\n<meta property=\"article:modified_time\" content=\"2019-12-03T17:29:25+00:00\" \/>\n<meta name=\"twitter:card\" content=\"summary_large_image\" \/>\n<script type=\"application\/ld+json\" class=\"yoast-schema-graph\">{\"@context\":\"https:\/\/schema.org\",\"@graph\":[{\"@type\":\"WebPage\",\"@id\":\"https:\/\/wp.ufpel.edu.br\/curadoria\/perspectivas-contemporaneas-de-curadoria-em-arte\/entrevistas-2\/\",\"url\":\"https:\/\/wp.ufpel.edu.br\/curadoria\/perspectivas-contemporaneas-de-curadoria-em-arte\/entrevistas-2\/\",\"name\":\"ENTREVISTAS - LACMALG\",\"isPartOf\":{\"@id\":\"https:\/\/wp.ufpel.edu.br\/curadoria\/#website\"},\"datePublished\":\"2019-11-14T05:46:22+00:00\",\"dateModified\":\"2019-12-03T17:29:25+00:00\",\"breadcrumb\":{\"@id\":\"https:\/\/wp.ufpel.edu.br\/curadoria\/perspectivas-contemporaneas-de-curadoria-em-arte\/entrevistas-2\/#breadcrumb\"},\"inLanguage\":\"pt-BR\",\"potentialAction\":[{\"@type\":\"ReadAction\",\"target\":[\"https:\/\/wp.ufpel.edu.br\/curadoria\/perspectivas-contemporaneas-de-curadoria-em-arte\/entrevistas-2\/\"]}]},{\"@type\":\"BreadcrumbList\",\"@id\":\"https:\/\/wp.ufpel.edu.br\/curadoria\/perspectivas-contemporaneas-de-curadoria-em-arte\/entrevistas-2\/#breadcrumb\",\"itemListElement\":[{\"@type\":\"ListItem\",\"position\":1,\"name\":\"In\u00edcio\",\"item\":\"https:\/\/wp.ufpel.edu.br\/curadoria\/\"},{\"@type\":\"ListItem\",\"position\":2,\"name\":\"PERSPECTIVAS CONTEMPOR\u00c2NEAS DE CURADORIA EM ARTE\",\"item\":\"https:\/\/wp.ufpel.edu.br\/curadoria\/perspectivas-contemporaneas-de-curadoria-em-arte\/\"},{\"@type\":\"ListItem\",\"position\":3,\"name\":\"ENTREVISTAS\"}]},{\"@type\":\"WebSite\",\"@id\":\"https:\/\/wp.ufpel.edu.br\/curadoria\/#website\",\"url\":\"https:\/\/wp.ufpel.edu.br\/curadoria\/\",\"name\":\"LACMALG\",\"description\":\"Laborat\u00f3rio de Curadoria do Museu de Arte Leopoldo Gotuzzo | UFPel\",\"potentialAction\":[{\"@type\":\"SearchAction\",\"target\":{\"@type\":\"EntryPoint\",\"urlTemplate\":\"https:\/\/wp.ufpel.edu.br\/curadoria\/?s={search_term_string}\"},\"query-input\":{\"@type\":\"PropertyValueSpecification\",\"valueRequired\":true,\"valueName\":\"search_term_string\"}}],\"inLanguage\":\"pt-BR\"}]}<\/script>\n<!-- \/ Yoast SEO plugin. -->","yoast_head_json":{"title":"ENTREVISTAS - LACMALG","robots":{"index":"index","follow":"follow","max-snippet":"max-snippet:-1","max-image-preview":"max-image-preview:large","max-video-preview":"max-video-preview:-1"},"canonical":"https:\/\/wp.ufpel.edu.br\/curadoria\/perspectivas-contemporaneas-de-curadoria-em-arte\/entrevistas-2\/","og_locale":"pt_BR","og_type":"article","og_title":"ENTREVISTAS - LACMALG","og_description":"As entrevistas s\u00e3o realizadas pelo grupo Laborat\u00f3rio de Curadoria do Museu de Arte Leopoldo Gotuzzo e fazem parte do projeto de pesquisa em Perspectivas Contempor\u00e2neas em Curadoria. Os resultados das entrevistas completas ser\u00e3o publicados &nbsp; Entrevista_ Charles Guilbert 15\/novembro\/2019 _ Quebec\/CA Entrevista_ Gilles Daigneault e Margarida Mafra 15\/novembro\/2019 _ Quebec\/CA Entrevista_ Serge Murphy 14\/novembro\/2019 _ &hellip; Continue lendo \"ENTREVISTAS\"","og_url":"https:\/\/wp.ufpel.edu.br\/curadoria\/perspectivas-contemporaneas-de-curadoria-em-arte\/entrevistas-2\/","og_site_name":"LACMALG","article_modified_time":"2019-12-03T17:29:25+00:00","twitter_card":"summary_large_image","schema":{"@context":"https:\/\/schema.org","@graph":[{"@type":"WebPage","@id":"https:\/\/wp.ufpel.edu.br\/curadoria\/perspectivas-contemporaneas-de-curadoria-em-arte\/entrevistas-2\/","url":"https:\/\/wp.ufpel.edu.br\/curadoria\/perspectivas-contemporaneas-de-curadoria-em-arte\/entrevistas-2\/","name":"ENTREVISTAS - LACMALG","isPartOf":{"@id":"https:\/\/wp.ufpel.edu.br\/curadoria\/#website"},"datePublished":"2019-11-14T05:46:22+00:00","dateModified":"2019-12-03T17:29:25+00:00","breadcrumb":{"@id":"https:\/\/wp.ufpel.edu.br\/curadoria\/perspectivas-contemporaneas-de-curadoria-em-arte\/entrevistas-2\/#breadcrumb"},"inLanguage":"pt-BR","potentialAction":[{"@type":"ReadAction","target":["https:\/\/wp.ufpel.edu.br\/curadoria\/perspectivas-contemporaneas-de-curadoria-em-arte\/entrevistas-2\/"]}]},{"@type":"BreadcrumbList","@id":"https:\/\/wp.ufpel.edu.br\/curadoria\/perspectivas-contemporaneas-de-curadoria-em-arte\/entrevistas-2\/#breadcrumb","itemListElement":[{"@type":"ListItem","position":1,"name":"In\u00edcio","item":"https:\/\/wp.ufpel.edu.br\/curadoria\/"},{"@type":"ListItem","position":2,"name":"PERSPECTIVAS CONTEMPOR\u00c2NEAS DE CURADORIA EM ARTE","item":"https:\/\/wp.ufpel.edu.br\/curadoria\/perspectivas-contemporaneas-de-curadoria-em-arte\/"},{"@type":"ListItem","position":3,"name":"ENTREVISTAS"}]},{"@type":"WebSite","@id":"https:\/\/wp.ufpel.edu.br\/curadoria\/#website","url":"https:\/\/wp.ufpel.edu.br\/curadoria\/","name":"LACMALG","description":"Laborat\u00f3rio de Curadoria do Museu de Arte Leopoldo Gotuzzo | UFPel","potentialAction":[{"@type":"SearchAction","target":{"@type":"EntryPoint","urlTemplate":"https:\/\/wp.ufpel.edu.br\/curadoria\/?s={search_term_string}"},"query-input":{"@type":"PropertyValueSpecification","valueRequired":true,"valueName":"search_term_string"}}],"inLanguage":"pt-BR"}]}},"jetpack_sharing_enabled":true,"jetpack_shortlink":"https:\/\/wp.me\/Pbsuh8-2R","_links":{"self":[{"href":"https:\/\/wp.ufpel.edu.br\/curadoria\/wp-json\/wp\/v2\/pages\/177","targetHints":{"allow":["GET"]}}],"collection":[{"href":"https:\/\/wp.ufpel.edu.br\/curadoria\/wp-json\/wp\/v2\/pages"}],"about":[{"href":"https:\/\/wp.ufpel.edu.br\/curadoria\/wp-json\/wp\/v2\/types\/page"}],"author":[{"embeddable":true,"href":"https:\/\/wp.ufpel.edu.br\/curadoria\/wp-json\/wp\/v2\/users\/968"}],"replies":[{"embeddable":true,"href":"https:\/\/wp.ufpel.edu.br\/curadoria\/wp-json\/wp\/v2\/comments?post=177"}],"version-history":[{"count":11,"href":"https:\/\/wp.ufpel.edu.br\/curadoria\/wp-json\/wp\/v2\/pages\/177\/revisions"}],"predecessor-version":[{"id":453,"href":"https:\/\/wp.ufpel.edu.br\/curadoria\/wp-json\/wp\/v2\/pages\/177\/revisions\/453"}],"up":[{"embeddable":true,"href":"https:\/\/wp.ufpel.edu.br\/curadoria\/wp-json\/wp\/v2\/pages\/36"}],"wp:attachment":[{"href":"https:\/\/wp.ufpel.edu.br\/curadoria\/wp-json\/wp\/v2\/media?parent=177"}],"curies":[{"name":"wp","href":"https:\/\/api.w.org\/{rel}","templated":true}]}}