{"id":100,"date":"2019-11-14T01:11:08","date_gmt":"2019-11-14T04:11:08","guid":{"rendered":"https:\/\/wp.ufpel.edu.br\/curadoria\/?page_id=100"},"modified":"2020-01-14T13:40:48","modified_gmt":"2020-01-14T16:40:48","slug":"stela-kubiaki","status":"publish","type":"page","link":"https:\/\/wp.ufpel.edu.br\/curadoria\/quem-somos\/stela-kubiaki\/","title":{"rendered":"Stela Kubiaki"},"content":{"rendered":"<p style=\"text-align: justify\"><span style=\"font-weight: 400\"><strong>Stela Kubiaki<\/strong> \u00e9 Graduanda em Artes Visuais Bacharelado na Universidade Federal de Pelotas (UFPel). Apresenta interesse pela tem\u00e1tica de g\u00eanero, investigando a linguagem da escultura, gravura e v\u00eddeo. Atuou como assistente de curadoria no Museu de Arte Leopoldo Gotuzzo (MALG) e como curadora na exposi\u00e7\u00e3o In\u00edcio do Gesto na galeria A Sala do Centro de Artes da Universidade Federal de Pelotas (UFPel). Participa do Grupo de Pesquisa: Perspectivas contempor\u00e2neas em curadoria. Integra os projetos de Extens\u00e3o: Programas Art\u00edsticos e Culturais no MALG e Exposi\u00e7\u00f5es do Museu de Arte Leopoldo Gotuzzo. Faz parte do Programa de Educa\u00e7\u00e3o Tutorial (PET) Artes Visuais e \u00e9 representante discente do curso de Bacharelado em Artes Visuais da UFPel.<\/span><\/p>\n<p><b>Para mais informa\u00e7\u00f5es de curr\u00edculo, acesse:\u00a0\u00a0<\/b><a href=\"http:\/\/lattes.cnpq.br\/6932906228267725\" target=\"_blank\" rel=\"noopener noreferrer\">curr\u00edculo lattes<\/a><\/p>\n<p><img loading=\"lazy\" decoding=\"async\" class=\"alignnone wp-image-45 size-medium\" src=\"https:\/\/wp.ufpel.edu.br\/curadoria\/files\/2019\/11\/11112019-_DSC1466-267x400.jpg\" alt=\"\" width=\"267\" height=\"400\" \/><\/p>\n<hr \/>\n<p>&nbsp;<\/p>\n","protected":false},"excerpt":{"rendered":"<p>Stela Kubiaki \u00e9 Graduanda em Artes Visuais Bacharelado na Universidade Federal de Pelotas (UFPel). Apresenta interesse pela tem\u00e1tica de g\u00eanero, investigando a linguagem da escultura, gravura e v\u00eddeo. Atuou como assistente de curadoria no Museu de Arte Leopoldo Gotuzzo (MALG) e como curadora na exposi\u00e7\u00e3o In\u00edcio do Gesto na galeria A Sala do Centro de &hellip; <\/p>\n<p class=\"link-more\"><a href=\"https:\/\/wp.ufpel.edu.br\/curadoria\/quem-somos\/stela-kubiaki\/\" class=\"more-link\">Continue lendo<span class=\"screen-reader-text\"> &#8220;Stela Kubiaki&#8221;<\/span><\/a><\/p>\n","protected":false},"author":968,"featured_media":0,"parent":29,"menu_order":0,"comment_status":"closed","ping_status":"closed","template":"","meta":{"footnotes":""},"class_list":["post-100","page","type-page","status-publish","hentry"],"yoast_head":"<!-- This site is optimized with the Yoast SEO plugin v26.7 - https:\/\/yoast.com\/wordpress\/plugins\/seo\/ -->\n<title>Stela Kubiaki - LACMALG<\/title>\n<meta name=\"robots\" content=\"index, follow, max-snippet:-1, max-image-preview:large, max-video-preview:-1\" \/>\n<link rel=\"canonical\" href=\"https:\/\/wp.ufpel.edu.br\/curadoria\/quem-somos\/stela-kubiaki\/\" \/>\n<meta property=\"og:locale\" content=\"pt_BR\" \/>\n<meta property=\"og:type\" content=\"article\" \/>\n<meta property=\"og:title\" content=\"Stela Kubiaki - LACMALG\" \/>\n<meta property=\"og:description\" content=\"Stela Kubiaki \u00e9 Graduanda em Artes Visuais Bacharelado na Universidade Federal de Pelotas (UFPel). Apresenta interesse pela tem\u00e1tica de g\u00eanero, investigando a linguagem da escultura, gravura e v\u00eddeo. Atuou como assistente de curadoria no Museu de Arte Leopoldo Gotuzzo (MALG) e como curadora na exposi\u00e7\u00e3o In\u00edcio do Gesto na galeria A Sala do Centro de &hellip; Continue lendo &quot;Stela Kubiaki&quot;\" \/>\n<meta property=\"og:url\" content=\"https:\/\/wp.ufpel.edu.br\/curadoria\/quem-somos\/stela-kubiaki\/\" \/>\n<meta property=\"og:site_name\" content=\"LACMALG\" \/>\n<meta property=\"article:modified_time\" content=\"2020-01-14T16:40:48+00:00\" \/>\n<meta property=\"og:image\" content=\"https:\/\/wp.ufpel.edu.br\/curadoria\/files\/2019\/11\/11112019-_DSC1466-267x400.jpg\" \/>\n<meta name=\"twitter:card\" content=\"summary_large_image\" \/>\n<meta name=\"twitter:label1\" content=\"Est. tempo de leitura\" \/>\n\t<meta name=\"twitter:data1\" content=\"1 minuto\" \/>\n<script type=\"application\/ld+json\" class=\"yoast-schema-graph\">{\"@context\":\"https:\/\/schema.org\",\"@graph\":[{\"@type\":\"WebPage\",\"@id\":\"https:\/\/wp.ufpel.edu.br\/curadoria\/quem-somos\/stela-kubiaki\/\",\"url\":\"https:\/\/wp.ufpel.edu.br\/curadoria\/quem-somos\/stela-kubiaki\/\",\"name\":\"Stela Kubiaki - LACMALG\",\"isPartOf\":{\"@id\":\"https:\/\/wp.ufpel.edu.br\/curadoria\/#website\"},\"primaryImageOfPage\":{\"@id\":\"https:\/\/wp.ufpel.edu.br\/curadoria\/quem-somos\/stela-kubiaki\/#primaryimage\"},\"image\":{\"@id\":\"https:\/\/wp.ufpel.edu.br\/curadoria\/quem-somos\/stela-kubiaki\/#primaryimage\"},\"thumbnailUrl\":\"https:\/\/wp.ufpel.edu.br\/curadoria\/files\/2019\/11\/11112019-_DSC1466-267x400.jpg\",\"datePublished\":\"2019-11-14T04:11:08+00:00\",\"dateModified\":\"2020-01-14T16:40:48+00:00\",\"breadcrumb\":{\"@id\":\"https:\/\/wp.ufpel.edu.br\/curadoria\/quem-somos\/stela-kubiaki\/#breadcrumb\"},\"inLanguage\":\"pt-BR\",\"potentialAction\":[{\"@type\":\"ReadAction\",\"target\":[\"https:\/\/wp.ufpel.edu.br\/curadoria\/quem-somos\/stela-kubiaki\/\"]}]},{\"@type\":\"ImageObject\",\"inLanguage\":\"pt-BR\",\"@id\":\"https:\/\/wp.ufpel.edu.br\/curadoria\/quem-somos\/stela-kubiaki\/#primaryimage\",\"url\":\"https:\/\/wp.ufpel.edu.br\/curadoria\/files\/2019\/11\/11112019-_DSC1466-267x400.jpg\",\"contentUrl\":\"https:\/\/wp.ufpel.edu.br\/curadoria\/files\/2019\/11\/11112019-_DSC1466-267x400.jpg\"},{\"@type\":\"BreadcrumbList\",\"@id\":\"https:\/\/wp.ufpel.edu.br\/curadoria\/quem-somos\/stela-kubiaki\/#breadcrumb\",\"itemListElement\":[{\"@type\":\"ListItem\",\"position\":1,\"name\":\"In\u00edcio\",\"item\":\"https:\/\/wp.ufpel.edu.br\/curadoria\/\"},{\"@type\":\"ListItem\",\"position\":2,\"name\":\"QUEM SOMOS\",\"item\":\"https:\/\/wp.ufpel.edu.br\/curadoria\/quem-somos\/\"},{\"@type\":\"ListItem\",\"position\":3,\"name\":\"Stela Kubiaki\"}]},{\"@type\":\"WebSite\",\"@id\":\"https:\/\/wp.ufpel.edu.br\/curadoria\/#website\",\"url\":\"https:\/\/wp.ufpel.edu.br\/curadoria\/\",\"name\":\"LACMALG\",\"description\":\"Laborat\u00f3rio de Curadoria do Museu de Arte Leopoldo Gotuzzo | UFPel\",\"potentialAction\":[{\"@type\":\"SearchAction\",\"target\":{\"@type\":\"EntryPoint\",\"urlTemplate\":\"https:\/\/wp.ufpel.edu.br\/curadoria\/?s={search_term_string}\"},\"query-input\":{\"@type\":\"PropertyValueSpecification\",\"valueRequired\":true,\"valueName\":\"search_term_string\"}}],\"inLanguage\":\"pt-BR\"}]}<\/script>\n<!-- \/ Yoast SEO plugin. -->","yoast_head_json":{"title":"Stela Kubiaki - LACMALG","robots":{"index":"index","follow":"follow","max-snippet":"max-snippet:-1","max-image-preview":"max-image-preview:large","max-video-preview":"max-video-preview:-1"},"canonical":"https:\/\/wp.ufpel.edu.br\/curadoria\/quem-somos\/stela-kubiaki\/","og_locale":"pt_BR","og_type":"article","og_title":"Stela Kubiaki - LACMALG","og_description":"Stela Kubiaki \u00e9 Graduanda em Artes Visuais Bacharelado na Universidade Federal de Pelotas (UFPel). Apresenta interesse pela tem\u00e1tica de g\u00eanero, investigando a linguagem da escultura, gravura e v\u00eddeo. Atuou como assistente de curadoria no Museu de Arte Leopoldo Gotuzzo (MALG) e como curadora na exposi\u00e7\u00e3o In\u00edcio do Gesto na galeria A Sala do Centro de &hellip; Continue lendo \"Stela Kubiaki\"","og_url":"https:\/\/wp.ufpel.edu.br\/curadoria\/quem-somos\/stela-kubiaki\/","og_site_name":"LACMALG","article_modified_time":"2020-01-14T16:40:48+00:00","og_image":[{"url":"https:\/\/wp.ufpel.edu.br\/curadoria\/files\/2019\/11\/11112019-_DSC1466-267x400.jpg","type":"","width":"","height":""}],"twitter_card":"summary_large_image","twitter_misc":{"Est. tempo de leitura":"1 minuto"},"schema":{"@context":"https:\/\/schema.org","@graph":[{"@type":"WebPage","@id":"https:\/\/wp.ufpel.edu.br\/curadoria\/quem-somos\/stela-kubiaki\/","url":"https:\/\/wp.ufpel.edu.br\/curadoria\/quem-somos\/stela-kubiaki\/","name":"Stela Kubiaki - LACMALG","isPartOf":{"@id":"https:\/\/wp.ufpel.edu.br\/curadoria\/#website"},"primaryImageOfPage":{"@id":"https:\/\/wp.ufpel.edu.br\/curadoria\/quem-somos\/stela-kubiaki\/#primaryimage"},"image":{"@id":"https:\/\/wp.ufpel.edu.br\/curadoria\/quem-somos\/stela-kubiaki\/#primaryimage"},"thumbnailUrl":"https:\/\/wp.ufpel.edu.br\/curadoria\/files\/2019\/11\/11112019-_DSC1466-267x400.jpg","datePublished":"2019-11-14T04:11:08+00:00","dateModified":"2020-01-14T16:40:48+00:00","breadcrumb":{"@id":"https:\/\/wp.ufpel.edu.br\/curadoria\/quem-somos\/stela-kubiaki\/#breadcrumb"},"inLanguage":"pt-BR","potentialAction":[{"@type":"ReadAction","target":["https:\/\/wp.ufpel.edu.br\/curadoria\/quem-somos\/stela-kubiaki\/"]}]},{"@type":"ImageObject","inLanguage":"pt-BR","@id":"https:\/\/wp.ufpel.edu.br\/curadoria\/quem-somos\/stela-kubiaki\/#primaryimage","url":"https:\/\/wp.ufpel.edu.br\/curadoria\/files\/2019\/11\/11112019-_DSC1466-267x400.jpg","contentUrl":"https:\/\/wp.ufpel.edu.br\/curadoria\/files\/2019\/11\/11112019-_DSC1466-267x400.jpg"},{"@type":"BreadcrumbList","@id":"https:\/\/wp.ufpel.edu.br\/curadoria\/quem-somos\/stela-kubiaki\/#breadcrumb","itemListElement":[{"@type":"ListItem","position":1,"name":"In\u00edcio","item":"https:\/\/wp.ufpel.edu.br\/curadoria\/"},{"@type":"ListItem","position":2,"name":"QUEM SOMOS","item":"https:\/\/wp.ufpel.edu.br\/curadoria\/quem-somos\/"},{"@type":"ListItem","position":3,"name":"Stela Kubiaki"}]},{"@type":"WebSite","@id":"https:\/\/wp.ufpel.edu.br\/curadoria\/#website","url":"https:\/\/wp.ufpel.edu.br\/curadoria\/","name":"LACMALG","description":"Laborat\u00f3rio de Curadoria do Museu de Arte Leopoldo Gotuzzo | UFPel","potentialAction":[{"@type":"SearchAction","target":{"@type":"EntryPoint","urlTemplate":"https:\/\/wp.ufpel.edu.br\/curadoria\/?s={search_term_string}"},"query-input":{"@type":"PropertyValueSpecification","valueRequired":true,"valueName":"search_term_string"}}],"inLanguage":"pt-BR"}]}},"jetpack_sharing_enabled":true,"jetpack_shortlink":"https:\/\/wp.me\/Pbsuh8-1C","_links":{"self":[{"href":"https:\/\/wp.ufpel.edu.br\/curadoria\/wp-json\/wp\/v2\/pages\/100","targetHints":{"allow":["GET"]}}],"collection":[{"href":"https:\/\/wp.ufpel.edu.br\/curadoria\/wp-json\/wp\/v2\/pages"}],"about":[{"href":"https:\/\/wp.ufpel.edu.br\/curadoria\/wp-json\/wp\/v2\/types\/page"}],"author":[{"embeddable":true,"href":"https:\/\/wp.ufpel.edu.br\/curadoria\/wp-json\/wp\/v2\/users\/968"}],"replies":[{"embeddable":true,"href":"https:\/\/wp.ufpel.edu.br\/curadoria\/wp-json\/wp\/v2\/comments?post=100"}],"version-history":[{"count":11,"href":"https:\/\/wp.ufpel.edu.br\/curadoria\/wp-json\/wp\/v2\/pages\/100\/revisions"}],"predecessor-version":[{"id":472,"href":"https:\/\/wp.ufpel.edu.br\/curadoria\/wp-json\/wp\/v2\/pages\/100\/revisions\/472"}],"up":[{"embeddable":true,"href":"https:\/\/wp.ufpel.edu.br\/curadoria\/wp-json\/wp\/v2\/pages\/29"}],"wp:attachment":[{"href":"https:\/\/wp.ufpel.edu.br\/curadoria\/wp-json\/wp\/v2\/media?parent=100"}],"curies":[{"name":"wp","href":"https:\/\/api.w.org\/{rel}","templated":true}]}}