{"id":43,"date":"2019-04-22T10:40:19","date_gmt":"2019-04-22T13:40:19","guid":{"rendered":"https:\/\/wp.ufpel.edu.br\/cultivo\/?page_id=43"},"modified":"2022-08-02T17:53:11","modified_gmt":"2022-08-02T20:53:11","slug":"grupo-4","status":"publish","type":"page","link":"https:\/\/wp.ufpel.edu.br\/cultivo\/estrutura-do-projeto\/grupo-4\/","title":{"rendered":"Grupo 4"},"content":{"rendered":"<p style=\"text-align: justify\">Compete a este grupo o gerenciamento do projeto quanto \u00e0 execu\u00e7\u00e3o das atividades previstas para os demais grupos no que concerne o atingimento de prazos e produtos. Ainda, o desenvolvimento de um reposit\u00f3rio com os produtos desenvolvidos durante a execu\u00e7\u00e3o do projeto com \u00eanfase no Guia de Cultivo de Alimentos em Substratos Edificados.<\/p>\n<p style=\"text-align: justify\"><a href=\"http:\/\/lattes.cnpq.br\/7919194064432490\"><strong>Dr. F\u00e1bio Kellermann Schramm<\/strong><\/a> &#8211; Programa de p\u00f3s-gradua\u00e7\u00e3o em Arquitetura e Urbanismo (PROGRAU) [Curr\u00edculo Lattes]<br \/>\nE-mail: fkschramm@gmail.com<\/p>\n<p style=\"text-align: justify\"><a href=\"http:\/\/lattes.cnpq.br\/5917593710619151\"><strong>Acad\u00eamico Rodrigo Karini Leitzke<\/strong><\/a> &#8211; Programa de p\u00f3s-gradua\u00e7\u00e3o em Arquitetura e Urbanismo (PROGRAU) [Curr\u00edculo Lattes]<br \/>\nE-mail: rodrigokarinileitzke@gmail.com<\/p>\n","protected":false},"excerpt":{"rendered":"<p>Compete a este grupo o gerenciamento do projeto quanto \u00e0 execu\u00e7\u00e3o das atividades previstas para os demais grupos no que concerne o atingimento de prazos&#46;&#46;&#46;<\/p>\n","protected":false},"author":920,"featured_media":0,"parent":10,"menu_order":0,"comment_status":"closed","ping_status":"closed","template":"","meta":{"footnotes":""},"class_list":["post-43","page","type-page","status-publish","hentry"],"_links":{"self":[{"href":"https:\/\/wp.ufpel.edu.br\/cultivo\/wp-json\/wp\/v2\/pages\/43","targetHints":{"allow":["GET"]}}],"collection":[{"href":"https:\/\/wp.ufpel.edu.br\/cultivo\/wp-json\/wp\/v2\/pages"}],"about":[{"href":"https:\/\/wp.ufpel.edu.br\/cultivo\/wp-json\/wp\/v2\/types\/page"}],"author":[{"embeddable":true,"href":"https:\/\/wp.ufpel.edu.br\/cultivo\/wp-json\/wp\/v2\/users\/920"}],"replies":[{"embeddable":true,"href":"https:\/\/wp.ufpel.edu.br\/cultivo\/wp-json\/wp\/v2\/comments?post=43"}],"version-history":[{"count":7,"href":"https:\/\/wp.ufpel.edu.br\/cultivo\/wp-json\/wp\/v2\/pages\/43\/revisions"}],"predecessor-version":[{"id":907,"href":"https:\/\/wp.ufpel.edu.br\/cultivo\/wp-json\/wp\/v2\/pages\/43\/revisions\/907"}],"up":[{"embeddable":true,"href":"https:\/\/wp.ufpel.edu.br\/cultivo\/wp-json\/wp\/v2\/pages\/10"}],"wp:attachment":[{"href":"https:\/\/wp.ufpel.edu.br\/cultivo\/wp-json\/wp\/v2\/media?parent=43"}],"curies":[{"name":"wp","href":"https:\/\/api.w.org\/{rel}","templated":true}]}}