{"id":40,"date":"2019-04-22T10:39:46","date_gmt":"2019-04-22T13:39:46","guid":{"rendered":"https:\/\/wp.ufpel.edu.br\/cultivo\/?page_id=40"},"modified":"2022-08-02T17:52:40","modified_gmt":"2022-08-02T20:52:40","slug":"grupo-3","status":"publish","type":"page","link":"https:\/\/wp.ufpel.edu.br\/cultivo\/estrutura-do-projeto\/grupo-3\/","title":{"rendered":"Grupo 3"},"content":{"rendered":"<p style=\"text-align: justify\">Tem por objetivo investigar a influ\u00eancia dos substratos vegetados no contexto interno das edifica\u00e7\u00f5es observando o n\u00edvel de conforto t\u00e9rmico, como tamb\u00e9m o consumo de energia. Para determina\u00e7\u00e3o do impacto do substrato vegetado no microclima interno das edifica\u00e7\u00f5es, ser\u00e1 tamb\u00e9m analisado a influ\u00eancia das coberturas vegetadas no clima urbano.<\/p>\n<p><a href=\"http:\/\/lattes.cnpq.br\/0959256350186452\"><strong>Dr. Eduardo Grala da Cunha<\/strong><\/a> &#8211; Programa de p\u00f3s-gradua\u00e7\u00e3o em Arquitetura e Urbanismo (PROGRAU) [Curr\u00edculo Lattes]<br \/>\nE-mail: eduardogralacunha@yahoo.com.br<\/p>\n<p><a href=\"http:\/\/lattes.cnpq.br\/0151938224186824\"><strong>Dr. Lisandra Fachinello Krebs<\/strong><\/a> &#8211; Faculdade de Arquitetura e Urbanismo (FAUrb) [Curr\u00edculo Lattes]<br \/>\nE-mail: lisandra.krebs@ufpel.edu.br<\/p>\n<p><strong>Dr. Erik Johansson<\/strong>, Senior Lecturer Lund University, E-mail: erik.johansson@hdm.lth.se<\/p>\n<p><strong>Dr. David Sailor<\/strong>, Professor, School of Geographical Sciences and Urban Planning<br \/>\nDirector, Urban Climate Research Center (UCRC), Arizona State University, E-mail: David.Sailor@asu.edu<\/p>\n<p><strong>Arch. Jonny \u00c4strand<\/strong>, HDM Director Lund University, E-mail: Jonny.astrand@hdm.lth.se<\/p>\n","protected":false},"excerpt":{"rendered":"<p>Tem por objetivo investigar a influ\u00eancia dos substratos vegetados no contexto interno das edifica\u00e7\u00f5es observando o n\u00edvel de conforto t\u00e9rmico, como tamb\u00e9m o consumo de&#46;&#46;&#46;<\/p>\n","protected":false},"author":920,"featured_media":0,"parent":10,"menu_order":0,"comment_status":"closed","ping_status":"closed","template":"","meta":{"footnotes":""},"class_list":["post-40","page","type-page","status-publish","hentry"],"_links":{"self":[{"href":"https:\/\/wp.ufpel.edu.br\/cultivo\/wp-json\/wp\/v2\/pages\/40","targetHints":{"allow":["GET"]}}],"collection":[{"href":"https:\/\/wp.ufpel.edu.br\/cultivo\/wp-json\/wp\/v2\/pages"}],"about":[{"href":"https:\/\/wp.ufpel.edu.br\/cultivo\/wp-json\/wp\/v2\/types\/page"}],"author":[{"embeddable":true,"href":"https:\/\/wp.ufpel.edu.br\/cultivo\/wp-json\/wp\/v2\/users\/920"}],"replies":[{"embeddable":true,"href":"https:\/\/wp.ufpel.edu.br\/cultivo\/wp-json\/wp\/v2\/comments?post=40"}],"version-history":[{"count":7,"href":"https:\/\/wp.ufpel.edu.br\/cultivo\/wp-json\/wp\/v2\/pages\/40\/revisions"}],"predecessor-version":[{"id":905,"href":"https:\/\/wp.ufpel.edu.br\/cultivo\/wp-json\/wp\/v2\/pages\/40\/revisions\/905"}],"up":[{"embeddable":true,"href":"https:\/\/wp.ufpel.edu.br\/cultivo\/wp-json\/wp\/v2\/pages\/10"}],"wp:attachment":[{"href":"https:\/\/wp.ufpel.edu.br\/cultivo\/wp-json\/wp\/v2\/media?parent=40"}],"curies":[{"name":"wp","href":"https:\/\/api.w.org\/{rel}","templated":true}]}}