{"id":34,"date":"2019-04-22T10:37:19","date_gmt":"2019-04-22T13:37:19","guid":{"rendered":"https:\/\/wp.ufpel.edu.br\/cultivo\/?page_id=34"},"modified":"2022-08-02T17:56:52","modified_gmt":"2022-08-02T20:56:52","slug":"artigos","status":"publish","type":"page","link":"https:\/\/wp.ufpel.edu.br\/cultivo\/produtos\/artigos\/","title":{"rendered":"Artigos"},"content":{"rendered":"<p><strong>Characterizing leaf area index of rooftop farm to assess thermal-energy performance by simulation<\/strong><\/p>\n<p style=\"text-align: justify;\"><a href=\"http:\/\/lattes.cnpq.br\/0959256350186452\" rel=\"noopener\" target=\"_blank\">CUNHA, Eduardo G. da<\/a>; <a href=\"http:\/\/lattes.cnpq.br\/2741252699364572\" rel=\"noopener\" target=\"_blank\">CORREA, Celina M. B.<\/a> ; <a href=\"http:\/\/lattes.cnpq.br\/6414436163407553\">PEIL, Roberta M. N.<\/a> ; <a href=\"http:\/\/lattes.cnpq.br\/2268269182419925\">RITTER, Viviane<\/a>; <a href=\"http:\/\/lattes.cnpq.br\/4086737601973638\">H\u00d6HN, Daniela<\/a> ; <a href=\"http:\/\/lattes.cnpq.br\/5112635188859752\">MAIEVES, Helayne A.<\/a> ; GONZALEZ, Javier N. ; <a href=\"http:\/\/lattes.cnpq.br\/6142461957008773\">SILVA, Mariana E.<\/a> ; <a href=\"http:\/\/lattes.cnpq.br\/5917593710619151\">LEITZKE, Rodrigo K.<\/a> <strong>Characterizing leaf area index of rooftop farm to assess thermal-energy performance by simulation<\/strong>. ENERGY AND BUILDINGS, p. 110960, 2021.<br \/>\n<a href=\"https:\/\/www.sciencedirect.com\/science\/article\/abs\/pii\/S0378778821002449\" target=\"_blank\" rel=\"noopener\">https:\/\/www.sciencedirect.com\/science\/article\/abs\/pii\/S0378778821002449<\/a><\/p>\n<div class=\"layout-cell layout-cell-11\">\n<div class=\"layout-cell layout-cell-11\" style=\"text-align: justify;\">\n<div class=\"layout-cell layout-cell-11\">\n<p>&nbsp;<\/p>\n<p><strong>M\u00e9todo simplificado de determina\u00e7\u00e3o de \u00cdndice de \u00c1rea Foliar para simula\u00e7\u00e3o t\u00e9rmica de hortas urbanas em coberturas planas<\/strong><\/p>\n<p style=\"text-align: justify;\"><a href=\"http:\/\/lattes.cnpq.br\/0959256350186452\" rel=\"noopener\" target=\"_blank\">CUNHA, Eduardo G. da<\/a>; <a href=\"http:\/\/lattes.cnpq.br\/2268269182419925\" rel=\"noopener\" target=\"_blank\">RITTER, V<\/a>. ; <a href=\"http:\/\/lattes.cnpq.br\/6414436163407553\">PEIL, R. M. N.<\/a> ; <a href=\"http:\/\/lattes.cnpq.br\/4086737601973638\">H\u00d6HN, Daniela<\/a> ; <a href=\"http:\/\/lattes.cnpq.br\/2741252699364572\" rel=\"noopener\" target=\"_blank\">CORREA, Celina M. B.<\/a> ; <a href=\"http:\/\/lattes.cnpq.br\/5112635188859752\">MAIEVES, H.<\/a> ; <a href=\"http:\/\/lattes.cnpq.br\/6142461957008773\">SILVA, Mariana Estima<\/a> ; SENA, Vit\u00f3ria ; <a href=\"http:\/\/lattes.cnpq.br\/6845319764124028\">SCHULZ, J.<\/a> . <strong>M\u00e9todo simplificado de determina\u00e7\u00e3o de \u00cdndice de \u00c1rea Foliar para simula\u00e7\u00e3o t\u00e9rmica de hortas urbanas em coberturas planas<\/strong>. In: Encontro Nacional de Tecnologia do Ambiente Constru\u00eddo, 2020, Porto Alegre. XVIII Encontro Nacional de Tecnologia do Ambiente Constru\u00eddo. Porto Alegre: ANTAC, 2020.<br \/>\n<a href=\"https:\/\/entac2020.com.br\/anais-2020\/artigos\/115.pdf\" target=\"_blank\" rel=\"noopener\">https:\/\/entac2020.com.br\/anais-2020\/artigos\/115.pdf<\/a><\/p>\n<\/div>\n<\/div>\n<div>\n<div class=\"layout-cell layout-cell-11\">\n<div class=\"layout-cell layout-cell-11\">\n<div class=\"layout-cell layout-cell-11\">\n<div class=\"layout-cell layout-cell-11\">\n<p>&nbsp;<\/p>\n<p><strong>Growing food on green roof: the first step of an interdisciplinary approach<\/strong><\/p>\n<p style=\"text-align: justify;\"><a href=\"http:\/\/lattes.cnpq.br\/0959256350186452\" rel=\"noopener\" target=\"_blank\">CUNHA, Eduardo G. da<\/a>; <a href=\"http:\/\/lattes.cnpq.br\/2741252699364572\" rel=\"noopener\" target=\"_blank\">CORREA, Celina M. B.<\/a> ; <a href=\"http:\/\/lattes.cnpq.br\/6414436163407553\">PEIL, R. M. N.<\/a> ; <a href=\"http:\/\/lattes.cnpq.br\/6142461957008773\">SILVA, Mariana Estima<\/a> ; <a href=\"http:\/\/lattes.cnpq.br\/4086737601973638\">H\u00d6HN, Daniela<\/a> ; <a href=\"http:\/\/lattes.cnpq.br\/5112635188859752\">MAIEVES, H. A.<\/a> ; <a href=\"http:\/\/lattes.cnpq.br\/2268269182419925\" rel=\"noopener\" target=\"_blank\">RITTER, V<\/a>. ;\u00a0<a href=\"http:\/\/lattes.cnpq.br\/0151938224186824\">KREBS, Lisandra Fachinello<\/a>\u00a0. <strong>Growing food on green roof: the first step of an interdisciplinary approach<\/strong>. Journal of Civil Engineering and Architecture, v. 13, p. 694-703, 2019.<br \/>\n<a href=\"https:\/\/www.researchgate.net\/publication\/337914129_Growing_Food_on_Green_Roofs_The_First_Step_of_an_Interdisciplinary_Approach\" target=\"_blank\" rel=\"noopener\">https:\/\/www.researchgate.net\/publication\/337914129<\/a><\/p>\n<\/div>\n<div><\/div>\n<\/div>\n<\/div>\n<\/div>\n<\/div>\n<\/div>\n<p>&nbsp;<\/p>\n<p><span class=\"JsGRdQ\"><strong>ROOFTOP FARMING COMO PR\u00c1TICA DE DESENVOLVIMENTO SUSTENT\u00c1VEL<\/strong><\/span><\/p>\n<div>\n<div class=\"layout-cell layout-cell-11\">\n<div class=\"layout-cell layout-cell-11\">\n<div class=\"layout-cell layout-cell-11\">\n<div class=\"layout-cell layout-cell-11\">\n<div class=\"layout-cell layout-cell-11\">\n<p style=\"text-align: justify;\"><span class=\"JsGRdQ\"><a href=\"http:\/\/lattes.cnpq.br\/9544359994124905\">ESCOBAR, Anandha D.<\/a>; <a href=\"http:\/\/lattes.cnpq.br\/6845319764124028\">NEUTZLING, J\u00falia M.<\/a>; <a href=\"http:\/\/lattes.cnpq.br\/0959256350186452\" rel=\"noopener\" target=\"_blank\">CUNHA, Eduardo G.<\/a>; <a href=\"http:\/\/lattes.cnpq.br\/2741252699364572\" rel=\"noopener\" target=\"_blank\">CORREA, Celina M. B.<\/a> <strong>ROOFTOP FARMING COMO PR\u00c1TICA DE DESENVOLVIMENTO SUSTENT\u00c1VEL<\/strong>. In: Anais do 3\u00ba Congresso Internacional de Cidadania, Espa\u00e7o P\u00fablico e Territ\u00f3rio. 4Events: Pelotas. P. 560 &#8211; 565<\/span><br \/>\n<a href=\"https:\/\/wp.ufpel.edu.br\/3ciecit\/files\/2022\/03\/ANAIS_3CIECIT_RV13.pdf\" rel=\"noopener\" target=\"_blank\">https:\/\/wp.ufpel.edu.br\/3ciecit\/files\/2022\/03\/ANAIS_3CIECIT_RV13.pdf<\/a><\/p>\n<\/div>\n<\/div>\n<\/div>\n<\/div>\n<\/div>\n<\/div>\n<div class=\"layout-cell layout-cell-11\">\n<div class=\"layout-cell layout-cell-11\">\n<div class=\"layout-cell layout-cell-11\">\n<div class=\"layout-cell layout-cell-11\">\n<div class=\"layout-cell layout-cell-11\">\n<div class=\"layout-cell layout-cell-11\">\n<p>&nbsp;<\/p>\n<p><strong>GUIA DE CULTIVO DE ALIMENTOS EM SUBSTRATOS SOBRE EDIFICA\u00c7\u00d5ES: UMA ABORDAGEM MULTIDISCIPLINAR<\/strong><\/p>\n<p style=\"text-align: justify;\"><a href=\"http:\/\/lattes.cnpq.br\/2268269182419925\" target=\"_blank\" rel=\"noopener noreferrer\" data-auth=\"NotApplicable\" data-linkindex=\"0\"><a href=\"http:\/\/lattes.cnpq.br\/2268269182419925\" rel=\"noopener\" target=\"_blank\">RITTER, V<\/a>.<\/a>; <a href=\"http:\/\/lattes.cnpq.br\/0959256350186452\" rel=\"noopener\" target=\"_blank\">EDUARDO GRALA DA CUNHA<\/a> ;<a href=\"http:\/\/lattes.cnpq.br\/2741252699364572\" rel=\"noopener\" target=\"_blank\">CELINA MARIA BRITTO CORREA<\/a> ; <a href=\"http:\/\/lattes.cnpq.br\/5112635188859752\">MAIEVES, HELAYNE<\/a> ; <a href=\"http:\/\/lattes.cnpq.br\/6142461957008773\">SILVA, M. E.<\/a> ; <a href=\"http:\/\/lattes.cnpq.br\/6414436163407553\">PEIL, R. M. N.<\/a> . <strong>GUIA DE CULTIVO DE ALIMENTOS EM SUBSTRATOS SOBRE EDIFICA\u00c7\u00d5ES: UMA ABORDAGEM MULTIDISCIPLINAR<\/strong>. In: XXII Encontro de P\u00f3s-Gradua\u00e7\u00e3o, 2020, Pelotas. 6\u00aa Semana Integrada de Inova\u00e7\u00e3o, Ensino, Pesquisa e Extens\u00e3o, 2020<br \/>\n<a href=\"https:\/\/cti.ufpel.edu.br\/siepe\/arquivos\/2020\/CA_02758.pdf\" target=\"_blank\" rel=\"noopener\">https:\/\/cti.ufpel.edu.br\/siepe\/arquivos\/2020\/CA_02758.pdf<\/a><\/p>\n<\/div>\n<\/div>\n<\/div>\n<\/div>\n<\/div>\n<div class=\"layout-cell layout-cell-11\">\n<div class=\"layout-cell layout-cell-11\">\n<div class=\"layout-cell layout-cell-11\">\n<div class=\"layout-cell layout-cell-11\">\n<p>&nbsp;<\/p>\n<\/div>\n<\/div>\n<p><strong>Cultivo de alimentos em cobertura de edifica\u00e7\u00f5es<\/strong><\/p>\n<p style=\"text-align: justify;\"><a href=\"http:\/\/lattes.cnpq.br\/2268269182419925\" rel=\"noopener\" target=\"_blank\">RITTER,V<\/a>.; <a href=\"http:\/\/lattes.cnpq.br\/4086737601973638\">HOHN, D.<\/a> ; <a href=\"http:\/\/lattes.cnpq.br\/0959256350186452\" rel=\"noopener\" target=\"_blank\">CUNHA, E. G. <\/a>; <a href=\"http:\/\/lattes.cnpq.br\/2741252699364572\" rel=\"noopener\" target=\"_blank\">CORREA, C. M. B.<\/a> ; <a href=\"http:\/\/lattes.cnpq.br\/5112635188859752\">MAIEVES, H. A.<\/a> ; <a href=\"http:\/\/lattes.cnpq.br\/6414436163407553\">PEIL, R. M. N.<\/a> . <strong>Cultivo de alimentos em cobertura de edifica\u00e7\u00f5es<\/strong>. In: ENPOS &#8211; Encontro de P\u00f3s-Gradua\u00e7\u00e3o, 2019, Pelotas. 5\u00aa Semana Integrada UFPEL 2019, 2019.<br \/>\n<a href=\"https:\/\/cti.ufpel.edu.br\/siepe\/arquivos\/2019\/CA_03851.pdf\" target=\"_blank\" rel=\"noopener\">https:\/\/cti.ufpel.edu.br\/siepe\/arquivos\/2019\/CA_03851.pdf<\/a><\/p>\n<\/div>\n<div><\/div>\n<div class=\"layout-cell layout-cell-11\">\n<p>&nbsp;<\/p>\n<p><strong>ROOFTOP FARMING: APLICA\u00c7\u00d5ES NA ARQUITETURA<\/strong><\/p>\n<p style=\"text-align: justify;\"><a href=\"http:\/\/lattes.cnpq.br\/6845319764124028\">SCHULZ, J. M. N.<\/a> ; <a href=\"http:\/\/lattes.cnpq.br\/0959256350186452\" rel=\"noopener\" target=\"_blank\">CUNHA, Eduardo G. da <\/a>; <a href=\"http:\/\/lattes.cnpq.br\/2741252699364572\" rel=\"noopener\" target=\"_blank\">CORREA, Celina M. B.<\/a> .<strong> ROOFTOP FARMING: APLICA\u00c7\u00d5ES NA ARQUITETURA<\/strong>. In: XXVIII Congresso de Inicia\u00e7\u00e3o Cient\u00edfica da UFPel, 2019, Pelotas. Anais do XXVIII Encontro de Inicia\u00e7\u00e3o Cient\u00edfica da UFPel. Pelotas: UFPel, 2019.<br \/>\n<a href=\"https:\/\/cti.ufpel.edu.br\/siepe\/arquivos\/2019\/SA_03800.pdf\" target=\"_blank\" rel=\"noopener\">https:\/\/cti.ufpel.edu.br\/siepe\/arquivos\/2019\/SA_03800.pdf<\/a><\/p>\n<\/div>\n<div class=\"layout-cell layout-cell-11\">\n<p>&nbsp;<\/p>\n<p><strong>CONFEC\u00c7\u00c3O DE GUIA DE CULTIVO DE ALIMENTOS EM COBERTURAS VEGETADAS<\/strong><\/p>\n<p style=\"text-align: justify;\">SENA, Vit\u00f3ria ; <a href=\"http:\/\/lattes.cnpq.br\/0151938224186824\">KREBS, L. F.<\/a> ; <a href=\"http:\/\/lattes.cnpq.br\/2741252699364572\">CORREA, Celina M. B.<\/a><\/a> ; <a href=\"http:\/\/lattes.cnpq.br\/0959256350186452\" rel=\"noopener\" target=\"_blank\">CUNHA, Eduardo G. da<\/a> . <strong>CONFEC\u00c7\u00c3O DE GUIA DE CULTIVO DE ALIMENTOS EM COBERTURAS VEGETADAS<\/strong>. In: XXVIII Congresso de Inicia\u00e7\u00e3o Cient\u00edfica, 2019, Pelotas. Anais do XXVIII Congresso de Inicia\u00e7\u00e3o Cient\u00edfica. Pelotas: UFPel, 2019.<br \/>\n<a href=\"https:\/\/cti.ufpel.edu.br\/siepe\/arquivos\/2019\/MD_03117.pdf\" target=\"_blank\" rel=\"noopener\">https:\/\/cti.ufpel.edu.br\/siepe\/arquivos\/2019\/MD_03117.pdf<\/a><\/p>\n<\/div>\n<div class=\"layout-cell layout-cell-11\">\n<div class=\"layout-cell layout-cell-11\">\n<div><\/div>\n<\/div>\n<\/div>\n<\/div>\n<\/div>\n<p>&nbsp;<\/p>\n","protected":false},"excerpt":{"rendered":"<p>Characterizing leaf area index of rooftop farm to assess thermal-energy performance by simulation CUNHA, Eduardo G. da; CORREA, Celina M. B. ; PEIL, Roberta M.&#46;&#46;&#46;<\/p>\n","protected":false},"author":920,"featured_media":0,"parent":31,"menu_order":0,"comment_status":"closed","ping_status":"closed","template":"","meta":{"footnotes":""},"class_list":["post-34","page","type-page","status-publish","hentry"],"_links":{"self":[{"href":"https:\/\/wp.ufpel.edu.br\/cultivo\/wp-json\/wp\/v2\/pages\/34","targetHints":{"allow":["GET"]}}],"collection":[{"href":"https:\/\/wp.ufpel.edu.br\/cultivo\/wp-json\/wp\/v2\/pages"}],"about":[{"href":"https:\/\/wp.ufpel.edu.br\/cultivo\/wp-json\/wp\/v2\/types\/page"}],"author":[{"embeddable":true,"href":"https:\/\/wp.ufpel.edu.br\/cultivo\/wp-json\/wp\/v2\/users\/920"}],"replies":[{"embeddable":true,"href":"https:\/\/wp.ufpel.edu.br\/cultivo\/wp-json\/wp\/v2\/comments?post=34"}],"version-history":[{"count":31,"href":"https:\/\/wp.ufpel.edu.br\/cultivo\/wp-json\/wp\/v2\/pages\/34\/revisions"}],"predecessor-version":[{"id":908,"href":"https:\/\/wp.ufpel.edu.br\/cultivo\/wp-json\/wp\/v2\/pages\/34\/revisions\/908"}],"up":[{"embeddable":true,"href":"https:\/\/wp.ufpel.edu.br\/cultivo\/wp-json\/wp\/v2\/pages\/31"}],"wp:attachment":[{"href":"https:\/\/wp.ufpel.edu.br\/cultivo\/wp-json\/wp\/v2\/media?parent=34"}],"curies":[{"name":"wp","href":"https:\/\/api.w.org\/{rel}","templated":true}]}}