{"id":256,"date":"2019-06-17T15:10:31","date_gmt":"2019-06-17T18:10:31","guid":{"rendered":"https:\/\/wp.ufpel.edu.br\/cultivo\/?page_id=256"},"modified":"2021-11-09T09:57:02","modified_gmt":"2021-11-09T12:57:02","slug":"links-de-interesse","status":"publish","type":"page","link":"https:\/\/wp.ufpel.edu.br\/cultivo\/links-de-interesse\/","title":{"rendered":"Links de interesse"},"content":{"rendered":"<p><strong>CAPES PRINT<\/strong><br \/>\n<a href=\"https:\/\/wp.ufpel.edu.br\/print\/\" target=\"_blank\" rel=\"noopener\">https:\/\/wp.ufpel.edu.br\/print\/<\/a><\/p>\n<p>&nbsp;<\/p>\n<p><strong>UPM | <\/strong>UNIVERSIDAD POLIT\u00c9CNICA DE MADRID<br \/>\n<a href=\"https:\/\/www.upm.es\/\" target=\"_blank\" rel=\"noopener\">https:\/\/www.upm.es\/<\/a><\/p>\n<p>&nbsp;<\/p>\n<p><strong>UFPEL | <\/strong>UNIVERSIDADE FEDERAL DE PELOTAS<br \/>\n<a href=\"https:\/\/portal.ufpel.edu.br\/\" target=\"_blank\" rel=\"noopener\">https:\/\/portal.ufpel.edu.br\/<\/a><\/p>\n<p>&nbsp;<\/p>\n<p><strong>PROGRAU | <\/strong>PROGRAMA DE P\u00d3S-GRADUA\u00c7\u00c3O EM ARQUITETURA E URBANISMO<br \/>\n<a href=\"\/\/wp.ufpel.edu.br\/prograu\/\" target=\"_blank\" rel=\"noopener\">hhttps:\/\/wp.ufpel.edu.br\/prograu\/<\/a><\/p>\n<p>&nbsp;<\/p>\n<p><strong>PPG SPAF | <\/strong>PROGRAMA DE P\u00d3S GRADUA\u00c7\u00c3O EM SISTEMAS DE PRODU\u00c7\u00c3O AGR\u00cdCOLA FAMILIAR<br \/>\n<a href=\"https:\/\/wp.ufpel.edu.br\/spaf\/\" target=\"_blank\" rel=\"noopener\">https:\/\/wp.ufpel.edu.br\/spaf\/<\/a><\/p>\n<p>&nbsp;<\/p>\n<p>&nbsp;<\/p>\n<p>&nbsp;<\/p>\n","protected":false},"excerpt":{"rendered":"<p>CAPES PRINT https:\/\/wp.ufpel.edu.br\/print\/ &nbsp; UPM | UNIVERSIDAD POLIT\u00c9CNICA DE MADRID https:\/\/www.upm.es\/ &nbsp; UFPEL | UNIVERSIDADE FEDERAL DE PELOTAS https:\/\/portal.ufpel.edu.br\/ &nbsp; PROGRAU | PROGRAMA DE P\u00d3S-GRADUA\u00c7\u00c3O&#46;&#46;&#46;<\/p>\n","protected":false},"author":920,"featured_media":0,"parent":0,"menu_order":0,"comment_status":"closed","ping_status":"closed","template":"","meta":{"footnotes":""},"class_list":["post-256","page","type-page","status-publish","hentry"],"_links":{"self":[{"href":"https:\/\/wp.ufpel.edu.br\/cultivo\/wp-json\/wp\/v2\/pages\/256","targetHints":{"allow":["GET"]}}],"collection":[{"href":"https:\/\/wp.ufpel.edu.br\/cultivo\/wp-json\/wp\/v2\/pages"}],"about":[{"href":"https:\/\/wp.ufpel.edu.br\/cultivo\/wp-json\/wp\/v2\/types\/page"}],"author":[{"embeddable":true,"href":"https:\/\/wp.ufpel.edu.br\/cultivo\/wp-json\/wp\/v2\/users\/920"}],"replies":[{"embeddable":true,"href":"https:\/\/wp.ufpel.edu.br\/cultivo\/wp-json\/wp\/v2\/comments?post=256"}],"version-history":[{"count":9,"href":"https:\/\/wp.ufpel.edu.br\/cultivo\/wp-json\/wp\/v2\/pages\/256\/revisions"}],"predecessor-version":[{"id":609,"href":"https:\/\/wp.ufpel.edu.br\/cultivo\/wp-json\/wp\/v2\/pages\/256\/revisions\/609"}],"wp:attachment":[{"href":"https:\/\/wp.ufpel.edu.br\/cultivo\/wp-json\/wp\/v2\/media?parent=256"}],"curies":[{"name":"wp","href":"https:\/\/api.w.org\/{rel}","templated":true}]}}