{"id":16,"date":"2019-04-22T09:52:41","date_gmt":"2019-04-22T12:52:41","guid":{"rendered":"https:\/\/wp.ufpel.edu.br\/cultivo\/?page_id=16"},"modified":"2022-08-02T17:52:05","modified_gmt":"2022-08-02T20:52:05","slug":"grupo-2","status":"publish","type":"page","link":"https:\/\/wp.ufpel.edu.br\/cultivo\/estrutura-do-projeto\/grupo-2\/","title":{"rendered":"Grupo 2"},"content":{"rendered":"<p style=\"text-align: justify\">Tem por objetivo investigar as camadas artificiais de sustenta\u00e7\u00e3o do substrato para as esp\u00e9cies vegetais analisadas.<\/p>\n<p style=\"text-align: justify\"><strong>Equipe<\/strong><\/p>\n<p style=\"text-align: justify\"><a href=\"http:\/\/lattes.cnpq.br\/2741252699364572\"><strong>Dr. Celina Maria Britto Correa<\/strong><\/a> &#8211; Programa de p\u00f3s-gradua\u00e7\u00e3o em Arquitetura e Urbanismo PROGRAU [Curr\u00edculo Lattes]<br \/>\nE-mail: celinab.sul@terra.com.br<\/p>\n<p style=\"text-align: justify\"><a href=\"http:\/\/lattes.cnpq.br\/1744804179246726\"><strong>Dr. Isabel Tourinho Salamoni<\/strong><\/a> &#8211; Programa de p\u00f3s-gradua\u00e7\u00e3o em Arquitetura e Urbanismo PROGRAU [Curr\u00edculo Lattes]<br \/>\nE-mail: isalamoni@gmail.com<\/p>\n<p><strong>Dr. Javier Neila Gonzalez<\/strong>, Prof. Catedr\u00e1tico da Universidad Polit\u00e9cnica de Madrid, E-mail: Fjavier.neila@upm.es<\/p>\n<p><strong>Dr. C\u00e9sar Bedoya Frutos<\/strong>, Prof. Catedr\u00e1tico da Universidad Polit\u00e9cnica de Madrid, E-mail: cesar.bedoya@upm.es<\/p>\n<p style=\"text-align: justify\"><a href=\"http:\/\/lattes.cnpq.br\/6142461957008773\"><strong>M.Sc. Mariana Estima<\/strong><\/a> &#8211; Programa de p\u00f3s-gradua\u00e7\u00e3o em Arquitetura e Urbanismo PROGRAU [Curr\u00edculo Lattes]<br \/>\nE-mail: estimasilva.m@gmail.com<\/p>\n<p style=\"text-align: justify\"><strong>Acad\u00eamico Igor M\u00fcller<\/strong> &#8211; Faculdade de Arquitetura e Urbanismo UFPel (FAURB)<br \/>\nE-mail: igormartinimuller@gmail.com<\/p>\n<p style=\"text-align: justify\"><a href=\"http:\/\/lattes.cnpq.br\/6845319764124028\"><strong>Acad\u00eamica Julia Schulz<\/strong><\/a> &#8211; Faculdade de Arquitetura e Urbanismo UFPel (FAURB)<br \/>\nE-mail: juliaschulz05@gmail.com<\/p>\n<p><strong>Acad\u00eamica Vit\u00f3ria de Sena Ferreira<\/strong> &#8211; Faculdade de Arquitetura e Urbanismo UFPel (FAURB)<br \/>\nE-mail: vitoriasenafer@gmail.com<\/p>\n","protected":false},"excerpt":{"rendered":"<p>Tem por objetivo investigar as camadas artificiais de sustenta\u00e7\u00e3o do substrato para as esp\u00e9cies vegetais analisadas. Equipe Dr. Celina Maria Britto Correa &#8211; Programa de&#46;&#46;&#46;<\/p>\n","protected":false},"author":920,"featured_media":0,"parent":10,"menu_order":0,"comment_status":"closed","ping_status":"closed","template":"","meta":{"footnotes":""},"class_list":["post-16","page","type-page","status-publish","hentry"],"_links":{"self":[{"href":"https:\/\/wp.ufpel.edu.br\/cultivo\/wp-json\/wp\/v2\/pages\/16","targetHints":{"allow":["GET"]}}],"collection":[{"href":"https:\/\/wp.ufpel.edu.br\/cultivo\/wp-json\/wp\/v2\/pages"}],"about":[{"href":"https:\/\/wp.ufpel.edu.br\/cultivo\/wp-json\/wp\/v2\/types\/page"}],"author":[{"embeddable":true,"href":"https:\/\/wp.ufpel.edu.br\/cultivo\/wp-json\/wp\/v2\/users\/920"}],"replies":[{"embeddable":true,"href":"https:\/\/wp.ufpel.edu.br\/cultivo\/wp-json\/wp\/v2\/comments?post=16"}],"version-history":[{"count":12,"href":"https:\/\/wp.ufpel.edu.br\/cultivo\/wp-json\/wp\/v2\/pages\/16\/revisions"}],"predecessor-version":[{"id":903,"href":"https:\/\/wp.ufpel.edu.br\/cultivo\/wp-json\/wp\/v2\/pages\/16\/revisions\/903"}],"up":[{"embeddable":true,"href":"https:\/\/wp.ufpel.edu.br\/cultivo\/wp-json\/wp\/v2\/pages\/10"}],"wp:attachment":[{"href":"https:\/\/wp.ufpel.edu.br\/cultivo\/wp-json\/wp\/v2\/media?parent=16"}],"curies":[{"name":"wp","href":"https:\/\/api.w.org\/{rel}","templated":true}]}}