{"id":2749,"date":"2025-11-12T12:25:02","date_gmt":"2025-11-12T15:25:02","guid":{"rendered":"https:\/\/wp.ufpel.edu.br\/cuidativa\/?page_id=2749"},"modified":"2025-11-12T12:34:36","modified_gmt":"2025-11-12T15:34:36","slug":"2749-2","status":"publish","type":"page","link":"https:\/\/wp.ufpel.edu.br\/cuidativa\/","title":{"rendered":"Novo endere\u00e7o"},"content":{"rendered":"<p><img class=\"aligncenter\" src=\"https:\/\/cuidativa.ufpel.edu.br\/\/wp-content\/uploads\/2025\/02\/Logo-Cuidativa-2024-fundo-transparente.png\" width=\"357\" height=\"357\" \/><\/p>\n<p style=\"text-align: center;\">Ol\u00e1! N\u00f3s estamos com um site novo para voc\u00ea! Nosso novo endere\u00e7o \u00e9 <a href=\"http:\/\/cuidativa.ufpel.edu.br.\">cuidativa.ufpel.edu.br.<\/a><br \/>\nN\u00e3o esque\u00e7a de atualizar seus links favoritos.<br \/>\nObrigado!!<\/p>\n","protected":false},"excerpt":{"rendered":"<p>Ol\u00e1! N\u00f3s estamos com um site novo para voc\u00ea! Nosso novo endere\u00e7o \u00e9 cuidativa.ufpel.edu.br. N\u00e3o esque\u00e7a de atualizar seus links favoritos. Obrigado!!<\/p>\n","protected":false},"author":902,"featured_media":0,"parent":0,"menu_order":0,"comment_status":"closed","ping_status":"closed","template":"","meta":{"footnotes":""},"class_list":["post-2749","page","type-page","status-publish","hentry"],"_links":{"self":[{"href":"https:\/\/wp.ufpel.edu.br\/cuidativa\/wp-json\/wp\/v2\/pages\/2749","targetHints":{"allow":["GET"]}}],"collection":[{"href":"https:\/\/wp.ufpel.edu.br\/cuidativa\/wp-json\/wp\/v2\/pages"}],"about":[{"href":"https:\/\/wp.ufpel.edu.br\/cuidativa\/wp-json\/wp\/v2\/types\/page"}],"author":[{"embeddable":true,"href":"https:\/\/wp.ufpel.edu.br\/cuidativa\/wp-json\/wp\/v2\/users\/902"}],"replies":[{"embeddable":true,"href":"https:\/\/wp.ufpel.edu.br\/cuidativa\/wp-json\/wp\/v2\/comments?post=2749"}],"version-history":[{"count":3,"href":"https:\/\/wp.ufpel.edu.br\/cuidativa\/wp-json\/wp\/v2\/pages\/2749\/revisions"}],"predecessor-version":[{"id":2757,"href":"https:\/\/wp.ufpel.edu.br\/cuidativa\/wp-json\/wp\/v2\/pages\/2749\/revisions\/2757"}],"wp:attachment":[{"href":"https:\/\/wp.ufpel.edu.br\/cuidativa\/wp-json\/wp\/v2\/media?parent=2749"}],"curies":[{"name":"wp","href":"https:\/\/api.w.org\/{rel}","templated":true}]}}