{"id":616,"date":"2014-02-03T21:41:12","date_gmt":"2014-02-04T00:41:12","guid":{"rendered":"http:\/\/cti.ufpel.edu.br\/site\/?page_id=616"},"modified":"2020-07-08T09:55:44","modified_gmt":"2020-07-08T12:55:44","slug":"registro-de-precos","status":"publish","type":"page","link":"https:\/\/wp.ufpel.edu.br\/cti\/registro-de-precos\/","title":{"rendered":"Registro de Pre\u00e7os"},"content":{"rendered":"<h3>ITENS DISPON\u00cdVEIS<\/h3>\n<p>Informa\u00e7\u00f5es sobre preg\u00f5es vigentes s\u00e3o encontradas no Cobalto -&gt; Compras\/Contrata\u00e7\u00e3o -&gt; Consultas -&gt; SRP. Antes de realizar a aquisi\u00e7\u00e3o, entrar em contato com a PROGIC.<\/p>\n<h3>O QUE O SERVI\u00c7O OFERECE<\/h3>\n<p>A\u00a0 possibilidade de compra de diversos equipamentos de inform\u00e1tica atrav\u00e9s da modalidade de registro de pre\u00e7os.<\/p>\n<h3>QUEM PODE SOLICITAR<\/h3>\n<p>Docentes e T\u00e9cnicos Administrativos com v\u00ednculo ativo na UFPel.<\/p>\n<h3>MAIS INFORMA\u00c7\u00d5ES<\/h3>\n<p>Para maiores informa\u00e7\u00f5es entrar em contato com a Secretaria da PROGIC atrav\u00e9s do e-mail: progic@ufpel.edu.br<\/p>\n","protected":false},"excerpt":{"rendered":"<p>ITENS DISPON\u00cdVEIS Informa\u00e7\u00f5es sobre preg\u00f5es vigentes s\u00e3o encontradas no Cobalto -&gt; Compras\/Contrata\u00e7\u00e3o -&gt; Consultas -&gt; SRP. Antes de realizar a aquisi\u00e7\u00e3o, entrar em contato com a PROGIC. O QUE O SERVI\u00c7O OFERECE A\u00a0 possibilidade de compra de diversos equipamentos de inform\u00e1tica atrav\u00e9s da modalidade de registro de pre\u00e7os. QUEM PODE SOLICITAR Docentes e T\u00e9cnicos Administrativos [&hellip;]<\/p>\n","protected":false},"author":595,"featured_media":0,"parent":0,"menu_order":0,"comment_status":"closed","ping_status":"closed","template":"","meta":{"jetpack_post_was_ever_published":false,"footnotes":"","_links_to":"","_links_to_target":""},"class_list":["post-616","page","type-page","status-publish","hentry"],"jetpack_sharing_enabled":true,"publishpress_future_workflow_manual_trigger":{"enabledWorkflows":[]},"_links":{"self":[{"href":"https:\/\/wp.ufpel.edu.br\/cti\/wp-json\/wp\/v2\/pages\/616","targetHints":{"allow":["GET"]}}],"collection":[{"href":"https:\/\/wp.ufpel.edu.br\/cti\/wp-json\/wp\/v2\/pages"}],"about":[{"href":"https:\/\/wp.ufpel.edu.br\/cti\/wp-json\/wp\/v2\/types\/page"}],"author":[{"embeddable":true,"href":"https:\/\/wp.ufpel.edu.br\/cti\/wp-json\/wp\/v2\/users\/595"}],"replies":[{"embeddable":true,"href":"https:\/\/wp.ufpel.edu.br\/cti\/wp-json\/wp\/v2\/comments?post=616"}],"version-history":[{"count":12,"href":"https:\/\/wp.ufpel.edu.br\/cti\/wp-json\/wp\/v2\/pages\/616\/revisions"}],"predecessor-version":[{"id":3545,"href":"https:\/\/wp.ufpel.edu.br\/cti\/wp-json\/wp\/v2\/pages\/616\/revisions\/3545"}],"wp:attachment":[{"href":"https:\/\/wp.ufpel.edu.br\/cti\/wp-json\/wp\/v2\/media?parent=616"}],"curies":[{"name":"wp","href":"https:\/\/api.w.org\/{rel}","templated":true}]}}