{"id":56,"date":"2013-01-30T18:18:12","date_gmt":"2013-01-30T18:18:12","guid":{"rendered":"http:\/\/cti.ufpel.edu.br\/site\/?page_id=56"},"modified":"2013-01-30T18:18:12","modified_gmt":"2013-01-30T18:18:12","slug":"sistemas","status":"publish","type":"page","link":"https:\/\/wp.ufpel.edu.br\/cti\/sistemas\/","title":{"rendered":"N\u00facleo de Sistemas de Informa\u00e7\u00e3o"},"content":{"rendered":"<p>S\u00e3o atribui\u00e7\u00f5es do N\u00facleo de Sistemas de Informa\u00e7\u00e3o:<\/p>\n<ul>\n<li>Coordenar, supervisionar e executar o desenvolvimento e implanta\u00e7\u00e3o de projetos de sistemas de informa\u00e7\u00e3o;<\/li>\n<li>Manter e administrar os sistemas de Informa\u00e7\u00e3o administrativos adquiridos pela UFPel;<\/li>\n<li>Administrar e manter os bancos de dados administrativos;<\/li>\n<li>Definir crit\u00e9rios para integra\u00e7\u00e3o e acesso \u00e0 base de dados;<\/li>\n<li>Oferecer suporte na ger\u00eancia de <i>WebSites<\/i> institucionais;<\/li>\n<li>Definir as metodologias e ferramentas de desenvolvimento em tecnologia da informa\u00e7\u00e3o;<\/li>\n<li>Fornecer informa\u00e7\u00f5es e indicadores de qualidade dos servi\u00e7os prestados;<\/li>\n<li>Colaborar tecnicamente com o gerenciamento de contratos e compras de solu\u00e7\u00f5es em TI referentes a sua \u00e1rea.<\/li>\n<\/ul>\n<p>O N\u00facleo \u00e9 composto pelas seguintes Se\u00e7\u00f5es, com suas atribui\u00e7\u00f5es espec\u00edficas:<\/p>\n<p><strong>Se\u00e7\u00e3o de Gerenciamento e Desenvolvimento<\/strong><br \/>\nApropriar-se das tecnologias e ferramentas de desenvolvimento de sistemas em tecnologia da informa\u00e7\u00e3o. Executar o desenvolvimento e implanta\u00e7\u00e3o de projetos de sistemas de informa\u00e7\u00e3o.<\/p>\n<p><strong>Se\u00e7\u00e3o de Tecnologias para Websites<\/strong><br \/>\nPesquisar, desenvolver e implementar solu\u00e7\u00f5es tecnol\u00f3gicas para viabilizar a constru\u00e7\u00e3o, hospedagem e manuten\u00e7\u00e3o de websites de unidades acad\u00eamicas e administrativas da UFPel.<\/p>\n<p><strong>Se\u00e7\u00e3o de Administra\u00e7\u00e3o de Dados<\/strong><br \/>\nAdministrar e manter os bancos de dados administrativos, utilizando os crit\u00e9rios definidos para integra\u00e7\u00e3o e acesso \u00e0 base de dados.<\/p>\n","protected":false},"excerpt":{"rendered":"<p>S\u00e3o atribui\u00e7\u00f5es do N\u00facleo de Sistemas de Informa\u00e7\u00e3o: Coordenar, supervisionar e executar o desenvolvimento e implanta\u00e7\u00e3o de projetos de sistemas de informa\u00e7\u00e3o; Manter e administrar os sistemas de Informa\u00e7\u00e3o administrativos adquiridos pela UFPel; Administrar e manter os bancos de dados administrativos; Definir crit\u00e9rios para integra\u00e7\u00e3o e acesso \u00e0 base de dados; Oferecer suporte na ger\u00eancia [&hellip;]<\/p>\n","protected":false},"author":20,"featured_media":0,"parent":0,"menu_order":0,"comment_status":"closed","ping_status":"closed","template":"","meta":{"jetpack_post_was_ever_published":false,"footnotes":"","_links_to":"","_links_to_target":""},"class_list":["post-56","page","type-page","status-publish","hentry"],"jetpack_sharing_enabled":true,"publishpress_future_workflow_manual_trigger":{"enabledWorkflows":[]},"_links":{"self":[{"href":"https:\/\/wp.ufpel.edu.br\/cti\/wp-json\/wp\/v2\/pages\/56","targetHints":{"allow":["GET"]}}],"collection":[{"href":"https:\/\/wp.ufpel.edu.br\/cti\/wp-json\/wp\/v2\/pages"}],"about":[{"href":"https:\/\/wp.ufpel.edu.br\/cti\/wp-json\/wp\/v2\/types\/page"}],"author":[{"embeddable":true,"href":"https:\/\/wp.ufpel.edu.br\/cti\/wp-json\/wp\/v2\/users\/20"}],"replies":[{"embeddable":true,"href":"https:\/\/wp.ufpel.edu.br\/cti\/wp-json\/wp\/v2\/comments?post=56"}],"version-history":[{"count":0,"href":"https:\/\/wp.ufpel.edu.br\/cti\/wp-json\/wp\/v2\/pages\/56\/revisions"}],"wp:attachment":[{"href":"https:\/\/wp.ufpel.edu.br\/cti\/wp-json\/wp\/v2\/media?parent=56"}],"curies":[{"name":"wp","href":"https:\/\/api.w.org\/{rel}","templated":true}]}}