{"id":458,"date":"2013-12-03T14:30:55","date_gmt":"2013-12-03T17:30:55","guid":{"rendered":"http:\/\/cti.ufpel.edu.br\/site\/?page_id=458"},"modified":"2013-12-03T14:30:55","modified_gmt":"2013-12-03T17:30:55","slug":"decretos","status":"publish","type":"page","link":"https:\/\/wp.ufpel.edu.br\/cti\/seguranca-da-informacao\/decretos\/","title":{"rendered":"Decretos"},"content":{"rendered":"<p><a href=\"http:\/\/www.in.gov.br\/visualiza\/index.jsp?data=05\/09\/2013&amp;jornal=1&amp;pagina=7&amp;totalArquivos=104\" target=\"_blank\">Decreto N\u00ba \u00a08.097<\/a>, de 4 de setembro de\u00a0 2013<br \/>\nAltera o Decreto n\u00ba 3.505, de 13 de junho de 2000, para incluir a Secretaria-Geral da Presid\u00eancia da Rep\u00fablica no Comit\u00ea Gestor da Seguran\u00e7a da Informa\u00e7\u00e3o.<\/p>\n<p><a href=\"http:\/\/www.planalto.gov.br\/ccivil_03\/_Ato2011-2014\/2012\/Decreto\/D7845.htm\" target=\"_blank\">Decreto N\u00ba\u00a0 7.845<\/a>, de 14 de novembro de\u00a0 2012<br \/>\nRegulamenta os procedimentos para credenciamento de seguran\u00e7a e tratamento de informa\u00e7\u00e3o classificada em qualquer grau de sigilo, e disp\u00f5e sobre o N\u00facleo de Seguran\u00e7a e Credenciamento.<\/p>\n<p><a href=\"http:\/\/www.planalto.gov.br\/ccivil_03\/_Ato2011-2014\/2012\/Decreto\/D7724.htm\" target=\"_blank\">Decreto N\u00ba\u00a0 7.724<\/a>, de 16 de maio de\u00a0 2012<br \/>\nRegulamenta a Lei n\u00ba 12.527, de 18 de novembro de 2011, que disp\u00f5e sobre o acesso a informa\u00e7\u00f5es previsto no inciso XXXIII do caput do art 5\u00ba, no inciso II do \u00a7 3\u00ba do art. 37 e no \u00a7 do art. 216 da Constitui\u00e7\u00e3o.<\/p>\n<p><a href=\"http:\/\/www.planalto.gov.br\/ccivil_03\/decreto\/D3505.htm\" target=\"_blank\">Decreto N\u00ba 3.505<\/a>, de 13 de junho de 2000.<br \/>\nInstitui a Pol\u00edtica de Seguran\u00e7a da Informa\u00e7\u00e3o nos \u00f3rg\u00e3os e entidades da Administra\u00e7\u00e3o P\u00fablica Federal.<\/p>\n","protected":false},"excerpt":{"rendered":"<p>Decreto N\u00ba \u00a08.097, de 4 de setembro de\u00a0 2013 Altera o Decreto n\u00ba 3.505, de 13 de junho de 2000, para incluir a Secretaria-Geral da Presid\u00eancia da Rep\u00fablica no Comit\u00ea Gestor da Seguran\u00e7a da Informa\u00e7\u00e3o. Decreto N\u00ba\u00a0 7.845, de 14 de novembro de\u00a0 2012 Regulamenta os procedimentos para credenciamento de seguran\u00e7a e tratamento de informa\u00e7\u00e3o [&hellip;]<\/p>\n","protected":false},"author":595,"featured_media":0,"parent":447,"menu_order":3,"comment_status":"closed","ping_status":"closed","template":"","meta":{"jetpack_post_was_ever_published":false,"footnotes":"","_links_to":"","_links_to_target":""},"class_list":["post-458","page","type-page","status-publish","hentry"],"jetpack_sharing_enabled":true,"publishpress_future_workflow_manual_trigger":{"enabledWorkflows":[]},"_links":{"self":[{"href":"https:\/\/wp.ufpel.edu.br\/cti\/wp-json\/wp\/v2\/pages\/458","targetHints":{"allow":["GET"]}}],"collection":[{"href":"https:\/\/wp.ufpel.edu.br\/cti\/wp-json\/wp\/v2\/pages"}],"about":[{"href":"https:\/\/wp.ufpel.edu.br\/cti\/wp-json\/wp\/v2\/types\/page"}],"author":[{"embeddable":true,"href":"https:\/\/wp.ufpel.edu.br\/cti\/wp-json\/wp\/v2\/users\/595"}],"replies":[{"embeddable":true,"href":"https:\/\/wp.ufpel.edu.br\/cti\/wp-json\/wp\/v2\/comments?post=458"}],"version-history":[{"count":0,"href":"https:\/\/wp.ufpel.edu.br\/cti\/wp-json\/wp\/v2\/pages\/458\/revisions"}],"up":[{"embeddable":true,"href":"https:\/\/wp.ufpel.edu.br\/cti\/wp-json\/wp\/v2\/pages\/447"}],"wp:attachment":[{"href":"https:\/\/wp.ufpel.edu.br\/cti\/wp-json\/wp\/v2\/media?parent=458"}],"curies":[{"name":"wp","href":"https:\/\/api.w.org\/{rel}","templated":true}]}}